{"id":43908,"date":"2025-09-09T11:29:22","date_gmt":"2025-09-09T08:29:22","guid":{"rendered":"https:\/\/keluvo.com\/no\/produkt\/hengekoye-for-katt-i-vinduet\/"},"modified":"2025-09-09T11:29:38","modified_gmt":"2025-09-09T08:29:38","slug":"hengekoye-for-katt-i-vinduet","status":"publish","type":"product","link":"https:\/\/keluvo.com\/no\/produkt\/hengekoye-for-katt-i-vinduet\/","title":{"rendered":"Hengek\u00f8ye for katt i vinduet"},"content":{"rendered":"<h2 style=\"text-align: center\" data-start=\"0\" data-end=\"34\">Plassbesparende, Sammenleggbar Design<\/h2>\n<p style=\"text-align: center\" data-start=\"35\" data-end=\"269\">Vinduhengek\u00f8ya for katter er en praktisk l\u00f8sning for kj\u00e6ledyret ditt uten \u00e5 ta opp ekstra plass. Den sammenleggbare designen gj\u00f8r det mulig \u00e5 oppbevare den raskt uten \u00e5 fjerne den helt. Denne funksjonen sikrer fleksibilitet og bekvemmelighet uansett hvor du befinner deg.<\/p>\n<p data-start=\"35\" data-end=\"269\"><img decoding=\"async\" class=\"alignnone size-medium wp-image-11708 aligncenter\" src=\"https:\/\/keluvo.com\/template\/wp-content\/uploads\/sites\/5\/2025\/02\/S75e7102571ae445bae0d81b580085d261.jpg_960x960q75.jpg_.jpeg\" alt=\"\" \/><\/p>\n<h2 style=\"text-align: center\" data-start=\"271\" data-end=\"305\">Sterke Og Trygge Sugekopper<\/h2>\n<p style=\"text-align: center\" data-start=\"306\" data-end=\"535\">Utstyrt med fire kraftige sugekopper, festes kattevindushengek\u00f8ya sikkert til vinduer og gir en stabil hvileplass. Den tr\u00e5dl\u00f8se designen s\u00f8rger for kj\u00e6ledyrets sikkerhet ved \u00e5 forhindre at det vikler seg inn i den mens det slapper av eller leker.<\/p>\n<p data-start=\"306\" data-end=\"535\"><img decoding=\"async\" class=\"alignnone size-medium wp-image-11711 aligncenter\" src=\"https:\/\/keluvo.com\/template\/wp-content\/uploads\/sites\/5\/2025\/02\/Sb92a096e799c41a2a7efb7fd3776baca7.jpg_960x960q75.jpg_.jpeg\" alt=\"\" \/><\/p>\n","protected":false},"excerpt":{"rendered":"<p>Plassbesparende, Sammenleggbar Design Vinduhengek\u00f8ya for katter er en praktisk l\u00f8sning for kj\u00e6ledyret ditt uten \u00e5 ta opp ekstra plass. Den [&hellip;]<\/p>\n","protected":false},"featured_media":43904,"comment_status":"open","ping_status":"closed","template":"","meta":{"site-sidebar-layout":"default","site-content-layout":"","ast-site-content-layout":"default","site-content-style":"default","site-sidebar-style":"default","ast-global-header-display":"","ast-banner-title-visibility":"","ast-main-header-display":"","ast-hfb-above-header-display":"","ast-hfb-below-header-display":"","ast-hfb-mobile-header-display":"","site-post-title":"","ast-breadcrumbs-content":"","ast-featured-img":"","footer-sml-layout":"","theme-transparent-header-meta":"default","adv-header-id-meta":"","stick-header-meta":"","header-above-stick-meta":"","header-main-stick-meta":"","header-below-stick-meta":"","astra-migrate-meta-layouts":"set","ast-page-background-enabled":"default","ast-page-background-meta":{"desktop":{"background-color":"var(--ast-global-color-4)","background-image":"","background-repeat":"repeat","background-position":"center center","background-size":"auto","background-attachment":"scroll","background-type":"","background-media":"","overlay-type":"","overlay-color":"","overlay-opacity":"","overlay-gradient":""},"tablet":{"background-color":"","background-image":"","background-repeat":"repeat","background-position":"center center","background-size":"auto","background-attachment":"scroll","background-type":"","background-media":"","overlay-type":"","overlay-color":"","overlay-opacity":"","overlay-gradient":""},"mobile":{"background-color":"","background-image":"","background-repeat":"repeat","background-position":"center center","background-size":"auto","background-attachment":"scroll","background-type":"","background-media":"","overlay-type":"","overlay-color":"","overlay-opacity":"","overlay-gradient":""}},"ast-content-background-meta":{"desktop":{"background-color":"var(--ast-global-color-5)","background-image":"","background-repeat":"repeat","background-position":"center center","background-size":"auto","background-attachment":"scroll","background-type":"","background-media":"","overlay-type":"","overlay-color":"","overlay-opacity":"","overlay-gradient":""},"tablet":{"background-color":"var(--ast-global-color-5)","background-image":"","background-repeat":"repeat","background-position":"center center","background-size":"auto","background-attachment":"scroll","background-type":"","background-media":"","overlay-type":"","overlay-color":"","overlay-opacity":"","overlay-gradient":""},"mobile":{"background-color":"var(--ast-global-color-5)","background-image":"","background-repeat":"repeat","background-position":"center center","background-size":"auto","background-attachment":"scroll","background-type":"","background-media":"","overlay-type":"","overlay-color":"","overlay-opacity":"","overlay-gradient":""}}},"product_brand":[],"product_cat":[997],"product_tag":[],"class_list":{"0":"post-43908","1":"product","2":"type-product","3":"status-publish","4":"has-post-thumbnail","6":"product_cat-husdyrprodukter","7":"pa_37075_ik9w6718-45x30-cm","8":"pa_37075_ik9w6718-52x30-cm","9":"pa_37075_vg6iaswf-brun","10":"pa_37075_vg6iaswf-gra","11":"pa_37075_vg6iaswf-hvit","12":"desktop-align-left","13":"tablet-align-left","14":"mobile-align-left","16":"first","17":"instock","18":"shipping-taxable","19":"purchasable","20":"product-type-variable","21":"has-default-attributes"},"_links":{"self":[{"href":"https:\/\/keluvo.com\/no\/wp-json\/wp\/v2\/product\/43908","targetHints":{"allow":["GET"]}}],"collection":[{"href":"https:\/\/keluvo.com\/no\/wp-json\/wp\/v2\/product"}],"about":[{"href":"https:\/\/keluvo.com\/no\/wp-json\/wp\/v2\/types\/product"}],"replies":[{"embeddable":true,"href":"https:\/\/keluvo.com\/no\/wp-json\/wp\/v2\/comments?post=43908"}],"wp:featuredmedia":[{"embeddable":true,"href":"https:\/\/keluvo.com\/no\/wp-json\/wp\/v2\/media\/43904"}],"wp:attachment":[{"href":"https:\/\/keluvo.com\/no\/wp-json\/wp\/v2\/media?parent=43908"}],"wp:term":[{"taxonomy":"product_brand","embeddable":true,"href":"https:\/\/keluvo.com\/no\/wp-json\/wp\/v2\/product_brand?post=43908"},{"taxonomy":"product_cat","embeddable":true,"href":"https:\/\/keluvo.com\/no\/wp-json\/wp\/v2\/product_cat?post=43908"},{"taxonomy":"product_tag","embeddable":true,"href":"https:\/\/keluvo.com\/no\/wp-json\/wp\/v2\/product_tag?post=43908"}],"curies":[{"name":"wp","href":"https:\/\/api.w.org\/{rel}","templated":true}]}}