{"id":43736,"date":"2025-09-08T10:55:48","date_gmt":"2025-09-08T07:55:48","guid":{"rendered":"https:\/\/keluvo.com\/no\/produkt\/nattlys-for-fotball-2\/"},"modified":"2025-09-08T10:55:59","modified_gmt":"2025-09-08T07:55:59","slug":"nattlys-for-fotball-2","status":"publish","type":"product","link":"https:\/\/keluvo.com\/no\/produkt\/nattlys-for-fotball-2\/","title":{"rendered":"Nattlys for fotball"},"content":{"rendered":"<h2 style=\"text-align: center\" data-start=\"0\" data-end=\"22\">Unik 3D-effekt<\/h2>\n<p class=\"\" style=\"text-align: center\" data-start=\"23\" data-end=\"206\">Fotballnattlampen har et flatt akrylpanel med etsede linjer som skaper en 3D-illusjon n\u00e5r den tennes. Den i\u00f8ynefallende designen gj\u00f8r den til et flott dekorativt element i ethvert rom.<\/p>\n<p class=\"\" style=\"text-align: center\" data-start=\"237\" data-end=\"405\"><img decoding=\"async\" class=\"alignnone size-medium wp-image-13256\" src=\"https:\/\/keluvo.com\/template\/wp-content\/uploads\/sites\/5\/2025\/04\/Saad62f409e5346abbd97a85756339af5X.jpeg\" alt=\"\" \/><\/p>\n<h2 style=\"text-align: center\" data-start=\"407\" data-end=\"435\">Flere Fargealternativer<\/h2>\n<p class=\"\" style=\"text-align: center\" data-start=\"436\" data-end=\"611\">Denne fotballnattlampen har syv fargevalg med ber\u00f8ringskontroll. Det er enkelt \u00e5 bytte mellom fargene for \u00e5 matche hum\u00f8ret eller rominnredningen, noe som gj\u00f8r den morsom for b\u00e5de barn og voksne.<\/p>\n<p data-start=\"436\" data-end=\"611\"><img decoding=\"async\" class=\"alignnone size-medium wp-image-13255 aligncenter\" src=\"https:\/\/keluvo.com\/template\/wp-content\/uploads\/sites\/5\/2025\/04\/S6501015a6b8f4ac4a924787bad8713bez.jpeg\" alt=\"\" \/><\/p>\n","protected":false},"excerpt":{"rendered":"<p>Unik 3D-effekt Fotballnattlampen har et flatt akrylpanel med etsede linjer som skaper en 3D-illusjon n\u00e5r den tennes. Den i\u00f8ynefallende designen [&hellip;]<\/p>\n","protected":false},"featured_media":43732,"comment_status":"open","ping_status":"closed","template":"","meta":{"site-sidebar-layout":"default","site-content-layout":"","ast-site-content-layout":"default","site-content-style":"default","site-sidebar-style":"default","ast-global-header-display":"","ast-banner-title-visibility":"","ast-main-header-display":"","ast-hfb-above-header-display":"","ast-hfb-below-header-display":"","ast-hfb-mobile-header-display":"","site-post-title":"","ast-breadcrumbs-content":"","ast-featured-img":"","footer-sml-layout":"","theme-transparent-header-meta":"default","adv-header-id-meta":"","stick-header-meta":"","header-above-stick-meta":"","header-main-stick-meta":"","header-below-stick-meta":"","astra-migrate-meta-layouts":"set","ast-page-background-enabled":"default","ast-page-background-meta":{"desktop":{"background-color":"var(--ast-global-color-4)","background-image":"","background-repeat":"repeat","background-position":"center center","background-size":"auto","background-attachment":"scroll","background-type":"","background-media":"","overlay-type":"","overlay-color":"","overlay-opacity":"","overlay-gradient":""},"tablet":{"background-color":"","background-image":"","background-repeat":"repeat","background-position":"center center","background-size":"auto","background-attachment":"scroll","background-type":"","background-media":"","overlay-type":"","overlay-color":"","overlay-opacity":"","overlay-gradient":""},"mobile":{"background-color":"","background-image":"","background-repeat":"repeat","background-position":"center center","background-size":"auto","background-attachment":"scroll","background-type":"","background-media":"","overlay-type":"","overlay-color":"","overlay-opacity":"","overlay-gradient":""}},"ast-content-background-meta":{"desktop":{"background-color":"var(--ast-global-color-5)","background-image":"","background-repeat":"repeat","background-position":"center center","background-size":"auto","background-attachment":"scroll","background-type":"","background-media":"","overlay-type":"","overlay-color":"","overlay-opacity":"","overlay-gradient":""},"tablet":{"background-color":"var(--ast-global-color-5)","background-image":"","background-repeat":"repeat","background-position":"center center","background-size":"auto","background-attachment":"scroll","background-type":"","background-media":"","overlay-type":"","overlay-color":"","overlay-opacity":"","overlay-gradient":""},"mobile":{"background-color":"var(--ast-global-color-5)","background-image":"","background-repeat":"repeat","background-position":"center center","background-size":"auto","background-attachment":"scroll","background-type":"","background-media":"","overlay-type":"","overlay-color":"","overlay-opacity":"","overlay-gradient":""}}},"product_brand":[],"product_cat":[1001],"product_tag":[],"class_list":{"0":"post-43736","1":"product","2":"type-product","3":"status-publish","4":"has-post-thumbnail","6":"product_cat-husholdningsartikler","7":"pa_47244_x69h8t8p-bla","8":"pa_47244_x69h8t8p-gronn","9":"pa_47244_x69h8t8p-hvit","10":"pa_47244_x69h8t8p-rod","11":"desktop-align-left","12":"tablet-align-left","13":"mobile-align-left","15":"first","16":"instock","17":"shipping-taxable","18":"purchasable","19":"product-type-variable"},"_links":{"self":[{"href":"https:\/\/keluvo.com\/no\/wp-json\/wp\/v2\/product\/43736","targetHints":{"allow":["GET"]}}],"collection":[{"href":"https:\/\/keluvo.com\/no\/wp-json\/wp\/v2\/product"}],"about":[{"href":"https:\/\/keluvo.com\/no\/wp-json\/wp\/v2\/types\/product"}],"replies":[{"embeddable":true,"href":"https:\/\/keluvo.com\/no\/wp-json\/wp\/v2\/comments?post=43736"}],"wp:featuredmedia":[{"embeddable":true,"href":"https:\/\/keluvo.com\/no\/wp-json\/wp\/v2\/media\/43732"}],"wp:attachment":[{"href":"https:\/\/keluvo.com\/no\/wp-json\/wp\/v2\/media?parent=43736"}],"wp:term":[{"taxonomy":"product_brand","embeddable":true,"href":"https:\/\/keluvo.com\/no\/wp-json\/wp\/v2\/product_brand?post=43736"},{"taxonomy":"product_cat","embeddable":true,"href":"https:\/\/keluvo.com\/no\/wp-json\/wp\/v2\/product_cat?post=43736"},{"taxonomy":"product_tag","embeddable":true,"href":"https:\/\/keluvo.com\/no\/wp-json\/wp\/v2\/product_tag?post=43736"}],"curies":[{"name":"wp","href":"https:\/\/api.w.org\/{rel}","templated":true}]}}