{"id":43713,"date":"2025-09-08T10:55:07","date_gmt":"2025-09-08T07:55:07","guid":{"rendered":"https:\/\/keluvo.com\/no\/produkt\/glodende-steiner-2\/"},"modified":"2025-09-22T18:53:46","modified_gmt":"2025-09-22T15:53:46","slug":"glodende-steiner-2","status":"publish","type":"product","link":"https:\/\/keluvo.com\/no\/produkt\/glodende-steiner-2\/","title":{"rendered":"Gl\u00f8dende steiner"},"content":{"rendered":"<h2 style=\"text-align: center\">Trygge og holdbare materialer<\/h2>\n<p style=\"text-align: center\">Glow-steinene er laget av giftfri, luktfri harpiks og selvlysende pulver, noe som gj\u00f8r dem trygge \u00e5 bruke i n\u00e6rheten av planter, kj\u00e6ledyr og mennesker. De glatte kantene forhindrer riper, og den slitesterke designen gj\u00f8r at de lyser vakkert i over 15 \u00e5r. Perfekt for alle kreative eller dekorative prosjekter.<\/p>\n<p><img decoding=\"async\" class=\"alignnone size-medium wp-image-9186 aligncenter\" src=\"https:\/\/keluvo.com\/template\/wp-content\/uploads\/sites\/5\/2025\/01\/Sb8b848b622f143d88dbfce2783415ff1m.jpg_960x960q75.jpg_.jpeg\" alt=\"\" \/><\/p>\n<h2 style=\"text-align: center\">Fantastisk gl\u00f8d i m\u00f8rket<\/h2>\n<p style=\"text-align: center\">Disse gl\u00f8desteinene absorberer energi fra sollys eller kunstig lys og avgir en myk gl\u00f8d i m\u00f8rket i 3-6 timer. Steinene lader seg lett opp igjen n\u00e5r de utsettes for lys, og skaper en magisk effekt i stier, hager, akvarier og andre rom. Jo m\u00f8rkere omgivelsene er, desto sterkere lyser de.<\/p>\n<p><img decoding=\"async\" class=\"alignnone size-medium wp-image-9193 aligncenter\" src=\"https:\/\/keluvo.com\/template\/wp-content\/uploads\/sites\/5\/2025\/01\/Sd09e689231184f779dab3e58dd6f8369l.jpg_960x960q75.jpg_.jpeg\" alt=\"\" \/><\/p>\n","protected":false},"excerpt":{"rendered":"<p>Trygge og holdbare materialer Glow-steinene er laget av giftfri, luktfri harpiks og selvlysende pulver, noe som gj\u00f8r dem trygge \u00e5 [&hellip;]<\/p>\n","protected":false},"featured_media":43709,"comment_status":"open","ping_status":"closed","template":"","meta":{"site-sidebar-layout":"default","site-content-layout":"","ast-site-content-layout":"default","site-content-style":"default","site-sidebar-style":"default","ast-global-header-display":"","ast-banner-title-visibility":"","ast-main-header-display":"","ast-hfb-above-header-display":"","ast-hfb-below-header-display":"","ast-hfb-mobile-header-display":"","site-post-title":"","ast-breadcrumbs-content":"","ast-featured-img":"","footer-sml-layout":"","theme-transparent-header-meta":"default","adv-header-id-meta":"","stick-header-meta":"","header-above-stick-meta":"","header-main-stick-meta":"","header-below-stick-meta":"","astra-migrate-meta-layouts":"set","ast-page-background-enabled":"default","ast-page-background-meta":{"desktop":{"background-color":"var(--ast-global-color-4)","background-image":"","background-repeat":"repeat","background-position":"center center","background-size":"auto","background-attachment":"scroll","background-type":"","background-media":"","overlay-type":"","overlay-color":"","overlay-opacity":"","overlay-gradient":""},"tablet":{"background-color":"","background-image":"","background-repeat":"repeat","background-position":"center center","background-size":"auto","background-attachment":"scroll","background-type":"","background-media":"","overlay-type":"","overlay-color":"","overlay-opacity":"","overlay-gradient":""},"mobile":{"background-color":"","background-image":"","background-repeat":"repeat","background-position":"center center","background-size":"auto","background-attachment":"scroll","background-type":"","background-media":"","overlay-type":"","overlay-color":"","overlay-opacity":"","overlay-gradient":""}},"ast-content-background-meta":{"desktop":{"background-color":"var(--ast-global-color-5)","background-image":"","background-repeat":"repeat","background-position":"center center","background-size":"auto","background-attachment":"scroll","background-type":"","background-media":"","overlay-type":"","overlay-color":"","overlay-opacity":"","overlay-gradient":""},"tablet":{"background-color":"var(--ast-global-color-5)","background-image":"","background-repeat":"repeat","background-position":"center center","background-size":"auto","background-attachment":"scroll","background-type":"","background-media":"","overlay-type":"","overlay-color":"","overlay-opacity":"","overlay-gradient":""},"mobile":{"background-color":"var(--ast-global-color-5)","background-image":"","background-repeat":"repeat","background-position":"center center","background-size":"auto","background-attachment":"scroll","background-type":"","background-media":"","overlay-type":"","overlay-color":"","overlay-opacity":"","overlay-gradient":""}}},"product_brand":[],"product_cat":[993],"product_tag":[],"class_list":{"0":"post-43713","1":"product","2":"type-product","3":"status-publish","4":"has-post-thumbnail","6":"product_cat-skotoy-tilbehor","7":"pa_44295_47oc45nv-100-stk","8":"pa_44295_47oc45nv-500-stk","9":"pa_44295_jhl3k0q0-bla","10":"pa_44295_jhl3k0q0-flerfarget","11":"pa_44295_jhl3k0q0-hvit","12":"desktop-align-left","13":"tablet-align-left","14":"mobile-align-left","16":"first","17":"instock","18":"shipping-taxable","19":"purchasable","20":"product-type-variable","21":"has-default-attributes"},"_links":{"self":[{"href":"https:\/\/keluvo.com\/no\/wp-json\/wp\/v2\/product\/43713","targetHints":{"allow":["GET"]}}],"collection":[{"href":"https:\/\/keluvo.com\/no\/wp-json\/wp\/v2\/product"}],"about":[{"href":"https:\/\/keluvo.com\/no\/wp-json\/wp\/v2\/types\/product"}],"replies":[{"embeddable":true,"href":"https:\/\/keluvo.com\/no\/wp-json\/wp\/v2\/comments?post=43713"}],"wp:featuredmedia":[{"embeddable":true,"href":"https:\/\/keluvo.com\/no\/wp-json\/wp\/v2\/media\/43709"}],"wp:attachment":[{"href":"https:\/\/keluvo.com\/no\/wp-json\/wp\/v2\/media?parent=43713"}],"wp:term":[{"taxonomy":"product_brand","embeddable":true,"href":"https:\/\/keluvo.com\/no\/wp-json\/wp\/v2\/product_brand?post=43713"},{"taxonomy":"product_cat","embeddable":true,"href":"https:\/\/keluvo.com\/no\/wp-json\/wp\/v2\/product_cat?post=43713"},{"taxonomy":"product_tag","embeddable":true,"href":"https:\/\/keluvo.com\/no\/wp-json\/wp\/v2\/product_tag?post=43713"}],"curies":[{"name":"wp","href":"https:\/\/api.w.org\/{rel}","templated":true}]}}