{"id":43664,"date":"2025-09-08T10:53:31","date_gmt":"2025-09-08T07:53:31","guid":{"rendered":"https:\/\/keluvo.com\/no\/produkt\/klips-for-fuglenett-2\/"},"modified":"2025-09-22T18:52:58","modified_gmt":"2025-09-22T15:52:58","slug":"klips-for-fuglenett-2","status":"publish","type":"product","link":"https:\/\/keluvo.com\/no\/produkt\/klips-for-fuglenett-2\/","title":{"rendered":"Klips for fuglenett"},"content":{"rendered":"<h2 style=\"text-align: center\" data-start=\"0\" data-end=\"28\"><strong>Sterkt Og Sikkert Grep<\/strong><\/h2>\n<p class=\"\" style=\"text-align: center\" data-start=\"29\" data-end=\"200\">Fuglenettingsklemmene har en spesiell klemmetannkonstruksjon som holder nettingen godt p\u00e5 plass. Dette sikrer en fast og stabil forbindelse, selv n\u00e5r det bl\u00e5ser.<\/p>\n<p data-start=\"29\" data-end=\"200\"><img decoding=\"async\" class=\"alignnone size-medium wp-image-13268 aligncenter\" src=\"https:\/\/keluvo.com\/template\/wp-content\/uploads\/sites\/5\/2025\/04\/S3252ce7f102e46adad4bac7776239e36b.jpg_960x960q75.jpg_.jpeg\" alt=\"\" \/><\/p>\n<h2 style=\"text-align: center\" data-start=\"202\" data-end=\"232\"><strong>Enkle \u00c5 Bruke Og Gjenbrukbare<\/strong><\/h2>\n<p class=\"\" style=\"text-align: center\" data-start=\"233\" data-end=\"407\">Disse fuglenettingsklemmene er enkle \u00e5 montere og fjerne uten verkt\u00f8y. De kan brukes flere ganger, noe som gj\u00f8r dem til en kostnadseffektiv l\u00f8sning for beskyttelse av hagen.<\/p>\n<p data-start=\"233\" data-end=\"407\"><img decoding=\"async\" class=\"alignnone size-medium wp-image-13262 aligncenter\" src=\"https:\/\/keluvo.com\/template\/wp-content\/uploads\/sites\/5\/2025\/04\/784ecaa8-ec1a-4a96-a570-3992be247f4a.webp\" alt=\"\" \/><\/p>\n","protected":false},"excerpt":{"rendered":"<p>Sterkt Og Sikkert Grep Fuglenettingsklemmene har en spesiell klemmetannkonstruksjon som holder nettingen godt p\u00e5 plass. Dette sikrer en fast og [&hellip;]<\/p>\n","protected":false},"featured_media":43660,"comment_status":"open","ping_status":"closed","template":"","meta":{"site-sidebar-layout":"default","site-content-layout":"","ast-site-content-layout":"default","site-content-style":"default","site-sidebar-style":"default","ast-global-header-display":"","ast-banner-title-visibility":"","ast-main-header-display":"","ast-hfb-above-header-display":"","ast-hfb-below-header-display":"","ast-hfb-mobile-header-display":"","site-post-title":"","ast-breadcrumbs-content":"","ast-featured-img":"","footer-sml-layout":"","theme-transparent-header-meta":"default","adv-header-id-meta":"","stick-header-meta":"","header-above-stick-meta":"","header-main-stick-meta":"","header-below-stick-meta":"","astra-migrate-meta-layouts":"set","ast-page-background-enabled":"default","ast-page-background-meta":{"desktop":{"background-color":"var(--ast-global-color-4)","background-image":"","background-repeat":"repeat","background-position":"center center","background-size":"auto","background-attachment":"scroll","background-type":"","background-media":"","overlay-type":"","overlay-color":"","overlay-opacity":"","overlay-gradient":""},"tablet":{"background-color":"","background-image":"","background-repeat":"repeat","background-position":"center center","background-size":"auto","background-attachment":"scroll","background-type":"","background-media":"","overlay-type":"","overlay-color":"","overlay-opacity":"","overlay-gradient":""},"mobile":{"background-color":"","background-image":"","background-repeat":"repeat","background-position":"center center","background-size":"auto","background-attachment":"scroll","background-type":"","background-media":"","overlay-type":"","overlay-color":"","overlay-opacity":"","overlay-gradient":""}},"ast-content-background-meta":{"desktop":{"background-color":"var(--ast-global-color-5)","background-image":"","background-repeat":"repeat","background-position":"center center","background-size":"auto","background-attachment":"scroll","background-type":"","background-media":"","overlay-type":"","overlay-color":"","overlay-opacity":"","overlay-gradient":""},"tablet":{"background-color":"var(--ast-global-color-5)","background-image":"","background-repeat":"repeat","background-position":"center center","background-size":"auto","background-attachment":"scroll","background-type":"","background-media":"","overlay-type":"","overlay-color":"","overlay-opacity":"","overlay-gradient":""},"mobile":{"background-color":"var(--ast-global-color-5)","background-image":"","background-repeat":"repeat","background-position":"center center","background-size":"auto","background-attachment":"scroll","background-type":"","background-media":"","overlay-type":"","overlay-color":"","overlay-opacity":"","overlay-gradient":""}}},"product_brand":[],"product_cat":[993],"product_tag":[],"class_list":{"0":"post-43664","1":"product","2":"type-product","3":"status-publish","4":"has-post-thumbnail","6":"product_cat-skotoy-tilbehor","7":"pa_28247_0tsl303v-50-stk","8":"pa_28247_0tsl303v-100-stk","9":"desktop-align-left","10":"tablet-align-left","11":"mobile-align-left","13":"first","14":"instock","15":"shipping-taxable","16":"purchasable","17":"product-type-variable"},"_links":{"self":[{"href":"https:\/\/keluvo.com\/no\/wp-json\/wp\/v2\/product\/43664","targetHints":{"allow":["GET"]}}],"collection":[{"href":"https:\/\/keluvo.com\/no\/wp-json\/wp\/v2\/product"}],"about":[{"href":"https:\/\/keluvo.com\/no\/wp-json\/wp\/v2\/types\/product"}],"replies":[{"embeddable":true,"href":"https:\/\/keluvo.com\/no\/wp-json\/wp\/v2\/comments?post=43664"}],"wp:featuredmedia":[{"embeddable":true,"href":"https:\/\/keluvo.com\/no\/wp-json\/wp\/v2\/media\/43660"}],"wp:attachment":[{"href":"https:\/\/keluvo.com\/no\/wp-json\/wp\/v2\/media?parent=43664"}],"wp:term":[{"taxonomy":"product_brand","embeddable":true,"href":"https:\/\/keluvo.com\/no\/wp-json\/wp\/v2\/product_brand?post=43664"},{"taxonomy":"product_cat","embeddable":true,"href":"https:\/\/keluvo.com\/no\/wp-json\/wp\/v2\/product_cat?post=43664"},{"taxonomy":"product_tag","embeddable":true,"href":"https:\/\/keluvo.com\/no\/wp-json\/wp\/v2\/product_tag?post=43664"}],"curies":[{"name":"wp","href":"https:\/\/api.w.org\/{rel}","templated":true}]}}