{"id":4365,"date":"2024-11-05T15:02:20","date_gmt":"2024-11-05T13:02:20","guid":{"rendered":"https:\/\/keluvo.com\/no\/produkt\/klorematte-for-katter\/"},"modified":"2024-11-05T15:22:33","modified_gmt":"2024-11-05T13:22:33","slug":"klorematte-for-katter","status":"publish","type":"product","link":"https:\/\/keluvo.com\/no\/produkt\/klorematte-for-katter\/","title":{"rendered":"Klorematte for katter"},"content":{"rendered":"<h2 style=\"text-align: center;\"><strong> Slitesterkt materiale av h\u00f8y kvalitet<\/strong><\/h2>\n<p style=\"text-align: center;\">Wireless Cat Scratching Mat er laget av slitesterkt materiale som er designet for \u00e5 t\u00e5le regelmessig kloring. Den sterke, rivebestandige overflaten s\u00f8rger for at den varer lenge, og gir katten din et eget sted \u00e5 klore uten \u00e5 skade m\u00f8blene dine. Dette h\u00f8ykvalitetsmaterialet er laget for holdbarhet og komfort.<\/p>\n<p><img decoding=\"async\" class=\"alignnone size-medium wp-image-2621 aligncenter\" src=\"https:\/\/keluvo.com\/template\/wp-content\/uploads\/sites\/5\/2024\/11\/b65ea33a-a0fb-4441-b298-51425fe37276.webp\" alt=\"\" \/><\/p>\n<h2 style=\"text-align: center;\"><strong> Beskytter m\u00f8beloverflater<\/strong><\/h2>\n<p style=\"text-align: center;\">Denne klormatten skaper en beskyttende barriere mellom m\u00f8blene dine og kattens kl\u00f8r, og bidrar til \u00e5 forhindre riper p\u00e5 sofaer, tepper og stoler. Matten oppmuntrer katter til \u00e5 klore p\u00e5 overflaten, noe som sk\u00e5ner m\u00f8blene dine og holder hjemmet ditt pent.<\/p>\n<p><img decoding=\"async\" class=\"alignnone size-medium wp-image-2631 aligncenter\" src=\"https:\/\/keluvo.com\/template\/wp-content\/uploads\/sites\/5\/2024\/11\/Wall-Anti-Cat-Scratch-Sofa-Cats-Furniture-Protector-Wall-Mounted-Cat-Scratching-Pad-Non-slip-Self.jpg_.png\" alt=\"\" \/><\/p>\n","protected":false},"excerpt":{"rendered":"<p>Slitesterkt materiale av h\u00f8y kvalitet Wireless Cat Scratching Mat er laget av slitesterkt materiale som er designet for \u00e5 t\u00e5le [&hellip;]<\/p>\n","protected":false},"featured_media":4361,"comment_status":"open","ping_status":"closed","template":"","meta":{"site-sidebar-layout":"default","site-content-layout":"","ast-site-content-layout":"default","site-content-style":"default","site-sidebar-style":"default","ast-global-header-display":"","ast-banner-title-visibility":"","ast-main-header-display":"","ast-hfb-above-header-display":"","ast-hfb-below-header-display":"","ast-hfb-mobile-header-display":"","site-post-title":"","ast-breadcrumbs-content":"","ast-featured-img":"","footer-sml-layout":"","theme-transparent-header-meta":"default","adv-header-id-meta":"","stick-header-meta":"","header-above-stick-meta":"","header-main-stick-meta":"","header-below-stick-meta":"","astra-migrate-meta-layouts":"set","ast-page-background-enabled":"default","ast-page-background-meta":{"desktop":{"background-color":"var(--ast-global-color-4)","background-image":"","background-repeat":"repeat","background-position":"center center","background-size":"auto","background-attachment":"scroll","background-type":"","background-media":"","overlay-type":"","overlay-color":"","overlay-opacity":"","overlay-gradient":""},"tablet":{"background-color":"","background-image":"","background-repeat":"repeat","background-position":"center center","background-size":"auto","background-attachment":"scroll","background-type":"","background-media":"","overlay-type":"","overlay-color":"","overlay-opacity":"","overlay-gradient":""},"mobile":{"background-color":"","background-image":"","background-repeat":"repeat","background-position":"center center","background-size":"auto","background-attachment":"scroll","background-type":"","background-media":"","overlay-type":"","overlay-color":"","overlay-opacity":"","overlay-gradient":""}},"ast-content-background-meta":{"desktop":{"background-color":"var(--ast-global-color-5)","background-image":"","background-repeat":"repeat","background-position":"center center","background-size":"auto","background-attachment":"scroll","background-type":"","background-media":"","overlay-type":"","overlay-color":"","overlay-opacity":"","overlay-gradient":""},"tablet":{"background-color":"var(--ast-global-color-5)","background-image":"","background-repeat":"repeat","background-position":"center center","background-size":"auto","background-attachment":"scroll","background-type":"","background-media":"","overlay-type":"","overlay-color":"","overlay-opacity":"","overlay-gradient":""},"mobile":{"background-color":"var(--ast-global-color-5)","background-image":"","background-repeat":"repeat","background-position":"center center","background-size":"auto","background-attachment":"scroll","background-type":"","background-media":"","overlay-type":"","overlay-color":"","overlay-opacity":"","overlay-gradient":""}}},"product_brand":[],"product_cat":[1001,997],"product_tag":[],"class_list":{"0":"post-4365","1":"product","2":"type-product","3":"status-publish","4":"has-post-thumbnail","6":"product_cat-husholdningsartikler","7":"product_cat-husdyrprodukter","8":"pa_f234uw82-30x100cm","9":"pa_f234uw82-40x100-cm","10":"pa_h7w32agm-bla","11":"pa_h7w32agm-brun","12":"pa_h7w32agm-khaki","13":"pa_h7w32agm-lys-gra","14":"pa_h7w32agm-mork-gra","15":"pa_h7w32agm-svart","16":"desktop-align-left","17":"tablet-align-left","18":"mobile-align-left","20":"first","21":"instock","22":"shipping-taxable","23":"purchasable","24":"product-type-variable","25":"has-default-attributes"},"_links":{"self":[{"href":"https:\/\/keluvo.com\/no\/wp-json\/wp\/v2\/product\/4365","targetHints":{"allow":["GET"]}}],"collection":[{"href":"https:\/\/keluvo.com\/no\/wp-json\/wp\/v2\/product"}],"about":[{"href":"https:\/\/keluvo.com\/no\/wp-json\/wp\/v2\/types\/product"}],"replies":[{"embeddable":true,"href":"https:\/\/keluvo.com\/no\/wp-json\/wp\/v2\/comments?post=4365"}],"wp:featuredmedia":[{"embeddable":true,"href":"https:\/\/keluvo.com\/no\/wp-json\/wp\/v2\/media\/4361"}],"wp:attachment":[{"href":"https:\/\/keluvo.com\/no\/wp-json\/wp\/v2\/media?parent=4365"}],"wp:term":[{"taxonomy":"product_brand","embeddable":true,"href":"https:\/\/keluvo.com\/no\/wp-json\/wp\/v2\/product_brand?post=4365"},{"taxonomy":"product_cat","embeddable":true,"href":"https:\/\/keluvo.com\/no\/wp-json\/wp\/v2\/product_cat?post=4365"},{"taxonomy":"product_tag","embeddable":true,"href":"https:\/\/keluvo.com\/no\/wp-json\/wp\/v2\/product_tag?post=4365"}],"curies":[{"name":"wp","href":"https:\/\/api.w.org\/{rel}","templated":true}]}}