{"id":43645,"date":"2025-09-08T10:52:56","date_gmt":"2025-09-08T07:52:56","guid":{"rendered":"https:\/\/keluvo.com\/no\/produkt\/reparasjon-av-dorhengsel-2\/"},"modified":"2025-09-30T11:17:54","modified_gmt":"2025-09-30T08:17:54","slug":"reparasjon-av-dorhengsel-2","status":"publish","type":"product","link":"https:\/\/keluvo.com\/no\/produkt\/reparasjon-av-dorhengsel-2\/","title":{"rendered":"Reparasjon av d\u00f8rhengsel"},"content":{"rendered":"<h2 style=\"text-align: center\" data-start=\"0\" data-end=\"33\"><strong>Sterkt Og Holdbart Materiale<\/strong><\/h2>\n<p class=\"\" style=\"text-align: center\" data-start=\"34\" data-end=\"219\">Denne reparasjonsplaten for d\u00f8rhengsler er laget av rustfritt st\u00e5l av h\u00f8y kvalitet, noe som gj\u00f8r den sterk og holdbar. Den motst\u00e5r rust og slitasje, noe som sikrer p\u00e5litelig st\u00f8tte for hengslene dine over tid.<\/p>\n<p data-start=\"34\" data-end=\"219\"><img decoding=\"async\" class=\"alignnone size-medium wp-image-13201 aligncenter\" src=\"https:\/\/keluvo.com\/template\/wp-content\/uploads\/sites\/5\/2025\/04\/S2c27e83e84c6439da370ccf5c2c247fbh.jpg_960x960q75.jpg_.jpeg\" alt=\"\" \/><\/p>\n<h2 style=\"text-align: center\" data-start=\"221\" data-end=\"242\"><strong>Enkel \u00c5 Montere<\/strong><\/h2>\n<p class=\"\" style=\"text-align: center\" data-start=\"243\" data-end=\"436\">Reparasjonsplaten er designet for enkel montering, slik at du raskt kan fikse skadede hengsler. Den dekker det opprinnelige monteringsomr\u00e5det, noe som gir en sikker og stabil passform uten ekstra innsats.<\/p>\n<p data-start=\"243\" data-end=\"436\"><img decoding=\"async\" class=\"alignnone size-medium wp-image-13198 aligncenter\" src=\"https:\/\/keluvo.com\/template\/wp-content\/uploads\/sites\/5\/2025\/04\/30091203-6103-4603-8774-ef53ff238aca-e1743572972863.webp\" alt=\"\" \/><\/p>\n","protected":false},"excerpt":{"rendered":"<p>Sterkt Og Holdbart Materiale Denne reparasjonsplaten for d\u00f8rhengsler er laget av rustfritt st\u00e5l av h\u00f8y kvalitet, noe som gj\u00f8r den [&hellip;]<\/p>\n","protected":false},"featured_media":43641,"comment_status":"open","ping_status":"closed","template":"","meta":{"site-sidebar-layout":"default","site-content-layout":"","ast-site-content-layout":"default","site-content-style":"default","site-sidebar-style":"default","ast-global-header-display":"","ast-banner-title-visibility":"","ast-main-header-display":"","ast-hfb-above-header-display":"","ast-hfb-below-header-display":"","ast-hfb-mobile-header-display":"","site-post-title":"","ast-breadcrumbs-content":"","ast-featured-img":"","footer-sml-layout":"","theme-transparent-header-meta":"default","adv-header-id-meta":"","stick-header-meta":"","header-above-stick-meta":"","header-main-stick-meta":"","header-below-stick-meta":"","astra-migrate-meta-layouts":"set","ast-page-background-enabled":"default","ast-page-background-meta":{"desktop":{"background-color":"var(--ast-global-color-4)","background-image":"","background-repeat":"repeat","background-position":"center center","background-size":"auto","background-attachment":"scroll","background-type":"","background-media":"","overlay-type":"","overlay-color":"","overlay-opacity":"","overlay-gradient":""},"tablet":{"background-color":"","background-image":"","background-repeat":"repeat","background-position":"center center","background-size":"auto","background-attachment":"scroll","background-type":"","background-media":"","overlay-type":"","overlay-color":"","overlay-opacity":"","overlay-gradient":""},"mobile":{"background-color":"","background-image":"","background-repeat":"repeat","background-position":"center center","background-size":"auto","background-attachment":"scroll","background-type":"","background-media":"","overlay-type":"","overlay-color":"","overlay-opacity":"","overlay-gradient":""}},"ast-content-background-meta":{"desktop":{"background-color":"var(--ast-global-color-5)","background-image":"","background-repeat":"repeat","background-position":"center center","background-size":"auto","background-attachment":"scroll","background-type":"","background-media":"","overlay-type":"","overlay-color":"","overlay-opacity":"","overlay-gradient":""},"tablet":{"background-color":"var(--ast-global-color-5)","background-image":"","background-repeat":"repeat","background-position":"center center","background-size":"auto","background-attachment":"scroll","background-type":"","background-media":"","overlay-type":"","overlay-color":"","overlay-opacity":"","overlay-gradient":""},"mobile":{"background-color":"var(--ast-global-color-5)","background-image":"","background-repeat":"repeat","background-position":"center center","background-size":"auto","background-attachment":"scroll","background-type":"","background-media":"","overlay-type":"","overlay-color":"","overlay-opacity":"","overlay-gradient":""}}},"product_brand":[],"product_cat":[996],"product_tag":[],"class_list":{"0":"post-43645","1":"product","2":"type-product","3":"status-publish","4":"has-post-thumbnail","6":"product_cat-verktoy","7":"pa_23499_jhzgla13-2-stk","8":"pa_23499_jhzgla13-4-stk","9":"pa_23499_jhzgla13-6-stk","10":"pa_23499_jhzgla13-10-stk","11":"desktop-align-left","12":"tablet-align-left","13":"mobile-align-left","15":"first","16":"instock","17":"shipping-taxable","18":"purchasable","19":"product-type-variable"},"_links":{"self":[{"href":"https:\/\/keluvo.com\/no\/wp-json\/wp\/v2\/product\/43645","targetHints":{"allow":["GET"]}}],"collection":[{"href":"https:\/\/keluvo.com\/no\/wp-json\/wp\/v2\/product"}],"about":[{"href":"https:\/\/keluvo.com\/no\/wp-json\/wp\/v2\/types\/product"}],"replies":[{"embeddable":true,"href":"https:\/\/keluvo.com\/no\/wp-json\/wp\/v2\/comments?post=43645"}],"wp:featuredmedia":[{"embeddable":true,"href":"https:\/\/keluvo.com\/no\/wp-json\/wp\/v2\/media\/43641"}],"wp:attachment":[{"href":"https:\/\/keluvo.com\/no\/wp-json\/wp\/v2\/media?parent=43645"}],"wp:term":[{"taxonomy":"product_brand","embeddable":true,"href":"https:\/\/keluvo.com\/no\/wp-json\/wp\/v2\/product_brand?post=43645"},{"taxonomy":"product_cat","embeddable":true,"href":"https:\/\/keluvo.com\/no\/wp-json\/wp\/v2\/product_cat?post=43645"},{"taxonomy":"product_tag","embeddable":true,"href":"https:\/\/keluvo.com\/no\/wp-json\/wp\/v2\/product_tag?post=43645"}],"curies":[{"name":"wp","href":"https:\/\/api.w.org\/{rel}","templated":true}]}}