{"id":43075,"date":"2025-09-04T18:35:31","date_gmt":"2025-09-04T15:35:31","guid":{"rendered":"https:\/\/keluvo.com\/no\/produkt\/penner\/"},"modified":"2025-09-04T19:28:45","modified_gmt":"2025-09-04T16:28:45","slug":"penner","status":"publish","type":"product","link":"https:\/\/keluvo.com\/no\/produkt\/penner\/","title":{"rendered":"Penner"},"content":{"rendered":"<p style=\"text-align: center\" data-start=\"208\" data-end=\"258\"><strong>Myke farger. Glatt skrift. Hverdagsglede \ud83d\udd8a\ufe0f\ud83c\udf38<\/strong><\/p>\n<p style=\"text-align: center\" data-start=\"260\" data-end=\"486\">Denne pastellfargede pennen er perfekt for studenter, kreative og alle som elsker myke fargetoner og smidig gelblekk. Med sin morsomme design og lette vekt gir disse pennene sjarm og klarhet til alle notater og kruseduller. Pennene er perfekte til dagbokskriving, planlegging, studier eller som gave!<\/p>\n<p data-start=\"260\" data-end=\"486\"><img decoding=\"async\" class=\"size-full wp-image-33786 aligncenter\" src=\"https:\/\/keluvo.com\/template\/wp-content\/uploads\/sites\/5\/2025\/09\/a6EmPesQ3dEhBOmC1KU_1100148624329_mp4_264_sd-ezgif.com-video-to-webp-converter.webp\" alt=\"\" \/><\/p>\n<h2 style=\"text-align: center\" data-start=\"606\" data-end=\"625\">Hovedfordeler \ud83c\udfa8<\/h2>\n<p data-start=\"629\" data-end=\"676\">\ud83d\udd8b\ufe0f Skriver jevnt med 0.38 mm gelblekk<\/p>\n<p data-start=\"679\" data-end=\"720\">\ud83c\udf08 Leveres i myke, beroligende pastellfarger<\/p>\n<p data-start=\"723\" data-end=\"761\">\u270f\ufe0f Komfortabelt grep for enkel skriving<\/p>\n<p data-start=\"764\" data-end=\"823\">\ud83e\uddf4 Morsom kapseldesign som skiller seg ut i pennalet<\/p>\n<p data-start=\"826\" data-end=\"870\">\ud83e\uddd2 Sikker og giftfri &#8211; perfekt for alle aldre<\/p>\n<p data-start=\"873\" data-end=\"931\">\ud83c\udf81 Flott gave til studenter, l\u00e6rere eller papirelskere<\/p>\n<p data-start=\"873\" data-end=\"931\"><img decoding=\"async\" class=\"size-full wp-image-33788 aligncenter\" src=\"https:\/\/keluvo.com\/template\/wp-content\/uploads\/sites\/5\/2025\/09\/3_cd7c041b-235f-4d3a-b82d-f074263059b1.webp\" alt=\"\" \/><\/p>\n<h2 style=\"text-align: center\" data-start=\"938\" data-end=\"957\">Hvordan bruke \ud83d\udcd8<\/h2>\n<ol data-start=\"959\" data-end=\"1134\">\n<li data-start=\"959\" data-end=\"982\">\n<p data-start=\"962\" data-end=\"982\">Fjern pennhetten.<\/p>\n<\/li>\n<li data-start=\"983\" data-end=\"1041\">\n<p data-start=\"986\" data-end=\"1041\">Skriv, tegn eller ta notater med ultrajevn blekkflyt.<\/p>\n<\/li>\n<li data-start=\"1042\" data-end=\"1091\">\n<p data-start=\"1045\" data-end=\"1091\">Oppbevares med hetten p\u00e5 for \u00e5 hindre at blekket t\u00f8rker.<\/p>\n<\/li>\n<li data-start=\"1092\" data-end=\"1134\">\n<p data-start=\"1095\" data-end=\"1134\">Fyll p\u00e5 eller bytt ut n\u00e5r blekket g\u00e5r tomt.<\/p>\n<\/li>\n<\/ol>\n<h2 style=\"text-align: center\" data-start=\"1141\" data-end=\"1162\">Produktdetaljer \ud83d\udccf<\/h2>\n<ul data-start=\"1164\" data-end=\"1321\">\n<li data-start=\"1164\" data-end=\"1211\">\n<p data-start=\"1166\" data-end=\"1211\">Materiale: Milj\u00f8vennlig plast av h\u00f8y kvalitet<\/p>\n<\/li>\n<li data-start=\"1212\" data-end=\"1239\">\n<p data-start=\"1214\" data-end=\"1239\">Blekk type: Svart gelblekk<\/p>\n<\/li>\n<li data-start=\"1240\" data-end=\"1264\">\n<p data-start=\"1242\" data-end=\"1264\">Pennspissst\u00f8rrelse: 0,38 mm<\/p>\n<\/li>\n<li data-start=\"1265\" data-end=\"1291\">\n<p data-start=\"1267\" data-end=\"1291\">Vekt: 10,5 g per penn<\/p>\n<\/li>\n<li data-start=\"1292\" data-end=\"1321\">\n<p data-start=\"1294\" data-end=\"1321\">Pennlengde: Ca. 13,7 cm<\/p>\n<\/li>\n<\/ul>\n<h2 style=\"text-align: center\" data-start=\"1328\" data-end=\"1350\">Pakken inkluderer \ud83d\udce6<\/h2>\n<ul data-start=\"1352\" data-end=\"1398\">\n<li data-start=\"1352\" data-end=\"1398\">\n<p data-start=\"1354\" data-end=\"1398\">1x penn.<\/p>\n<\/li>\n<\/ul>\n","protected":false},"excerpt":{"rendered":"<p>Myke farger. Glatt skrift. Hverdagsglede \ud83d\udd8a\ufe0f\ud83c\udf38 Denne pastellfargede pennen er perfekt for studenter, kreative og alle som elsker myke fargetoner [&hellip;]<\/p>\n","protected":false},"featured_media":43071,"comment_status":"open","ping_status":"closed","template":"","meta":{"site-sidebar-layout":"default","site-content-layout":"","ast-site-content-layout":"default","site-content-style":"default","site-sidebar-style":"default","ast-global-header-display":"","ast-banner-title-visibility":"","ast-main-header-display":"","ast-hfb-above-header-display":"","ast-hfb-below-header-display":"","ast-hfb-mobile-header-display":"","site-post-title":"","ast-breadcrumbs-content":"","ast-featured-img":"","footer-sml-layout":"","theme-transparent-header-meta":"default","adv-header-id-meta":"","stick-header-meta":"","header-above-stick-meta":"","header-main-stick-meta":"","header-below-stick-meta":"","astra-migrate-meta-layouts":"set","ast-page-background-enabled":"default","ast-page-background-meta":{"desktop":{"background-color":"var(--ast-global-color-4)","background-image":"","background-repeat":"repeat","background-position":"center center","background-size":"auto","background-attachment":"scroll","background-type":"","background-media":"","overlay-type":"","overlay-color":"","overlay-opacity":"","overlay-gradient":""},"tablet":{"background-color":"","background-image":"","background-repeat":"repeat","background-position":"center center","background-size":"auto","background-attachment":"scroll","background-type":"","background-media":"","overlay-type":"","overlay-color":"","overlay-opacity":"","overlay-gradient":""},"mobile":{"background-color":"","background-image":"","background-repeat":"repeat","background-position":"center center","background-size":"auto","background-attachment":"scroll","background-type":"","background-media":"","overlay-type":"","overlay-color":"","overlay-opacity":"","overlay-gradient":""}},"ast-content-background-meta":{"desktop":{"background-color":"var(--ast-global-color-5)","background-image":"","background-repeat":"repeat","background-position":"center center","background-size":"auto","background-attachment":"scroll","background-type":"","background-media":"","overlay-type":"","overlay-color":"","overlay-opacity":"","overlay-gradient":""},"tablet":{"background-color":"var(--ast-global-color-5)","background-image":"","background-repeat":"repeat","background-position":"center center","background-size":"auto","background-attachment":"scroll","background-type":"","background-media":"","overlay-type":"","overlay-color":"","overlay-opacity":"","overlay-gradient":""},"mobile":{"background-color":"var(--ast-global-color-5)","background-image":"","background-repeat":"repeat","background-position":"center center","background-size":"auto","background-attachment":"scroll","background-type":"","background-media":"","overlay-type":"","overlay-color":"","overlay-opacity":"","overlay-gradient":""}}},"product_brand":[],"product_cat":[990,993],"product_tag":[],"class_list":{"0":"post-43075","1":"product","2":"type-product","3":"status-publish","4":"has-post-thumbnail","6":"product_cat-leker-barne-og-babyprodukter","7":"product_cat-skotoy-tilbehor","8":"pa_19404_j404w4gv-1-stk","9":"pa_19404_j404w4gv-2-stk","10":"pa_19404_j404w4gv-3-stk","11":"pa_19404_jktpb4yn-bla","12":"pa_19404_jktpb4yn-brun","13":"pa_19404_jktpb4yn-gronn","14":"pa_19404_jktpb4yn-gul","15":"pa_19404_jktpb4yn-hvit","16":"pa_19404_jktpb4yn-lilla","17":"pa_19404_jktpb4yn-lys-lilla","18":"pa_19404_jktpb4yn-lysebla","19":"pa_19404_jktpb4yn-lysegronn","20":"pa_19404_jktpb4yn-rod","21":"pa_19404_jktpb4yn-rosa","22":"pa_19404_jktpb4yn-svart","23":"desktop-align-left","24":"tablet-align-left","25":"mobile-align-left","27":"first","28":"instock","29":"shipping-taxable","30":"purchasable","31":"product-type-variable","32":"has-default-attributes"},"_links":{"self":[{"href":"https:\/\/keluvo.com\/no\/wp-json\/wp\/v2\/product\/43075","targetHints":{"allow":["GET"]}}],"collection":[{"href":"https:\/\/keluvo.com\/no\/wp-json\/wp\/v2\/product"}],"about":[{"href":"https:\/\/keluvo.com\/no\/wp-json\/wp\/v2\/types\/product"}],"replies":[{"embeddable":true,"href":"https:\/\/keluvo.com\/no\/wp-json\/wp\/v2\/comments?post=43075"}],"wp:featuredmedia":[{"embeddable":true,"href":"https:\/\/keluvo.com\/no\/wp-json\/wp\/v2\/media\/43071"}],"wp:attachment":[{"href":"https:\/\/keluvo.com\/no\/wp-json\/wp\/v2\/media?parent=43075"}],"wp:term":[{"taxonomy":"product_brand","embeddable":true,"href":"https:\/\/keluvo.com\/no\/wp-json\/wp\/v2\/product_brand?post=43075"},{"taxonomy":"product_cat","embeddable":true,"href":"https:\/\/keluvo.com\/no\/wp-json\/wp\/v2\/product_cat?post=43075"},{"taxonomy":"product_tag","embeddable":true,"href":"https:\/\/keluvo.com\/no\/wp-json\/wp\/v2\/product_tag?post=43075"}],"curies":[{"name":"wp","href":"https:\/\/api.w.org\/{rel}","templated":true}]}}