{"id":43033,"date":"2025-09-04T18:33:10","date_gmt":"2025-09-04T15:33:10","guid":{"rendered":"https:\/\/keluvo.com\/no\/produkt\/fluffy-tegneseriesokker-2\/"},"modified":"2025-09-04T20:21:52","modified_gmt":"2025-09-04T17:21:52","slug":"fluffy-tegneseriesokker-2","status":"publish","type":"product","link":"https:\/\/keluvo.com\/no\/produkt\/fluffy-tegneseriesokker-2\/","title":{"rendered":"Fluffy tegneseriesokker"},"content":{"rendered":"<p style=\"text-align: center\" data-start=\"162\" data-end=\"225\"><strong>Morsomme, Varme Og Morsomme \u2013 Sokker Som F\u00e5r Alle Til \u00c5 Smile \ud83e\udde6\ud83d\ude02<\/strong><\/p>\n<p style=\"text-align: center\" data-start=\"227\" data-end=\"386\">Legg en leken vri p\u00e5 kosedagene dine med disse myke tegneseriesokkene! De er myke, varme og fulle av personlighet, og er den perfekte blandingen av komfort og humor.<\/p>\n<p data-start=\"227\" data-end=\"386\"><img decoding=\"async\" class=\"size-full wp-image-34380 aligncenter\" src=\"https:\/\/keluvo.com\/template\/wp-content\/uploads\/sites\/5\/2024\/11\/e4513cc04760312f0f6b9c9ef40e9b46cd265d2c_480x480.webp\" alt=\"\" \/><\/p>\n<h2 style=\"text-align: center\" data-start=\"393\" data-end=\"413\">Hovedfordeler \ud83e\udde6<\/h2>\n<p data-start=\"417\" data-end=\"479\">\ud83e\uddf8 Supermyk fl\u00f8yel &#8211; sk\u00e5nsom og koselig mot huden<\/p>\n<p data-start=\"482\" data-end=\"544\">\ud83c\udfad 3D-tegneseriedesign &#8211; morsomt og i\u00f8ynefallende characters<\/p>\n<p data-start=\"547\" data-end=\"605\">\u2744\ufe0f Holder deg varm &#8211; perfekt for kalde dager og netter<\/p>\n<p data-start=\"608\" data-end=\"680\">\ud83c\udf81 Unik gaveid\u00e9 &#8211; flott til bursdager, jul eller surprises<\/p>\n<p data-start=\"683\" data-end=\"752\">\ud83d\udc68\u200d\ud83d\udc69\u200d\ud83d\udc67\u200d\ud83d\udc66 Elsket av alle aldre &#8211; morsomme for barn, ten\u00e5ringer og adults<\/p>\n<p data-start=\"755\" data-end=\"828\">\ud83d\udecb\ufe0f Perfekt for hjemmekomfort &#8211; slapper av, ser p\u00e5 TV eller overnatter<\/p>\n<p data-start=\"755\" data-end=\"828\"><img decoding=\"async\" class=\"size-full wp-image-34379 aligncenter\" src=\"https:\/\/keluvo.com\/template\/wp-content\/uploads\/sites\/5\/2024\/11\/11_676396a4-e8f0-42bf-858f-8248eee69c9a_480x480.jpg\" alt=\"\" \/><\/p>\n<h2 style=\"text-align: center\" data-start=\"835\" data-end=\"852\">Slik Bruker Du Dem \ud83d\udccc<\/h2>\n<ol data-start=\"854\" data-end=\"1063\">\n<li data-start=\"854\" data-end=\"895\">\n<p data-start=\"857\" data-end=\"895\">Trykk sokkene p\u00e5 rene, t\u00f8rre f\u00f8tter.<\/p>\n<\/li>\n<li data-start=\"896\" data-end=\"951\">\n<p data-start=\"899\" data-end=\"951\">Vis frem de morsomme 3D-figurene til familie og venner.<\/p>\n<\/li>\n<li data-start=\"952\" data-end=\"1016\">\n<p data-start=\"955\" data-end=\"1016\">Vask dem forsiktig for \u00e5 holde dem myke og luftige.<\/p>\n<p><!-- Note: This line was not translated, so it remains in English. --><\/li>\n<\/ol>\n<h2 style=\"text-align: center\" data-start=\"1070\" data-end=\"1092\">Produktdetaljer \ud83d\udccf<\/h2>\n<ul data-start=\"1094\" data-end=\"1306\">\n<li data-start=\"1094\" data-end=\"1144\">\n<p data-start=\"1096\" data-end=\"1144\">Materiale: Korallfl\u00f8yel (ultramyk og varm)<\/p>\n<\/li>\n<li data-start=\"1145\" data-end=\"1195\">\n<p data-start=\"1147\" data-end=\"1195\">Stil: 3D-tegneseriedyr og monsterdesign<\/p>\n<\/li>\n<li data-start=\"1196\" data-end=\"1250\">\n<p data-start=\"1198\" data-end=\"1250\">Passform: Standard stretch, passer for de fleste st\u00f8rrelser<\/p>\n<\/li>\n<li data-start=\"1251\" data-end=\"1306\">\n<p data-start=\"1253\" data-end=\"1306\">Bruk: Innend\u00f8rs, loungewear, koselige netter, morsomme gaver<\/p>\n<\/li>\n<\/ul>\n<h2 style=\"text-align: center\" data-start=\"1313\" data-end=\"1336\">Pakken Inkluderer \ud83d\udce6<\/h2>\n<ul data-start=\"1338\" data-end=\"1384\">\n<li data-start=\"1338\" data-end=\"1384\">\n<p data-start=\"1340\" data-end=\"1384\">1x par fluffy tegneseriesokker.<\/p>\n<\/li>\n<\/ul>\n","protected":false},"excerpt":{"rendered":"<p>Morsomme, Varme Og Morsomme \u2013 Sokker Som F\u00e5r Alle Til \u00c5 Smile \ud83e\udde6\ud83d\ude02 Legg en leken vri p\u00e5 kosedagene dine [&hellip;]<\/p>\n","protected":false},"featured_media":43029,"comment_status":"open","ping_status":"closed","template":"","meta":{"site-sidebar-layout":"default","site-content-layout":"","ast-site-content-layout":"default","site-content-style":"default","site-sidebar-style":"default","ast-global-header-display":"","ast-banner-title-visibility":"","ast-main-header-display":"","ast-hfb-above-header-display":"","ast-hfb-below-header-display":"","ast-hfb-mobile-header-display":"","site-post-title":"","ast-breadcrumbs-content":"","ast-featured-img":"","footer-sml-layout":"","theme-transparent-header-meta":"default","adv-header-id-meta":"","stick-header-meta":"","header-above-stick-meta":"","header-main-stick-meta":"","header-below-stick-meta":"","astra-migrate-meta-layouts":"set","ast-page-background-enabled":"default","ast-page-background-meta":{"desktop":{"background-color":"var(--ast-global-color-4)","background-image":"","background-repeat":"repeat","background-position":"center center","background-size":"auto","background-attachment":"scroll","background-type":"","background-media":"","overlay-type":"","overlay-color":"","overlay-opacity":"","overlay-gradient":""},"tablet":{"background-color":"","background-image":"","background-repeat":"repeat","background-position":"center center","background-size":"auto","background-attachment":"scroll","background-type":"","background-media":"","overlay-type":"","overlay-color":"","overlay-opacity":"","overlay-gradient":""},"mobile":{"background-color":"","background-image":"","background-repeat":"repeat","background-position":"center center","background-size":"auto","background-attachment":"scroll","background-type":"","background-media":"","overlay-type":"","overlay-color":"","overlay-opacity":"","overlay-gradient":""}},"ast-content-background-meta":{"desktop":{"background-color":"var(--ast-global-color-5)","background-image":"","background-repeat":"repeat","background-position":"center center","background-size":"auto","background-attachment":"scroll","background-type":"","background-media":"","overlay-type":"","overlay-color":"","overlay-opacity":"","overlay-gradient":""},"tablet":{"background-color":"var(--ast-global-color-5)","background-image":"","background-repeat":"repeat","background-position":"center center","background-size":"auto","background-attachment":"scroll","background-type":"","background-media":"","overlay-type":"","overlay-color":"","overlay-opacity":"","overlay-gradient":""},"mobile":{"background-color":"var(--ast-global-color-5)","background-image":"","background-repeat":"repeat","background-position":"center center","background-size":"auto","background-attachment":"scroll","background-type":"","background-media":"","overlay-type":"","overlay-color":"","overlay-opacity":"","overlay-gradient":""}}},"product_brand":[],"product_cat":[993],"product_tag":[],"class_list":{"0":"post-43033","1":"product","2":"type-product","3":"status-publish","4":"has-post-thumbnail","6":"product_cat-skotoy-tilbehor","7":"pa_21720_xeoe7lk2-a","8":"pa_21720_xeoe7lk2-b","9":"pa_21720_xeoe7lk2-c","10":"pa_21720_xeoe7lk2-d","11":"pa_21720_xeoe7lk2-e","12":"pa_21720_xeoe7lk2-f","13":"pa_21720_xeoe7lk2-g","14":"pa_21720_xeoe7lk2-h","15":"desktop-align-left","16":"tablet-align-left","17":"mobile-align-left","19":"first","20":"instock","21":"shipping-taxable","22":"purchasable","23":"product-type-variable"},"_links":{"self":[{"href":"https:\/\/keluvo.com\/no\/wp-json\/wp\/v2\/product\/43033","targetHints":{"allow":["GET"]}}],"collection":[{"href":"https:\/\/keluvo.com\/no\/wp-json\/wp\/v2\/product"}],"about":[{"href":"https:\/\/keluvo.com\/no\/wp-json\/wp\/v2\/types\/product"}],"replies":[{"embeddable":true,"href":"https:\/\/keluvo.com\/no\/wp-json\/wp\/v2\/comments?post=43033"}],"wp:featuredmedia":[{"embeddable":true,"href":"https:\/\/keluvo.com\/no\/wp-json\/wp\/v2\/media\/43029"}],"wp:attachment":[{"href":"https:\/\/keluvo.com\/no\/wp-json\/wp\/v2\/media?parent=43033"}],"wp:term":[{"taxonomy":"product_brand","embeddable":true,"href":"https:\/\/keluvo.com\/no\/wp-json\/wp\/v2\/product_brand?post=43033"},{"taxonomy":"product_cat","embeddable":true,"href":"https:\/\/keluvo.com\/no\/wp-json\/wp\/v2\/product_cat?post=43033"},{"taxonomy":"product_tag","embeddable":true,"href":"https:\/\/keluvo.com\/no\/wp-json\/wp\/v2\/product_tag?post=43033"}],"curies":[{"name":"wp","href":"https:\/\/api.w.org\/{rel}","templated":true}]}}