{"id":42964,"date":"2025-09-04T18:28:48","date_gmt":"2025-09-04T15:28:48","guid":{"rendered":"https:\/\/keluvo.com\/no\/produkt\/sykkelhorn-3\/"},"modified":"2025-09-04T18:28:53","modified_gmt":"2025-09-04T15:28:53","slug":"sykkelhorn-3","status":"publish","type":"product","link":"https:\/\/keluvo.com\/no\/produkt\/sykkelhorn-3\/","title":{"rendered":"Sykkelhorn"},"content":{"rendered":"<p style=\"text-align: center\" data-start=\"171\" data-end=\"242\"><strong data-start=\"171\" data-end=\"242\">Gj\u00f8r Deg Bemerket \u2013 Med Det Kraftigste Sykkelhornet I Byen! \ud83d\udeb2\ud83d\udd0a<\/strong><\/p>\n<p style=\"text-align: center\" data-start=\"244\" data-end=\"463\">V\u00e6r trygg og bli lagt merke til med dette h\u00f8ylytte sykkelhornet, det kompakte, men kraftige hornet som er designet for at syklister skal bli h\u00f8rt i trafikken. Enten du befinner deg i travle gater eller p\u00e5 overfylte sykkelstier, s\u00f8rger dette hornet for at alle ser og h\u00f8rer deg.<\/p>\n<p data-start=\"244\" data-end=\"463\"><img decoding=\"async\" class=\"size-full wp-image-34347 aligncenter\" src=\"https:\/\/keluvo.com\/template\/wp-content\/uploads\/sites\/5\/2025\/04\/gif1-146.webp\" alt=\"\" \/><\/p>\n<h2 style=\"text-align: center\" data-start=\"470\" data-end=\"490\">\ud83c\udf1f Hovedfordeler<\/h2>\n<p data-start=\"494\" data-end=\"569\">\ud83d\udce2 Ekstremt h\u00f8y lyd &#8211; kraftig nok til \u00e5 fange oppmerksomheten umiddelbart<\/p>\n<p data-start=\"572\" data-end=\"648\">\ud83d\udeb4 Forbedrer trafikksikkerheten &#8211; varsler fotgjengere, biler, og andre syklister<\/p>\n<p data-start=\"651\" data-end=\"730\">\ud83d\udca6 Vanntett og slitesterk &#8211; konstruert for daglig bruk i all slags v\u00e6r<\/p>\n<p data-start=\"733\" data-end=\"807\">\ud83d\udd27 Enkel \u00e5 montere &#8211; festes sikkert p\u00e5 styret p\u00e5 f\u00e5 sekunder<\/p>\n<p data-start=\"810\" data-end=\"876\">\ud83e\udde4 Komfortabel avtrekker &#8211; enkelt tommeltrykk for \u00f8yeblikkelig tuting<\/p>\n<p data-start=\"879\" data-end=\"951\">\ud83d\udc76 Lett og kompakt &#8211; tar ikke opp plass eller tynger deg ned<\/p>\n<p data-start=\"879\" data-end=\"951\"><img decoding=\"async\" class=\"size-full wp-image-34346 aligncenter\" src=\"https:\/\/keluvo.com\/template\/wp-content\/uploads\/sites\/5\/2025\/04\/gif2-115.webp\" alt=\"\" \/><\/p>\n<h2 style=\"text-align: center\" data-start=\"958\" data-end=\"975\">\ud83e\uddfe Slik Bruker Du<\/h2>\n<ol data-start=\"977\" data-end=\"1239\">\n<li data-start=\"977\" data-end=\"1049\">\n<p data-start=\"980\" data-end=\"1049\">Fest hornfestet p\u00e5 styret ved hjelp av den justerbare klemmen.<\/p>\n<\/li>\n<li data-start=\"1050\" data-end=\"1107\">\n<p data-start=\"1053\" data-end=\"1107\">S\u00f8rg for at den sitter godt fast og er innen rekkevidde for tommelen.<\/p>\n<\/li>\n<li data-start=\"1108\" data-end=\"1176\">\n<p data-start=\"1111\" data-end=\"1176\">Trykk p\u00e5 den innebygde pumpen eller avtrekkeren for \u00e5 utl\u00f8se hornlyden.<\/p>\n<\/li>\n<li data-start=\"1177\" data-end=\"1239\">\n<p data-start=\"1180\" data-end=\"1239\">Sykle med selvtillit og la deg bli h\u00f8rt p\u00e5 veien!<\/p>\n<\/li>\n<\/ol>\n<h2 style=\"text-align: center\" data-start=\"1246\" data-end=\"1268\">\ud83d\udccf Produktdetaljer<\/h2>\n<ul data-start=\"1270\" data-end=\"1534\">\n<li data-start=\"1270\" data-end=\"1320\">\n<p data-start=\"1272\" data-end=\"1320\">Kompatibilitet: Passer til styrer p\u00e5 22,2-31,8 mm<\/p>\n<\/li>\n<li data-start=\"1321\" data-end=\"1365\">\n<p data-start=\"1323\" data-end=\"1365\">Lyd: H\u00f8yt, oppmerksomhetsfangende tut<\/p>\n<\/li>\n<li data-start=\"1366\" data-end=\"1420\">\n<p data-start=\"1368\" data-end=\"1420\">Materiale: Vanntett og st\u00f8tbestandig kropp<\/p>\n<\/li>\n<li data-start=\"1421\" data-end=\"1488\">\n<p data-start=\"1423\" data-end=\"1488\">Bruksomr\u00e5der: Bysykling, landeveissykling, el-sparkesykler og mer<\/p>\n<\/li>\n<li data-start=\"1489\" data-end=\"1534\">\n<p data-start=\"1491\" data-end=\"1534\">Vekt: Lett og enkel \u00e5 b\u00e6re<\/p>\n<\/li>\n<\/ul>\n<h2 style=\"text-align: center\" data-start=\"1541\" data-end=\"1564\">\ud83d\udce6 Pakken Inneholder<\/h2>\n<ul data-start=\"1566\" data-end=\"1629\">\n<li data-start=\"1566\" data-end=\"1597\">\n<p data-start=\"1568\" data-end=\"1597\">1x sykkelhorn<\/p>\n<\/li>\n<li data-start=\"1598\" data-end=\"1629\">\n<p data-start=\"1600\" data-end=\"1629\">1x monteringsklemme til styret.<\/p>\n<\/li>\n<\/ul>\n","protected":false},"excerpt":{"rendered":"<p>Gj\u00f8r Deg Bemerket \u2013 Med Det Kraftigste Sykkelhornet I Byen! \ud83d\udeb2\ud83d\udd0a V\u00e6r trygg og bli lagt merke til med dette [&hellip;]<\/p>\n","protected":false},"featured_media":42960,"comment_status":"open","ping_status":"closed","template":"","meta":{"site-sidebar-layout":"default","site-content-layout":"","ast-site-content-layout":"default","site-content-style":"default","site-sidebar-style":"default","ast-global-header-display":"","ast-banner-title-visibility":"","ast-main-header-display":"","ast-hfb-above-header-display":"","ast-hfb-below-header-display":"","ast-hfb-mobile-header-display":"","site-post-title":"","ast-breadcrumbs-content":"","ast-featured-img":"","footer-sml-layout":"","theme-transparent-header-meta":"default","adv-header-id-meta":"","stick-header-meta":"","header-above-stick-meta":"","header-main-stick-meta":"","header-below-stick-meta":"","astra-migrate-meta-layouts":"set","ast-page-background-enabled":"default","ast-page-background-meta":{"desktop":{"background-color":"var(--ast-global-color-4)","background-image":"","background-repeat":"repeat","background-position":"center center","background-size":"auto","background-attachment":"scroll","background-type":"","background-media":"","overlay-type":"","overlay-color":"","overlay-opacity":"","overlay-gradient":""},"tablet":{"background-color":"","background-image":"","background-repeat":"repeat","background-position":"center center","background-size":"auto","background-attachment":"scroll","background-type":"","background-media":"","overlay-type":"","overlay-color":"","overlay-opacity":"","overlay-gradient":""},"mobile":{"background-color":"","background-image":"","background-repeat":"repeat","background-position":"center center","background-size":"auto","background-attachment":"scroll","background-type":"","background-media":"","overlay-type":"","overlay-color":"","overlay-opacity":"","overlay-gradient":""}},"ast-content-background-meta":{"desktop":{"background-color":"var(--ast-global-color-5)","background-image":"","background-repeat":"repeat","background-position":"center center","background-size":"auto","background-attachment":"scroll","background-type":"","background-media":"","overlay-type":"","overlay-color":"","overlay-opacity":"","overlay-gradient":""},"tablet":{"background-color":"var(--ast-global-color-5)","background-image":"","background-repeat":"repeat","background-position":"center center","background-size":"auto","background-attachment":"scroll","background-type":"","background-media":"","overlay-type":"","overlay-color":"","overlay-opacity":"","overlay-gradient":""},"mobile":{"background-color":"var(--ast-global-color-5)","background-image":"","background-repeat":"repeat","background-position":"center center","background-size":"auto","background-attachment":"scroll","background-type":"","background-media":"","overlay-type":"","overlay-color":"","overlay-opacity":"","overlay-gradient":""}}},"product_brand":[],"product_cat":[993],"product_tag":[],"class_list":{"0":"post-42964","1":"product","2":"type-product","3":"status-publish","4":"has-post-thumbnail","6":"product_cat-skotoy-tilbehor","7":"pa_17950_9iqaf10f-bla","8":"pa_17950_9iqaf10f-rod","9":"pa_17950_9iqaf10f-svart","10":"desktop-align-left","11":"tablet-align-left","12":"mobile-align-left","14":"first","15":"instock","16":"shipping-taxable","17":"purchasable","18":"product-type-variable"},"_links":{"self":[{"href":"https:\/\/keluvo.com\/no\/wp-json\/wp\/v2\/product\/42964","targetHints":{"allow":["GET"]}}],"collection":[{"href":"https:\/\/keluvo.com\/no\/wp-json\/wp\/v2\/product"}],"about":[{"href":"https:\/\/keluvo.com\/no\/wp-json\/wp\/v2\/types\/product"}],"replies":[{"embeddable":true,"href":"https:\/\/keluvo.com\/no\/wp-json\/wp\/v2\/comments?post=42964"}],"wp:featuredmedia":[{"embeddable":true,"href":"https:\/\/keluvo.com\/no\/wp-json\/wp\/v2\/media\/42960"}],"wp:attachment":[{"href":"https:\/\/keluvo.com\/no\/wp-json\/wp\/v2\/media?parent=42964"}],"wp:term":[{"taxonomy":"product_brand","embeddable":true,"href":"https:\/\/keluvo.com\/no\/wp-json\/wp\/v2\/product_brand?post=42964"},{"taxonomy":"product_cat","embeddable":true,"href":"https:\/\/keluvo.com\/no\/wp-json\/wp\/v2\/product_cat?post=42964"},{"taxonomy":"product_tag","embeddable":true,"href":"https:\/\/keluvo.com\/no\/wp-json\/wp\/v2\/product_tag?post=42964"}],"curies":[{"name":"wp","href":"https:\/\/api.w.org\/{rel}","templated":true}]}}