{"id":4276,"date":"2024-11-03T15:39:36","date_gmt":"2024-11-03T13:39:36","guid":{"rendered":"https:\/\/keluvo.com\/no\/produkt\/katteleke\/"},"modified":"2024-11-04T10:58:40","modified_gmt":"2024-11-04T08:58:40","slug":"katteleke","status":"publish","type":"product","link":"https:\/\/keluvo.com\/no\/produkt\/katteleke\/","title":{"rendered":"Katteleke"},"content":{"rendered":"<h2 style=\"text-align: center;\"><strong> Realistisk design som engasjerer katter<\/strong><\/h2>\n<p style=\"text-align: center;\">Katteleken er utformet i en realistisk fugleform med livlige farger som lett fanger kattens oppmerksomhet. Det naturtro utseendet stimulerer kattens naturlige jaktinstinkter og oppmuntrer til lekent samspill og fysisk trening.<\/p>\n<p><img decoding=\"async\" class=\"alignnone size-full wp-image-2413 aligncenter\" src=\"https:\/\/keluvo.com\/template\/wp-content\/uploads\/sites\/5\/2024\/11\/42fe2fed-f1bf-438e-9e8f-f1e24e0e8a56.webp\" alt=\"\" \/><\/p>\n<h2 style=\"text-align: center;\"><img decoding=\"async\" class=\"alignnone size-full wp-image-2424 aligncenter\" src=\"https:\/\/keluvo.com\/template\/wp-content\/uploads\/sites\/5\/2024\/11\/1990635c-734d-4599-a629.webp\" alt=\"\" \/> <img decoding=\"async\" class=\"alignnone size-full wp-image-2424 aligncenter\" src=\"https:\/\/keluvo.com\/template\/wp-content\/uploads\/sites\/5\/2024\/11\/1990635c-734d-4599-a629.webp\" alt=\"\" \/> <strong> Myke og trygge materialer<\/strong><\/h2>\n<p style=\"text-align: center;\">Laget av h\u00f8ykvalitet, Katteleken er laget av plysjmateriale av h\u00f8y kvalitet og er myk og sk\u00e5nsom, slik at det er trygt for katten din \u00e5 leke med den. Den behagelige teksturen gj\u00f8r at katten kan kose eller tygge uten \u00e5 bli irritert, noe som gj\u00f8r det til et koselig og morsomt leket\u00f8y til daglig bruk.<\/p>\n<p><img decoding=\"async\" class=\"alignnone size-full wp-image-2402 aligncenter\" src=\"https:\/\/keluvo.com\/template\/wp-content\/uploads\/sites\/5\/2024\/11\/d95c46d2-426a-45ec-9642-4d55cc9afa97.webp\" alt=\"\" \/><\/p>\n<h2 style=\"text-align: center;\"><strong> Realistisk fuglelyd<\/strong><\/h2>\n<p style=\"text-align: center;\">Med et innebygd lydelement, avgir dette katteleket\u00f8yet en naturtro fuglekvitter n\u00e5r det ber\u00f8res eller bites. Den realistiske lyden fanger kattens interesse og holder den underholdt og aktivt engasjert med sin nye favorittleke.<\/p>\n<p><img decoding=\"async\" class=\"alignnone size-full wp-image-2419 aligncenter\" src=\"https:\/\/keluvo.com\/template\/wp-content\/uploads\/sites\/5\/2024\/11\/517e157c-7506-4a62-8c94-92686c330b43.webp\" alt=\"\" \/><\/p>\n","protected":false},"excerpt":{"rendered":"<p>Realistisk design som engasjerer katter Katteleken er utformet i en realistisk fugleform med livlige farger som lett fanger kattens oppmerksomhet. [&hellip;]<\/p>\n","protected":false},"featured_media":4299,"comment_status":"open","ping_status":"closed","template":"","meta":{"site-sidebar-layout":"default","site-content-layout":"","ast-site-content-layout":"default","site-content-style":"default","site-sidebar-style":"default","ast-global-header-display":"","ast-banner-title-visibility":"","ast-main-header-display":"","ast-hfb-above-header-display":"","ast-hfb-below-header-display":"","ast-hfb-mobile-header-display":"","site-post-title":"","ast-breadcrumbs-content":"","ast-featured-img":"","footer-sml-layout":"","theme-transparent-header-meta":"default","adv-header-id-meta":"","stick-header-meta":"","header-above-stick-meta":"","header-main-stick-meta":"","header-below-stick-meta":"","astra-migrate-meta-layouts":"set","ast-page-background-enabled":"default","ast-page-background-meta":{"desktop":{"background-color":"var(--ast-global-color-4)","background-image":"","background-repeat":"repeat","background-position":"center center","background-size":"auto","background-attachment":"scroll","background-type":"","background-media":"","overlay-type":"","overlay-color":"","overlay-opacity":"","overlay-gradient":""},"tablet":{"background-color":"","background-image":"","background-repeat":"repeat","background-position":"center center","background-size":"auto","background-attachment":"scroll","background-type":"","background-media":"","overlay-type":"","overlay-color":"","overlay-opacity":"","overlay-gradient":""},"mobile":{"background-color":"","background-image":"","background-repeat":"repeat","background-position":"center center","background-size":"auto","background-attachment":"scroll","background-type":"","background-media":"","overlay-type":"","overlay-color":"","overlay-opacity":"","overlay-gradient":""}},"ast-content-background-meta":{"desktop":{"background-color":"var(--ast-global-color-5)","background-image":"","background-repeat":"repeat","background-position":"center center","background-size":"auto","background-attachment":"scroll","background-type":"","background-media":"","overlay-type":"","overlay-color":"","overlay-opacity":"","overlay-gradient":""},"tablet":{"background-color":"var(--ast-global-color-5)","background-image":"","background-repeat":"repeat","background-position":"center center","background-size":"auto","background-attachment":"scroll","background-type":"","background-media":"","overlay-type":"","overlay-color":"","overlay-opacity":"","overlay-gradient":""},"mobile":{"background-color":"var(--ast-global-color-5)","background-image":"","background-repeat":"repeat","background-position":"center center","background-size":"auto","background-attachment":"scroll","background-type":"","background-media":"","overlay-type":"","overlay-color":"","overlay-opacity":"","overlay-gradient":""}}},"product_brand":[],"product_cat":[997],"product_tag":[],"class_list":{"0":"post-4276","1":"product","2":"type-product","3":"status-publish","4":"has-post-thumbnail","6":"product_cat-husdyrprodukter","7":"pa_azb13q3v-fugl","8":"pa_azb13q3v-pinnsvin","9":"pa_azb13q3v-bie","10":"pa_azb13q3v-bille","11":"pa_azb13q3v-bla-papegoye","12":"pa_azb13q3v-farekyllinger","13":"pa_azb13q3v-langnebb","14":"pa_azb13q3v-mus","15":"pa_azb13q3v-rod-papegoye","16":"desktop-align-left","17":"tablet-align-left","18":"mobile-align-left","20":"first","21":"instock","22":"shipping-taxable","23":"purchasable","24":"product-type-variable"},"_links":{"self":[{"href":"https:\/\/keluvo.com\/no\/wp-json\/wp\/v2\/product\/4276","targetHints":{"allow":["GET"]}}],"collection":[{"href":"https:\/\/keluvo.com\/no\/wp-json\/wp\/v2\/product"}],"about":[{"href":"https:\/\/keluvo.com\/no\/wp-json\/wp\/v2\/types\/product"}],"replies":[{"embeddable":true,"href":"https:\/\/keluvo.com\/no\/wp-json\/wp\/v2\/comments?post=4276"}],"wp:featuredmedia":[{"embeddable":true,"href":"https:\/\/keluvo.com\/no\/wp-json\/wp\/v2\/media\/4299"}],"wp:attachment":[{"href":"https:\/\/keluvo.com\/no\/wp-json\/wp\/v2\/media?parent=4276"}],"wp:term":[{"taxonomy":"product_brand","embeddable":true,"href":"https:\/\/keluvo.com\/no\/wp-json\/wp\/v2\/product_brand?post=4276"},{"taxonomy":"product_cat","embeddable":true,"href":"https:\/\/keluvo.com\/no\/wp-json\/wp\/v2\/product_cat?post=4276"},{"taxonomy":"product_tag","embeddable":true,"href":"https:\/\/keluvo.com\/no\/wp-json\/wp\/v2\/product_tag?post=4276"}],"curies":[{"name":"wp","href":"https:\/\/api.w.org\/{rel}","templated":true}]}}