{"id":4235,"date":"2024-11-03T12:25:15","date_gmt":"2024-11-03T10:25:15","guid":{"rendered":"https:\/\/keluvo.com\/no\/produkt\/automatisk-rullende-eggholder\/"},"modified":"2024-11-03T13:01:10","modified_gmt":"2024-11-03T11:01:10","slug":"eggholder","status":"publish","type":"product","link":"https:\/\/keluvo.com\/no\/produkt\/eggholder\/","title":{"rendered":"Eggholder"},"content":{"rendered":"<h2 style=\"text-align: center;\"><strong> Automatisk rullende design<\/strong><\/h2>\n<p style=\"text-align: center;\">Den automatiske rullende eggholderen har en unik design som ruller eggene fremover hver gang du tar ett. Dette gj\u00f8r det enkelt \u00e5 ta neste egg uten \u00e5 flytte hele holderen, noe som holder orden i kj\u00f8leskapet og sikrer at ferske egg alltid er klare til bruk.<\/p>\n<p><img decoding=\"async\" class=\"alignnone size-medium wp-image-2304 aligncenter\" src=\"https:\/\/keluvo.com\/template\/wp-content\/uploads\/sites\/5\/2024\/10\/6346645c-a9b0-4a72-a594-ae768a94bc60.webp\" alt=\"\" \/><\/p>\n<h2 style=\"text-align: center;\"><strong> Stor oppbevaring Kapasitet<\/strong><\/h2>\n<p style=\"text-align: center;\">Denne eggholderen er laget for \u00e5 romme flere egg p\u00e5 en gang, Den er perfekt for familier eller de som lager mat ofte. Den romslige designen passer perfekt inn i kj\u00f8leskapet, gir plass til eggene og sparer hylleplass til andre ting.<\/p>\n<p><img decoding=\"async\" class=\"alignnone size-medium wp-image-2305 aligncenter\" src=\"https:\/\/keluvo.com\/template\/wp-content\/uploads\/sites\/5\/2024\/10\/bb5b5602-cd61-460b-8100-04ac6d924773.webp\" alt=\"\" \/><\/p>\n","protected":false},"excerpt":{"rendered":"<p>Automatisk rullende design Den automatiske rullende eggholderen har en unik design som ruller eggene fremover hver gang du tar ett. [&hellip;]<\/p>\n","protected":false},"featured_media":4231,"comment_status":"open","ping_status":"closed","template":"","meta":{"site-sidebar-layout":"default","site-content-layout":"","ast-site-content-layout":"default","site-content-style":"default","site-sidebar-style":"default","ast-global-header-display":"","ast-banner-title-visibility":"","ast-main-header-display":"","ast-hfb-above-header-display":"","ast-hfb-below-header-display":"","ast-hfb-mobile-header-display":"","site-post-title":"","ast-breadcrumbs-content":"","ast-featured-img":"","footer-sml-layout":"","theme-transparent-header-meta":"default","adv-header-id-meta":"","stick-header-meta":"","header-above-stick-meta":"","header-main-stick-meta":"","header-below-stick-meta":"","astra-migrate-meta-layouts":"set","ast-page-background-enabled":"default","ast-page-background-meta":{"desktop":{"background-color":"var(--ast-global-color-4)","background-image":"","background-repeat":"repeat","background-position":"center center","background-size":"auto","background-attachment":"scroll","background-type":"","background-media":"","overlay-type":"","overlay-color":"","overlay-opacity":"","overlay-gradient":""},"tablet":{"background-color":"","background-image":"","background-repeat":"repeat","background-position":"center center","background-size":"auto","background-attachment":"scroll","background-type":"","background-media":"","overlay-type":"","overlay-color":"","overlay-opacity":"","overlay-gradient":""},"mobile":{"background-color":"","background-image":"","background-repeat":"repeat","background-position":"center center","background-size":"auto","background-attachment":"scroll","background-type":"","background-media":"","overlay-type":"","overlay-color":"","overlay-opacity":"","overlay-gradient":""}},"ast-content-background-meta":{"desktop":{"background-color":"var(--ast-global-color-5)","background-image":"","background-repeat":"repeat","background-position":"center center","background-size":"auto","background-attachment":"scroll","background-type":"","background-media":"","overlay-type":"","overlay-color":"","overlay-opacity":"","overlay-gradient":""},"tablet":{"background-color":"var(--ast-global-color-5)","background-image":"","background-repeat":"repeat","background-position":"center center","background-size":"auto","background-attachment":"scroll","background-type":"","background-media":"","overlay-type":"","overlay-color":"","overlay-opacity":"","overlay-gradient":""},"mobile":{"background-color":"var(--ast-global-color-5)","background-image":"","background-repeat":"repeat","background-position":"center center","background-size":"auto","background-attachment":"scroll","background-type":"","background-media":"","overlay-type":"","overlay-color":"","overlay-opacity":"","overlay-gradient":""}}},"product_brand":[],"product_cat":[1001],"product_tag":[],"class_list":{"0":"post-4235","1":"product","2":"type-product","3":"status-publish","4":"has-post-thumbnail","6":"product_cat-husholdningsartikler","7":"pa_7xkclpnz-brun","8":"pa_7xkclpnz-hvit","9":"desktop-align-left","10":"tablet-align-left","11":"mobile-align-left","13":"first","14":"instock","15":"shipping-taxable","16":"purchasable","17":"product-type-variable"},"_links":{"self":[{"href":"https:\/\/keluvo.com\/no\/wp-json\/wp\/v2\/product\/4235","targetHints":{"allow":["GET"]}}],"collection":[{"href":"https:\/\/keluvo.com\/no\/wp-json\/wp\/v2\/product"}],"about":[{"href":"https:\/\/keluvo.com\/no\/wp-json\/wp\/v2\/types\/product"}],"replies":[{"embeddable":true,"href":"https:\/\/keluvo.com\/no\/wp-json\/wp\/v2\/comments?post=4235"}],"wp:featuredmedia":[{"embeddable":true,"href":"https:\/\/keluvo.com\/no\/wp-json\/wp\/v2\/media\/4231"}],"wp:attachment":[{"href":"https:\/\/keluvo.com\/no\/wp-json\/wp\/v2\/media?parent=4235"}],"wp:term":[{"taxonomy":"product_brand","embeddable":true,"href":"https:\/\/keluvo.com\/no\/wp-json\/wp\/v2\/product_brand?post=4235"},{"taxonomy":"product_cat","embeddable":true,"href":"https:\/\/keluvo.com\/no\/wp-json\/wp\/v2\/product_cat?post=4235"},{"taxonomy":"product_tag","embeddable":true,"href":"https:\/\/keluvo.com\/no\/wp-json\/wp\/v2\/product_tag?post=4235"}],"curies":[{"name":"wp","href":"https:\/\/api.w.org\/{rel}","templated":true}]}}