{"id":4222,"date":"2024-11-03T12:24:21","date_gmt":"2024-11-03T10:24:21","guid":{"rendered":"https:\/\/keluvo.com\/no\/produkt\/seks-hjuls-nakkemassasjeapparat\/"},"modified":"2024-11-03T13:08:20","modified_gmt":"2024-11-03T11:08:20","slug":"nakkemassasjeapparat","status":"publish","type":"product","link":"https:\/\/keluvo.com\/no\/produkt\/nakkemassasjeapparat\/","title":{"rendered":"Nakkemassasjeapparat"},"content":{"rendered":"<h2 style=\"text-align: center;\"><strong>Lindrer nakkespenninger<\/strong><\/h2>\n<p style=\"text-align: center;\">Seks-hjuls nakkemassasjeapparat er designet for \u00e5 enkelt angripe de viktigste omr\u00e5dene av nakkespenninger. De seks massasjerullene trykker forsiktig p\u00e5 \u00f8mme punkter for \u00e5 redusere stress, smerte og stramhet, noe som gj\u00f8r den ideell for bruk etter lange arbeidsdager eller intense aktiviteter.<\/p>\n<p><img decoding=\"async\" class=\"alignnone size-medium wp-image-2289 aligncenter\" src=\"https:\/\/keluvo.com\/template\/wp-content\/uploads\/sites\/5\/2024\/10\/7982389b-2b4b-4b3b-bd8e-ac68378d32fc.webp\" alt=\"\" \/><\/p>\n<h2 style=\"text-align: center;\"><strong>B\u00e6rbar og enkel \u00e5 bruke<\/strong><\/h2>\n<p style=\"text-align: center;\">Lett og kompakt, Six-Wheel Neck Massager er enkel \u00e5 bruke hjemme, p\u00e5 kontoret eller p\u00e5 farten. De ergonomiske h\u00e5ndtakene gir smidig bevegelse, mens den manuelle utformingen gj\u00f8r at du kan lindre muskeltretthet og spenninger uten behov for str\u00f8m eller batterier.<\/p>\n<p><img decoding=\"async\" class=\"alignnone size-medium wp-image-2290 aligncenter\" src=\"https:\/\/keluvo.com\/template\/wp-content\/uploads\/sites\/5\/2024\/10\/ea4543e4-1480-485a-b9ff-6ee71ef6b96a.webp\" alt=\"\" \/><\/p>\n","protected":false},"excerpt":{"rendered":"<p>Lindrer nakkespenninger Seks-hjuls nakkemassasjeapparat er designet for \u00e5 enkelt angripe de viktigste omr\u00e5dene av nakkespenninger. De seks massasjerullene trykker forsiktig [&hellip;]<\/p>\n","protected":false},"featured_media":4218,"comment_status":"open","ping_status":"closed","template":"","meta":{"site-sidebar-layout":"default","site-content-layout":"","ast-site-content-layout":"default","site-content-style":"default","site-sidebar-style":"default","ast-global-header-display":"","ast-banner-title-visibility":"","ast-main-header-display":"","ast-hfb-above-header-display":"","ast-hfb-below-header-display":"","ast-hfb-mobile-header-display":"","site-post-title":"","ast-breadcrumbs-content":"","ast-featured-img":"","footer-sml-layout":"","theme-transparent-header-meta":"default","adv-header-id-meta":"","stick-header-meta":"","header-above-stick-meta":"","header-main-stick-meta":"","header-below-stick-meta":"","astra-migrate-meta-layouts":"set","ast-page-background-enabled":"default","ast-page-background-meta":{"desktop":{"background-color":"var(--ast-global-color-4)","background-image":"","background-repeat":"repeat","background-position":"center center","background-size":"auto","background-attachment":"scroll","background-type":"","background-media":"","overlay-type":"","overlay-color":"","overlay-opacity":"","overlay-gradient":""},"tablet":{"background-color":"","background-image":"","background-repeat":"repeat","background-position":"center center","background-size":"auto","background-attachment":"scroll","background-type":"","background-media":"","overlay-type":"","overlay-color":"","overlay-opacity":"","overlay-gradient":""},"mobile":{"background-color":"","background-image":"","background-repeat":"repeat","background-position":"center center","background-size":"auto","background-attachment":"scroll","background-type":"","background-media":"","overlay-type":"","overlay-color":"","overlay-opacity":"","overlay-gradient":""}},"ast-content-background-meta":{"desktop":{"background-color":"var(--ast-global-color-5)","background-image":"","background-repeat":"repeat","background-position":"center center","background-size":"auto","background-attachment":"scroll","background-type":"","background-media":"","overlay-type":"","overlay-color":"","overlay-opacity":"","overlay-gradient":""},"tablet":{"background-color":"var(--ast-global-color-5)","background-image":"","background-repeat":"repeat","background-position":"center center","background-size":"auto","background-attachment":"scroll","background-type":"","background-media":"","overlay-type":"","overlay-color":"","overlay-opacity":"","overlay-gradient":""},"mobile":{"background-color":"var(--ast-global-color-5)","background-image":"","background-repeat":"repeat","background-position":"center center","background-size":"auto","background-attachment":"scroll","background-type":"","background-media":"","overlay-type":"","overlay-color":"","overlay-opacity":"","overlay-gradient":""}}},"product_brand":[],"product_cat":[993],"product_tag":[],"class_list":{"0":"post-4222","1":"product","2":"type-product","3":"status-publish","4":"has-post-thumbnail","6":"product_cat-skotoy-tilbehor","7":"pa_upzgrvgp-bla","8":"pa_upzgrvgp-rosa","9":"desktop-align-left","10":"tablet-align-left","11":"mobile-align-left","13":"first","14":"instock","15":"shipping-taxable","16":"purchasable","17":"product-type-variable"},"_links":{"self":[{"href":"https:\/\/keluvo.com\/no\/wp-json\/wp\/v2\/product\/4222","targetHints":{"allow":["GET"]}}],"collection":[{"href":"https:\/\/keluvo.com\/no\/wp-json\/wp\/v2\/product"}],"about":[{"href":"https:\/\/keluvo.com\/no\/wp-json\/wp\/v2\/types\/product"}],"replies":[{"embeddable":true,"href":"https:\/\/keluvo.com\/no\/wp-json\/wp\/v2\/comments?post=4222"}],"wp:featuredmedia":[{"embeddable":true,"href":"https:\/\/keluvo.com\/no\/wp-json\/wp\/v2\/media\/4218"}],"wp:attachment":[{"href":"https:\/\/keluvo.com\/no\/wp-json\/wp\/v2\/media?parent=4222"}],"wp:term":[{"taxonomy":"product_brand","embeddable":true,"href":"https:\/\/keluvo.com\/no\/wp-json\/wp\/v2\/product_brand?post=4222"},{"taxonomy":"product_cat","embeddable":true,"href":"https:\/\/keluvo.com\/no\/wp-json\/wp\/v2\/product_cat?post=4222"},{"taxonomy":"product_tag","embeddable":true,"href":"https:\/\/keluvo.com\/no\/wp-json\/wp\/v2\/product_tag?post=4222"}],"curies":[{"name":"wp","href":"https:\/\/api.w.org\/{rel}","templated":true}]}}