{"id":42126,"date":"2025-09-04T17:38:03","date_gmt":"2025-09-04T14:38:03","guid":{"rendered":"https:\/\/keluvo.com\/no\/produkt\/kristent-bibelversarmband\/"},"modified":"2025-09-04T19:51:25","modified_gmt":"2025-09-04T16:51:25","slug":"kristent-bibelversarmband","status":"publish","type":"product","link":"https:\/\/keluvo.com\/no\/produkt\/kristent-bibelversarmband\/","title":{"rendered":"Kristent bibelversarmb\u00e5nd"},"content":{"rendered":"<p style=\"text-align: center\" data-start=\"140\" data-end=\"336\"><strong data-start=\"140\" data-end=\"197\">B\u00e6r ditt favorittbibelvers med deg hver dag \ud83d\ude4f<\/strong><\/p>\n<p style=\"text-align: center\" data-start=\"140\" data-end=\"336\">Dette armb\u00e5ndet er en daglig p\u00e5minnelse om din tro, styrke og hensikt &#8211; alt pakket rundt h\u00e5ndleddet ditt i et elegant og meningsfylt design. Armb\u00e5ndet er laget av slitesterkt rustfritt st\u00e5l og myk silikon, og er designet for komfort, stil og inspirasjon. Enten det er en gave til deg selv eller noen du er glad i, er det en gjennomtenkt m\u00e5te \u00e5 holde skriftene n\u00e6r og gi oppmuntring uansett hvor livet tar deg.<\/p>\n<p data-start=\"140\" data-end=\"336\"><img decoding=\"async\" class=\"size-full wp-image-34055 aligncenter\" src=\"https:\/\/keluvo.com\/template\/wp-content\/uploads\/sites\/5\/2025\/09\/E1Ee7njuH9JxL1QBvvXN.jpeg\" alt=\"\" \/><\/p>\n<h2 style=\"text-align: center\" data-start=\"609\" data-end=\"629\">Hovedfordeler \ud83d\udcd6<\/h2>\n<p data-start=\"633\" data-end=\"720\">\ud83d\udcd6 Personlig trosp\u00e5minnelse &#8211; Ha favorittbibelverset ditt med deg til enhver tid<\/p>\n<p data-start=\"723\" data-end=\"812\">\ud83c\udf81 Perfekt gave &#8211; Flott til p\u00e5ske, d\u00e5p, konfirmasjon, bursdag eller holidays<\/p>\n<p data-start=\"815\" data-end=\"904\">\ud83d\udee1\ufe0f Slitesterk &amp; vanntett &#8211; Laget av rustfritt st\u00e5l og silikon for hverdagsbruk<\/p>\n<p data-start=\"907\" data-end=\"985\">\ud83d\udc4c Komfortabel passform &#8211; Lett, fleksibelt og justerbart for alle h\u00e5ndledd<\/p>\n<p data-start=\"988\" data-end=\"1065\">\ud83d\udcab Allergivennlig &#8211; Trygt for sensitiv hud; ingen irritasjon eller allergi<\/p>\n<p data-start=\"988\" data-end=\"1065\"><img decoding=\"async\" class=\"size-full wp-image-34056 aligncenter\" src=\"https:\/\/keluvo.com\/template\/wp-content\/uploads\/sites\/5\/2025\/09\/cW0CQXiNpouNi628J1iO.jpeg\" alt=\"\" \/><\/p>\n<h2 style=\"text-align: center\" data-start=\"1072\" data-end=\"1089\">Hvordan bruke \ud83d\udccc<\/h2>\n<ol data-start=\"1091\" data-end=\"1345\">\n<li data-start=\"1091\" data-end=\"1146\">\n<p data-start=\"1094\" data-end=\"1146\">Velg ditt favorittbibelvers eller tilpassede budskap.<\/p>\n<\/li>\n<li data-start=\"1147\" data-end=\"1210\">\n<p data-start=\"1150\" data-end=\"1210\">Ha armb\u00e5ndet p\u00e5 h\u00e5ndleddet ved hjelp av den justerbare l\u00e5sen.<\/p>\n<\/li>\n<li data-start=\"1211\" data-end=\"1279\">\n<p data-start=\"1214\" data-end=\"1279\">Ha det p\u00e5 deg hver dag som en personlig p\u00e5minnelse om tro og motivasjon.<\/p>\n<\/li>\n<li data-start=\"1280\" data-end=\"1345\">\n<p data-start=\"1283\" data-end=\"1345\">Rengj\u00f8res enkelt med en myk klut for \u00e5 opprettholde det polerte utseendet.<\/p>\n<\/li>\n<\/ol>\n<h2 style=\"text-align: center\" data-start=\"1352\" data-end=\"1374\">Produktdetaljer \ud83d\udccf<\/h2>\n<ul data-start=\"1376\" data-end=\"1659\">\n<li data-start=\"1421\" data-end=\"1465\">\n<p data-start=\"1423\" data-end=\"1465\">Materiale: Rustfritt st\u00e5l &amp; silikon<\/p>\n<\/li>\n<li data-start=\"1466\" data-end=\"1486\">\n<p data-start=\"1468\" data-end=\"1486\">Farge: Svart<\/p>\n<\/li>\n<li data-start=\"1487\" data-end=\"1511\">\n<p data-start=\"1489\" data-end=\"1511\">Finish: Polert<\/p>\n<\/li>\n<li data-start=\"1512\" data-end=\"1560\">\n<p data-start=\"1514\" data-end=\"1560\">Allergivennlig: Ja (metall \/ latex trygt)<\/p>\n<\/li>\n<li data-start=\"1561\" data-end=\"1589\">\n<p data-start=\"1563\" data-end=\"1589\">St\u00f8rrelse: Justerbar passform<\/p>\n<\/li>\n<\/ul>\n<h2 style=\"text-align: center\" data-start=\"1666\" data-end=\"1689\">Pakken inkluderer \ud83d\udce6<\/h2>\n<ul data-start=\"1691\" data-end=\"1731\">\n<li data-start=\"1691\" data-end=\"1731\">\n<p data-start=\"1693\" data-end=\"1731\">1x kristent bibelversarmb\u00e5nd.<\/p>\n<\/li>\n<\/ul>\n","protected":false},"excerpt":{"rendered":"<p>B\u00e6r ditt favorittbibelvers med deg hver dag \ud83d\ude4f Dette armb\u00e5ndet er en daglig p\u00e5minnelse om din tro, styrke og hensikt [&hellip;]<\/p>\n","protected":false},"featured_media":42123,"comment_status":"open","ping_status":"closed","template":"","meta":{"site-sidebar-layout":"default","site-content-layout":"","ast-site-content-layout":"default","site-content-style":"default","site-sidebar-style":"default","ast-global-header-display":"","ast-banner-title-visibility":"","ast-main-header-display":"","ast-hfb-above-header-display":"","ast-hfb-below-header-display":"","ast-hfb-mobile-header-display":"","site-post-title":"","ast-breadcrumbs-content":"","ast-featured-img":"","footer-sml-layout":"","theme-transparent-header-meta":"default","adv-header-id-meta":"","stick-header-meta":"","header-above-stick-meta":"","header-main-stick-meta":"","header-below-stick-meta":"","astra-migrate-meta-layouts":"set","ast-page-background-enabled":"default","ast-page-background-meta":{"desktop":{"background-color":"var(--ast-global-color-4)","background-image":"","background-repeat":"repeat","background-position":"center center","background-size":"auto","background-attachment":"scroll","background-type":"","background-media":"","overlay-type":"","overlay-color":"","overlay-opacity":"","overlay-gradient":""},"tablet":{"background-color":"","background-image":"","background-repeat":"repeat","background-position":"center center","background-size":"auto","background-attachment":"scroll","background-type":"","background-media":"","overlay-type":"","overlay-color":"","overlay-opacity":"","overlay-gradient":""},"mobile":{"background-color":"","background-image":"","background-repeat":"repeat","background-position":"center center","background-size":"auto","background-attachment":"scroll","background-type":"","background-media":"","overlay-type":"","overlay-color":"","overlay-opacity":"","overlay-gradient":""}},"ast-content-background-meta":{"desktop":{"background-color":"var(--ast-global-color-5)","background-image":"","background-repeat":"repeat","background-position":"center center","background-size":"auto","background-attachment":"scroll","background-type":"","background-media":"","overlay-type":"","overlay-color":"","overlay-opacity":"","overlay-gradient":""},"tablet":{"background-color":"var(--ast-global-color-5)","background-image":"","background-repeat":"repeat","background-position":"center center","background-size":"auto","background-attachment":"scroll","background-type":"","background-media":"","overlay-type":"","overlay-color":"","overlay-opacity":"","overlay-gradient":""},"mobile":{"background-color":"var(--ast-global-color-5)","background-image":"","background-repeat":"repeat","background-position":"center center","background-size":"auto","background-attachment":"scroll","background-type":"","background-media":"","overlay-type":"","overlay-color":"","overlay-opacity":"","overlay-gradient":""}}},"product_brand":[],"product_cat":[993],"product_tag":[],"class_list":{"0":"post-42126","1":"product","2":"type-product","3":"status-publish","4":"has-post-thumbnail","6":"product_cat-skotoy-tilbehor","7":"pa_48103_4zawc3p1-a","8":"pa_48103_4zawc3p1-b","9":"pa_48103_4zawc3p1-c","10":"pa_48103_4zawc3p1-d","11":"pa_48103_4zawc3p1-e","12":"pa_48103_4zawc3p1-f","13":"pa_48103_4zawc3p1-g","14":"pa_48103_4zawc3p1-h","15":"pa_48103_4zawc3p1-i","16":"pa_48103_4zawc3p1-j","17":"pa_48103_4zawc3p1-k","18":"pa_48103_4zawc3p1-l","19":"pa_48103_4zawc3p1-m","20":"pa_48103_4zawc3p1-n","21":"desktop-align-left","22":"tablet-align-left","23":"mobile-align-left","25":"first","26":"instock","27":"shipping-taxable","28":"purchasable","29":"product-type-variable"},"_links":{"self":[{"href":"https:\/\/keluvo.com\/no\/wp-json\/wp\/v2\/product\/42126","targetHints":{"allow":["GET"]}}],"collection":[{"href":"https:\/\/keluvo.com\/no\/wp-json\/wp\/v2\/product"}],"about":[{"href":"https:\/\/keluvo.com\/no\/wp-json\/wp\/v2\/types\/product"}],"replies":[{"embeddable":true,"href":"https:\/\/keluvo.com\/no\/wp-json\/wp\/v2\/comments?post=42126"}],"wp:featuredmedia":[{"embeddable":true,"href":"https:\/\/keluvo.com\/no\/wp-json\/wp\/v2\/media\/42123"}],"wp:attachment":[{"href":"https:\/\/keluvo.com\/no\/wp-json\/wp\/v2\/media?parent=42126"}],"wp:term":[{"taxonomy":"product_brand","embeddable":true,"href":"https:\/\/keluvo.com\/no\/wp-json\/wp\/v2\/product_brand?post=42126"},{"taxonomy":"product_cat","embeddable":true,"href":"https:\/\/keluvo.com\/no\/wp-json\/wp\/v2\/product_cat?post=42126"},{"taxonomy":"product_tag","embeddable":true,"href":"https:\/\/keluvo.com\/no\/wp-json\/wp\/v2\/product_tag?post=42126"}],"curies":[{"name":"wp","href":"https:\/\/api.w.org\/{rel}","templated":true}]}}