{"id":42095,"date":"2025-09-04T17:36:47","date_gmt":"2025-09-04T14:36:47","guid":{"rendered":"https:\/\/keluvo.com\/no\/produkt\/stjernetegn-armband-2\/"},"modified":"2025-09-04T19:49:39","modified_gmt":"2025-09-04T16:49:39","slug":"stjernetegn-armband-2","status":"publish","type":"product","link":"https:\/\/keluvo.com\/no\/produkt\/stjernetegn-armband-2\/","title":{"rendered":"Stjernetegn-armb\u00e5nd"},"content":{"rendered":"<p style=\"text-align: center\" data-start=\"125\" data-end=\"294\"><strong data-start=\"125\" data-end=\"164\">Vis frem stjernetegnet ditt med stil \ud83c\udf1f<\/strong><\/p>\n<p style=\"text-align: center\" data-start=\"125\" data-end=\"294\">Dette justerbare stjernetegnsarmb\u00e5ndet er den perfekte m\u00e5ten \u00e5 b\u00e6re stjernetegnet ditt med stolthet &#8211; stilig, personlig og fullt av mening. Enten du elsker astrologi eller er p\u00e5 utkikk etter en gjennomtenkt gave, kombinerer dette armb\u00e5ndet en unik stjernetegnssjarm med en komfortabel PU-skinnsnor. Det enkle og allsidige designet gj\u00f8r det enkelt \u00e5 bruke hver dag, og den justerbare passformen s\u00f8rger for at det passer for alle.<\/p>\n<p data-start=\"125\" data-end=\"294\"><img decoding=\"async\" class=\"size-full wp-image-34023 aligncenter\" src=\"https:\/\/keluvo.com\/template\/wp-content\/uploads\/sites\/5\/2025\/09\/fXSMh6T8AeHDUB7cuepi.jpeg\" alt=\"\" \/><\/p>\n<h2 style=\"text-align: center\" data-start=\"566\" data-end=\"585\">Hovedfordeler \u2648<\/h2>\n<p data-start=\"589\" data-end=\"649\">\u2648 Personlig stil \u2013 Velg mellom alle de 12 stjernetegnene<\/p>\n<p data-start=\"652\" data-end=\"729\">\ud83c\udf81 Flott gaveid\u00e9 \u2013 En meningsfull og stilig gave til astrologielskere<\/p>\n<p data-start=\"732\" data-end=\"790\">\ud83d\udcab Unisex-design \u2013 Ser bra ut p\u00e5 b\u00e5de menn og kvinner<\/p>\n<p data-start=\"793\" data-end=\"856\">\ud83d\udccf Justerbar passform \u2013 En st\u00f8rrelse passer de fleste h\u00e5ndledd<\/p>\n<p data-start=\"859\" data-end=\"923\">\ud83e\uddf5 Slitesterk snor \u2013 Laget av sterkt og fleksibelt PU-skinn<\/p>\n<p data-start=\"859\" data-end=\"923\"><img decoding=\"async\" class=\"size-full wp-image-34026 aligncenter\" src=\"https:\/\/keluvo.com\/template\/wp-content\/uploads\/sites\/5\/2025\/09\/Sad07fb90a2994423965c173b2aca652fA.webp\" alt=\"\" \/><\/p>\n<h2 style=\"text-align: center\" data-start=\"930\" data-end=\"947\">Slik bruker du det \ud83d\udccc<\/h2>\n<ol data-start=\"949\" data-end=\"1154\">\n<li data-start=\"949\" data-end=\"995\">\n<p data-start=\"952\" data-end=\"995\">Velg armb\u00e5ndet med ditt stjernetegn.<\/p>\n<\/li>\n<li data-start=\"996\" data-end=\"1026\">\n<p data-start=\"999\" data-end=\"1026\">Bruk den justerbare l\u00e5sen til \u00e5 stramme eller l\u00f8sne etter behov.<\/p>\n<\/li>\n<li data-start=\"1088\" data-end=\"1154\">\n<p data-start=\"1091\" data-end=\"1154\">Bruk den til daglig, eller match den med andre skilt for et lag-p\u00e5-lag-look.<\/p>\n<\/li>\n<\/ol>\n<h2 style=\"text-align: center\" data-start=\"1161\" data-end=\"1183\">Produktdetaljer \ud83d\udccf<\/h2>\n<ul data-start=\"1185\" data-end=\"1431\">\n<li data-start=\"1234\" data-end=\"1267\">\n<p data-start=\"1236\" data-end=\"1267\">Materiale: PU l\u00e6rsnor<\/p>\n<\/li>\n<li data-start=\"1268\" data-end=\"1310\">\n<p data-start=\"1270\" data-end=\"1310\">Stil: 12 konstellasjoner tilgjengelig<\/p>\n<\/li>\n<li data-start=\"1311\" data-end=\"1352\">\n<p data-start=\"1313\" data-end=\"1352\">Farge: Som vist p\u00e5 produktbilder<\/p>\n<\/li>\n<li data-start=\"1353\" data-end=\"1399\">\n<p data-start=\"1355\" data-end=\"1399\">Armb\u00e5ndslengde: 18,5 cm<\/p>\n<\/li>\n<li data-start=\"1400\" data-end=\"1431\">\n<p data-start=\"1402\" data-end=\"1431\">Passform: Justerbar, unisex<\/p>\n<\/li>\n<\/ul>\n<h2 style=\"text-align: center\" data-start=\"1438\" data-end=\"1461\">Pakken inneholder \ud83d\udce6<\/h2>\n<ul data-start=\"1463\" data-end=\"1494\">\n<li data-start=\"1463\" data-end=\"1494\">\n<p data-start=\"1465\" data-end=\"1494\">1x stjernetegn armb\u00e5nd.<\/p>\n<\/li>\n<\/ul>\n","protected":false},"excerpt":{"rendered":"<p>Vis frem stjernetegnet ditt med stil \ud83c\udf1f Dette justerbare stjernetegnsarmb\u00e5ndet er den perfekte m\u00e5ten \u00e5 b\u00e6re stjernetegnet ditt med stolthet [&hellip;]<\/p>\n","protected":false},"featured_media":42091,"comment_status":"open","ping_status":"closed","template":"","meta":{"site-sidebar-layout":"default","site-content-layout":"","ast-site-content-layout":"default","site-content-style":"default","site-sidebar-style":"default","ast-global-header-display":"","ast-banner-title-visibility":"","ast-main-header-display":"","ast-hfb-above-header-display":"","ast-hfb-below-header-display":"","ast-hfb-mobile-header-display":"","site-post-title":"","ast-breadcrumbs-content":"","ast-featured-img":"","footer-sml-layout":"","theme-transparent-header-meta":"default","adv-header-id-meta":"","stick-header-meta":"","header-above-stick-meta":"","header-main-stick-meta":"","header-below-stick-meta":"","astra-migrate-meta-layouts":"set","ast-page-background-enabled":"default","ast-page-background-meta":{"desktop":{"background-color":"var(--ast-global-color-4)","background-image":"","background-repeat":"repeat","background-position":"center center","background-size":"auto","background-attachment":"scroll","background-type":"","background-media":"","overlay-type":"","overlay-color":"","overlay-opacity":"","overlay-gradient":""},"tablet":{"background-color":"","background-image":"","background-repeat":"repeat","background-position":"center center","background-size":"auto","background-attachment":"scroll","background-type":"","background-media":"","overlay-type":"","overlay-color":"","overlay-opacity":"","overlay-gradient":""},"mobile":{"background-color":"","background-image":"","background-repeat":"repeat","background-position":"center center","background-size":"auto","background-attachment":"scroll","background-type":"","background-media":"","overlay-type":"","overlay-color":"","overlay-opacity":"","overlay-gradient":""}},"ast-content-background-meta":{"desktop":{"background-color":"var(--ast-global-color-5)","background-image":"","background-repeat":"repeat","background-position":"center center","background-size":"auto","background-attachment":"scroll","background-type":"","background-media":"","overlay-type":"","overlay-color":"","overlay-opacity":"","overlay-gradient":""},"tablet":{"background-color":"var(--ast-global-color-5)","background-image":"","background-repeat":"repeat","background-position":"center center","background-size":"auto","background-attachment":"scroll","background-type":"","background-media":"","overlay-type":"","overlay-color":"","overlay-opacity":"","overlay-gradient":""},"mobile":{"background-color":"var(--ast-global-color-5)","background-image":"","background-repeat":"repeat","background-position":"center center","background-size":"auto","background-attachment":"scroll","background-type":"","background-media":"","overlay-type":"","overlay-color":"","overlay-opacity":"","overlay-gradient":""}}},"product_brand":[],"product_cat":[993],"product_tag":[],"class_list":{"0":"post-42095","1":"product","2":"type-product","3":"status-publish","4":"has-post-thumbnail","6":"product_cat-skotoy-tilbehor","7":"pa_48102_t18egabq-fiskene","8":"pa_48102_t18egabq-jomfruen","9":"pa_48102_t18egabq-kreft","10":"pa_48102_t18egabq-leo","11":"pa_48102_t18egabq-scorpius","12":"pa_48102_t18egabq-skytten","13":"pa_48102_t18egabq-steinbukken","14":"pa_48102_t18egabq-tvillingene","15":"pa_48102_t18egabq-tyren","16":"pa_48102_t18egabq-vaeren","17":"pa_48102_t18egabq-vannmannen","18":"pa_48102_t18egabq-vekten","19":"desktop-align-left","20":"tablet-align-left","21":"mobile-align-left","23":"first","24":"instock","25":"shipping-taxable","26":"purchasable","27":"product-type-variable"},"_links":{"self":[{"href":"https:\/\/keluvo.com\/no\/wp-json\/wp\/v2\/product\/42095","targetHints":{"allow":["GET"]}}],"collection":[{"href":"https:\/\/keluvo.com\/no\/wp-json\/wp\/v2\/product"}],"about":[{"href":"https:\/\/keluvo.com\/no\/wp-json\/wp\/v2\/types\/product"}],"replies":[{"embeddable":true,"href":"https:\/\/keluvo.com\/no\/wp-json\/wp\/v2\/comments?post=42095"}],"wp:featuredmedia":[{"embeddable":true,"href":"https:\/\/keluvo.com\/no\/wp-json\/wp\/v2\/media\/42091"}],"wp:attachment":[{"href":"https:\/\/keluvo.com\/no\/wp-json\/wp\/v2\/media?parent=42095"}],"wp:term":[{"taxonomy":"product_brand","embeddable":true,"href":"https:\/\/keluvo.com\/no\/wp-json\/wp\/v2\/product_brand?post=42095"},{"taxonomy":"product_cat","embeddable":true,"href":"https:\/\/keluvo.com\/no\/wp-json\/wp\/v2\/product_cat?post=42095"},{"taxonomy":"product_tag","embeddable":true,"href":"https:\/\/keluvo.com\/no\/wp-json\/wp\/v2\/product_tag?post=42095"}],"curies":[{"name":"wp","href":"https:\/\/api.w.org\/{rel}","templated":true}]}}