{"id":4188,"date":"2024-11-03T12:21:36","date_gmt":"2024-11-03T10:21:36","guid":{"rendered":"https:\/\/keluvo.com\/no\/produkt\/mini-batteridrevet-bilstovsuger\/"},"modified":"2024-11-06T17:21:14","modified_gmt":"2024-11-06T15:21:14","slug":"mini-batteridrevet-bilstovsuger","status":"publish","type":"product","link":"https:\/\/keluvo.com\/no\/produkt\/mini-batteridrevet-bilstovsuger\/","title":{"rendered":"Mini batteridrevet bilst\u00f8vsuger"},"content":{"rendered":"<h2 style=\"text-align: center;\"><strong> Kraftig sug for grundig rengj\u00f8ring<\/strong><\/h2>\n<p style=\"text-align: center;\">Mini tr\u00e5dl\u00f8s bilst\u00f8vsuger leverer h\u00f8y sugekraft ved 6000 o\/min, og fjerner effektivt st\u00f8v, smuler og dyreh\u00e5r fra alle overflater i bilen din. Den sterke motoren s\u00f8rger for en grundig rengj\u00f8ring, noe som gj\u00f8r den ideell for b\u00e5de raske oppfriskninger og mer intensive rengj\u00f8rings\u00f8kter.<\/p>\n<p><img decoding=\"async\" class=\"alignnone size-medium wp-image-2379 aligncenter\" src=\"https:\/\/keluvo.com\/template\/wp-content\/uploads\/sites\/5\/2024\/10\/97022267-37f1-4f0d-8d00-44fc02fa52f7.webp\" alt=\"\" \/><\/p>\n<h2 style=\"text-align: center;\"><strong> Praktisk USB-lading<\/strong><\/h2>\n<p style=\"text-align: center;\">Utstyrt med et oppladbart batteri p\u00e5 1800 mAh, gir denne batteridrevne mini-bilst\u00f8vsugeren p\u00e5litelig rengj\u00f8ringskraft uten behov for ledning. USB-lading gj\u00f8r det enkelt \u00e5 lade den fra nesten hvor som helst, slik at den er klar n\u00e5r du trenger den.<\/p>\n<p><img decoding=\"async\" class=\"alignnone size-medium wp-image-2380 aligncenter\" src=\"https:\/\/keluvo.com\/template\/wp-content\/uploads\/sites\/5\/2024\/10\/af15df18-0422-482f-afe8-bc9e4969bbed.webp\" alt=\"\" \/><\/p>\n","protected":false},"excerpt":{"rendered":"<p>Kraftig sug for grundig rengj\u00f8ring Mini tr\u00e5dl\u00f8s bilst\u00f8vsuger leverer h\u00f8y sugekraft ved 6000 o\/min, og fjerner effektivt st\u00f8v, smuler og [&hellip;]<\/p>\n","protected":false},"featured_media":4184,"comment_status":"open","ping_status":"closed","template":"","meta":{"site-sidebar-layout":"default","site-content-layout":"","ast-site-content-layout":"default","site-content-style":"default","site-sidebar-style":"default","ast-global-header-display":"","ast-banner-title-visibility":"","ast-main-header-display":"","ast-hfb-above-header-display":"","ast-hfb-below-header-display":"","ast-hfb-mobile-header-display":"","site-post-title":"","ast-breadcrumbs-content":"","ast-featured-img":"","footer-sml-layout":"","theme-transparent-header-meta":"default","adv-header-id-meta":"","stick-header-meta":"","header-above-stick-meta":"","header-main-stick-meta":"","header-below-stick-meta":"","astra-migrate-meta-layouts":"set","ast-page-background-enabled":"default","ast-page-background-meta":{"desktop":{"background-color":"var(--ast-global-color-4)","background-image":"","background-repeat":"repeat","background-position":"center center","background-size":"auto","background-attachment":"scroll","background-type":"","background-media":"","overlay-type":"","overlay-color":"","overlay-opacity":"","overlay-gradient":""},"tablet":{"background-color":"","background-image":"","background-repeat":"repeat","background-position":"center center","background-size":"auto","background-attachment":"scroll","background-type":"","background-media":"","overlay-type":"","overlay-color":"","overlay-opacity":"","overlay-gradient":""},"mobile":{"background-color":"","background-image":"","background-repeat":"repeat","background-position":"center center","background-size":"auto","background-attachment":"scroll","background-type":"","background-media":"","overlay-type":"","overlay-color":"","overlay-opacity":"","overlay-gradient":""}},"ast-content-background-meta":{"desktop":{"background-color":"var(--ast-global-color-5)","background-image":"","background-repeat":"repeat","background-position":"center center","background-size":"auto","background-attachment":"scroll","background-type":"","background-media":"","overlay-type":"","overlay-color":"","overlay-opacity":"","overlay-gradient":""},"tablet":{"background-color":"var(--ast-global-color-5)","background-image":"","background-repeat":"repeat","background-position":"center center","background-size":"auto","background-attachment":"scroll","background-type":"","background-media":"","overlay-type":"","overlay-color":"","overlay-opacity":"","overlay-gradient":""},"mobile":{"background-color":"var(--ast-global-color-5)","background-image":"","background-repeat":"repeat","background-position":"center center","background-size":"auto","background-attachment":"scroll","background-type":"","background-media":"","overlay-type":"","overlay-color":"","overlay-opacity":"","overlay-gradient":""}}},"product_brand":[],"product_cat":[996],"product_tag":[],"class_list":{"0":"post-4188","1":"product","2":"type-product","3":"status-publish","4":"has-post-thumbnail","6":"product_cat-verktoy","7":"pa_1kfjt31v-hvit","8":"pa_1kfjt31v-svart","9":"desktop-align-left","10":"tablet-align-left","11":"mobile-align-left","13":"first","14":"instock","15":"shipping-taxable","16":"purchasable","17":"product-type-variable"},"_links":{"self":[{"href":"https:\/\/keluvo.com\/no\/wp-json\/wp\/v2\/product\/4188","targetHints":{"allow":["GET"]}}],"collection":[{"href":"https:\/\/keluvo.com\/no\/wp-json\/wp\/v2\/product"}],"about":[{"href":"https:\/\/keluvo.com\/no\/wp-json\/wp\/v2\/types\/product"}],"replies":[{"embeddable":true,"href":"https:\/\/keluvo.com\/no\/wp-json\/wp\/v2\/comments?post=4188"}],"wp:featuredmedia":[{"embeddable":true,"href":"https:\/\/keluvo.com\/no\/wp-json\/wp\/v2\/media\/4184"}],"wp:attachment":[{"href":"https:\/\/keluvo.com\/no\/wp-json\/wp\/v2\/media?parent=4188"}],"wp:term":[{"taxonomy":"product_brand","embeddable":true,"href":"https:\/\/keluvo.com\/no\/wp-json\/wp\/v2\/product_brand?post=4188"},{"taxonomy":"product_cat","embeddable":true,"href":"https:\/\/keluvo.com\/no\/wp-json\/wp\/v2\/product_cat?post=4188"},{"taxonomy":"product_tag","embeddable":true,"href":"https:\/\/keluvo.com\/no\/wp-json\/wp\/v2\/product_tag?post=4188"}],"curies":[{"name":"wp","href":"https:\/\/api.w.org\/{rel}","templated":true}]}}