{"id":41822,"date":"2025-09-04T17:24:10","date_gmt":"2025-09-04T14:24:10","guid":{"rendered":"https:\/\/keluvo.com\/no\/produkt\/harfjerningsapparat\/"},"modified":"2025-09-04T19:22:01","modified_gmt":"2025-09-04T16:22:01","slug":"harfjerningsapparat","status":"publish","type":"product","link":"https:\/\/keluvo.com\/no\/produkt\/harfjerningsapparat\/","title":{"rendered":"H\u00e5rfjerningsapparat"},"content":{"rendered":"<p style=\"text-align: center\" data-start=\"131\" data-end=\"205\"><strong data-start=\"131\" data-end=\"205\">Nyt Jevn, Smertefri H\u00e5rfjerning Med Langvarige Resultater Hjemme \ud83d\udc59<\/strong><\/p>\n<p style=\"text-align: center\" data-start=\"207\" data-end=\"522\">Denne h\u00e5rfjerningsenheten tilbyr en trygg, effektiv og praktisk m\u00e5te \u00e5 redusere u\u00f8nsket h\u00e5r p\u00e5 kroppen din. Med 5 justerbare intensitetsniv\u00e5er og opptil 300 000 blink er den perfekt for langvarig bruk p\u00e5 omr\u00e5der som ben, armer, armhuler, bikinilinje, ansikt og mer &#8211; uten irritasjon eller dyre salongbes\u00f8k.<\/p>\n<p data-start=\"207\" data-end=\"522\"><img decoding=\"async\" class=\"size-full wp-image-33727 aligncenter\" src=\"https:\/\/keluvo.com\/template\/wp-content\/uploads\/sites\/5\/2025\/09\/Scc22eff736cd4ca3b300a5509f6a300dX.webp\" alt=\"\" \/><\/p>\n<h2 style=\"text-align: center\" data-start=\"529\" data-end=\"549\">\ud83c\udf1f Hovedfordeler<\/h2>\n<p data-start=\"551\" data-end=\"1107\">\ud83d\udd39 Smertefri &amp; sk\u00e5nsom &#8211; Bruker IPL-teknologi for \u00e5 fjerne h\u00e5r p\u00e5 en trygg og sk\u00e5nsom m\u00e5te<\/p>\n<p data-start=\"551\" data-end=\"1107\">\u2728 Langvarige resultater &#8211; Opptil 300 000 blitz for langvarige resultater use<\/p>\n<p data-start=\"551\" data-end=\"1107\">\ud83c\udf9b\ufe0f Justerbar effekt &#8211; Velg mellom 5 intensitetsniv\u00e5er basert p\u00e5 hudtype<\/p>\n<p data-start=\"551\" data-end=\"1107\">\u26a1 2 blitsmoduser &#8211; Manuell for presisjon, automatisk for st\u00f8rre omr\u00e5der<\/p>\n<p data-start=\"551\" data-end=\"1107\">\ud83d\udc59 Bruk p\u00e5 flere omr\u00e5der &#8211; fungerer p\u00e5 kropp, ansikt, bikinilinje, ben og more<\/p>\n<p data-start=\"551\" data-end=\"1107\">\ud83d\udee1\ufe0f Innebygde sikkerhetsfunksjoner &#8211; UV-filter + hudkontaktsensor for \u00e5 beskytte \u00f8ynene<\/p>\n<p data-start=\"551\" data-end=\"1107\"><img decoding=\"async\" class=\"size-full wp-image-33726 aligncenter\" src=\"https:\/\/keluvo.com\/template\/wp-content\/uploads\/sites\/5\/2025\/09\/Sf6a1cabbde5049449de479b5c2a9ff24M.jpg_960x960q75.jpg_.avif\" alt=\"\" \/><\/p>\n<h2 style=\"text-align: center\" data-start=\"1114\" data-end=\"1131\">\ud83d\udccb Slik Bruker Du Enheten<\/h2>\n<ol data-start=\"1133\" data-end=\"1540\">\n<li data-start=\"1133\" data-end=\"1177\">\n<p data-start=\"1136\" data-end=\"1177\">Sett den i stikkontakten &#8211; den er ikke tr\u00e5dl\u00f8s.<\/p>\n<\/li>\n<li data-start=\"1178\" data-end=\"1248\">\n<p data-start=\"1181\" data-end=\"1248\">Trykk p\u00e5 str\u00f8mknappen for \u00e5 sl\u00e5 den p\u00e5 (det gr\u00f8nne lyset blinker).<\/p>\n<\/li>\n<li data-start=\"1249\" data-end=\"1316\">\n<p data-start=\"1252\" data-end=\"1316\">Trykk p\u00e5 str\u00f8mknappen igjen for \u00e5 justere intensitetsniv\u00e5et (1-5).<\/p>\n<\/li>\n<li data-start=\"1317\" data-end=\"1367\">\n<p data-start=\"1320\" data-end=\"1367\">Plasser blitsvinduet flatt mot huden.<\/p>\n<\/li>\n<li data-start=\"1368\" data-end=\"1420\">\n<p data-start=\"1371\" data-end=\"1420\">Trykk p\u00e5 blitsknappen \u00e9n gang for manuell modus.<\/p>\n<\/li>\n<li data-start=\"1421\" data-end=\"1486\">\n<p data-start=\"1424\" data-end=\"1486\">For automatisk modus, trykk og hold inne blitsknappen i 3 sekunder.<\/p>\n<\/li>\n<li data-start=\"1487\" data-end=\"1540\">\n<p data-start=\"1490\" data-end=\"1540\">For \u00e5 sl\u00e5 av, hold inne str\u00f8mknappen i 5 sekunder.<\/p>\n<\/li>\n<\/ol>\n<h2 style=\"text-align: center\" data-start=\"1547\" data-end=\"1569\">\ud83d\udcd0 Produktdetaljer<\/h2>\n<ul data-start=\"1571\" data-end=\"2003\">\n<li data-start=\"1571\" data-end=\"1600\">\n<p data-start=\"1573\" data-end=\"1600\">Materiale: ABS-plast<\/p>\n<\/li>\n<li data-start=\"1601\" data-end=\"1650\">\n<p data-start=\"1603\" data-end=\"1650\">Tilgjengelige farger: Svart, hvit, rosa<\/p>\n<\/li>\n<li data-start=\"1651\" data-end=\"1678\">\n<p data-start=\"1653\" data-end=\"1678\">Intensitetsniv\u00e5er: 5<\/p>\n<\/li>\n<li data-start=\"1679\" data-end=\"1717\">\n<p data-start=\"1681\" data-end=\"1717\">Blitzkapasitet: 300 000 pulser<\/p>\n<\/li>\n<li data-start=\"1718\" data-end=\"1749\">\n<p data-start=\"1720\" data-end=\"1749\">Energieffekt: 3-5J \/ cm\u00b2<\/p>\n<\/li>\n<li data-start=\"1750\" data-end=\"1780\">\n<p data-start=\"1752\" data-end=\"1780\">B\u00f8lgelengde: 470-1100nm<\/p>\n<\/li>\n<li data-start=\"1781\" data-end=\"1799\">\n<p data-start=\"1783\" data-end=\"1799\">Effekt: 30W<\/p>\n<\/li>\n<li data-start=\"1800\" data-end=\"1834\">\n<p data-start=\"1802\" data-end=\"1834\">Inngangsspenning: AC 100-240V<\/p>\n<\/li>\n<li data-start=\"1835\" data-end=\"1867\">\n<p data-start=\"1837\" data-end=\"1867\">Outgangsspenning: 12V 2,5A<\/p>\n<\/li>\n<li data-start=\"1868\" data-end=\"1901\">\n<p data-start=\"1870\" data-end=\"1901\">Temperaturomr\u00e5de: 5 \u2103 -35 \u2103<\/p>\n<\/li>\n<li data-start=\"1902\" data-end=\"1942\">\n<p data-start=\"1904\" data-end=\"1942\">Blinkmodus: Enkelt &amp; Kontinuerlig<\/p>\n<\/li>\n<li data-start=\"1943\" data-end=\"2003\">\n<p data-start=\"1945\" data-end=\"2003\">Sikkerhetsfunksjoner: UV-filter + blitsl\u00e5s for hudkontakt<\/p>\n<\/li>\n<li data-start=\"1943\" data-end=\"2003\">EU-plugg<\/li>\n<\/ul>\n<h2 style=\"text-align: center\" data-start=\"2010\" data-end=\"2033\">\ud83d\udce6 Pakken Inkluderer<\/h2>\n<ul data-start=\"2035\" data-end=\"2138\">\n<li data-start=\"2035\" data-end=\"2065\">\n<p data-start=\"2037\" data-end=\"2065\">1x h\u00e5rfjerningsenhet<\/p>\n<\/li>\n<li data-start=\"2066\" data-end=\"2119\">\n<p data-start=\"2068\" data-end=\"2119\">1x str\u00f8madapter (EU-kontakt)<\/p>\n<\/li>\n<li data-start=\"2120\" data-end=\"2138\">\n<p data-start=\"2122\" data-end=\"2138\">1x brukerh\u00e5ndbok.<\/p>\n<\/li>\n<\/ul>\n","protected":false},"excerpt":{"rendered":"<p>Nyt Jevn, Smertefri H\u00e5rfjerning Med Langvarige Resultater Hjemme \ud83d\udc59 Denne h\u00e5rfjerningsenheten tilbyr en trygg, effektiv og praktisk m\u00e5te \u00e5 redusere [&hellip;]<\/p>\n","protected":false},"featured_media":41818,"comment_status":"open","ping_status":"closed","template":"","meta":{"site-sidebar-layout":"default","site-content-layout":"","ast-site-content-layout":"default","site-content-style":"default","site-sidebar-style":"default","ast-global-header-display":"","ast-banner-title-visibility":"","ast-main-header-display":"","ast-hfb-above-header-display":"","ast-hfb-below-header-display":"","ast-hfb-mobile-header-display":"","site-post-title":"","ast-breadcrumbs-content":"","ast-featured-img":"","footer-sml-layout":"","theme-transparent-header-meta":"default","adv-header-id-meta":"","stick-header-meta":"","header-above-stick-meta":"","header-main-stick-meta":"","header-below-stick-meta":"","astra-migrate-meta-layouts":"set","ast-page-background-enabled":"default","ast-page-background-meta":{"desktop":{"background-color":"var(--ast-global-color-4)","background-image":"","background-repeat":"repeat","background-position":"center center","background-size":"auto","background-attachment":"scroll","background-type":"","background-media":"","overlay-type":"","overlay-color":"","overlay-opacity":"","overlay-gradient":""},"tablet":{"background-color":"","background-image":"","background-repeat":"repeat","background-position":"center center","background-size":"auto","background-attachment":"scroll","background-type":"","background-media":"","overlay-type":"","overlay-color":"","overlay-opacity":"","overlay-gradient":""},"mobile":{"background-color":"","background-image":"","background-repeat":"repeat","background-position":"center center","background-size":"auto","background-attachment":"scroll","background-type":"","background-media":"","overlay-type":"","overlay-color":"","overlay-opacity":"","overlay-gradient":""}},"ast-content-background-meta":{"desktop":{"background-color":"var(--ast-global-color-5)","background-image":"","background-repeat":"repeat","background-position":"center center","background-size":"auto","background-attachment":"scroll","background-type":"","background-media":"","overlay-type":"","overlay-color":"","overlay-opacity":"","overlay-gradient":""},"tablet":{"background-color":"var(--ast-global-color-5)","background-image":"","background-repeat":"repeat","background-position":"center center","background-size":"auto","background-attachment":"scroll","background-type":"","background-media":"","overlay-type":"","overlay-color":"","overlay-opacity":"","overlay-gradient":""},"mobile":{"background-color":"var(--ast-global-color-5)","background-image":"","background-repeat":"repeat","background-position":"center center","background-size":"auto","background-attachment":"scroll","background-type":"","background-media":"","overlay-type":"","overlay-color":"","overlay-opacity":"","overlay-gradient":""}}},"product_brand":[],"product_cat":[992],"product_tag":[],"class_list":{"0":"post-41822","1":"product","2":"type-product","3":"status-publish","4":"has-post-thumbnail","6":"product_cat-skjonnhets-og-hygieneprodukter","7":"pa_15018_p4x7yxu8-hvit","8":"pa_15018_p4x7yxu8-rosa","9":"pa_15018_p4x7yxu8-svart","10":"desktop-align-left","11":"tablet-align-left","12":"mobile-align-left","14":"first","15":"instock","16":"shipping-taxable","17":"purchasable","18":"product-type-variable"},"_links":{"self":[{"href":"https:\/\/keluvo.com\/no\/wp-json\/wp\/v2\/product\/41822","targetHints":{"allow":["GET"]}}],"collection":[{"href":"https:\/\/keluvo.com\/no\/wp-json\/wp\/v2\/product"}],"about":[{"href":"https:\/\/keluvo.com\/no\/wp-json\/wp\/v2\/types\/product"}],"replies":[{"embeddable":true,"href":"https:\/\/keluvo.com\/no\/wp-json\/wp\/v2\/comments?post=41822"}],"wp:featuredmedia":[{"embeddable":true,"href":"https:\/\/keluvo.com\/no\/wp-json\/wp\/v2\/media\/41818"}],"wp:attachment":[{"href":"https:\/\/keluvo.com\/no\/wp-json\/wp\/v2\/media?parent=41822"}],"wp:term":[{"taxonomy":"product_brand","embeddable":true,"href":"https:\/\/keluvo.com\/no\/wp-json\/wp\/v2\/product_brand?post=41822"},{"taxonomy":"product_cat","embeddable":true,"href":"https:\/\/keluvo.com\/no\/wp-json\/wp\/v2\/product_cat?post=41822"},{"taxonomy":"product_tag","embeddable":true,"href":"https:\/\/keluvo.com\/no\/wp-json\/wp\/v2\/product_tag?post=41822"}],"curies":[{"name":"wp","href":"https:\/\/api.w.org\/{rel}","templated":true}]}}