{"id":4173,"date":"2024-11-03T12:20:36","date_gmt":"2024-11-03T10:20:36","guid":{"rendered":"https:\/\/keluvo.com\/no\/produkt\/halskjede-med-konvoluttanheng\/"},"modified":"2024-11-03T16:19:14","modified_gmt":"2024-11-03T14:19:14","slug":"konvolutt-halskjede-med-ditt-budskap","status":"publish","type":"product","link":"https:\/\/keluvo.com\/no\/produkt\/konvolutt-halskjede-med-ditt-budskap\/","title":{"rendered":"Konvolutt &#8211; halskjede med ditt budskap"},"content":{"rendered":"<h2 style=\"text-align: center;\"><strong>Sjarmerende konvoluttdesign<\/strong><\/h2>\n<p style=\"text-align: center;\">Envelope-anhengskjedet har et unikt og romantisk design, som ligner en liten konvolutt med kj\u00e6rlighetsbrev. Anhenget gir et s\u00f8tt og personlig preg til ethvert antrekk, og er en fin gave til spesielle anledninger eller hverdagsbruk.<\/p>\n<p><img decoding=\"async\" class=\"alignnone size-medium wp-image-2363 aligncenter\" src=\"https:\/\/keluvo.com\/template\/wp-content\/uploads\/sites\/5\/2024\/10\/Sed7ee87a8dcf49bb8ff4c1d9e1344c85Z.jpg\" alt=\"\" \/><\/p>\n<h2 style=\"text-align: center;\"><strong>Slitesterkt materiale i rustfritt st\u00e5l<\/strong><\/h2>\n<p style=\"text-align: center;\">Laget av rustfritt st\u00e5l av h\u00f8y kvalitet, er dette halskjedet bygget for \u00e5 vare. Det slitesterke materialet motst\u00e5r flekker og riper, slik at det holder seg vakkert over tid, selv ved daglig bruk.<\/p>\n<p><img decoding=\"async\" class=\"alignnone size-medium wp-image-2362 aligncenter\" src=\"https:\/\/keluvo.com\/template\/wp-content\/uploads\/sites\/5\/2024\/10\/db6ebe89-fb52-4ed0-a7eb-95bb60251094.webp\" alt=\"\" \/><\/p>\n","protected":false},"excerpt":{"rendered":"<p>Sjarmerende konvoluttdesign Envelope-anhengskjedet har et unikt og romantisk design, som ligner en liten konvolutt med kj\u00e6rlighetsbrev. Anhenget gir et s\u00f8tt [&hellip;]<\/p>\n","protected":false},"featured_media":4169,"comment_status":"open","ping_status":"closed","template":"","meta":{"site-sidebar-layout":"default","site-content-layout":"","ast-site-content-layout":"default","site-content-style":"default","site-sidebar-style":"default","ast-global-header-display":"","ast-banner-title-visibility":"","ast-main-header-display":"","ast-hfb-above-header-display":"","ast-hfb-below-header-display":"","ast-hfb-mobile-header-display":"","site-post-title":"","ast-breadcrumbs-content":"","ast-featured-img":"","footer-sml-layout":"","theme-transparent-header-meta":"default","adv-header-id-meta":"","stick-header-meta":"","header-above-stick-meta":"","header-main-stick-meta":"","header-below-stick-meta":"","astra-migrate-meta-layouts":"set","ast-page-background-enabled":"default","ast-page-background-meta":{"desktop":{"background-color":"var(--ast-global-color-4)","background-image":"","background-repeat":"repeat","background-position":"center center","background-size":"auto","background-attachment":"scroll","background-type":"","background-media":"","overlay-type":"","overlay-color":"","overlay-opacity":"","overlay-gradient":""},"tablet":{"background-color":"","background-image":"","background-repeat":"repeat","background-position":"center center","background-size":"auto","background-attachment":"scroll","background-type":"","background-media":"","overlay-type":"","overlay-color":"","overlay-opacity":"","overlay-gradient":""},"mobile":{"background-color":"","background-image":"","background-repeat":"repeat","background-position":"center center","background-size":"auto","background-attachment":"scroll","background-type":"","background-media":"","overlay-type":"","overlay-color":"","overlay-opacity":"","overlay-gradient":""}},"ast-content-background-meta":{"desktop":{"background-color":"var(--ast-global-color-5)","background-image":"","background-repeat":"repeat","background-position":"center center","background-size":"auto","background-attachment":"scroll","background-type":"","background-media":"","overlay-type":"","overlay-color":"","overlay-opacity":"","overlay-gradient":""},"tablet":{"background-color":"var(--ast-global-color-5)","background-image":"","background-repeat":"repeat","background-position":"center center","background-size":"auto","background-attachment":"scroll","background-type":"","background-media":"","overlay-type":"","overlay-color":"","overlay-opacity":"","overlay-gradient":""},"mobile":{"background-color":"var(--ast-global-color-5)","background-image":"","background-repeat":"repeat","background-position":"center center","background-size":"auto","background-attachment":"scroll","background-type":"","background-media":"","overlay-type":"","overlay-color":"","overlay-opacity":"","overlay-gradient":""}}},"product_brand":[],"product_cat":[993],"product_tag":[],"class_list":{"0":"post-4173","1":"product","2":"type-product","3":"status-publish","4":"has-post-thumbnail","6":"product_cat-skotoy-tilbehor","7":"pa_iz3rghff-gull","8":"pa_iz3rghff-rosa","9":"pa_iz3rghff-solv","10":"desktop-align-left","11":"tablet-align-left","12":"mobile-align-left","14":"first","15":"instock","16":"shipping-taxable","17":"purchasable","18":"product-type-variable"},"_links":{"self":[{"href":"https:\/\/keluvo.com\/no\/wp-json\/wp\/v2\/product\/4173","targetHints":{"allow":["GET"]}}],"collection":[{"href":"https:\/\/keluvo.com\/no\/wp-json\/wp\/v2\/product"}],"about":[{"href":"https:\/\/keluvo.com\/no\/wp-json\/wp\/v2\/types\/product"}],"replies":[{"embeddable":true,"href":"https:\/\/keluvo.com\/no\/wp-json\/wp\/v2\/comments?post=4173"}],"wp:featuredmedia":[{"embeddable":true,"href":"https:\/\/keluvo.com\/no\/wp-json\/wp\/v2\/media\/4169"}],"wp:attachment":[{"href":"https:\/\/keluvo.com\/no\/wp-json\/wp\/v2\/media?parent=4173"}],"wp:term":[{"taxonomy":"product_brand","embeddable":true,"href":"https:\/\/keluvo.com\/no\/wp-json\/wp\/v2\/product_brand?post=4173"},{"taxonomy":"product_cat","embeddable":true,"href":"https:\/\/keluvo.com\/no\/wp-json\/wp\/v2\/product_cat?post=4173"},{"taxonomy":"product_tag","embeddable":true,"href":"https:\/\/keluvo.com\/no\/wp-json\/wp\/v2\/product_tag?post=4173"}],"curies":[{"name":"wp","href":"https:\/\/api.w.org\/{rel}","templated":true}]}}