{"id":41525,"date":"2025-09-04T12:33:38","date_gmt":"2025-09-04T09:33:38","guid":{"rendered":"https:\/\/keluvo.com\/no\/produkt\/solcelledrevet-skilpaddelys\/"},"modified":"2025-09-04T12:33:43","modified_gmt":"2025-09-04T09:33:43","slug":"solcelledrevet-skilpaddelys","status":"publish","type":"product","link":"https:\/\/keluvo.com\/no\/produkt\/solcelledrevet-skilpaddelys\/","title":{"rendered":"Solcelledrevet skilpaddelys"},"content":{"rendered":"<p style=\"text-align: center\"><strong>M\u00f8t Din Nye Hagevenn \u2013 Solcelledrevet Skilpaddelampe!<\/strong><\/p>\n<p style=\"text-align: center\"><span style=\"font-weight: 400\">Dette s\u00f8te skilpaddelyset gir en myk, varm gl\u00f8d til hagen din, noe som gj\u00f8r nettene magiske og dagene ekstra muntre.<\/span><\/p>\n<p><img decoding=\"async\" class=\"size-full wp-image-15979 aligncenter\" src=\"https:\/\/keluvo.com\/template\/wp-content\/uploads\/sites\/5\/2025\/04\/8IstePIURY3nzgRqlES9.jpeg\" alt=\"\" \/><\/p>\n<h2 style=\"text-align: center\">Hovedfordeler<\/h2>\n<p><b><\/b><span style=\"font-weight: 400\"> \u2705 <\/span><b>Vakker design<\/b><span style=\"font-weight: 400\"> \u2013 Det spesielle hule skallet skaper fantastiske lysm\u00f8nstre<\/span><\/p>\n<p><span style=\"font-weight: 400\"> \u2705 <\/span><b>Solcelledrevet<\/b><span style=\"font-weight: 400\"> \u2013 Lades i solen, ingen ledninger trengs<\/span><\/p>\n<p><span style=\"font-weight: 400\"> \u2705 <\/span><b>Slitesterk og v\u00e6rbestandig<\/b><span style=\"font-weight: 400\"> \u2013 Laget av t\u00f8ff harpiks som ikke sprekker eller falmer<\/span><\/p>\n<p><span style=\"font-weight: 400\"> \u2705 <\/span><b>Langvarig lys<\/b><span style=\"font-weight: 400\"> \u2013 Lyser opp hagen din i minst 8 timer etter full lading<\/span><\/p>\n<p><span style=\"font-weight: 400\"> \u2705 <\/span><b>Flott gaveid\u00e9<\/b><span style=\"font-weight: 400\"> \u2013 Perfekt for skilpaddeelskere, hagefans og gj\u00f8r-det-selv-dekorat\u00f8rer<\/span><\/p>\n<p><img decoding=\"async\" class=\"size-full wp-image-15987 aligncenter\" src=\"https:\/\/keluvo.com\/template\/wp-content\/uploads\/sites\/5\/2025\/04\/MOO1BbitBboI25TzzEGl.jpeg\" alt=\"\" \/><\/p>\n<h2 style=\"text-align: center\">Ekstra Sjarm Til Hagen Din<\/h2>\n<p style=\"text-align: center\"><span style=\"font-weight: 400\">Om dagen er den en s\u00f8t, i\u00f8ynefallende dekorasjon. Om natten lyser den opp med en koselig, mild gl\u00f8d og skaper vakre m\u00f8nstre p\u00e5 bakken. Den er enkel \u00e5 bruke, energibesparende og f\u00e5r deg til \u00e5 smile hver gang du ser den!<\/span><\/p>\n<h2 style=\"text-align: center\">Pakken Inneholder<b><br \/>\n<\/b><\/h2>\n<ul>\n<li><span style=\"font-weight: 400\">1 solcelledrevet skilpaddelanterne (20,3 cm x 12,8 cm x 14,2 cm).<\/span><span style=\"font-weight: 400\"><br \/>\n<\/span><\/li>\n<\/ul>\n","protected":false},"excerpt":{"rendered":"<p>M\u00f8t Din Nye Hagevenn \u2013 Solcelledrevet Skilpaddelampe! Dette s\u00f8te skilpaddelyset gir en myk, varm gl\u00f8d til hagen din, noe som [&hellip;]<\/p>\n","protected":false},"featured_media":41521,"comment_status":"open","ping_status":"closed","template":"","meta":{"site-sidebar-layout":"default","site-content-layout":"","ast-site-content-layout":"default","site-content-style":"default","site-sidebar-style":"default","ast-global-header-display":"","ast-banner-title-visibility":"","ast-main-header-display":"","ast-hfb-above-header-display":"","ast-hfb-below-header-display":"","ast-hfb-mobile-header-display":"","site-post-title":"","ast-breadcrumbs-content":"","ast-featured-img":"","footer-sml-layout":"","theme-transparent-header-meta":"default","adv-header-id-meta":"","stick-header-meta":"","header-above-stick-meta":"","header-main-stick-meta":"","header-below-stick-meta":"","astra-migrate-meta-layouts":"set","ast-page-background-enabled":"default","ast-page-background-meta":{"desktop":{"background-color":"var(--ast-global-color-4)","background-image":"","background-repeat":"repeat","background-position":"center center","background-size":"auto","background-attachment":"scroll","background-type":"","background-media":"","overlay-type":"","overlay-color":"","overlay-opacity":"","overlay-gradient":""},"tablet":{"background-color":"","background-image":"","background-repeat":"repeat","background-position":"center center","background-size":"auto","background-attachment":"scroll","background-type":"","background-media":"","overlay-type":"","overlay-color":"","overlay-opacity":"","overlay-gradient":""},"mobile":{"background-color":"","background-image":"","background-repeat":"repeat","background-position":"center center","background-size":"auto","background-attachment":"scroll","background-type":"","background-media":"","overlay-type":"","overlay-color":"","overlay-opacity":"","overlay-gradient":""}},"ast-content-background-meta":{"desktop":{"background-color":"var(--ast-global-color-5)","background-image":"","background-repeat":"repeat","background-position":"center center","background-size":"auto","background-attachment":"scroll","background-type":"","background-media":"","overlay-type":"","overlay-color":"","overlay-opacity":"","overlay-gradient":""},"tablet":{"background-color":"var(--ast-global-color-5)","background-image":"","background-repeat":"repeat","background-position":"center center","background-size":"auto","background-attachment":"scroll","background-type":"","background-media":"","overlay-type":"","overlay-color":"","overlay-opacity":"","overlay-gradient":""},"mobile":{"background-color":"var(--ast-global-color-5)","background-image":"","background-repeat":"repeat","background-position":"center center","background-size":"auto","background-attachment":"scroll","background-type":"","background-media":"","overlay-type":"","overlay-color":"","overlay-opacity":"","overlay-gradient":""}}},"product_brand":[],"product_cat":[1001],"product_tag":[],"class_list":{"0":"post-41525","1":"product","2":"type-product","3":"status-publish","4":"has-post-thumbnail","6":"product_cat-husholdningsartikler","7":"pa_48098_tgs1c1yj-gra","8":"pa_48098_tgs1c1yj-hvit","9":"desktop-align-left","10":"tablet-align-left","11":"mobile-align-left","13":"first","14":"instock","15":"shipping-taxable","16":"purchasable","17":"product-type-variable"},"_links":{"self":[{"href":"https:\/\/keluvo.com\/no\/wp-json\/wp\/v2\/product\/41525","targetHints":{"allow":["GET"]}}],"collection":[{"href":"https:\/\/keluvo.com\/no\/wp-json\/wp\/v2\/product"}],"about":[{"href":"https:\/\/keluvo.com\/no\/wp-json\/wp\/v2\/types\/product"}],"replies":[{"embeddable":true,"href":"https:\/\/keluvo.com\/no\/wp-json\/wp\/v2\/comments?post=41525"}],"wp:featuredmedia":[{"embeddable":true,"href":"https:\/\/keluvo.com\/no\/wp-json\/wp\/v2\/media\/41521"}],"wp:attachment":[{"href":"https:\/\/keluvo.com\/no\/wp-json\/wp\/v2\/media?parent=41525"}],"wp:term":[{"taxonomy":"product_brand","embeddable":true,"href":"https:\/\/keluvo.com\/no\/wp-json\/wp\/v2\/product_brand?post=41525"},{"taxonomy":"product_cat","embeddable":true,"href":"https:\/\/keluvo.com\/no\/wp-json\/wp\/v2\/product_cat?post=41525"},{"taxonomy":"product_tag","embeddable":true,"href":"https:\/\/keluvo.com\/no\/wp-json\/wp\/v2\/product_tag?post=41525"}],"curies":[{"name":"wp","href":"https:\/\/api.w.org\/{rel}","templated":true}]}}