{"id":41476,"date":"2025-09-04T12:32:27","date_gmt":"2025-09-04T09:32:27","guid":{"rendered":"https:\/\/keluvo.com\/no\/produkt\/kattebandsele-sett\/"},"modified":"2025-09-04T12:33:05","modified_gmt":"2025-09-04T09:33:05","slug":"kattebandsele-sett","status":"publish","type":"product","link":"https:\/\/keluvo.com\/no\/produkt\/kattebandsele-sett\/","title":{"rendered":"Katteb\u00e5ndsele-sett"},"content":{"rendered":"<p style=\"text-align: center\"><strong>\ud83d\udc08Ta med kj\u00e6ledyret ditt p\u00e5 koselige eventyr \u2013 med katteb\u00e5ndsele-settet!\ud83d\ude3b<\/strong><\/p>\n<p style=\"text-align: center\"><span style=\"font-weight: 400\">Dette komfortable selesettet lar katten eller valpen din nyte trygge, glade turer mens du ser super s\u00f8t ut!<\/span><\/p>\n<p><img decoding=\"async\" class=\"size-full wp-image-16013 aligncenter\" src=\"https:\/\/keluvo.com\/template\/wp-content\/uploads\/sites\/5\/2025\/04\/catharness-ezgif.com-video-to-webp-converter.webp\" alt=\"\" \/><\/p>\n<h2 style=\"text-align: center\">Hovedfordeler<\/h2>\n<p><b><\/b><span style=\"font-weight: 400\"> \u2705 <\/span><b>Supermyk og behagelig<\/b><span style=\"font-weight: 400\"> \u2013 Laget med pustende, hudvennlig plysjmateriale<\/span><\/p>\n<p><span style=\"font-weight: 400\"> \u2705 <\/span><b>Justerbar passform<\/b><span style=\"font-weight: 400\"> \u2013 Sterke spenner og stropper holder kj\u00e6ledyret ditt sikkert og koselig<\/span><\/p>\n<p><span style=\"font-weight: 400\"> \u2705 <\/span><b>Trygt for kveldsturer<\/b><span style=\"font-weight: 400\"> \u2013 Reflekterende s\u00f8mmer gj\u00f8r kj\u00e6ledyret ditt lett \u00e5 se i m\u00f8rket<\/span><\/p>\n<p><span style=\"font-weight: 400\"> \u2705 <\/span><b>Trendy farger<\/b><span style=\"font-weight: 400\"> \u2013 Velg mellom morsomme farger for \u00e5 matche kj\u00e6ledyrets stil<\/span><\/p>\n<p><span style=\"font-weight: 400\"> \u2705 <\/span><b>Perfekt for katter og valper<\/b><span style=\"font-weight: 400\"> \u2013 Passer til mange forskjellige st\u00f8rrelser og raser<\/span><\/p>\n<p><img decoding=\"async\" class=\"size-full wp-image-15975 aligncenter\" src=\"https:\/\/keluvo.com\/template\/wp-content\/uploads\/sites\/5\/2025\/04\/8.jpg\" alt=\"\" \/><\/p>\n<h2 style=\"text-align: center\">Gave av komfort og sikkerhet<\/h2>\n<p style=\"text-align: center\"><span style=\"font-weight: 400\">Designet med myk kordfl\u00f8yel og kaninpels, er det sk\u00e5nsomt mot kj\u00e6ledyrets hud. Med enkle justeringer og sterke spenner holder det katten eller valpen din sikker, enten du utforsker parken eller rusler rundt i nabolaget. I tillegg s\u00f8rger de lyse fargene og refleksdetaljene for at kj\u00e6ledyret ditt ser bra ut og f\u00f8ler seg bra!<\/span><\/p>\n<h2 style=\"text-align: center\">Hvordan bruke<\/h2>\n<ol>\n<li style=\"font-weight: 400\"><span style=\"font-weight: 400\">Juster stroppene slik at de passer kj\u00e6ledyret ditt tett, men komfortabelt<\/span><span style=\"font-weight: 400\"><br \/>\n<\/span><\/li>\n<li style=\"font-weight: 400\"><span style=\"font-weight: 400\">Klipp b\u00e5ndet p\u00e5 selen<\/span><span style=\"font-weight: 400\"><br \/>\n<\/span><\/li>\n<li style=\"font-weight: 400\"><span style=\"font-weight: 400\">G\u00e5 ut og nyt trygge, koselige turer sammen<\/span><\/li>\n<li><span style=\"font-weight: 400\">Etter bruk, h\u00e5ndvask eller flekkvask om n\u00f8dvendig.<\/span><\/li>\n<\/ol>\n<h2 style=\"text-align: center\">Pakken inneholder<b><br \/>\n<\/b><\/h2>\n<ul>\n<li><span style=\"font-weight: 400\">1 myk plysj sele<\/span><span style=\"font-weight: 400\"><br \/>\n<\/span><\/li>\n<li><span style=\"font-weight: 400\">1 matchende b\u00e5nd.<\/span><span style=\"font-weight: 400\"><br \/>\n<\/span><\/li>\n<\/ul>\n","protected":false},"excerpt":{"rendered":"<p>\ud83d\udc08Ta med kj\u00e6ledyret ditt p\u00e5 koselige eventyr \u2013 med katteb\u00e5ndsele-settet!\ud83d\ude3b Dette komfortable selesettet lar katten eller valpen din nyte trygge, [&hellip;]<\/p>\n","protected":false},"featured_media":41472,"comment_status":"open","ping_status":"closed","template":"","meta":{"site-sidebar-layout":"default","site-content-layout":"","ast-site-content-layout":"default","site-content-style":"default","site-sidebar-style":"default","ast-global-header-display":"","ast-banner-title-visibility":"","ast-main-header-display":"","ast-hfb-above-header-display":"","ast-hfb-below-header-display":"","ast-hfb-mobile-header-display":"","site-post-title":"","ast-breadcrumbs-content":"","ast-featured-img":"","footer-sml-layout":"","theme-transparent-header-meta":"default","adv-header-id-meta":"","stick-header-meta":"","header-above-stick-meta":"","header-main-stick-meta":"","header-below-stick-meta":"","astra-migrate-meta-layouts":"set","ast-page-background-enabled":"default","ast-page-background-meta":{"desktop":{"background-color":"var(--ast-global-color-4)","background-image":"","background-repeat":"repeat","background-position":"center center","background-size":"auto","background-attachment":"scroll","background-type":"","background-media":"","overlay-type":"","overlay-color":"","overlay-opacity":"","overlay-gradient":""},"tablet":{"background-color":"","background-image":"","background-repeat":"repeat","background-position":"center center","background-size":"auto","background-attachment":"scroll","background-type":"","background-media":"","overlay-type":"","overlay-color":"","overlay-opacity":"","overlay-gradient":""},"mobile":{"background-color":"","background-image":"","background-repeat":"repeat","background-position":"center center","background-size":"auto","background-attachment":"scroll","background-type":"","background-media":"","overlay-type":"","overlay-color":"","overlay-opacity":"","overlay-gradient":""}},"ast-content-background-meta":{"desktop":{"background-color":"var(--ast-global-color-5)","background-image":"","background-repeat":"repeat","background-position":"center center","background-size":"auto","background-attachment":"scroll","background-type":"","background-media":"","overlay-type":"","overlay-color":"","overlay-opacity":"","overlay-gradient":""},"tablet":{"background-color":"var(--ast-global-color-5)","background-image":"","background-repeat":"repeat","background-position":"center center","background-size":"auto","background-attachment":"scroll","background-type":"","background-media":"","overlay-type":"","overlay-color":"","overlay-opacity":"","overlay-gradient":""},"mobile":{"background-color":"var(--ast-global-color-5)","background-image":"","background-repeat":"repeat","background-position":"center center","background-size":"auto","background-attachment":"scroll","background-type":"","background-media":"","overlay-type":"","overlay-color":"","overlay-opacity":"","overlay-gradient":""}}},"product_brand":[],"product_cat":[997],"product_tag":[],"class_list":{"0":"post-41476","1":"product","2":"type-product","3":"status-publish","4":"has-post-thumbnail","6":"product_cat-husdyrprodukter","7":"pa_48099_duypwpry-xxs-15-25-kg","8":"pa_48099_duypwpry-xs-25-4-kg","9":"pa_48099_duypwpry-s-4-55-kg","10":"pa_48099_duypwpry-m-55-7-kg","11":"pa_48099_ku73asx3-bla","12":"pa_48099_ku73asx3-kaffe","13":"pa_48099_ku73asx3-marinen","14":"pa_48099_ku73asx3-oransje","15":"pa_48099_ku73asx3-rosa","16":"desktop-align-left","17":"tablet-align-left","18":"mobile-align-left","20":"first","21":"instock","22":"shipping-taxable","23":"purchasable","24":"product-type-variable","25":"has-default-attributes"},"_links":{"self":[{"href":"https:\/\/keluvo.com\/no\/wp-json\/wp\/v2\/product\/41476","targetHints":{"allow":["GET"]}}],"collection":[{"href":"https:\/\/keluvo.com\/no\/wp-json\/wp\/v2\/product"}],"about":[{"href":"https:\/\/keluvo.com\/no\/wp-json\/wp\/v2\/types\/product"}],"replies":[{"embeddable":true,"href":"https:\/\/keluvo.com\/no\/wp-json\/wp\/v2\/comments?post=41476"}],"wp:featuredmedia":[{"embeddable":true,"href":"https:\/\/keluvo.com\/no\/wp-json\/wp\/v2\/media\/41472"}],"wp:attachment":[{"href":"https:\/\/keluvo.com\/no\/wp-json\/wp\/v2\/media?parent=41476"}],"wp:term":[{"taxonomy":"product_brand","embeddable":true,"href":"https:\/\/keluvo.com\/no\/wp-json\/wp\/v2\/product_brand?post=41476"},{"taxonomy":"product_cat","embeddable":true,"href":"https:\/\/keluvo.com\/no\/wp-json\/wp\/v2\/product_cat?post=41476"},{"taxonomy":"product_tag","embeddable":true,"href":"https:\/\/keluvo.com\/no\/wp-json\/wp\/v2\/product_tag?post=41476"}],"curies":[{"name":"wp","href":"https:\/\/api.w.org\/{rel}","templated":true}]}}