{"id":41463,"date":"2025-09-04T12:30:58","date_gmt":"2025-09-04T09:30:58","guid":{"rendered":"https:\/\/keluvo.com\/no\/produkt\/solenergi-engel-lysskulptur\/"},"modified":"2025-09-04T12:31:02","modified_gmt":"2025-09-04T09:31:02","slug":"solenergi-engel-lysskulptur","status":"publish","type":"product","link":"https:\/\/keluvo.com\/no\/produkt\/solenergi-engel-lysskulptur\/","title":{"rendered":"Solenergi engel lysskulptur"},"content":{"rendered":"<p style=\"text-align: center\"><strong>Skap Fred Og Skj\u00f8nnhet \u2013 Med Den Solcelledrevne Engelskulpturen!<\/strong><\/p>\n<p style=\"text-align: center\"><span style=\"font-weight: 400\">Denne vakre engelstatuen lyser opp hagen eller hjemmet ditt med et mykt, varmt lys, og gir komfort og sjarm b\u00e5de dag og natt.<\/span><\/p>\n<p><img decoding=\"async\" class=\"size-full wp-image-15936 aligncenter\" src=\"https:\/\/keluvo.com\/template\/wp-content\/uploads\/sites\/5\/2025\/04\/o6l0Fmh7fvb9y0r9BZvF.jpeg\" alt=\"\" \/><\/p>\n<h2 style=\"text-align: center\">Hovedfordeler<\/h2>\n<p><b><br \/>\n<\/b><span style=\"font-weight: 400\"> \u2705 <\/span><b>Solcelledrevet gl\u00f8d<\/b><span style=\"font-weight: 400\"> \u2013 lades om dagen, lyser opp om natten<\/span><\/p>\n<p><span style=\"font-weight: 400\"> \u2705 <\/span><b>Vakkert h\u00e5ndverk<\/b><span style=\"font-weight: 400\"> \u2013 fine detaljer og h\u00e5ndmalt finish<\/span><\/p>\n<p><span style=\"font-weight: 400\"> \u2705 <\/span><b>V\u00e6rbestandig<\/b><span style=\"font-weight: 400\"> \u2013 st\u00e5r sterkt gjennom regn, sol og vind<\/span><\/p>\n<p><span style=\"font-weight: 400\"> \u2705 <\/span><b>Allsidig dekorasjon<\/b><span style=\"font-weight: 400\"> \u2013 perfekt for hager, gravsteder, uteplasser eller innend\u00f8rs<\/span><\/p>\n<p><span style=\"font-weight: 400\"> \u2705 <\/span><b>Omtenksom gave<\/b><span style=\"font-weight: 400\"> \u2013 et symbol p\u00e5 kj\u00e6rlighet, minne og fred<\/span><\/p>\n<p><img decoding=\"async\" class=\"size-full wp-image-15937 aligncenter\" src=\"https:\/\/keluvo.com\/template\/wp-content\/uploads\/sites\/5\/2025\/04\/sj2oe1lTAlPQ0DTPDuLO.jpeg\" alt=\"\" \/><\/p>\n<h2 style=\"text-align: center\">Mer Enn Bare En Dekorasjon<\/h2>\n<p style=\"text-align: center\"><span style=\"font-weight: 400\">Det er et inderlig symbol p\u00e5 omsorg og minne. Den drives av solen og lyser forsiktig opp natten, og gir en vakker hyllest eller bare gir fred til favorittrommet ditt. Den er perfekt for \u00e5 hedre kj\u00e6re, dekorere hagen din eller skape et beroligende innend\u00f8rs hj\u00f8rne.<\/span><\/p>\n<h2 style=\"text-align: center\">Pakken Inneholder<\/h2>\n<ul>\n<li style=\"font-weight: 400\"><span style=\"font-weight: 400\">1 solcelleengel lysskulptur (St\u00f8rrelse: 13 cm * 9 cm * 19,5 cm).<\/span><\/li>\n<\/ul>\n<p>&nbsp;<\/p>\n","protected":false},"excerpt":{"rendered":"<p>Skap Fred Og Skj\u00f8nnhet \u2013 Med Den Solcelledrevne Engelskulpturen! Denne vakre engelstatuen lyser opp hagen eller hjemmet ditt med et [&hellip;]<\/p>\n","protected":false},"featured_media":41459,"comment_status":"open","ping_status":"closed","template":"","meta":{"site-sidebar-layout":"default","site-content-layout":"","ast-site-content-layout":"default","site-content-style":"default","site-sidebar-style":"default","ast-global-header-display":"","ast-banner-title-visibility":"","ast-main-header-display":"","ast-hfb-above-header-display":"","ast-hfb-below-header-display":"","ast-hfb-mobile-header-display":"","site-post-title":"","ast-breadcrumbs-content":"","ast-featured-img":"","footer-sml-layout":"","theme-transparent-header-meta":"default","adv-header-id-meta":"","stick-header-meta":"","header-above-stick-meta":"","header-main-stick-meta":"","header-below-stick-meta":"","astra-migrate-meta-layouts":"set","ast-page-background-enabled":"default","ast-page-background-meta":{"desktop":{"background-color":"var(--ast-global-color-4)","background-image":"","background-repeat":"repeat","background-position":"center center","background-size":"auto","background-attachment":"scroll","background-type":"","background-media":"","overlay-type":"","overlay-color":"","overlay-opacity":"","overlay-gradient":""},"tablet":{"background-color":"","background-image":"","background-repeat":"repeat","background-position":"center center","background-size":"auto","background-attachment":"scroll","background-type":"","background-media":"","overlay-type":"","overlay-color":"","overlay-opacity":"","overlay-gradient":""},"mobile":{"background-color":"","background-image":"","background-repeat":"repeat","background-position":"center center","background-size":"auto","background-attachment":"scroll","background-type":"","background-media":"","overlay-type":"","overlay-color":"","overlay-opacity":"","overlay-gradient":""}},"ast-content-background-meta":{"desktop":{"background-color":"var(--ast-global-color-5)","background-image":"","background-repeat":"repeat","background-position":"center center","background-size":"auto","background-attachment":"scroll","background-type":"","background-media":"","overlay-type":"","overlay-color":"","overlay-opacity":"","overlay-gradient":""},"tablet":{"background-color":"var(--ast-global-color-5)","background-image":"","background-repeat":"repeat","background-position":"center center","background-size":"auto","background-attachment":"scroll","background-type":"","background-media":"","overlay-type":"","overlay-color":"","overlay-opacity":"","overlay-gradient":""},"mobile":{"background-color":"var(--ast-global-color-5)","background-image":"","background-repeat":"repeat","background-position":"center center","background-size":"auto","background-attachment":"scroll","background-type":"","background-media":"","overlay-type":"","overlay-color":"","overlay-opacity":"","overlay-gradient":""}}},"product_brand":[],"product_cat":[1001],"product_tag":[],"class_list":{"0":"post-41463","1":"product","2":"type-product","3":"status-publish","4":"has-post-thumbnail","6":"product_cat-husholdningsartikler","7":"pa_48095_hsy6b0hu-hoyre","8":"pa_48095_hsy6b0hu-venstre","9":"desktop-align-left","10":"tablet-align-left","11":"mobile-align-left","13":"first","14":"instock","15":"shipping-taxable","16":"purchasable","17":"product-type-variable"},"_links":{"self":[{"href":"https:\/\/keluvo.com\/no\/wp-json\/wp\/v2\/product\/41463","targetHints":{"allow":["GET"]}}],"collection":[{"href":"https:\/\/keluvo.com\/no\/wp-json\/wp\/v2\/product"}],"about":[{"href":"https:\/\/keluvo.com\/no\/wp-json\/wp\/v2\/types\/product"}],"replies":[{"embeddable":true,"href":"https:\/\/keluvo.com\/no\/wp-json\/wp\/v2\/comments?post=41463"}],"wp:featuredmedia":[{"embeddable":true,"href":"https:\/\/keluvo.com\/no\/wp-json\/wp\/v2\/media\/41459"}],"wp:attachment":[{"href":"https:\/\/keluvo.com\/no\/wp-json\/wp\/v2\/media?parent=41463"}],"wp:term":[{"taxonomy":"product_brand","embeddable":true,"href":"https:\/\/keluvo.com\/no\/wp-json\/wp\/v2\/product_brand?post=41463"},{"taxonomy":"product_cat","embeddable":true,"href":"https:\/\/keluvo.com\/no\/wp-json\/wp\/v2\/product_cat?post=41463"},{"taxonomy":"product_tag","embeddable":true,"href":"https:\/\/keluvo.com\/no\/wp-json\/wp\/v2\/product_tag?post=41463"}],"curies":[{"name":"wp","href":"https:\/\/api.w.org\/{rel}","templated":true}]}}