{"id":41454,"date":"2025-09-04T12:30:33","date_gmt":"2025-09-04T09:30:33","guid":{"rendered":"https:\/\/keluvo.com\/no\/produkt\/knivslipersett-2\/"},"modified":"2025-09-04T12:30:33","modified_gmt":"2025-09-04T09:30:33","slug":"knivslipersett-2","status":"publish","type":"product","link":"https:\/\/keluvo.com\/no\/produkt\/knivslipersett-2\/","title":{"rendered":"Knivslipersett"},"content":{"rendered":"<h2 style=\"text-align: center\">Perfekt for nybegynnere<\/h2>\n<p style=\"text-align: center\" data-start=\"108\" data-end=\"303\"><span class=\"relative -mx-px my-[-0.2rem] rounded px-px py-[0.2rem]\">Lei av \u00e5 slite med sl\u00f8ve kniver?<\/span> <span class=\"relative -mx-px my-[-0.2rem] rounded px-px py-[0.2rem]\">V\u00e5rt knivslipersett gj\u00f8r det enkelt for alle \u00e5 slipe kniver.<\/span> <span class=\"relative -mx-px my-[-0.2rem] rounded px-px py-[0.2rem]\">Med den rullende mekanismen er det bare \u00e5 la rullen gli over bladet &#8211; uten rot, str\u00f8m eller vann.<\/span> <span class=\"relative -mx-px my-[-0.2rem] rounded px-px py-[0.2rem]\">Knivene dine blir som nye med minimal innsats.<\/span><\/p>\n<p data-start=\"108\" data-end=\"303\"><img decoding=\"async\" class=\"alignnone size-medium wp-image-12319 aligncenter\" src=\"https:\/\/keluvo.com\/template\/wp-content\/uploads\/sites\/5\/2024\/11\/knife-sharpener-process-1.gif\" alt=\"\" \/><\/p>\n<h2 style=\"text-align: center\" data-start=\"305\" data-end=\"363\">Diamantbelagte skiver i to trinn for en sylskarp egg<\/h2>\n<p style=\"text-align: center\" data-start=\"365\" data-end=\"446\"><span class=\"relative -mx-px my-[-0.2rem] rounded px-px py-[0.2rem]\">Sliperen v\u00e5r er laget av f\u00f8rsteklasses materialer og har diamantbelagte skiver med to kornniv\u00e5er:<\/span>\u200b<\/p>\n<ul style=\"text-align: center\" data-start=\"448\" data-end=\"649\">\n<li data-start=\"448\" data-end=\"546\">\n<p data-start=\"450\" data-end=\"546\"><strong data-start=\"450\" data-end=\"463\">400# Grit<\/strong>: <span class=\"relative -mx-px my-[-0.2rem] rounded px-px py-[0.2rem]\">Perfekt for innledende sliping, og den omformer sl\u00f8ve kanter effektivt.<\/span>\u200b<\/p>\n<\/li>\n<li data-start=\"548\" data-end=\"649\">\n<p data-start=\"550\" data-end=\"649\"><strong data-start=\"550\" data-end=\"564\">1000# Grit<\/strong>: <span class=\"relative -mx-px my-[-0.2rem] rounded px-px py-[0.2rem]\">Denne kombinasjonen sikrer varig skarphet og holdbarhet for knivene dine.<\/span>\u200b<span style=\"font-size: 16px\">\u200b<\/span><\/p>\n<\/li>\n<\/ul>\n<p style=\"text-align: center\" data-start=\"651\" data-end=\"736\"><span class=\"relative -mx-px my-[-0.2rem] rounded px-px py-[0.2rem]\">Denne kombinasjonen sikrer varig skarphet og holdbarhet for knivene dine.<\/span>\u200b<\/p>\n<h2 style=\"text-align: center\" data-start=\"651\" data-end=\"736\">Ulike vinkler for ulike kutt<\/h2>\n<p style=\"text-align: center\" data-start=\"651\" data-end=\"736\">Avhengig av hvilken type kniver du har, vil du kanskje ha et finere og skarpere kutt. Derfor leveres produktet v\u00e5rt med to vinkler. Den ene siden har en <b>20\u00b0 vinkel <\/b>og den andre en <b>15\u00b0 vinkel.<\/b><\/p>\n<p data-start=\"651\" data-end=\"736\"><img decoding=\"async\" class=\"size-medium wp-image-12321 aligncenter\" src=\"https:\/\/keluvo.com\/template\/wp-content\/uploads\/sites\/5\/2024\/11\/main-image-2-2.jpeg\" alt=\"\" \/><\/p>\n<h2 style=\"text-align: center\" data-start=\"651\" data-end=\"736\">Ekstremt enkel \u00e5 bruke<\/h2>\n<p style=\"text-align: center\" data-start=\"651\" data-end=\"736\">Her er grunnen til at alle enkelt kan bruke knivslipersettet v\u00e5rt.<\/p>\n<ul>\n<li style=\"text-align: center\" data-start=\"651\" data-end=\"736\">Det har et <strong>rolling handle<\/strong>. Det er ikke noe ekstra arbeid involvert. \u200b<\/li>\n<li style=\"text-align: center\" data-start=\"651\" data-end=\"736\">Vinkeltilbeh\u00f8ret er <strong>non-slip<\/strong>, noe som betyr at du ikke trenger \u00e5 be en annen person om \u00e5 holde det p\u00e5 plass for deg mens du sliper kniven.<\/li>\n<\/ul>\n<p><img decoding=\"async\" class=\"size-medium wp-image-12313 aligncenter\" src=\"https:\/\/keluvo.com\/template\/wp-content\/uploads\/sites\/5\/2024\/11\/KnifeSharpenerVideo-ezgif.com-video-to-gif-converter.gif\" alt=\"\" \/><\/p>\n<p>&nbsp;<\/p>\n","protected":false},"excerpt":{"rendered":"<p>Perfekt for nybegynnere Lei av \u00e5 slite med sl\u00f8ve kniver? V\u00e5rt knivslipersett gj\u00f8r det enkelt for alle \u00e5 slipe kniver. [&hellip;]<\/p>\n","protected":false},"featured_media":41450,"comment_status":"open","ping_status":"closed","template":"","meta":{"site-sidebar-layout":"default","site-content-layout":"","ast-site-content-layout":"default","site-content-style":"default","site-sidebar-style":"default","ast-global-header-display":"","ast-banner-title-visibility":"","ast-main-header-display":"","ast-hfb-above-header-display":"","ast-hfb-below-header-display":"","ast-hfb-mobile-header-display":"","site-post-title":"","ast-breadcrumbs-content":"","ast-featured-img":"","footer-sml-layout":"","theme-transparent-header-meta":"default","adv-header-id-meta":"","stick-header-meta":"","header-above-stick-meta":"","header-main-stick-meta":"","header-below-stick-meta":"","astra-migrate-meta-layouts":"set","ast-page-background-enabled":"default","ast-page-background-meta":{"desktop":{"background-color":"var(--ast-global-color-4)","background-image":"","background-repeat":"repeat","background-position":"center center","background-size":"auto","background-attachment":"scroll","background-type":"","background-media":"","overlay-type":"","overlay-color":"","overlay-opacity":"","overlay-gradient":""},"tablet":{"background-color":"","background-image":"","background-repeat":"repeat","background-position":"center center","background-size":"auto","background-attachment":"scroll","background-type":"","background-media":"","overlay-type":"","overlay-color":"","overlay-opacity":"","overlay-gradient":""},"mobile":{"background-color":"","background-image":"","background-repeat":"repeat","background-position":"center center","background-size":"auto","background-attachment":"scroll","background-type":"","background-media":"","overlay-type":"","overlay-color":"","overlay-opacity":"","overlay-gradient":""}},"ast-content-background-meta":{"desktop":{"background-color":"var(--ast-global-color-5)","background-image":"","background-repeat":"repeat","background-position":"center center","background-size":"auto","background-attachment":"scroll","background-type":"","background-media":"","overlay-type":"","overlay-color":"","overlay-opacity":"","overlay-gradient":""},"tablet":{"background-color":"var(--ast-global-color-5)","background-image":"","background-repeat":"repeat","background-position":"center center","background-size":"auto","background-attachment":"scroll","background-type":"","background-media":"","overlay-type":"","overlay-color":"","overlay-opacity":"","overlay-gradient":""},"mobile":{"background-color":"var(--ast-global-color-5)","background-image":"","background-repeat":"repeat","background-position":"center center","background-size":"auto","background-attachment":"scroll","background-type":"","background-media":"","overlay-type":"","overlay-color":"","overlay-opacity":"","overlay-gradient":""}}},"product_brand":[],"product_cat":[1001],"product_tag":[],"class_list":{"0":"post-41454","1":"product","2":"type-product","3":"status-publish","4":"has-post-thumbnail","6":"product_cat-husholdningsartikler","7":"pa_15874_3bn9w6sa-rod","8":"pa_15874_3bn9w6sa-svart","9":"desktop-align-left","10":"tablet-align-left","11":"mobile-align-left","13":"first","14":"instock","15":"shipping-taxable","16":"purchasable","17":"product-type-simple"},"_links":{"self":[{"href":"https:\/\/keluvo.com\/no\/wp-json\/wp\/v2\/product\/41454","targetHints":{"allow":["GET"]}}],"collection":[{"href":"https:\/\/keluvo.com\/no\/wp-json\/wp\/v2\/product"}],"about":[{"href":"https:\/\/keluvo.com\/no\/wp-json\/wp\/v2\/types\/product"}],"replies":[{"embeddable":true,"href":"https:\/\/keluvo.com\/no\/wp-json\/wp\/v2\/comments?post=41454"}],"wp:featuredmedia":[{"embeddable":true,"href":"https:\/\/keluvo.com\/no\/wp-json\/wp\/v2\/media\/41450"}],"wp:attachment":[{"href":"https:\/\/keluvo.com\/no\/wp-json\/wp\/v2\/media?parent=41454"}],"wp:term":[{"taxonomy":"product_brand","embeddable":true,"href":"https:\/\/keluvo.com\/no\/wp-json\/wp\/v2\/product_brand?post=41454"},{"taxonomy":"product_cat","embeddable":true,"href":"https:\/\/keluvo.com\/no\/wp-json\/wp\/v2\/product_cat?post=41454"},{"taxonomy":"product_tag","embeddable":true,"href":"https:\/\/keluvo.com\/no\/wp-json\/wp\/v2\/product_tag?post=41454"}],"curies":[{"name":"wp","href":"https:\/\/api.w.org\/{rel}","templated":true}]}}