{"id":41323,"date":"2025-09-03T15:36:11","date_gmt":"2025-09-03T12:36:11","guid":{"rendered":"https:\/\/keluvo.com\/no\/produkt\/sit-up-stang-2\/"},"modified":"2025-09-13T15:30:58","modified_gmt":"2025-09-13T12:30:58","slug":"sit-up-stang-2","status":"publish","type":"product","link":"https:\/\/keluvo.com\/no\/produkt\/sit-up-stang-2\/","title":{"rendered":"Sit up-stang"},"content":{"rendered":"<p style=\"text-align: center;\"><strong>\u00d8nsker Du \u00c5 Forbedre Kjernetreningen Hjemme?<\/strong><\/p>\n<p style=\"text-align: center;\">\u00d8nsker du \u00e5 forbedre kjernetreningen hjemme, er sit-up-stangen her for \u00e5 hjelpe deg! Denne enheten styrker kjernemuskulaturen din, noe som er avgj\u00f8rende for en sunn og aktiv livsstil. Den \u00f8ker ogs\u00e5 forbrenningen, noe som gj\u00f8r den til et godt alternativ for vekttap og generell fitness.<\/p>\n<p style=\"text-align: center;\">Med v\u00e5r sit-up-stang kan du styrke kjernemuskulaturen og musklene rundt midjen. N\u00e5r du bruker den under situps og situps, gir den motstand og hjelper kjernemuskulaturen med \u00e5 bli sterkere. Den retter seg mot viktige omr\u00e5der som rectus abdominis (din &laquo;sixpack&raquo;) og transversus abdominis, som st\u00f8tter ryggraden og holder kjernemuskulaturen stabil. \u00c5 styrke disse musklene er avgj\u00f8rende for den generelle stabiliteten.<\/p>\n<p><img decoding=\"async\" class=\"size-full wp-image-24403 aligncenter\" src=\"https:\/\/keluvo.com\/template\/wp-content\/uploads\/sites\/5\/2024\/11\/A4pTx6pr2oCSjYpUSqdq-ezgif.com-video-to-webp-converter.webp\" alt=\"\" \/><\/p>\n<h2 style=\"text-align: center;\">\ud83c\udf1fHovedfordeler<\/h2>\n<p><strong>Komfort<\/strong>: Tren hjemme p\u00e5 en komfortabel m\u00e5te.<\/p>\n<p><strong>Raske Resultater<\/strong>: N\u00e5 treningsm\u00e5lene dine raskere med enkel tilgang til treningen din.<\/p>\n<p><strong>Allsidighet<\/strong>: Den er ikke bare for sit-ups; bruk den til forskjellige kjerne\u00f8velser for \u00e5 trene forskjellige muskler.<\/p>\n<p><img decoding=\"async\" class=\"size-full wp-image-24404 aligncenter\" src=\"https:\/\/keluvo.com\/template\/wp-content\/uploads\/sites\/5\/2024\/11\/DM_20240307220601_004_480x480.webp\" alt=\"\" \/><\/p>\n<p style=\"text-align: center;\">Sit-up-stangen er effektiv og grei. I motsetning til store treningsapparater er denne enheten kompakt og b\u00e6rbar, noe som gj\u00f8r den enkel \u00e5 bruke og oppbevare. Det er en enkel m\u00e5te \u00e5 trene kjernemuskulaturen p\u00e5 n\u00e5r som helst!<\/p>\n","protected":false},"excerpt":{"rendered":"<p>\u00d8nsker Du \u00c5 Forbedre Kjernetreningen Hjemme? \u00d8nsker du \u00e5 forbedre kjernetreningen hjemme, er sit-up-stangen her for \u00e5 hjelpe deg! Denne [&hellip;]<\/p>\n","protected":false},"featured_media":41319,"comment_status":"open","ping_status":"closed","template":"","meta":{"site-sidebar-layout":"default","site-content-layout":"","ast-site-content-layout":"default","site-content-style":"default","site-sidebar-style":"default","ast-global-header-display":"","ast-banner-title-visibility":"","ast-main-header-display":"","ast-hfb-above-header-display":"","ast-hfb-below-header-display":"","ast-hfb-mobile-header-display":"","site-post-title":"","ast-breadcrumbs-content":"","ast-featured-img":"","footer-sml-layout":"","theme-transparent-header-meta":"default","adv-header-id-meta":"","stick-header-meta":"","header-above-stick-meta":"","header-main-stick-meta":"","header-below-stick-meta":"","astra-migrate-meta-layouts":"set","ast-page-background-enabled":"default","ast-page-background-meta":{"desktop":{"background-color":"var(--ast-global-color-4)","background-image":"","background-repeat":"repeat","background-position":"center center","background-size":"auto","background-attachment":"scroll","background-type":"","background-media":"","overlay-type":"","overlay-color":"","overlay-opacity":"","overlay-gradient":""},"tablet":{"background-color":"","background-image":"","background-repeat":"repeat","background-position":"center center","background-size":"auto","background-attachment":"scroll","background-type":"","background-media":"","overlay-type":"","overlay-color":"","overlay-opacity":"","overlay-gradient":""},"mobile":{"background-color":"","background-image":"","background-repeat":"repeat","background-position":"center center","background-size":"auto","background-attachment":"scroll","background-type":"","background-media":"","overlay-type":"","overlay-color":"","overlay-opacity":"","overlay-gradient":""}},"ast-content-background-meta":{"desktop":{"background-color":"var(--ast-global-color-5)","background-image":"","background-repeat":"repeat","background-position":"center center","background-size":"auto","background-attachment":"scroll","background-type":"","background-media":"","overlay-type":"","overlay-color":"","overlay-opacity":"","overlay-gradient":""},"tablet":{"background-color":"var(--ast-global-color-5)","background-image":"","background-repeat":"repeat","background-position":"center center","background-size":"auto","background-attachment":"scroll","background-type":"","background-media":"","overlay-type":"","overlay-color":"","overlay-opacity":"","overlay-gradient":""},"mobile":{"background-color":"var(--ast-global-color-5)","background-image":"","background-repeat":"repeat","background-position":"center center","background-size":"auto","background-attachment":"scroll","background-type":"","background-media":"","overlay-type":"","overlay-color":"","overlay-opacity":"","overlay-gradient":""}}},"product_brand":[],"product_cat":[991],"product_tag":[],"class_list":{"0":"post-41323","1":"product","2":"type-product","3":"status-publish","4":"has-post-thumbnail","6":"product_cat-helseprodukter","7":"pa_15906_x1oayjok-bla","8":"pa_15906_x1oayjok-lilla","9":"pa_15906_x1oayjok-rod","10":"pa_15906_x1oayjok-rosa","11":"pa_15906_x1oayjok-svart","12":"desktop-align-left","13":"tablet-align-left","14":"mobile-align-left","16":"first","17":"instock","18":"shipping-taxable","19":"purchasable","20":"product-type-variable"},"_links":{"self":[{"href":"https:\/\/keluvo.com\/no\/wp-json\/wp\/v2\/product\/41323","targetHints":{"allow":["GET"]}}],"collection":[{"href":"https:\/\/keluvo.com\/no\/wp-json\/wp\/v2\/product"}],"about":[{"href":"https:\/\/keluvo.com\/no\/wp-json\/wp\/v2\/types\/product"}],"replies":[{"embeddable":true,"href":"https:\/\/keluvo.com\/no\/wp-json\/wp\/v2\/comments?post=41323"}],"wp:featuredmedia":[{"embeddable":true,"href":"https:\/\/keluvo.com\/no\/wp-json\/wp\/v2\/media\/41319"}],"wp:attachment":[{"href":"https:\/\/keluvo.com\/no\/wp-json\/wp\/v2\/media?parent=41323"}],"wp:term":[{"taxonomy":"product_brand","embeddable":true,"href":"https:\/\/keluvo.com\/no\/wp-json\/wp\/v2\/product_brand?post=41323"},{"taxonomy":"product_cat","embeddable":true,"href":"https:\/\/keluvo.com\/no\/wp-json\/wp\/v2\/product_cat?post=41323"},{"taxonomy":"product_tag","embeddable":true,"href":"https:\/\/keluvo.com\/no\/wp-json\/wp\/v2\/product_tag?post=41323"}],"curies":[{"name":"wp","href":"https:\/\/api.w.org\/{rel}","templated":true}]}}