{"id":41308,"date":"2025-09-03T15:34:19","date_gmt":"2025-09-03T12:34:19","guid":{"rendered":"https:\/\/keluvo.com\/no\/produkt\/lys-til-hagedekorasjon\/"},"modified":"2025-09-03T15:34:26","modified_gmt":"2025-09-03T12:34:26","slug":"lys-til-hagedekorasjon","status":"publish","type":"product","link":"https:\/\/keluvo.com\/no\/produkt\/lys-til-hagedekorasjon\/","title":{"rendered":"Lys til hagedekorasjon"},"content":{"rendered":"<h2 style=\"text-align: center\" data-start=\"69\" data-end=\"112\">Forvandle hagen din til et eventyr<\/h2>\n<p class=\"\" style=\"text-align: center\" data-start=\"139\" data-end=\"296\"><span class=\"relative -mx-px my-[-0.2rem] rounded px-px py-[0.2rem] transition-colors duration-100 ease-in-out\">Innf\u00f8r et snev av magi i uterommet med v\u00e5r solcelledrevne krukkebelysning.<\/span> <span class=\"relative -mx-px my-[-0.2rem] rounded px-px py-[0.2rem] transition-colors duration-100 ease-in-out\">Denne sjarmerende lykten utnytter solenergi til \u00e5 drive de varme LED-lysene, noe som skaper en koselig og innbydende atmosf\u00e6re.<\/span> <span class=\"relative -mx-px my-[-0.2rem] rounded px-px py-[0.2rem] transition-colors duration-100 ease-in-out\">Den er designet for \u00e5 ligne en krukke fylt med ildfluer, og gir b\u00e5de hager, uteplasser og campingplasser en finurlig stil.<\/span><\/p>\n<p class=\"\" style=\"text-align: center\" data-start=\"139\" data-end=\"296\"><img decoding=\"async\" class=\"alignnone size-full wp-image-15220\" src=\"https:\/\/keluvo.com\/template\/wp-content\/uploads\/sites\/5\/2025\/04\/Sf37cf31ccdc64ca8a4d8d6bf2946fa4bJ.png\" alt=\"\" \/>\u200b<\/p>\n<h2 style=\"text-align: center\" data-start=\"303\" data-end=\"321\">\u2728 N\u00f8kkelfunksjoner<\/h2>\n<ul style=\"text-align: center\" data-start=\"323\" data-end=\"1206\">\n<li class=\"\" data-start=\"323\" data-end=\"436\">\n<p class=\"\" data-start=\"325\" data-end=\"436\">Solcelledrevet effektivitet: <span class=\"relative -mx-px my-[-0.2rem] rounded px-px py-[0.2rem] transition-colors duration-100 ease-in-out\">Den er utstyrt med et 2 V 100 mA solcellepanel og et 1,2 V 600 mAh AA NiMH oppladbart batteri, lades om dagen og tennes automatisk om natten, og gir 8-10 timers lys etter 6-8 timers lading.<\/span>\u200b<\/p>\n<\/li>\n<li class=\"\" data-start=\"438\" data-end=\"643\">\n<p class=\"\" data-start=\"440\" data-end=\"643\">V\u00e6rbestandig design: Med en vanntett IP65-klassifisering er denne lykten bygget for \u00e5 t\u00e5le ulike v\u00e6rforhold, noe som sikrer holdbarhet og lang levetid.\u200b<\/p>\n<\/li>\n<li class=\"\" data-start=\"645\" data-end=\"860\">\n<p class=\"\" data-start=\"647\" data-end=\"860\">Elegant estetikk: De ildflueformede LED-lysene og den eventyrinspirerte designen skaper en fengslende visuell effekt som forbedrer stemningen i ethvert utemilj\u00f8.\u200b<\/p>\n<\/li>\n<li class=\"\" data-start=\"862\" data-end=\"1034\">\n<p class=\"\" data-start=\"864\" data-end=\"1034\">Enkel installasjon: Ingen ledninger kreves. Bare plasser den p\u00e5 et solrikt sted for \u00e5 lade den og nyte den automatiske belysningen i skumringen.\u200b<\/p>\n<\/li>\n<li class=\"\" data-start=\"1036\" data-end=\"1206\">\n<p class=\"\" data-start=\"1038\" data-end=\"1206\">Allsidig bruk: Perfekt til \u00e5 dekorere hager, uteplasser, stier eller til bruk under campingturer og utend\u00f8rssamlinger.\u200b<\/p>\n<\/li>\n<\/ul>\n<p><img decoding=\"async\" class=\"size-full wp-image-15222 aligncenter\" src=\"https:\/\/keluvo.com\/template\/wp-content\/uploads\/sites\/5\/2025\/04\/S375575572f114a2197ff746dbe1a8962A-1.jpg\" alt=\"\" \/><\/p>\n<h2 style=\"text-align: center\" data-start=\"1213\" data-end=\"1235\">\ud83d\udce6 Hva er inkludert<\/h2>\n<ul style=\"text-align: center\" data-start=\"1237\" data-end=\"1310\">\n<li class=\"\" data-start=\"1237\" data-end=\"1310\">\n<p class=\"\" data-start=\"1239\" data-end=\"1310\">1 x solcellelampe\u200b<\/p>\n<\/li>\n<\/ul>\n<h2 style=\"text-align: center\" data-start=\"1317\" data-end=\"1327\">\u2753 Ofte stilte sp\u00f8rsm\u00e5l<\/h2>\n<p class=\"\" style=\"text-align: center\" data-start=\"1329\" data-end=\"1564\"><strong data-start=\"1329\" data-end=\"1366\">Hvordan fungerer solcellelampen?<\/strong><br data-start=\"1366\" data-end=\"1369\" \/>Den innebygde lyssensoren s\u00f8rger for at LED-lysene automatisk sl\u00e5r seg p\u00e5 i skumringen og av ved daggry, forutsatt at bryteren er sl\u00e5tt p\u00e5 under installasjonen.\u200b<\/p>\n<p class=\"\" style=\"text-align: center\" data-start=\"1566\" data-end=\"1796\"><strong data-start=\"1566\" data-end=\"1619\">Er lyset egnet for alle v\u00e6rforhold?<\/strong><br data-start=\"1619\" data-end=\"1622\" \/>Ja, med sin IP65-vanntetthetsgrad er det designet for \u00e5 fungere p\u00e5litelig under ulike v\u00e6rforhold, inkludert regn og sn\u00f8.\u200b<\/p>\n<p class=\"\" style=\"text-align: center\" data-start=\"1798\" data-end=\"2050\"><strong data-start=\"1798\" data-end=\"1847\">Kan jeg bruke det til arrangementer eller spesielle anledninger?<\/strong><br data-start=\"1847\" data-end=\"1850\" \/>Absolutt! Den unike designen og den varme belysningen gj\u00f8r den til et utmerket valg for \u00e5 sette et magisk preg p\u00e5 bryllup, fester og andre utend\u00f8rssamlinger.\u200b<\/p>\n<p class=\"\" style=\"text-align: center\" data-start=\"2052\" data-end=\"2299\"><strong data-start=\"2052\" data-end=\"2085\">Hvilket vedlikehold kreves?<\/strong><br data-start=\"2085\" data-end=\"2088\" \/>Minimalt vedlikehold er n\u00f8dvendig. S\u00f8rg for at solcellepanelet plasseres i direkte sollys for optimal lading, og t\u00f8rk det av og til for \u00e5 fjerne rusk og smuss.\u200b<\/p>\n","protected":false},"excerpt":{"rendered":"<p>Forvandle hagen din til et eventyr Innf\u00f8r et snev av magi i uterommet med v\u00e5r solcelledrevne krukkebelysning. Denne sjarmerende lykten [&hellip;]<\/p>\n","protected":false},"featured_media":41304,"comment_status":"open","ping_status":"closed","template":"","meta":{"site-sidebar-layout":"default","site-content-layout":"","ast-site-content-layout":"default","site-content-style":"default","site-sidebar-style":"default","ast-global-header-display":"","ast-banner-title-visibility":"","ast-main-header-display":"","ast-hfb-above-header-display":"","ast-hfb-below-header-display":"","ast-hfb-mobile-header-display":"","site-post-title":"","ast-breadcrumbs-content":"","ast-featured-img":"","footer-sml-layout":"","theme-transparent-header-meta":"default","adv-header-id-meta":"","stick-header-meta":"","header-above-stick-meta":"","header-main-stick-meta":"","header-below-stick-meta":"","astra-migrate-meta-layouts":"set","ast-page-background-enabled":"default","ast-page-background-meta":{"desktop":{"background-color":"var(--ast-global-color-4)","background-image":"","background-repeat":"repeat","background-position":"center center","background-size":"auto","background-attachment":"scroll","background-type":"","background-media":"","overlay-type":"","overlay-color":"","overlay-opacity":"","overlay-gradient":""},"tablet":{"background-color":"","background-image":"","background-repeat":"repeat","background-position":"center center","background-size":"auto","background-attachment":"scroll","background-type":"","background-media":"","overlay-type":"","overlay-color":"","overlay-opacity":"","overlay-gradient":""},"mobile":{"background-color":"","background-image":"","background-repeat":"repeat","background-position":"center center","background-size":"auto","background-attachment":"scroll","background-type":"","background-media":"","overlay-type":"","overlay-color":"","overlay-opacity":"","overlay-gradient":""}},"ast-content-background-meta":{"desktop":{"background-color":"var(--ast-global-color-5)","background-image":"","background-repeat":"repeat","background-position":"center center","background-size":"auto","background-attachment":"scroll","background-type":"","background-media":"","overlay-type":"","overlay-color":"","overlay-opacity":"","overlay-gradient":""},"tablet":{"background-color":"var(--ast-global-color-5)","background-image":"","background-repeat":"repeat","background-position":"center center","background-size":"auto","background-attachment":"scroll","background-type":"","background-media":"","overlay-type":"","overlay-color":"","overlay-opacity":"","overlay-gradient":""},"mobile":{"background-color":"var(--ast-global-color-5)","background-image":"","background-repeat":"repeat","background-position":"center center","background-size":"auto","background-attachment":"scroll","background-type":"","background-media":"","overlay-type":"","overlay-color":"","overlay-opacity":"","overlay-gradient":""}}},"product_brand":[],"product_cat":[15],"product_tag":[],"class_list":{"0":"post-41308","1":"product","2":"type-product","3":"status-publish","4":"has-post-thumbnail","6":"product_cat-uncategorized","7":"pa_48080_5yy69rj3-1-stk","8":"pa_48080_5yy69rj3-2-stk","9":"pa_48080_5yy69rj3-4-stk","10":"desktop-align-left","11":"tablet-align-left","12":"mobile-align-left","14":"first","15":"instock","16":"shipping-taxable","17":"purchasable","18":"product-type-variable"},"_links":{"self":[{"href":"https:\/\/keluvo.com\/no\/wp-json\/wp\/v2\/product\/41308","targetHints":{"allow":["GET"]}}],"collection":[{"href":"https:\/\/keluvo.com\/no\/wp-json\/wp\/v2\/product"}],"about":[{"href":"https:\/\/keluvo.com\/no\/wp-json\/wp\/v2\/types\/product"}],"replies":[{"embeddable":true,"href":"https:\/\/keluvo.com\/no\/wp-json\/wp\/v2\/comments?post=41308"}],"wp:featuredmedia":[{"embeddable":true,"href":"https:\/\/keluvo.com\/no\/wp-json\/wp\/v2\/media\/41304"}],"wp:attachment":[{"href":"https:\/\/keluvo.com\/no\/wp-json\/wp\/v2\/media?parent=41308"}],"wp:term":[{"taxonomy":"product_brand","embeddable":true,"href":"https:\/\/keluvo.com\/no\/wp-json\/wp\/v2\/product_brand?post=41308"},{"taxonomy":"product_cat","embeddable":true,"href":"https:\/\/keluvo.com\/no\/wp-json\/wp\/v2\/product_cat?post=41308"},{"taxonomy":"product_tag","embeddable":true,"href":"https:\/\/keluvo.com\/no\/wp-json\/wp\/v2\/product_tag?post=41308"}],"curies":[{"name":"wp","href":"https:\/\/api.w.org\/{rel}","templated":true}]}}