{"id":41287,"date":"2025-09-03T15:32:21","date_gmt":"2025-09-03T12:32:21","guid":{"rendered":"https:\/\/keluvo.com\/no\/produkt\/harfjerningsspray-3\/"},"modified":"2025-09-12T16:36:44","modified_gmt":"2025-09-12T13:36:44","slug":"harfjerningsspray-3","status":"publish","type":"product","link":"https:\/\/keluvo.com\/no\/produkt\/harfjerningsspray-3\/","title":{"rendered":"H\u00e5rfjerningsspray"},"content":{"rendered":"<h2 style=\"text-align: center\">Glatt og smertefri fjerning<\/h2>\n<p style=\"text-align: center\">Den smertefrie h\u00e5rfjerningssprayen tilbyr en uanstrengt l\u00f8sning for \u00e5 fjerne u\u00f8nsket h\u00e5r uten ubehag. Den sk\u00e5nsomme formelen virker p\u00e5 f\u00e5 minutter og etterlater huden glatt og h\u00e5rfri uten irritasjon. Denne sprayen er ideell for f\u00f8lsomme omr\u00e5der som armhuler, ben og armer.<\/p>\n<p><img decoding=\"async\" class=\"alignnone size-medium wp-image-2320 aligncenter\" src=\"https:\/\/keluvo.com\/template\/wp-content\/uploads\/sites\/5\/2024\/10\/84ebb731-723c-485a-b2b1-c8ca524b92c9.webp\" alt=\"\" \/><\/p>\n<h2 style=\"text-align: center\">Langvarig glatthet<\/h2>\n<p style=\"text-align: center\">\u00c5 bruke den smertefrie h\u00e5rfjerningssprayen regelmessig kan bidra til \u00e5 bremse gjenvekst av h\u00e5r, noe som gir deg langvarig, glatt hud. Konsekvent bruk kan til og med bidra til \u00e5 redusere forekomsten av h\u00e5r over tid, noe som gj\u00f8r den til et praktisk valg for jevnhet \u00e5ret rundt.<\/p>\n<p><img decoding=\"async\" class=\"alignnone size-medium wp-image-2322 aligncenter\" src=\"https:\/\/keluvo.com\/template\/wp-content\/uploads\/sites\/5\/2024\/10\/173313bb-103b-47e1-a0cb-d9abb4f924e8.webp\" alt=\"\" \/><\/p>\n","protected":false},"excerpt":{"rendered":"<p>Glatt og smertefri fjerning Den smertefrie h\u00e5rfjerningssprayen tilbyr en uanstrengt l\u00f8sning for \u00e5 fjerne u\u00f8nsket h\u00e5r uten ubehag. Den sk\u00e5nsomme [&hellip;]<\/p>\n","protected":false},"featured_media":41283,"comment_status":"open","ping_status":"closed","template":"","meta":{"site-sidebar-layout":"default","site-content-layout":"","ast-site-content-layout":"default","site-content-style":"default","site-sidebar-style":"default","ast-global-header-display":"","ast-banner-title-visibility":"","ast-main-header-display":"","ast-hfb-above-header-display":"","ast-hfb-below-header-display":"","ast-hfb-mobile-header-display":"","site-post-title":"","ast-breadcrumbs-content":"","ast-featured-img":"","footer-sml-layout":"","theme-transparent-header-meta":"default","adv-header-id-meta":"","stick-header-meta":"","header-above-stick-meta":"","header-main-stick-meta":"","header-below-stick-meta":"","astra-migrate-meta-layouts":"set","ast-page-background-enabled":"default","ast-page-background-meta":{"desktop":{"background-color":"var(--ast-global-color-4)","background-image":"","background-repeat":"repeat","background-position":"center center","background-size":"auto","background-attachment":"scroll","background-type":"","background-media":"","overlay-type":"","overlay-color":"","overlay-opacity":"","overlay-gradient":""},"tablet":{"background-color":"","background-image":"","background-repeat":"repeat","background-position":"center center","background-size":"auto","background-attachment":"scroll","background-type":"","background-media":"","overlay-type":"","overlay-color":"","overlay-opacity":"","overlay-gradient":""},"mobile":{"background-color":"","background-image":"","background-repeat":"repeat","background-position":"center center","background-size":"auto","background-attachment":"scroll","background-type":"","background-media":"","overlay-type":"","overlay-color":"","overlay-opacity":"","overlay-gradient":""}},"ast-content-background-meta":{"desktop":{"background-color":"var(--ast-global-color-5)","background-image":"","background-repeat":"repeat","background-position":"center center","background-size":"auto","background-attachment":"scroll","background-type":"","background-media":"","overlay-type":"","overlay-color":"","overlay-opacity":"","overlay-gradient":""},"tablet":{"background-color":"var(--ast-global-color-5)","background-image":"","background-repeat":"repeat","background-position":"center center","background-size":"auto","background-attachment":"scroll","background-type":"","background-media":"","overlay-type":"","overlay-color":"","overlay-opacity":"","overlay-gradient":""},"mobile":{"background-color":"var(--ast-global-color-5)","background-image":"","background-repeat":"repeat","background-position":"center center","background-size":"auto","background-attachment":"scroll","background-type":"","background-media":"","overlay-type":"","overlay-color":"","overlay-opacity":"","overlay-gradient":""}}},"product_brand":[],"product_cat":[992],"product_tag":[],"class_list":{"0":"post-41287","1":"product","2":"type-product","3":"status-publish","4":"has-post-thumbnail","6":"product_cat-skjonnhets-og-hygieneprodukter","7":"pa_19245_1c3ptqsp-1-stk","8":"pa_19245_1c3ptqsp-2-stk","9":"pa_19245_1c3ptqsp-4-stk","10":"pa_19245_2vpk8hnj-kvinne","11":"pa_19245_2vpk8hnj-mann","12":"desktop-align-left","13":"tablet-align-left","14":"mobile-align-left","16":"first","17":"instock","18":"shipping-taxable","19":"purchasable","20":"product-type-variable","21":"has-default-attributes"},"_links":{"self":[{"href":"https:\/\/keluvo.com\/no\/wp-json\/wp\/v2\/product\/41287","targetHints":{"allow":["GET"]}}],"collection":[{"href":"https:\/\/keluvo.com\/no\/wp-json\/wp\/v2\/product"}],"about":[{"href":"https:\/\/keluvo.com\/no\/wp-json\/wp\/v2\/types\/product"}],"replies":[{"embeddable":true,"href":"https:\/\/keluvo.com\/no\/wp-json\/wp\/v2\/comments?post=41287"}],"wp:featuredmedia":[{"embeddable":true,"href":"https:\/\/keluvo.com\/no\/wp-json\/wp\/v2\/media\/41283"}],"wp:attachment":[{"href":"https:\/\/keluvo.com\/no\/wp-json\/wp\/v2\/media?parent=41287"}],"wp:term":[{"taxonomy":"product_brand","embeddable":true,"href":"https:\/\/keluvo.com\/no\/wp-json\/wp\/v2\/product_brand?post=41287"},{"taxonomy":"product_cat","embeddable":true,"href":"https:\/\/keluvo.com\/no\/wp-json\/wp\/v2\/product_cat?post=41287"},{"taxonomy":"product_tag","embeddable":true,"href":"https:\/\/keluvo.com\/no\/wp-json\/wp\/v2\/product_tag?post=41287"}],"curies":[{"name":"wp","href":"https:\/\/api.w.org\/{rel}","templated":true}]}}