{"id":41278,"date":"2025-09-03T15:31:17","date_gmt":"2025-09-03T12:31:17","guid":{"rendered":"https:\/\/keluvo.com\/no\/produkt\/malingsrulle-2\/"},"modified":"2025-09-03T15:31:17","modified_gmt":"2025-09-03T12:31:17","slug":"malingsrulle-2","status":"publish","type":"product","link":"https:\/\/keluvo.com\/no\/produkt\/malingsrulle-2\/","title":{"rendered":"Malingsrulle"},"content":{"rendered":"<p style=\"text-align: center\">Denne innovative penselen er utviklet for \u00e5 gj\u00f8re kantmalingsoppgavene dine raskere og gi en profesjonell finish, uten at du trenger \u00e5 ansette en ekspert!<\/p>\n<p><img fetchpriority=\"high\" decoding=\"async\" class=\" wp-image-1261 aligncenter\" src=\"https:\/\/keluvo.com\/template\/wp-content\/uploads\/sites\/5\/2024\/10\/paintrollerdesc1.webp\" alt=\"\" width=\"500\" height=\"500\" \/><\/p>\n<h2 style=\"text-align: center\">Gj\u00f8r maleprosjektene dine til en raskere, mer effektiv og stressfri opplevelse!<\/h2>\n<p style=\"text-align: center\">Den avanserte rulle-til-rulle-teknologien kutter ned p\u00e5 timevis med arbeidskrevende manuelt arbeid som vanligvis trengs for liming og stempling. Med dette verkt\u00f8yet kan du enkelt male veggkanter og dekorative detaljer uten \u00e5 m\u00e5tte bruke maskeringstape eller stige.<\/p>\n<p><img decoding=\"async\" class=\" wp-image-1261 aligncenter\" src=\"https:\/\/keluvo.com\/template\/wp-content\/uploads\/sites\/5\/2024\/10\/paintrollerdesc2.webp\" alt=\"\" width=\"490\" height=\"498\" \/><\/p>\n<p>\u2714 Penselens sylinder rommer rikelig med maling, slik at du kan dekke over 2 meter p\u00e5 \u00e9n p\u00e5fylling.<\/p>\n<p>\u2714 I tillegg s\u00f8rger det rustfrie st\u00e5ldekselet for at det ikke kommer maling p\u00e5 m\u00f8beltrekk eller n\u00e6rliggende vegger.<\/p>\n<p>\u2714 Du kan til og med justere penselen for \u00e5 f\u00e5 en perfekt linje, skreddersydd til dine behov.<\/p>\n<p><img decoding=\"async\" class=\" wp-image-1261 aligncenter\" src=\"https:\/\/keluvo.com\/template\/wp-content\/uploads\/sites\/5\/2024\/10\/paintrollerdesc3.webp\" alt=\"\" width=\"495\" height=\"495\" \/><\/p>\n<h2 style=\"text-align: center\">Fordeler<\/h2>\n<p>\u2705 Kutter dramatisk ned tiden du bruker p\u00e5 \u00e5 p\u00e5f\u00f8re maskeringstape.<\/p>\n<p>\u2705 Maler 10 til 20 ganger raskere enn tradisjonelle metoder med maskeringstape.<\/p>\n<p>\u2705 Spesielle senkeinnsatser og hjul holder omr\u00e5det ryddig.<\/p>\n<p>\u2705 Oppn\u00e5 rene, tette kanter uten hull, slik at malingen ikke siver rundt skjoldet.<\/p>\n<p>\u2705 Reduserer arbeidskraften som kreves for en jobb med minst 50 %.<\/p>\n<h2 style=\"text-align: center\">Pakken inkluderer:<\/h2>\n<ul>\n<li>1 Stativ<\/li>\n<li>2 Pensler<\/li>\n<li>2 Ruller<\/li>\n<\/ul>\n","protected":false},"excerpt":{"rendered":"<p>Denne innovative penselen er utviklet for \u00e5 gj\u00f8re kantmalingsoppgavene dine raskere og gi en profesjonell finish, uten at du trenger [&hellip;]<\/p>\n","protected":false},"featured_media":41274,"comment_status":"open","ping_status":"closed","template":"","meta":{"site-sidebar-layout":"default","site-content-layout":"","ast-site-content-layout":"default","site-content-style":"default","site-sidebar-style":"default","ast-global-header-display":"","ast-banner-title-visibility":"","ast-main-header-display":"","ast-hfb-above-header-display":"","ast-hfb-below-header-display":"","ast-hfb-mobile-header-display":"","site-post-title":"","ast-breadcrumbs-content":"","ast-featured-img":"","footer-sml-layout":"","theme-transparent-header-meta":"default","adv-header-id-meta":"","stick-header-meta":"","header-above-stick-meta":"","header-main-stick-meta":"","header-below-stick-meta":"","astra-migrate-meta-layouts":"set","ast-page-background-enabled":"default","ast-page-background-meta":{"desktop":{"background-color":"var(--ast-global-color-4)","background-image":"","background-repeat":"repeat","background-position":"center center","background-size":"auto","background-attachment":"scroll","background-type":"","background-media":"","overlay-type":"","overlay-color":"","overlay-opacity":"","overlay-gradient":""},"tablet":{"background-color":"","background-image":"","background-repeat":"repeat","background-position":"center center","background-size":"auto","background-attachment":"scroll","background-type":"","background-media":"","overlay-type":"","overlay-color":"","overlay-opacity":"","overlay-gradient":""},"mobile":{"background-color":"","background-image":"","background-repeat":"repeat","background-position":"center center","background-size":"auto","background-attachment":"scroll","background-type":"","background-media":"","overlay-type":"","overlay-color":"","overlay-opacity":"","overlay-gradient":""}},"ast-content-background-meta":{"desktop":{"background-color":"var(--ast-global-color-5)","background-image":"","background-repeat":"repeat","background-position":"center center","background-size":"auto","background-attachment":"scroll","background-type":"","background-media":"","overlay-type":"","overlay-color":"","overlay-opacity":"","overlay-gradient":""},"tablet":{"background-color":"var(--ast-global-color-5)","background-image":"","background-repeat":"repeat","background-position":"center center","background-size":"auto","background-attachment":"scroll","background-type":"","background-media":"","overlay-type":"","overlay-color":"","overlay-opacity":"","overlay-gradient":""},"mobile":{"background-color":"var(--ast-global-color-5)","background-image":"","background-repeat":"repeat","background-position":"center center","background-size":"auto","background-attachment":"scroll","background-type":"","background-media":"","overlay-type":"","overlay-color":"","overlay-opacity":"","overlay-gradient":""}}},"product_brand":[],"product_cat":[1001],"product_tag":[],"class_list":{"0":"post-41278","1":"product","2":"type-product","3":"status-publish","4":"has-post-thumbnail","6":"product_cat-husholdningsartikler","7":"desktop-align-left","8":"tablet-align-left","9":"mobile-align-left","11":"first","12":"instock","13":"shipping-taxable","14":"purchasable","15":"product-type-simple"},"_links":{"self":[{"href":"https:\/\/keluvo.com\/no\/wp-json\/wp\/v2\/product\/41278","targetHints":{"allow":["GET"]}}],"collection":[{"href":"https:\/\/keluvo.com\/no\/wp-json\/wp\/v2\/product"}],"about":[{"href":"https:\/\/keluvo.com\/no\/wp-json\/wp\/v2\/types\/product"}],"replies":[{"embeddable":true,"href":"https:\/\/keluvo.com\/no\/wp-json\/wp\/v2\/comments?post=41278"}],"wp:featuredmedia":[{"embeddable":true,"href":"https:\/\/keluvo.com\/no\/wp-json\/wp\/v2\/media\/41274"}],"wp:attachment":[{"href":"https:\/\/keluvo.com\/no\/wp-json\/wp\/v2\/media?parent=41278"}],"wp:term":[{"taxonomy":"product_brand","embeddable":true,"href":"https:\/\/keluvo.com\/no\/wp-json\/wp\/v2\/product_brand?post=41278"},{"taxonomy":"product_cat","embeddable":true,"href":"https:\/\/keluvo.com\/no\/wp-json\/wp\/v2\/product_cat?post=41278"},{"taxonomy":"product_tag","embeddable":true,"href":"https:\/\/keluvo.com\/no\/wp-json\/wp\/v2\/product_tag?post=41278"}],"curies":[{"name":"wp","href":"https:\/\/api.w.org\/{rel}","templated":true}]}}