{"id":40577,"date":"2025-08-29T11:58:16","date_gmt":"2025-08-29T08:58:16","guid":{"rendered":"https:\/\/keluvo.com\/no\/produkt\/gatelys-med-solenergi\/"},"modified":"2025-08-29T16:21:49","modified_gmt":"2025-08-29T13:21:49","slug":"gatelys-med-solenergi","status":"publish","type":"product","link":"https:\/\/keluvo.com\/no\/produkt\/gatelys-med-solenergi\/","title":{"rendered":"Gatelys med solenergi"},"content":{"rendered":"<p style=\"text-align: center\" data-start=\"212\" data-end=\"264\"><strong>Lys Opp Utend\u00f8rs Uten \u00c5 Betale En Krone \ud83d\udca1\u2600\ufe0f<\/strong><\/p>\n<p style=\"text-align: center\" data-start=\"266\" data-end=\"501\">This kraftig solcellelampe lyser opp oppkj\u00f8rselen, garasjen, hagen eller gaten &#8211; alt uten \u00e5 \u00f8ke str\u00f8mregningen. Den lades i l\u00f8pet av dagen og tennes automatisk om natten med opptil 12-14 timers driftstid. Den er utstyrt med en radarbevegelsessensor og v\u00e6rbestandig konstruksjon, og er perfekt for sikkerhet, trygghet og bekvemmelighet &#8211; uansett v\u00e6r.<\/p>\n<p data-start=\"266\" data-end=\"501\"><img decoding=\"async\" class=\"size-full wp-image-33467 aligncenter\" src=\"https:\/\/keluvo.com\/template\/wp-content\/uploads\/sites\/5\/2025\/08\/07216-ezgif.com-video-to-webp-converter-3.webp\" alt=\"\" \/><\/p>\n<h2 style=\"text-align: center\" data-start=\"635\" data-end=\"654\">Hovedfordeler \ud83c\udf19<\/h2>\n<p data-start=\"658\" data-end=\"712\">\u2600\ufe0f 100 % solcelledrevet &#8211; ingen ledninger eller str\u00f8m costs<\/p>\n<p data-start=\"715\" data-end=\"765\">\ud83c\udf27\ufe0f IP65 vanntett og v\u00e6rbestandig design<\/p>\n<p data-start=\"768\" data-end=\"820\">\ud83c\udfaf Radarsensor registrerer bevegelse p\u00e5 opptil 8 meters avstand<\/p>\n<p data-start=\"823\" data-end=\"881\">\ud83d\udca1 3 lysmoduser: konstant, bevegelsesaktivert og dimmet<\/p>\n<p data-start=\"884\" data-end=\"945\">\ud83d\udd0b Innebygd 3000\/4500Ah litiumbatteri for belysning hele natten<\/p>\n<p data-start=\"948\" data-end=\"1005\">\ud83c\udfe1 Perfekt for hjem, garasjer, stier, gjerder og gater<\/p>\n<p data-start=\"948\" data-end=\"1005\"><img decoding=\"async\" class=\"size-full wp-image-33465 aligncenter\" src=\"https:\/\/keluvo.com\/template\/wp-content\/uploads\/sites\/5\/2025\/08\/S1c4537fd76244ab2867f74b7c18138c9I.jpg_960x960q75.jpg_.jpg\" alt=\"\" \/><\/p>\n<h2 style=\"text-align: center\" data-start=\"1012\" data-end=\"1031\">Slik Bruker Du Den \ud83d\udd27<\/h2>\n<ol data-start=\"1033\" data-end=\"1248\">\n<li data-start=\"1033\" data-end=\"1083\">\n<p data-start=\"1036\" data-end=\"1083\">Monter lampen ved hjelp av skruer eller en veggbrakett.<\/p>\n<\/li>\n<li data-start=\"1084\" data-end=\"1135\">\n<p data-start=\"1087\" data-end=\"1135\">La den lade i direkte sollys i 6-8 timer.<\/p>\n<\/li>\n<li data-start=\"1136\" data-end=\"1194\">\n<p data-start=\"1139\" data-end=\"1194\">Bruk fjernkontrollen til \u00e5 velge \u00f8nsket lysmodus.<\/p>\n<\/li>\n<li data-start=\"1195\" data-end=\"1248\">\n<p data-start=\"1198\" data-end=\"1248\">Den sl\u00e5s p\u00e5 automatisk om natten og av ved daggry.<\/p>\n<\/li>\n<\/ol>\n<h2 style=\"text-align: center\" data-start=\"1255\" data-end=\"1276\">Produktdetaljer \ud83d\udccf<\/h2>\n<ul data-start=\"1278\" data-end=\"1584\">\n<li data-start=\"1278\" data-end=\"1301\">\n<p data-start=\"1280\" data-end=\"1301\">Str\u00f8mkilde: Solcelle<\/p>\n<\/li>\n<li data-start=\"1302\" data-end=\"1339\">\n<p data-start=\"1304\" data-end=\"1339\">Batteri: 3000mAh, 4500mAh litiumbatteri<\/p>\n<\/li>\n<li data-start=\"1302\" data-end=\"1339\">\n<p data-start=\"1304\" data-end=\"1339\">Lysetid: 12-14 timer (fulladet)<\/p>\n<\/li>\n<li data-start=\"1302\" data-end=\"1339\">\n<p data-start=\"1304\" data-end=\"1339\">Ladetid: 6-8 timer (sollys)<\/p>\n<\/li>\n<li data-start=\"1427\" data-end=\"1476\">\n<p data-start=\"1429\" data-end=\"1476\">Installasjon: Veggmontering (ingen kabling kreves)<\/p>\n<\/li>\n<li data-start=\"1477\" data-end=\"1529\">\n<p data-start=\"1479\" data-end=\"1529\">Moduser: 3 (alltid p\u00e5, dim + bevegelse, av + bevegelse)<\/p>\n<\/li>\n<li data-start=\"1530\" data-end=\"1557\">\n<p data-start=\"1532\" data-end=\"1557\">Vanntett vurdering: IP65<\/p>\n<\/li>\n<\/ul>\n<h2 style=\"text-align: center\" data-start=\"1591\" data-end=\"1613\">Pakken Inkluderer \ud83d\udce6<\/h2>\n<ul data-start=\"1615\" data-end=\"1698\">\n<li data-start=\"1615\" data-end=\"1649\">\n<p data-start=\"1617\" data-end=\"1649\">1x \u0441olar gatelys<\/p>\n<\/li>\n<li data-start=\"1650\" data-end=\"1671\">\n<p data-start=\"1652\" data-end=\"1671\">1x fjernkontroll<\/p>\n<\/li>\n<li data-start=\"1672\" data-end=\"1698\">\n<p data-start=\"1674\" data-end=\"1698\">1x sett med monteringsutstyr.<\/p>\n<\/li>\n<\/ul>\n","protected":false},"excerpt":{"rendered":"<p>Lys Opp Utend\u00f8rs Uten \u00c5 Betale En Krone \ud83d\udca1\u2600\ufe0f This kraftig solcellelampe lyser opp oppkj\u00f8rselen, garasjen, hagen eller gaten &#8211; [&hellip;]<\/p>\n","protected":false},"featured_media":40573,"comment_status":"open","ping_status":"closed","template":"","meta":{"site-sidebar-layout":"default","site-content-layout":"","ast-site-content-layout":"default","site-content-style":"default","site-sidebar-style":"default","ast-global-header-display":"","ast-banner-title-visibility":"","ast-main-header-display":"","ast-hfb-above-header-display":"","ast-hfb-below-header-display":"","ast-hfb-mobile-header-display":"","site-post-title":"","ast-breadcrumbs-content":"","ast-featured-img":"","footer-sml-layout":"","theme-transparent-header-meta":"default","adv-header-id-meta":"","stick-header-meta":"","header-above-stick-meta":"","header-main-stick-meta":"","header-below-stick-meta":"","astra-migrate-meta-layouts":"set","ast-page-background-enabled":"default","ast-page-background-meta":{"desktop":{"background-color":"var(--ast-global-color-4)","background-image":"","background-repeat":"repeat","background-position":"center center","background-size":"auto","background-attachment":"scroll","background-type":"","background-media":"","overlay-type":"","overlay-color":"","overlay-opacity":"","overlay-gradient":""},"tablet":{"background-color":"","background-image":"","background-repeat":"repeat","background-position":"center center","background-size":"auto","background-attachment":"scroll","background-type":"","background-media":"","overlay-type":"","overlay-color":"","overlay-opacity":"","overlay-gradient":""},"mobile":{"background-color":"","background-image":"","background-repeat":"repeat","background-position":"center center","background-size":"auto","background-attachment":"scroll","background-type":"","background-media":"","overlay-type":"","overlay-color":"","overlay-opacity":"","overlay-gradient":""}},"ast-content-background-meta":{"desktop":{"background-color":"var(--ast-global-color-5)","background-image":"","background-repeat":"repeat","background-position":"center center","background-size":"auto","background-attachment":"scroll","background-type":"","background-media":"","overlay-type":"","overlay-color":"","overlay-opacity":"","overlay-gradient":""},"tablet":{"background-color":"var(--ast-global-color-5)","background-image":"","background-repeat":"repeat","background-position":"center center","background-size":"auto","background-attachment":"scroll","background-type":"","background-media":"","overlay-type":"","overlay-color":"","overlay-opacity":"","overlay-gradient":""},"mobile":{"background-color":"var(--ast-global-color-5)","background-image":"","background-repeat":"repeat","background-position":"center center","background-size":"auto","background-attachment":"scroll","background-type":"","background-media":"","overlay-type":"","overlay-color":"","overlay-opacity":"","overlay-gradient":""}}},"product_brand":[],"product_cat":[1001],"product_tag":[],"class_list":{"0":"post-40577","1":"product","2":"type-product","3":"status-publish","4":"has-post-thumbnail","6":"product_cat-husholdningsartikler","7":"pa_44415_sd4jnmso-a","8":"pa_44415_sd4jnmso-b","9":"pa_44415_sd4jnmso-c","10":"pa_44415_sd4jnmso-d","11":"pa_44415_sd4jnmso-e","12":"pa_44415_sd4jnmso-f","13":"pa_44415_sd4jnmso-g","14":"pa_44415_sd4jnmso-h","15":"desktop-align-left","16":"tablet-align-left","17":"mobile-align-left","19":"first","20":"instock","21":"shipping-taxable","22":"purchasable","23":"product-type-variable"},"_links":{"self":[{"href":"https:\/\/keluvo.com\/no\/wp-json\/wp\/v2\/product\/40577","targetHints":{"allow":["GET"]}}],"collection":[{"href":"https:\/\/keluvo.com\/no\/wp-json\/wp\/v2\/product"}],"about":[{"href":"https:\/\/keluvo.com\/no\/wp-json\/wp\/v2\/types\/product"}],"replies":[{"embeddable":true,"href":"https:\/\/keluvo.com\/no\/wp-json\/wp\/v2\/comments?post=40577"}],"wp:featuredmedia":[{"embeddable":true,"href":"https:\/\/keluvo.com\/no\/wp-json\/wp\/v2\/media\/40573"}],"wp:attachment":[{"href":"https:\/\/keluvo.com\/no\/wp-json\/wp\/v2\/media?parent=40577"}],"wp:term":[{"taxonomy":"product_brand","embeddable":true,"href":"https:\/\/keluvo.com\/no\/wp-json\/wp\/v2\/product_brand?post=40577"},{"taxonomy":"product_cat","embeddable":true,"href":"https:\/\/keluvo.com\/no\/wp-json\/wp\/v2\/product_cat?post=40577"},{"taxonomy":"product_tag","embeddable":true,"href":"https:\/\/keluvo.com\/no\/wp-json\/wp\/v2\/product_tag?post=40577"}],"curies":[{"name":"wp","href":"https:\/\/api.w.org\/{rel}","templated":true}]}}