{"id":40559,"date":"2025-08-29T11:56:34","date_gmt":"2025-08-29T08:56:34","guid":{"rendered":"https:\/\/keluvo.com\/no\/produkt\/selvlasende-rortangverktoy\/"},"modified":"2025-08-29T16:18:36","modified_gmt":"2025-08-29T13:18:36","slug":"selvlasende-rortangverktoy","status":"publish","type":"product","link":"https:\/\/keluvo.com\/no\/produkt\/selvlasende-rortangverktoy\/","title":{"rendered":"Selvl\u00e5sende r\u00f8rtangverkt\u00f8y"},"content":{"rendered":"<p style=\"text-align: center\" data-start=\"126\" data-end=\"188\"><strong data-start=\"126\" data-end=\"186\">Grip, L\u00e5s Og Vri Uten Problemer &#8211; Alt Med Ett Verkt\u00f8y \ud83d\udd27<\/strong><\/p>\n<p style=\"text-align: center\" data-start=\"190\" data-end=\"384\">Dette selvl\u00e5sende r\u00f8rtangverkt\u00f8yet gj\u00f8r alle r\u00f8rlegger-, konstruksjons- og reparasjonsjobber enklere og raskere. Den er bygget for styrke og presisjon, og er et must-have-verkt\u00f8y for daglige oppgaver eller profesjonell bruk.<\/p>\n<p data-start=\"190\" data-end=\"384\"><img decoding=\"async\" class=\"size-full wp-image-33427 aligncenter\" src=\"https:\/\/keluvo.com\/template\/wp-content\/uploads\/sites\/5\/2025\/08\/de2c4d98717d779f5b93568623f0b20c-ezgif.com-video-to-webp-converter.webp\" alt=\"\" \/><\/p>\n<h2 style=\"text-align: center\" data-start=\"391\" data-end=\"412\">Hovedfordeler \ud83d\udd28<\/h2>\n<p data-start=\"415\" data-end=\"485\">\ud83d\udd12 Selvl\u00e5sende grep &#8211; holder godt fast med \u00e9n h\u00e5nd for maksimal kontroll<\/p>\n<p data-start=\"488\" data-end=\"559\">\ud83d\udcaa Kraftig konstruksjon &#8211; laget av en slitesterk kromvanadiumlegering steel<\/p>\n<p data-start=\"562\" data-end=\"635\">\u23f1\ufe0f Rask justering &#8211; raskt, sklisikkert grep med tenner med dobbel gjengetr\u00e5d<\/p>\n<p data-start=\"638\" data-end=\"699\">\ud83e\uddf0 Multifunksjonell bruk &#8211; fungerer p\u00e5 r\u00f8r, skruer og muttere<\/p>\n<p data-start=\"702\" data-end=\"771\">\ud83d\udc4b Ergonomisk h\u00e5ndtak &#8211; Behagelig \u00e5 holde i, reduserer belastningen p\u00e5 h\u00e5ndleddet<\/p>\n<p data-start=\"774\" data-end=\"844\">\ud83d\udd28 Bonus lirkefunksjon &#8211; Halen kan brukes til meisling eller lirking<\/p>\n<p data-start=\"774\" data-end=\"844\"><img decoding=\"async\" class=\"size-full wp-image-33426 aligncenter\" src=\"https:\/\/keluvo.com\/template\/wp-content\/uploads\/sites\/5\/2025\/08\/40cc8dc40053a8600b7d4c4cd09eab8e-ezgif.com-video-to-webp-converter.webp\" alt=\"\" \/><\/p>\n<h2 style=\"text-align: center\" data-start=\"851\" data-end=\"870\">Slik Bruker Du Den \ud83d\udccc<\/h2>\n<ol data-start=\"871\" data-end=\"1146\">\n<li data-start=\"871\" data-end=\"928\">\n<p data-start=\"874\" data-end=\"928\">Velg riktig st\u00f8rrelse basert p\u00e5 klemmeomr\u00e5det.<\/p>\n<\/li>\n<li data-start=\"929\" data-end=\"989\">\n<p data-start=\"932\" data-end=\"989\">\u00c5pne n\u00f8kkelen og plasser den rundt r\u00f8ret eller mutteren.<\/p>\n<\/li>\n<li data-start=\"990\" data-end=\"1035\">\n<p data-start=\"993\" data-end=\"1035\">Klem for \u00e5 aktivere det selvl\u00e5sende grepet.<\/p>\n<\/li>\n<li data-start=\"1036\" data-end=\"1085\">\n<p data-start=\"1039\" data-end=\"1085\">Vri eller vri med selvtillit &#8211; ingen glidning!<\/p>\n<\/li>\n<li data-start=\"1086\" data-end=\"1146\">\n<p data-start=\"1089\" data-end=\"1146\">Bruk den herdede halen til \u00e5 lirke eller skrape om n\u00f8dvendig.<\/p>\n<\/li>\n<\/ol>\n<h2 style=\"text-align: center\" data-start=\"1153\" data-end=\"1177\">Produktdetaljer \ud83d\udccf<\/h2>\n<ul data-start=\"1178\" data-end=\"1600\">\n<li data-start=\"1178\" data-end=\"1223\">\n<p data-start=\"1180\" data-end=\"1223\">Materiale: Kromvanadiumlegert st\u00e5l<\/p>\n<\/li>\n<li data-start=\"1178\" data-end=\"1223\">\n<p data-start=\"1180\" data-end=\"1223\">St\u00f8rrelser: 15cm, 20cm, 25cm, 30cm<\/p>\n<\/li>\n<li data-start=\"1224\" data-end=\"1324\">\n<p data-start=\"1226\" data-end=\"1248\">Klemmeomr\u00e5der:<\/p>\n<ul data-start=\"1251\" data-end=\"1324\">\n<li data-start=\"1251\" data-end=\"1266\">\n<p data-start=\"1253\" data-end=\"1266\">15cm \u2192 7-15mm<\/p>\n<\/li>\n<li data-start=\"1269\" data-end=\"1284\">\n<p data-start=\"1271\" data-end=\"1284\">20cm \u2192 9-25mm<\/p>\n<\/li>\n<li data-start=\"1287\" data-end=\"1304\">\n<p data-start=\"1289\" data-end=\"1304\">25cm \u2192 15-35mm<\/p>\n<\/li>\n<li data-start=\"1307\" data-end=\"1324\">\n<p data-start=\"1309\" data-end=\"1324\">30cm \u2192 19-43mm<\/p>\n<\/li>\n<\/ul>\n<\/li>\n<li data-start=\"1325\" data-end=\"1410\">\n<p data-start=\"1327\" data-end=\"1340\">Lengde:<\/p>\n<ul data-start=\"1343\" data-end=\"1410\">\n<li data-start=\"1343\" data-end=\"1357\">\n<p data-start=\"1345\" data-end=\"1357\">15cm = 150mm<\/p>\n<\/li>\n<li data-start=\"1360\" data-end=\"1374\">\n<p data-start=\"1362\" data-end=\"1374\">20cm = 200mm<\/p>\n<\/li>\n<li data-start=\"1377\" data-end=\"1392\">\n<p data-start=\"1379\" data-end=\"1392\">25cm = 286mm<\/p>\n<\/li>\n<li data-start=\"1395\" data-end=\"1410\">\n<p data-start=\"1397\" data-end=\"1410\">30cm = 300mm<\/p>\n<\/li>\n<\/ul>\n<\/li>\n<li data-start=\"1411\" data-end=\"1491\">\n<p data-start=\"1413\" data-end=\"1426\">Vekt:<\/p>\n<ul data-start=\"1429\" data-end=\"1491\">\n<li data-start=\"1429\" data-end=\"1441\">\n<p data-start=\"1431\" data-end=\"1441\">15cm = 85g<\/p>\n<\/li>\n<li data-start=\"1444\" data-end=\"1457\">\n<p data-start=\"1446\" data-end=\"1457\">20cm = 214g<\/p>\n<\/li>\n<li data-start=\"1460\" data-end=\"1474\">\n<p data-start=\"1462\" data-end=\"1474\">25cm = 286g<\/p>\n<\/li>\n<li data-start=\"1477\" data-end=\"1491\">\n<p data-start=\"1479\" data-end=\"1491\">30cm = 549g<\/p>\n<\/li>\n<\/ul>\n<\/li>\n<li data-start=\"1492\" data-end=\"1522\">\n<p data-start=\"1494\" data-end=\"1522\">Hardhet: Opp til HRC 60<\/p>\n<\/li>\n<li data-start=\"1523\" data-end=\"1600\">\n<p data-start=\"1525\" data-end=\"1600\">Bruksomr\u00e5der: R\u00f8rmontering, muttere, skruer, husholdnings- og industrioppgaver<\/p>\n<\/li>\n<\/ul>\n<h2 style=\"text-align: center\" data-start=\"1607\" data-end=\"1632\">Pakken Inneholder \ud83d\udce6<\/h2>\n<ul data-start=\"1633\" data-end=\"1711\">\n<li data-start=\"1633\" data-end=\"1711\">\n<p data-start=\"1635\" data-end=\"1711\">1x selvl\u00e5sende r\u00f8rn\u00f8kkelverkt\u00f8y.<\/p>\n<\/li>\n<\/ul>\n","protected":false},"excerpt":{"rendered":"<p>Grip, L\u00e5s Og Vri Uten Problemer &#8211; Alt Med Ett Verkt\u00f8y \ud83d\udd27 Dette selvl\u00e5sende r\u00f8rtangverkt\u00f8yet gj\u00f8r alle r\u00f8rlegger-, konstruksjons- og [&hellip;]<\/p>\n","protected":false},"featured_media":40555,"comment_status":"open","ping_status":"closed","template":"","meta":{"site-sidebar-layout":"default","site-content-layout":"","ast-site-content-layout":"default","site-content-style":"default","site-sidebar-style":"default","ast-global-header-display":"","ast-banner-title-visibility":"","ast-main-header-display":"","ast-hfb-above-header-display":"","ast-hfb-below-header-display":"","ast-hfb-mobile-header-display":"","site-post-title":"","ast-breadcrumbs-content":"","ast-featured-img":"","footer-sml-layout":"","theme-transparent-header-meta":"default","adv-header-id-meta":"","stick-header-meta":"","header-above-stick-meta":"","header-main-stick-meta":"","header-below-stick-meta":"","astra-migrate-meta-layouts":"set","ast-page-background-enabled":"default","ast-page-background-meta":{"desktop":{"background-color":"var(--ast-global-color-4)","background-image":"","background-repeat":"repeat","background-position":"center center","background-size":"auto","background-attachment":"scroll","background-type":"","background-media":"","overlay-type":"","overlay-color":"","overlay-opacity":"","overlay-gradient":""},"tablet":{"background-color":"","background-image":"","background-repeat":"repeat","background-position":"center center","background-size":"auto","background-attachment":"scroll","background-type":"","background-media":"","overlay-type":"","overlay-color":"","overlay-opacity":"","overlay-gradient":""},"mobile":{"background-color":"","background-image":"","background-repeat":"repeat","background-position":"center center","background-size":"auto","background-attachment":"scroll","background-type":"","background-media":"","overlay-type":"","overlay-color":"","overlay-opacity":"","overlay-gradient":""}},"ast-content-background-meta":{"desktop":{"background-color":"var(--ast-global-color-5)","background-image":"","background-repeat":"repeat","background-position":"center center","background-size":"auto","background-attachment":"scroll","background-type":"","background-media":"","overlay-type":"","overlay-color":"","overlay-opacity":"","overlay-gradient":""},"tablet":{"background-color":"var(--ast-global-color-5)","background-image":"","background-repeat":"repeat","background-position":"center center","background-size":"auto","background-attachment":"scroll","background-type":"","background-media":"","overlay-type":"","overlay-color":"","overlay-opacity":"","overlay-gradient":""},"mobile":{"background-color":"var(--ast-global-color-5)","background-image":"","background-repeat":"repeat","background-position":"center center","background-size":"auto","background-attachment":"scroll","background-type":"","background-media":"","overlay-type":"","overlay-color":"","overlay-opacity":"","overlay-gradient":""}}},"product_brand":[],"product_cat":[996],"product_tag":[],"class_list":{"0":"post-40559","1":"product","2":"type-product","3":"status-publish","4":"has-post-thumbnail","6":"product_cat-verktoy","7":"pa_29860_ok6mhoqx-15-cm","8":"pa_29860_ok6mhoqx-20-cm","9":"pa_29860_ok6mhoqx-25-cm","10":"pa_29860_ok6mhoqx-30-cm","11":"desktop-align-left","12":"tablet-align-left","13":"mobile-align-left","15":"first","16":"instock","17":"shipping-taxable","18":"purchasable","19":"product-type-variable"},"_links":{"self":[{"href":"https:\/\/keluvo.com\/no\/wp-json\/wp\/v2\/product\/40559","targetHints":{"allow":["GET"]}}],"collection":[{"href":"https:\/\/keluvo.com\/no\/wp-json\/wp\/v2\/product"}],"about":[{"href":"https:\/\/keluvo.com\/no\/wp-json\/wp\/v2\/types\/product"}],"replies":[{"embeddable":true,"href":"https:\/\/keluvo.com\/no\/wp-json\/wp\/v2\/comments?post=40559"}],"wp:featuredmedia":[{"embeddable":true,"href":"https:\/\/keluvo.com\/no\/wp-json\/wp\/v2\/media\/40555"}],"wp:attachment":[{"href":"https:\/\/keluvo.com\/no\/wp-json\/wp\/v2\/media?parent=40559"}],"wp:term":[{"taxonomy":"product_brand","embeddable":true,"href":"https:\/\/keluvo.com\/no\/wp-json\/wp\/v2\/product_brand?post=40559"},{"taxonomy":"product_cat","embeddable":true,"href":"https:\/\/keluvo.com\/no\/wp-json\/wp\/v2\/product_cat?post=40559"},{"taxonomy":"product_tag","embeddable":true,"href":"https:\/\/keluvo.com\/no\/wp-json\/wp\/v2\/product_tag?post=40559"}],"curies":[{"name":"wp","href":"https:\/\/api.w.org\/{rel}","templated":true}]}}