{"id":40430,"date":"2025-08-29T11:46:33","date_gmt":"2025-08-29T08:46:33","guid":{"rendered":"https:\/\/keluvo.com\/no\/produkt\/rengjoringsmiddel-for-baderom\/"},"modified":"2025-09-12T16:44:58","modified_gmt":"2025-09-12T13:44:58","slug":"rengjoringsmiddel-for-baderom","status":"publish","type":"product","link":"https:\/\/keluvo.com\/no\/produkt\/rengjoringsmiddel-for-baderom\/","title":{"rendered":"Rengj\u00f8ringsmiddel for baderom"},"content":{"rendered":"<p style=\"text-align: center\" data-start=\"221\" data-end=\"258\"><strong>F\u00e5 Badet Til \u00c5 Skinne Igjen \u2728\ud83d\udec1<\/strong><\/p>\n<p style=\"text-align: center\" data-start=\"260\" data-end=\"424\">Si farvel til flekker, lukt og s\u00e5peskum! Dette kraftige, skummende baderomsrengj\u00f8ringsmiddelet skj\u00e6rer gjennom smusset og etterlater overflatene glitrende rene og velduftende. Det er t\u00f8ft mot smuss, men sk\u00e5nsomt mot badet ditt. Sikker \u00e5 bruke, enkel \u00e5 spraye og effektiv p\u00e5 bare noen sekunder &#8211; dette rengj\u00f8ringsmiddelet gj\u00f8r enhver rengj\u00f8ringsjobb p\u00e5 badet rask og uanstrengt.<\/p>\n<p data-start=\"260\" data-end=\"424\"><img decoding=\"async\" class=\"size-full wp-image-33254 aligncenter\" src=\"https:\/\/keluvo.com\/template\/wp-content\/uploads\/sites\/5\/2025\/08\/0603cfe8acde7e31e29f6fd4fe53e5a38abb1d0d_480x480.webp\" alt=\"\" \/><\/p>\n<h2 style=\"text-align: center\">Hovedfordeler \ud83d\udca7<\/h2>\n<p data-start=\"629\" data-end=\"689\">\ud83e\uddfc Bryter ned flekker, smuss, mugg og s\u00e5peskum \u00f8yeblikkelig<\/p>\n<p data-start=\"692\" data-end=\"744\">\ud83d\udeab Eliminerer lukt og dreper bakterier og virus<\/p>\n<p data-start=\"747\" data-end=\"816\">\ud83e\ude9e Fungerer p\u00e5 toaletter, vasker, badekar, fliser, speil, kraner, og mer<\/p>\n<p data-start=\"819\" data-end=\"875\">\ud83e\udee7 Skummende virkning fester seg p\u00e5 overflater for dyp rengj\u00f8ring<\/p>\n<p data-start=\"878\" data-end=\"927\">\ud83d\udee1\ufe0f Trygt p\u00e5 huden og ufarlig for mennesker<\/p>\n<p data-start=\"930\" data-end=\"985\">\u23f1\ufe0f Sparer deg tid og krefter p\u00e5 t\u00f8ff baderomsrengj\u00f8ring<\/p>\n<p data-start=\"930\" data-end=\"985\"><img decoding=\"async\" class=\"size-full wp-image-33255 aligncenter\" src=\"https:\/\/keluvo.com\/template\/wp-content\/uploads\/sites\/5\/2025\/08\/720382e3137aa9632992dc802fa470b78588f199_480x480.webp\" alt=\"\" \/><\/p>\n<h2 style=\"text-align: center\" data-start=\"992\" data-end=\"1011\">Slik Bruker Du Den \ud83e\uddfd<\/h2>\n<ol data-start=\"1013\" data-end=\"1175\">\n<li data-start=\"1013\" data-end=\"1055\">\n<p data-start=\"1016\" data-end=\"1055\">Spray direkte p\u00e5 den skitne overflaten.<\/p>\n<\/li>\n<li data-start=\"1056\" data-end=\"1098\">\n<p data-start=\"1059\" data-end=\"1098\">La det skumme og sitte i noen sekunder.<\/p>\n<\/li>\n<li data-start=\"1099\" data-end=\"1138\">\n<p data-start=\"1102\" data-end=\"1138\">T\u00f8rk av med den medf\u00f8lgende kluten.<\/p>\n<\/li>\n<li data-start=\"1139\" data-end=\"1175\">\n<p data-start=\"1142\" data-end=\"1175\">Nyt ditt friske, skinnende bad!<\/p>\n<\/li>\n<\/ol>\n<h2 style=\"text-align: center\" data-start=\"1182\" data-end=\"1203\">Produktdetaljer \ud83d\udccf<\/h2>\n<ul data-start=\"1205\" data-end=\"1419\">\n<li data-start=\"1205\" data-end=\"1227\">\n<p data-start=\"1207\" data-end=\"1227\">Nettoinnhold: 60 ml<\/p>\n<\/li>\n<li data-start=\"1228\" data-end=\"1244\">\n<p data-start=\"1230\" data-end=\"1244\">Vekt: 85 g<\/p>\n<\/li>\n<li data-start=\"1245\" data-end=\"1314\">\n<p data-start=\"1247\" data-end=\"1314\">Trygg for: Toalett, vask, fliser, speil, badekar, glass og mer<\/p>\n<\/li>\n<li data-start=\"1315\" data-end=\"1369\">\n<p data-start=\"1317\" data-end=\"1369\">N\u00f8kkelingredienser: Glukose, sitronsyre, overflateaktive stoffer<\/p>\n<\/li>\n<li data-start=\"1370\" data-end=\"1419\">\n<p data-start=\"1372\" data-end=\"1419\">Mild formel: Trygg for daglig bruk uten hansker<\/p>\n<\/li>\n<\/ul>\n<h2 style=\"text-align: center\" data-start=\"1426\" data-end=\"1448\">Pakken Inneholder \ud83d\udce6<\/h2>\n<ul data-start=\"1450\" data-end=\"1502\">\n<li data-start=\"1450\" data-end=\"1481\">\n<p data-start=\"1452\" data-end=\"1481\">1, 2, 3x baderomsrens (60 ml).<\/p>\n<\/li>\n<\/ul>\n","protected":false},"excerpt":{"rendered":"<p>F\u00e5 Badet Til \u00c5 Skinne Igjen \u2728\ud83d\udec1 Si farvel til flekker, lukt og s\u00e5peskum! Dette kraftige, skummende baderomsrengj\u00f8ringsmiddelet skj\u00e6rer gjennom [&hellip;]<\/p>\n","protected":false},"featured_media":40426,"comment_status":"open","ping_status":"closed","template":"","meta":{"site-sidebar-layout":"default","site-content-layout":"","ast-site-content-layout":"default","site-content-style":"default","site-sidebar-style":"default","ast-global-header-display":"","ast-banner-title-visibility":"","ast-main-header-display":"","ast-hfb-above-header-display":"","ast-hfb-below-header-display":"","ast-hfb-mobile-header-display":"","site-post-title":"","ast-breadcrumbs-content":"","ast-featured-img":"","footer-sml-layout":"","theme-transparent-header-meta":"default","adv-header-id-meta":"","stick-header-meta":"","header-above-stick-meta":"","header-main-stick-meta":"","header-below-stick-meta":"","astra-migrate-meta-layouts":"set","ast-page-background-enabled":"default","ast-page-background-meta":{"desktop":{"background-color":"var(--ast-global-color-4)","background-image":"","background-repeat":"repeat","background-position":"center center","background-size":"auto","background-attachment":"scroll","background-type":"","background-media":"","overlay-type":"","overlay-color":"","overlay-opacity":"","overlay-gradient":""},"tablet":{"background-color":"","background-image":"","background-repeat":"repeat","background-position":"center center","background-size":"auto","background-attachment":"scroll","background-type":"","background-media":"","overlay-type":"","overlay-color":"","overlay-opacity":"","overlay-gradient":""},"mobile":{"background-color":"","background-image":"","background-repeat":"repeat","background-position":"center center","background-size":"auto","background-attachment":"scroll","background-type":"","background-media":"","overlay-type":"","overlay-color":"","overlay-opacity":"","overlay-gradient":""}},"ast-content-background-meta":{"desktop":{"background-color":"var(--ast-global-color-5)","background-image":"","background-repeat":"repeat","background-position":"center center","background-size":"auto","background-attachment":"scroll","background-type":"","background-media":"","overlay-type":"","overlay-color":"","overlay-opacity":"","overlay-gradient":""},"tablet":{"background-color":"var(--ast-global-color-5)","background-image":"","background-repeat":"repeat","background-position":"center center","background-size":"auto","background-attachment":"scroll","background-type":"","background-media":"","overlay-type":"","overlay-color":"","overlay-opacity":"","overlay-gradient":""},"mobile":{"background-color":"var(--ast-global-color-5)","background-image":"","background-repeat":"repeat","background-position":"center center","background-size":"auto","background-attachment":"scroll","background-type":"","background-media":"","overlay-type":"","overlay-color":"","overlay-opacity":"","overlay-gradient":""}}},"product_brand":[],"product_cat":[1001],"product_tag":[],"class_list":{"0":"post-40430","1":"product","2":"type-product","3":"status-publish","4":"has-post-thumbnail","6":"product_cat-husholdningsartikler","7":"pa_36481_npahghen-1-stk","8":"pa_36481_npahghen-2-stk","9":"pa_36481_npahghen-3-stk","10":"desktop-align-left","11":"tablet-align-left","12":"mobile-align-left","14":"first","15":"instock","16":"shipping-taxable","17":"purchasable","18":"product-type-variable"},"_links":{"self":[{"href":"https:\/\/keluvo.com\/no\/wp-json\/wp\/v2\/product\/40430","targetHints":{"allow":["GET"]}}],"collection":[{"href":"https:\/\/keluvo.com\/no\/wp-json\/wp\/v2\/product"}],"about":[{"href":"https:\/\/keluvo.com\/no\/wp-json\/wp\/v2\/types\/product"}],"replies":[{"embeddable":true,"href":"https:\/\/keluvo.com\/no\/wp-json\/wp\/v2\/comments?post=40430"}],"wp:featuredmedia":[{"embeddable":true,"href":"https:\/\/keluvo.com\/no\/wp-json\/wp\/v2\/media\/40426"}],"wp:attachment":[{"href":"https:\/\/keluvo.com\/no\/wp-json\/wp\/v2\/media?parent=40430"}],"wp:term":[{"taxonomy":"product_brand","embeddable":true,"href":"https:\/\/keluvo.com\/no\/wp-json\/wp\/v2\/product_brand?post=40430"},{"taxonomy":"product_cat","embeddable":true,"href":"https:\/\/keluvo.com\/no\/wp-json\/wp\/v2\/product_cat?post=40430"},{"taxonomy":"product_tag","embeddable":true,"href":"https:\/\/keluvo.com\/no\/wp-json\/wp\/v2\/product_tag?post=40430"}],"curies":[{"name":"wp","href":"https:\/\/api.w.org\/{rel}","templated":true}]}}