{"id":40362,"date":"2025-08-29T11:40:36","date_gmt":"2025-08-29T08:40:36","guid":{"rendered":"https:\/\/keluvo.com\/no\/produkt\/harpudder\/"},"modified":"2025-08-29T14:00:05","modified_gmt":"2025-08-29T11:00:05","slug":"harpudder","status":"publish","type":"product","link":"https:\/\/keluvo.com\/no\/produkt\/harpudder\/","title":{"rendered":"H\u00e5rpudder"},"content":{"rendered":"<p style=\"text-align: center\" data-start=\"115\" data-end=\"180\"><strong data-start=\"115\" data-end=\"180\">Fyll Ut Tynne H\u00e5rrynker Umiddelbart For Et Fyldigere Og Mer Naturlig Utseende. \ud83d\udd8c\ufe0f<\/strong><\/p>\n<p style=\"text-align: center\" data-start=\"182\" data-end=\"450\">This h\u00e5rpudder er en lett og b\u00e6rbar l\u00f8sning for \u00e5 skjule tynne flekker, omforme h\u00e5rfestet eller til og med definere brynene og ansiktskonturen. Det smelter naturlig sammen med h\u00e5rfargen din, holder seg p\u00e5 plass hele dagen og gir deg et selvsikkert, polert utseende p\u00e5 f\u00e5 sekunder.<\/p>\n<p data-start=\"182\" data-end=\"450\"><img decoding=\"async\" class=\"size-full wp-image-33104 aligncenter\" src=\"https:\/\/keluvo.com\/template\/wp-content\/uploads\/sites\/5\/2025\/08\/072113-ezgif.com-video-to-webp-converter-2.webp\" alt=\"\" \/><\/p>\n<h2 style=\"text-align: center\" data-start=\"457\" data-end=\"476\">Hovedfordeler \ud83d\udd8c\ufe0f<\/h2>\n<p data-start=\"480\" data-end=\"557\">\ud83d\udd8c\ufe0f Enkel utfylling av h\u00e5rfestet &#8211; Dekker hull og gir et tykkere utseende<\/p>\n<p data-start=\"560\" data-end=\"637\">\ud83c\udfaf Flerbruksformel &#8211; Kan brukes p\u00e5 \u00f8yenbryn og til ansiktskonturering<\/p>\n<p data-start=\"640\" data-end=\"707\">\ud83d\udca7 Vanntett og svettebestandig &#8211; Holder seg p\u00e5 plass hele dagen uten \u00e5 falme<\/p>\n<p data-start=\"710\" data-end=\"778\">\ud83d\udcbc Kompakt og b\u00e6rbar &#8211; Ta den med deg overalt for raske touch-ups<\/p>\n<p data-start=\"781\" data-end=\"844\">\ud83c\udf3f Naturlig finish &#8211; Blander seg jevnt med h\u00e5rfargen din<\/p>\n<p data-start=\"847\" data-end=\"909\">\ud83d\udc71 Universelle nyansealternativer &#8211; Finnes i svart og brun<\/p>\n<p data-start=\"847\" data-end=\"909\"><img decoding=\"async\" class=\"size-full wp-image-33108 aligncenter\" src=\"https:\/\/keluvo.com\/template\/wp-content\/uploads\/sites\/5\/2025\/08\/b8421501ceee8ed8defa49d79fc692df_4e4573a1-574b-45fe-858b-b6fc89714e90_720x.webp\" alt=\"\" \/><\/p>\n<h2 style=\"text-align: center\" data-start=\"916\" data-end=\"933\">Slik Bruker Du Den \ud83d\udccc<\/h2>\n<ol data-start=\"935\" data-end=\"1139\">\n<li data-start=\"935\" data-end=\"967\">\n<p data-start=\"938\" data-end=\"967\">Forsikre deg om at h\u00e5ret er t\u00f8rt.<\/p>\n<\/li>\n<li data-start=\"968\" data-end=\"1015\">\n<p data-start=\"971\" data-end=\"1015\">Dypp applikatoren forsiktig i pudderet.<\/p>\n<\/li>\n<li data-start=\"1016\" data-end=\"1069\">\n<p data-start=\"1019\" data-end=\"1069\">Klapp lett p\u00e5 h\u00e5rfestet eller tynne omr\u00e5der.<\/p>\n<\/li>\n<li data-start=\"1070\" data-end=\"1139\">\n<p data-start=\"1073\" data-end=\"1139\">Bland i sm\u00e5 mengder til det matcher din naturlige h\u00e5rfarge.<\/p>\n<\/li>\n<\/ol>\n<h2 style=\"text-align: center\" data-start=\"1146\" data-end=\"1168\">Produktdetaljer \ud83d\udccf<\/h2>\n<ul data-start=\"1170\" data-end=\"1543\">\n<li data-start=\"1170\" data-end=\"1198\">\n<p data-start=\"1172\" data-end=\"1198\">Farger: Svart, Brun<\/p>\n<\/li>\n<li data-start=\"1199\" data-end=\"1224\">\n<p data-start=\"1201\" data-end=\"1224\">Nettoinhold: 1,1 g<\/p>\n<\/li>\n<li data-start=\"1225\" data-end=\"1261\">\n<p data-start=\"1227\" data-end=\"1261\">St\u00f8rrelse: ca. 3 x 3 x 8,5 cm<\/p>\n<\/li>\n<li data-start=\"1262\" data-end=\"1345\">\n<p data-start=\"1264\" data-end=\"1345\">Hovedingredienser: Syntetisk fluorgullglimmer, tinnoksid, magnesiumstearat<\/p>\n<\/li>\n<li data-start=\"1346\" data-end=\"1373\">\n<p data-start=\"1348\" data-end=\"1373\">Holdbarhet: 3 \u00e5r<\/p>\n<\/li>\n<li data-start=\"1431\" data-end=\"1479\">\n<p data-start=\"1433\" data-end=\"1479\">Egnet for: Alle hudtyper og kj\u00f8nn<\/p>\n<\/li>\n<li data-start=\"1480\" data-end=\"1543\">\n<p data-start=\"1482\" data-end=\"1543\">Effekt: Fyller ut h\u00e5rfestet, konturerer, former \u00f8yenbrynene<\/p>\n<\/li>\n<\/ul>\n<h2 style=\"text-align: center\" data-start=\"1550\" data-end=\"1573\">Pakken Inneholder \ud83d\udce6<\/h2>\n<ul data-start=\"1575\" data-end=\"1598\">\n<li data-start=\"1575\" data-end=\"1598\">\n<p data-start=\"1577\" data-end=\"1598\">1x h\u00e5rpudder.<\/p>\n<\/li>\n<\/ul>\n","protected":false},"excerpt":{"rendered":"<p>Fyll Ut Tynne H\u00e5rrynker Umiddelbart For Et Fyldigere Og Mer Naturlig Utseende. \ud83d\udd8c\ufe0f This h\u00e5rpudder er en lett og b\u00e6rbar [&hellip;]<\/p>\n","protected":false},"featured_media":40358,"comment_status":"open","ping_status":"closed","template":"","meta":{"site-sidebar-layout":"default","site-content-layout":"","ast-site-content-layout":"default","site-content-style":"default","site-sidebar-style":"default","ast-global-header-display":"","ast-banner-title-visibility":"","ast-main-header-display":"","ast-hfb-above-header-display":"","ast-hfb-below-header-display":"","ast-hfb-mobile-header-display":"","site-post-title":"","ast-breadcrumbs-content":"","ast-featured-img":"","footer-sml-layout":"","theme-transparent-header-meta":"default","adv-header-id-meta":"","stick-header-meta":"","header-above-stick-meta":"","header-main-stick-meta":"","header-below-stick-meta":"","astra-migrate-meta-layouts":"set","ast-page-background-enabled":"default","ast-page-background-meta":{"desktop":{"background-color":"var(--ast-global-color-4)","background-image":"","background-repeat":"repeat","background-position":"center center","background-size":"auto","background-attachment":"scroll","background-type":"","background-media":"","overlay-type":"","overlay-color":"","overlay-opacity":"","overlay-gradient":""},"tablet":{"background-color":"","background-image":"","background-repeat":"repeat","background-position":"center center","background-size":"auto","background-attachment":"scroll","background-type":"","background-media":"","overlay-type":"","overlay-color":"","overlay-opacity":"","overlay-gradient":""},"mobile":{"background-color":"","background-image":"","background-repeat":"repeat","background-position":"center center","background-size":"auto","background-attachment":"scroll","background-type":"","background-media":"","overlay-type":"","overlay-color":"","overlay-opacity":"","overlay-gradient":""}},"ast-content-background-meta":{"desktop":{"background-color":"var(--ast-global-color-5)","background-image":"","background-repeat":"repeat","background-position":"center center","background-size":"auto","background-attachment":"scroll","background-type":"","background-media":"","overlay-type":"","overlay-color":"","overlay-opacity":"","overlay-gradient":""},"tablet":{"background-color":"var(--ast-global-color-5)","background-image":"","background-repeat":"repeat","background-position":"center center","background-size":"auto","background-attachment":"scroll","background-type":"","background-media":"","overlay-type":"","overlay-color":"","overlay-opacity":"","overlay-gradient":""},"mobile":{"background-color":"var(--ast-global-color-5)","background-image":"","background-repeat":"repeat","background-position":"center center","background-size":"auto","background-attachment":"scroll","background-type":"","background-media":"","overlay-type":"","overlay-color":"","overlay-opacity":"","overlay-gradient":""}}},"product_brand":[],"product_cat":[992],"product_tag":[],"class_list":{"0":"post-40362","1":"product","2":"type-product","3":"status-publish","4":"has-post-thumbnail","6":"product_cat-skjonnhets-og-hygieneprodukter","7":"pa_36525_rcjbv0c0-brun","8":"pa_36525_rcjbv0c0-svart","9":"desktop-align-left","10":"tablet-align-left","11":"mobile-align-left","13":"first","14":"instock","15":"shipping-taxable","16":"purchasable","17":"product-type-variable"},"_links":{"self":[{"href":"https:\/\/keluvo.com\/no\/wp-json\/wp\/v2\/product\/40362","targetHints":{"allow":["GET"]}}],"collection":[{"href":"https:\/\/keluvo.com\/no\/wp-json\/wp\/v2\/product"}],"about":[{"href":"https:\/\/keluvo.com\/no\/wp-json\/wp\/v2\/types\/product"}],"replies":[{"embeddable":true,"href":"https:\/\/keluvo.com\/no\/wp-json\/wp\/v2\/comments?post=40362"}],"wp:featuredmedia":[{"embeddable":true,"href":"https:\/\/keluvo.com\/no\/wp-json\/wp\/v2\/media\/40358"}],"wp:attachment":[{"href":"https:\/\/keluvo.com\/no\/wp-json\/wp\/v2\/media?parent=40362"}],"wp:term":[{"taxonomy":"product_brand","embeddable":true,"href":"https:\/\/keluvo.com\/no\/wp-json\/wp\/v2\/product_brand?post=40362"},{"taxonomy":"product_cat","embeddable":true,"href":"https:\/\/keluvo.com\/no\/wp-json\/wp\/v2\/product_cat?post=40362"},{"taxonomy":"product_tag","embeddable":true,"href":"https:\/\/keluvo.com\/no\/wp-json\/wp\/v2\/product_tag?post=40362"}],"curies":[{"name":"wp","href":"https:\/\/api.w.org\/{rel}","templated":true}]}}