{"id":40353,"date":"2025-08-29T11:39:46","date_gmt":"2025-08-29T08:39:46","guid":{"rendered":"https:\/\/keluvo.com\/no\/produkt\/katteleketoy-2\/"},"modified":"2025-09-12T16:37:04","modified_gmt":"2025-09-12T13:37:04","slug":"katteleketoy-2","status":"publish","type":"product","link":"https:\/\/keluvo.com\/no\/produkt\/katteleketoy-2\/","title":{"rendered":"Katteleket\u00f8y"},"content":{"rendered":"<p style=\"text-align: center\" data-start=\"167\" data-end=\"214\"><strong>Gi Katten Din En Flygende Venn \u00c5 Jakte P\u00e5 \ud83d\udc26\ud83d\udc3e<\/strong><\/p>\n<p style=\"text-align: center\" data-start=\"216\" data-end=\"447\">Denne simulerte fuglen som henger i taket flagrer gjennom luften og gj\u00f8r katten din vill av spenning. Enten du henger den i taket eller ved et vindu, er det en morsom og realistisk m\u00e5te \u00e5 stimulere kj\u00e6ledyrets naturlige jaktinstinkter p\u00e5.<\/p>\n<p data-start=\"216\" data-end=\"447\"><img decoding=\"async\" class=\"size-full wp-image-33096 aligncenter\" src=\"https:\/\/keluvo.com\/template\/wp-content\/uploads\/sites\/5\/2025\/08\/072112-ezgif.com-video-to-webp-converter-2.webp\" alt=\"&quot;\" \/><\/p>\n<h2 style=\"text-align: center\" data-start=\"454\" data-end=\"473\">Hovedfordeler \u2705<\/h2>\n<p data-start=\"477\" data-end=\"534\">\ud83d\udd4a\ufe0f Realistisk fugledesign fanger kattens oppmerksomhet<\/p>\n<p data-start=\"583\" data-end=\"626\">\ud83d\udc3e Oppmuntrer til mosjon, smidighet og lek<\/p>\n<p data-start=\"629\" data-end=\"682\">\ud83c\udfa8 Leveres i livlige farger og flere fuglestiler<\/p>\n<p data-start=\"685\" data-end=\"742\">\ud83e\udde9 Enkel \u00e5 montere &#8211; bare heng den opp med den medf\u00f8lgende ledningen<\/p>\n<p data-start=\"745\" data-end=\"794\">\ud83d\udc31 Passer for katter i alle aldre og energiniv\u00e5er<\/p>\n<p data-start=\"745\" data-end=\"794\"><img decoding=\"async\" class=\"size-full wp-image-33094 aligncenter\" src=\"https:\/\/keluvo.com\/template\/wp-content\/uploads\/sites\/5\/2025\/08\/Se0c8405bd6ff48cc80567b13654f19c2C.jpg_960x960q75.jpg_.jpg\" alt=\"\" \/><\/p>\n<h2 style=\"text-align: center\" data-start=\"801\" data-end=\"821\">Slik Bruker Du Den \ud83d\udc47<\/h2>\n<ol data-start=\"823\" data-end=\"1087\">\n<li data-start=\"823\" data-end=\"879\">\n<p data-start=\"826\" data-end=\"879\">Fest fuglen i taket eller p\u00e5 en krok i taket.<\/p>\n<\/li>\n<li data-start=\"880\" data-end=\"928\">\n<p data-start=\"883\" data-end=\"928\">Sett inn to AA-batterier.<\/p>\n<\/li>\n<li data-start=\"929\" data-end=\"983\">\n<p data-start=\"932\" data-end=\"983\">Se katten hoppe, sl\u00e5 og sprette av glede.<\/p>\n<\/li>\n<li data-start=\"984\" data-end=\"1034\">\n<p data-start=\"987\" data-end=\"1034\">Oppbevares n\u00e5r den ikke er i bruk for \u00e5 bevare fj\u00e6rene.<\/p>\n<\/li>\n<li data-start=\"1035\" data-end=\"1087\">\n<p data-start=\"1038\" data-end=\"1087\">Oppbevares n\u00e5r den ikke er i bruk for \u00e5 bevare fj\u00e6rene.<\/p>\n<\/li>\n<\/ol>\n<h2 style=\"text-align: center\" data-start=\"1094\" data-end=\"1116\">Produktdetaljer \ud83d\udccc<\/h2>\n<ul data-start=\"1118\" data-end=\"1359\">\n<li data-start=\"1118\" data-end=\"1148\">\n<p data-start=\"1120\" data-end=\"1148\">Materiale: Plast + stoff<\/p>\n<\/li>\n<li data-start=\"1195\" data-end=\"1247\">\n<p data-start=\"1197\" data-end=\"1247\">Styles: Papeg\u00f8ye og \u00f8rn<\/p>\n<\/li>\n<li data-start=\"1248\" data-end=\"1306\">\n<p data-start=\"1250\" data-end=\"1306\">St\u00f8rrelse: 42,5 x 30 cm<\/p>\n<\/li>\n<li data-start=\"1307\" data-end=\"1359\">\n<p data-start=\"1309\" data-end=\"1359\">Str\u00f8mkilde: to AA-batterier (ikke inkludert)<\/p>\n<\/li>\n<\/ul>\n<h2 style=\"text-align: center\" data-start=\"1366\" data-end=\"1389\">Pakken Inneholder \ud83d\udce6<\/h2>\n<ul data-start=\"1391\" data-end=\"1443\">\n<li data-start=\"1391\" data-end=\"1443\">\n<p data-start=\"1393\" data-end=\"1443\">1x katteleke.<\/p>\n<\/li>\n<\/ul>\n","protected":false},"excerpt":{"rendered":"<p>Gi Katten Din En Flygende Venn \u00c5 Jakte P\u00e5 \ud83d\udc26\ud83d\udc3e Denne simulerte fuglen som henger i taket flagrer gjennom luften [&hellip;]<\/p>\n","protected":false},"featured_media":40349,"comment_status":"open","ping_status":"closed","template":"","meta":{"site-sidebar-layout":"default","site-content-layout":"","ast-site-content-layout":"default","site-content-style":"default","site-sidebar-style":"default","ast-global-header-display":"","ast-banner-title-visibility":"","ast-main-header-display":"","ast-hfb-above-header-display":"","ast-hfb-below-header-display":"","ast-hfb-mobile-header-display":"","site-post-title":"","ast-breadcrumbs-content":"","ast-featured-img":"","footer-sml-layout":"","theme-transparent-header-meta":"default","adv-header-id-meta":"","stick-header-meta":"","header-above-stick-meta":"","header-main-stick-meta":"","header-below-stick-meta":"","astra-migrate-meta-layouts":"set","ast-page-background-enabled":"default","ast-page-background-meta":{"desktop":{"background-color":"var(--ast-global-color-4)","background-image":"","background-repeat":"repeat","background-position":"center center","background-size":"auto","background-attachment":"scroll","background-type":"","background-media":"","overlay-type":"","overlay-color":"","overlay-opacity":"","overlay-gradient":""},"tablet":{"background-color":"","background-image":"","background-repeat":"repeat","background-position":"center center","background-size":"auto","background-attachment":"scroll","background-type":"","background-media":"","overlay-type":"","overlay-color":"","overlay-opacity":"","overlay-gradient":""},"mobile":{"background-color":"","background-image":"","background-repeat":"repeat","background-position":"center center","background-size":"auto","background-attachment":"scroll","background-type":"","background-media":"","overlay-type":"","overlay-color":"","overlay-opacity":"","overlay-gradient":""}},"ast-content-background-meta":{"desktop":{"background-color":"var(--ast-global-color-5)","background-image":"","background-repeat":"repeat","background-position":"center center","background-size":"auto","background-attachment":"scroll","background-type":"","background-media":"","overlay-type":"","overlay-color":"","overlay-opacity":"","overlay-gradient":""},"tablet":{"background-color":"var(--ast-global-color-5)","background-image":"","background-repeat":"repeat","background-position":"center center","background-size":"auto","background-attachment":"scroll","background-type":"","background-media":"","overlay-type":"","overlay-color":"","overlay-opacity":"","overlay-gradient":""},"mobile":{"background-color":"var(--ast-global-color-5)","background-image":"","background-repeat":"repeat","background-position":"center center","background-size":"auto","background-attachment":"scroll","background-type":"","background-media":"","overlay-type":"","overlay-color":"","overlay-opacity":"","overlay-gradient":""}}},"product_brand":[],"product_cat":[997],"product_tag":[],"class_list":{"0":"post-40353","1":"product","2":"type-product","3":"status-publish","4":"has-post-thumbnail","6":"product_cat-husdyrprodukter","7":"pa_37528_0463wtch-orn","8":"pa_37528_0463wtch-papegoye","9":"desktop-align-left","10":"tablet-align-left","11":"mobile-align-left","13":"first","14":"instock","15":"shipping-taxable","16":"purchasable","17":"product-type-variable"},"_links":{"self":[{"href":"https:\/\/keluvo.com\/no\/wp-json\/wp\/v2\/product\/40353","targetHints":{"allow":["GET"]}}],"collection":[{"href":"https:\/\/keluvo.com\/no\/wp-json\/wp\/v2\/product"}],"about":[{"href":"https:\/\/keluvo.com\/no\/wp-json\/wp\/v2\/types\/product"}],"replies":[{"embeddable":true,"href":"https:\/\/keluvo.com\/no\/wp-json\/wp\/v2\/comments?post=40353"}],"wp:featuredmedia":[{"embeddable":true,"href":"https:\/\/keluvo.com\/no\/wp-json\/wp\/v2\/media\/40349"}],"wp:attachment":[{"href":"https:\/\/keluvo.com\/no\/wp-json\/wp\/v2\/media?parent=40353"}],"wp:term":[{"taxonomy":"product_brand","embeddable":true,"href":"https:\/\/keluvo.com\/no\/wp-json\/wp\/v2\/product_brand?post=40353"},{"taxonomy":"product_cat","embeddable":true,"href":"https:\/\/keluvo.com\/no\/wp-json\/wp\/v2\/product_cat?post=40353"},{"taxonomy":"product_tag","embeddable":true,"href":"https:\/\/keluvo.com\/no\/wp-json\/wp\/v2\/product_tag?post=40353"}],"curies":[{"name":"wp","href":"https:\/\/api.w.org\/{rel}","templated":true}]}}