{"id":40318,"date":"2025-08-29T11:35:45","date_gmt":"2025-08-29T08:35:45","guid":{"rendered":"https:\/\/keluvo.com\/no\/produkt\/parkeringssensorer-med-kamera\/"},"modified":"2025-08-29T13:49:51","modified_gmt":"2025-08-29T10:49:51","slug":"parkeringssensorer-med-kamera","status":"publish","type":"product","link":"https:\/\/keluvo.com\/no\/produkt\/parkeringssensorer-med-kamera\/","title":{"rendered":"Parkeringssensorer med kamera"},"content":{"rendered":"<p style=\"text-align: center\" data-start=\"135\" data-end=\"203\"><strong data-start=\"135\" data-end=\"203\">Bakk Trygt Og Eliminere Alle Blindsoner Umiddelbart. \ud83d\ude97<\/strong><\/p>\n<p style=\"text-align: center\" data-start=\"205\" data-end=\"428\">Dette parkeringssensorkameraet gir deg et klart og bredt syn n\u00e5r du rygger bilen. Med 170\u00b0 vinkelobjektiv, nattsynsfunksjon og vanntett design kan du parkere trygt i alle situasjoner &#8211; dag eller natt, regn eller solskinn.<\/p>\n<p data-start=\"205\" data-end=\"428\"><img decoding=\"async\" class=\"size-full wp-image-33038 aligncenter\" src=\"https:\/\/keluvo.com\/template\/wp-content\/uploads\/sites\/5\/2025\/08\/WhatsAppVideo2023-10-11at12.27.09_480x480.webp\" alt=\"\" \/><\/p>\n<h2 style=\"text-align: center\" data-start=\"435\" data-end=\"454\">\u2705 Hovedfordeler<\/h2>\n<p data-start=\"458\" data-end=\"533\">\ud83d\ude97 Bred 170\u00b0 synsvinkel &#8211; Dekker alle blindsoner for trygg parkering<\/p>\n<p data-start=\"536\" data-end=\"620\">\ud83c\udf19 Fungerer utmerket om natten &#8211; Sensor for svakt lys gir klar sikt opp til 3 meter<\/p>\n<p data-start=\"623\" data-end=\"698\">\ud83d\udca7 Vanntett og st\u00f8tsikkert &#8211; Bygget for \u00e5 overleve regn og r\u00f8ffe forhold roads<\/p>\n<p data-start=\"701\" data-end=\"769\">\ud83d\udee0\ufe0f Enkel \u00e5 installere &#8211; Snap-passer til de fleste bilskilt<\/p>\n<p data-start=\"772\" data-end=\"848\">\ud83d\udccf Innebygd avstandsguide &#8211; Hjelper deg med \u00e5 unng\u00e5 hindringer med presisjon<\/p>\n<p data-start=\"851\" data-end=\"925\">\ud83d\udcfa Tydelig videoutgang &#8211; Kan enkelt kobles til en hvilken som helst skjerm ved hjelp av RCA jack<\/p>\n<h2 style=\"text-align: center\" data-start=\"932\" data-end=\"952\">\ud83e\uddd1\u200d\ud83d\udd27 Slik Bruker Du Kameraet<\/h2>\n<ol data-start=\"954\" data-end=\"1226\">\n<li data-start=\"954\" data-end=\"1029\">\n<p data-start=\"957\" data-end=\"1029\">Fest kameraet p\u00e5 bilens bilskilt ved hjelp av snap-in-festet.<\/p>\n<\/li>\n<li data-start=\"1030\" data-end=\"1091\">\n<p data-start=\"1033\" data-end=\"1091\">Koble RCA-videoutgangen til skjermen eller displayet ditt.<\/p>\n<\/li>\n<li data-start=\"1092\" data-end=\"1156\">\n<p data-start=\"1095\" data-end=\"1156\">Sl\u00e5 p\u00e5 bilen for \u00e5 aktivere kameraet n\u00e5r du rygger.<\/p>\n<\/li>\n<li data-start=\"1157\" data-end=\"1226\">\n<p data-start=\"1160\" data-end=\"1226\">Bruk retningslinjene p\u00e5 skjermen for \u00e5 parkere trygt og unng\u00e5 hindringer.<img decoding=\"async\" class=\"size-full wp-image-33039 aligncenter\" src=\"https:\/\/keluvo.com\/template\/wp-content\/uploads\/sites\/5\/2025\/08\/WhatsAppVideo2023-10-11at12.27.14_480x480.webp\" alt=\"\" \/><\/p>\n<\/li>\n<\/ol>\n<h2 style=\"text-align: center\" data-start=\"1233\" data-end=\"1255\">\ud83d\udccf Produktdetaljer<\/h2>\n<ul data-start=\"1257\" data-end=\"1666\">\n<li data-start=\"1257\" data-end=\"1290\">\n<p data-start=\"1259\" data-end=\"1290\">Materiale: Slitesterk plast<\/p>\n<\/li>\n<li data-start=\"1291\" data-end=\"1330\">\n<p data-start=\"1293\" data-end=\"1330\">Kameraoppl\u00f8sning: 420 TV-linjer<\/p>\n<\/li>\n<li data-start=\"1331\" data-end=\"1364\">\n<p data-start=\"1333\" data-end=\"1364\">Effektive piksler: 300 000<\/p>\n<\/li>\n<li data-start=\"1365\" data-end=\"1392\">\n<p data-start=\"1367\" data-end=\"1392\">Synsvinkel: 170 \u00b0<\/p>\n<\/li>\n<li data-start=\"1393\" data-end=\"1424\">\n<p data-start=\"1395\" data-end=\"1424\">Arbeidsspenning: DC 12V<\/p>\n<\/li>\n<li data-start=\"1425\" data-end=\"1455\">\n<p data-start=\"1427\" data-end=\"1455\">Str\u00f8mforbruk: 1W<\/p>\n<\/li>\n<li data-start=\"1456\" data-end=\"1509\">\n<p data-start=\"1458\" data-end=\"1509\">Video utgang: 1,0vp-p, 75 Ohm (RCA-kontakt)<\/p>\n<\/li>\n<li data-start=\"1510\" data-end=\"1554\">\n<p data-start=\"1512\" data-end=\"1554\">Lysf\u00f8lsomt omr\u00e5de: 4,08 mm x 3,12 mm<\/p>\n<\/li>\n<li data-start=\"1555\" data-end=\"1592\">\n<p data-start=\"1557\" data-end=\"1592\">Minimumsbelysning: 0,1 Lux<\/p>\n<\/li>\n<li data-start=\"1593\" data-end=\"1634\">\n<p data-start=\"1595\" data-end=\"1634\">Temperaturomr\u00e5de: -20 \u00b0C til +80 \u00b0C<\/p>\n<\/li>\n<li data-start=\"1635\" data-end=\"1666\">\n<p data-start=\"1637\" data-end=\"1666\">St\u00f8rrelse: 545 x 140 x 30 mm<\/p>\n<\/li>\n<\/ul>\n<h2 style=\"text-align: center\" data-start=\"1673\" data-end=\"1696\">\ud83d\udce6 Pakken Inkluderer<\/h2>\n<ul data-start=\"1698\" data-end=\"1764\">\n<li data-start=\"1698\" data-end=\"1743\">\n<p data-start=\"1700\" data-end=\"1743\">1x bilskiltkamera (4 eller 8 LED-versjon)<\/p>\n<\/li>\n<li data-start=\"1744\" data-end=\"1764\">\n<p data-start=\"1746\" data-end=\"1764\">2x sendere.<\/p>\n<\/li>\n<\/ul>\n","protected":false},"excerpt":{"rendered":"<p>Bakk Trygt Og Eliminere Alle Blindsoner Umiddelbart. \ud83d\ude97 Dette parkeringssensorkameraet gir deg et klart og bredt syn n\u00e5r du rygger [&hellip;]<\/p>\n","protected":false},"featured_media":40314,"comment_status":"open","ping_status":"closed","template":"","meta":{"site-sidebar-layout":"default","site-content-layout":"","ast-site-content-layout":"default","site-content-style":"default","site-sidebar-style":"default","ast-global-header-display":"","ast-banner-title-visibility":"","ast-main-header-display":"","ast-hfb-above-header-display":"","ast-hfb-below-header-display":"","ast-hfb-mobile-header-display":"","site-post-title":"","ast-breadcrumbs-content":"","ast-featured-img":"","footer-sml-layout":"","theme-transparent-header-meta":"default","adv-header-id-meta":"","stick-header-meta":"","header-above-stick-meta":"","header-main-stick-meta":"","header-below-stick-meta":"","astra-migrate-meta-layouts":"set","ast-page-background-enabled":"default","ast-page-background-meta":{"desktop":{"background-color":"var(--ast-global-color-4)","background-image":"","background-repeat":"repeat","background-position":"center center","background-size":"auto","background-attachment":"scroll","background-type":"","background-media":"","overlay-type":"","overlay-color":"","overlay-opacity":"","overlay-gradient":""},"tablet":{"background-color":"","background-image":"","background-repeat":"repeat","background-position":"center center","background-size":"auto","background-attachment":"scroll","background-type":"","background-media":"","overlay-type":"","overlay-color":"","overlay-opacity":"","overlay-gradient":""},"mobile":{"background-color":"","background-image":"","background-repeat":"repeat","background-position":"center center","background-size":"auto","background-attachment":"scroll","background-type":"","background-media":"","overlay-type":"","overlay-color":"","overlay-opacity":"","overlay-gradient":""}},"ast-content-background-meta":{"desktop":{"background-color":"var(--ast-global-color-5)","background-image":"","background-repeat":"repeat","background-position":"center center","background-size":"auto","background-attachment":"scroll","background-type":"","background-media":"","overlay-type":"","overlay-color":"","overlay-opacity":"","overlay-gradient":""},"tablet":{"background-color":"var(--ast-global-color-5)","background-image":"","background-repeat":"repeat","background-position":"center center","background-size":"auto","background-attachment":"scroll","background-type":"","background-media":"","overlay-type":"","overlay-color":"","overlay-opacity":"","overlay-gradient":""},"mobile":{"background-color":"var(--ast-global-color-5)","background-image":"","background-repeat":"repeat","background-position":"center center","background-size":"auto","background-attachment":"scroll","background-type":"","background-media":"","overlay-type":"","overlay-color":"","overlay-opacity":"","overlay-gradient":""}}},"product_brand":[],"product_cat":[998],"product_tag":[],"class_list":{"0":"post-40318","1":"product","2":"type-product","3":"status-publish","4":"has-post-thumbnail","6":"product_cat-bilprodukter","7":"pa_19757_3yyg3j39-4-led","8":"pa_19757_3yyg3j39-8-led","9":"desktop-align-left","10":"tablet-align-left","11":"mobile-align-left","13":"first","14":"instock","15":"shipping-taxable","16":"purchasable","17":"product-type-variable"},"_links":{"self":[{"href":"https:\/\/keluvo.com\/no\/wp-json\/wp\/v2\/product\/40318","targetHints":{"allow":["GET"]}}],"collection":[{"href":"https:\/\/keluvo.com\/no\/wp-json\/wp\/v2\/product"}],"about":[{"href":"https:\/\/keluvo.com\/no\/wp-json\/wp\/v2\/types\/product"}],"replies":[{"embeddable":true,"href":"https:\/\/keluvo.com\/no\/wp-json\/wp\/v2\/comments?post=40318"}],"wp:featuredmedia":[{"embeddable":true,"href":"https:\/\/keluvo.com\/no\/wp-json\/wp\/v2\/media\/40314"}],"wp:attachment":[{"href":"https:\/\/keluvo.com\/no\/wp-json\/wp\/v2\/media?parent=40318"}],"wp:term":[{"taxonomy":"product_brand","embeddable":true,"href":"https:\/\/keluvo.com\/no\/wp-json\/wp\/v2\/product_brand?post=40318"},{"taxonomy":"product_cat","embeddable":true,"href":"https:\/\/keluvo.com\/no\/wp-json\/wp\/v2\/product_cat?post=40318"},{"taxonomy":"product_tag","embeddable":true,"href":"https:\/\/keluvo.com\/no\/wp-json\/wp\/v2\/product_tag?post=40318"}],"curies":[{"name":"wp","href":"https:\/\/api.w.org\/{rel}","templated":true}]}}