{"id":40290,"date":"2025-08-29T11:33:13","date_gmt":"2025-08-29T08:33:13","guid":{"rendered":"https:\/\/keluvo.com\/no\/produkt\/leppestift\/"},"modified":"2025-09-13T15:19:39","modified_gmt":"2025-09-13T12:19:39","slug":"leppestift","status":"publish","type":"product","link":"https:\/\/keluvo.com\/no\/produkt\/leppestift\/","title":{"rendered":"Leppestift"},"content":{"rendered":"<p style=\"text-align: center;\" data-start=\"147\" data-end=\"194\"><strong>Se leppene dine blomstre med hvert eneste str\u00f8k \ud83d\udc84\ud83c\udf38<\/strong><\/p>\n<p style=\"text-align: center;\" data-start=\"196\" data-end=\"418\">Denne magiske gel\u00e9leppestiften reagerer p\u00e5 kroppstemperaturen og pH-verdien din for \u00e5 gi deg en personlig rosa fargetone. Med ekte blomster inni og en blank overflate er det den perfekte blandingen av skj\u00f8nnhet, hudpleie og overraskelse &#8211; alt i \u00e9n tube.<\/p>\n<p data-start=\"196\" data-end=\"418\"><img decoding=\"async\" class=\"size-full wp-image-33006 aligncenter\" src=\"https:\/\/keluvo.com\/template\/wp-content\/uploads\/sites\/5\/2025\/08\/07217-ezgif.com-video-to-webp-converter-2.webp\" alt=\"\" \/><\/p>\n<h2 style=\"text-align: center;\" data-start=\"425\" data-end=\"444\">Hovedfordeler \u2705<\/h2>\n<p data-start=\"448\" data-end=\"500\">\ud83c\udf08 Fargen endres basert p\u00e5 temperatur og pH-niv\u00e5<\/p>\n<p data-start=\"503\" data-end=\"556\">\ud83d\udca7 Hydrerer og pleier leppene med en glansfull finish<\/p>\n<p data-start=\"559\" data-end=\"609\">\ud83c\udf38 Ekte blomst inni den gjennomsiktige gel\u00e9kjernen<\/p>\n<p data-start=\"612\" data-end=\"657\">\ud83d\udc96 Glatt tekstur for et naturlig, friskt utseende<\/p>\n<p data-start=\"660\" data-end=\"703\">\ud83c\udf86 S\u00f8t emballasje gj\u00f8r den til en perfekt gave<\/p>\n<p data-start=\"706\" data-end=\"752\">\ud83d\udeab Ikke-klebrig, lett og langvarig<\/p>\n<p data-start=\"706\" data-end=\"752\"><img decoding=\"async\" class=\"size-full wp-image-33010 aligncenter\" src=\"https:\/\/keluvo.com\/template\/wp-content\/uploads\/sites\/5\/2025\/08\/c9256d291b4c2c08d24409d97cdc3c193e28b396.webp\" alt=\"\" \/><\/p>\n<h2 style=\"text-align: center;\" data-start=\"759\" data-end=\"779\">Hvordan bruke \ud83d\udc47<\/h2>\n<ol data-start=\"781\" data-end=\"1040\">\n<li data-start=\"781\" data-end=\"814\">\n<p data-start=\"784\" data-end=\"814\">P\u00e5f\u00f8r direkte p\u00e5 rene lepper.<\/p>\n<\/li>\n<li data-start=\"815\" data-end=\"868\">\n<p data-start=\"818\" data-end=\"868\">Se gel\u00e9en forvandle seg til en naturlig rosa nyanse.<\/p>\n<\/li>\n<li data-start=\"869\" data-end=\"923\">\n<p data-start=\"872\" data-end=\"923\">P\u00e5f\u00f8r etter behov for dypere farge eller ekstra glans.<\/p>\n<\/li>\n<li data-start=\"924\" data-end=\"983\">\n<p data-start=\"927\" data-end=\"983\">Bruk den alene eller over andre leppestifter for en tilpasset fargetone.<\/p>\n<\/li>\n<li data-start=\"984\" data-end=\"1040\">\n<p data-start=\"987\" data-end=\"1040\">Oppbevar den p\u00e5 et kj\u00f8lig, t\u00f8rt sted for \u00e5 holde blomsten frisk.<\/p>\n<\/li>\n<\/ol>\n<h2 style=\"text-align: center;\" data-start=\"1047\" data-end=\"1069\">Produktdetaljer \ud83d\udccc<\/h2>\n<ul data-start=\"1071\" data-end=\"1312\">\n<li data-start=\"1071\" data-end=\"1107\">\n<p data-start=\"1073\" data-end=\"1107\">Tekstur: Fuktighetsgivende gel\u00e9balsam<\/p>\n<\/li>\n<li data-start=\"1108\" data-end=\"1146\">\n<p data-start=\"1110\" data-end=\"1146\">Avslutt: Fargeskiftende, glanset rosa<\/p>\n<\/li>\n<li data-start=\"1147\" data-end=\"1199\">\n<p data-start=\"1149\" data-end=\"1199\">Ingredienser: Naturlige oljer og botaniske ekstrakter<\/p>\n<\/li>\n<li data-start=\"1200\" data-end=\"1254\">\n<p data-start=\"1202\" data-end=\"1254\">Design: Gjennomsiktig tube med innebygd ekte blomst<\/p>\n<\/li>\n<li data-start=\"1255\" data-end=\"1278\">\n<p data-start=\"1257\" data-end=\"1278\">Duft: Lett blomstret<\/p>\n<\/li>\n<li data-start=\"1279\" data-end=\"1312\">\n<p data-start=\"1281\" data-end=\"1312\">St\u00f8rrelse: Kompakt for daglig bruk<\/p>\n<\/li>\n<\/ul>\n<h2 style=\"text-align: center;\" data-start=\"1319\" data-end=\"1342\">Pakken inkluderer \ud83d\udce6<\/h2>\n<ul data-start=\"1344\" data-end=\"1395\">\n<li data-start=\"1344\" data-end=\"1395\">\n<p data-start=\"1346\" data-end=\"1395\">1x leppestift.<\/p>\n<\/li>\n<\/ul>\n","protected":false},"excerpt":{"rendered":"<p>Se leppene dine blomstre med hvert eneste str\u00f8k \ud83d\udc84\ud83c\udf38 Denne magiske gel\u00e9leppestiften reagerer p\u00e5 kroppstemperaturen og pH-verdien din for \u00e5 [&hellip;]<\/p>\n","protected":false},"featured_media":40286,"comment_status":"open","ping_status":"closed","template":"","meta":{"site-sidebar-layout":"default","site-content-layout":"","ast-site-content-layout":"default","site-content-style":"default","site-sidebar-style":"default","ast-global-header-display":"","ast-banner-title-visibility":"","ast-main-header-display":"","ast-hfb-above-header-display":"","ast-hfb-below-header-display":"","ast-hfb-mobile-header-display":"","site-post-title":"","ast-breadcrumbs-content":"","ast-featured-img":"","footer-sml-layout":"","theme-transparent-header-meta":"default","adv-header-id-meta":"","stick-header-meta":"","header-above-stick-meta":"","header-main-stick-meta":"","header-below-stick-meta":"","astra-migrate-meta-layouts":"set","ast-page-background-enabled":"default","ast-page-background-meta":{"desktop":{"background-color":"var(--ast-global-color-4)","background-image":"","background-repeat":"repeat","background-position":"center center","background-size":"auto","background-attachment":"scroll","background-type":"","background-media":"","overlay-type":"","overlay-color":"","overlay-opacity":"","overlay-gradient":""},"tablet":{"background-color":"","background-image":"","background-repeat":"repeat","background-position":"center center","background-size":"auto","background-attachment":"scroll","background-type":"","background-media":"","overlay-type":"","overlay-color":"","overlay-opacity":"","overlay-gradient":""},"mobile":{"background-color":"","background-image":"","background-repeat":"repeat","background-position":"center center","background-size":"auto","background-attachment":"scroll","background-type":"","background-media":"","overlay-type":"","overlay-color":"","overlay-opacity":"","overlay-gradient":""}},"ast-content-background-meta":{"desktop":{"background-color":"var(--ast-global-color-5)","background-image":"","background-repeat":"repeat","background-position":"center center","background-size":"auto","background-attachment":"scroll","background-type":"","background-media":"","overlay-type":"","overlay-color":"","overlay-opacity":"","overlay-gradient":""},"tablet":{"background-color":"var(--ast-global-color-5)","background-image":"","background-repeat":"repeat","background-position":"center center","background-size":"auto","background-attachment":"scroll","background-type":"","background-media":"","overlay-type":"","overlay-color":"","overlay-opacity":"","overlay-gradient":""},"mobile":{"background-color":"var(--ast-global-color-5)","background-image":"","background-repeat":"repeat","background-position":"center center","background-size":"auto","background-attachment":"scroll","background-type":"","background-media":"","overlay-type":"","overlay-color":"","overlay-opacity":"","overlay-gradient":""}}},"product_brand":[],"product_cat":[992],"product_tag":[],"class_list":{"0":"post-40290","1":"product","2":"type-product","3":"status-publish","4":"has-post-thumbnail","6":"product_cat-skjonnhets-og-hygieneprodukter","7":"pa_30838_i9yhpmch-a","8":"pa_30838_i9yhpmch-b","9":"pa_30838_i9yhpmch-c","10":"pa_30838_i9yhpmch-d","11":"pa_30838_i9yhpmch-e","12":"pa_30838_i9yhpmch-f","13":"desktop-align-left","14":"tablet-align-left","15":"mobile-align-left","17":"first","18":"instock","19":"shipping-taxable","20":"purchasable","21":"product-type-variable"},"_links":{"self":[{"href":"https:\/\/keluvo.com\/no\/wp-json\/wp\/v2\/product\/40290","targetHints":{"allow":["GET"]}}],"collection":[{"href":"https:\/\/keluvo.com\/no\/wp-json\/wp\/v2\/product"}],"about":[{"href":"https:\/\/keluvo.com\/no\/wp-json\/wp\/v2\/types\/product"}],"replies":[{"embeddable":true,"href":"https:\/\/keluvo.com\/no\/wp-json\/wp\/v2\/comments?post=40290"}],"wp:featuredmedia":[{"embeddable":true,"href":"https:\/\/keluvo.com\/no\/wp-json\/wp\/v2\/media\/40286"}],"wp:attachment":[{"href":"https:\/\/keluvo.com\/no\/wp-json\/wp\/v2\/media?parent=40290"}],"wp:term":[{"taxonomy":"product_brand","embeddable":true,"href":"https:\/\/keluvo.com\/no\/wp-json\/wp\/v2\/product_brand?post=40290"},{"taxonomy":"product_cat","embeddable":true,"href":"https:\/\/keluvo.com\/no\/wp-json\/wp\/v2\/product_cat?post=40290"},{"taxonomy":"product_tag","embeddable":true,"href":"https:\/\/keluvo.com\/no\/wp-json\/wp\/v2\/product_tag?post=40290"}],"curies":[{"name":"wp","href":"https:\/\/api.w.org\/{rel}","templated":true}]}}