{"id":40223,"date":"2025-08-29T11:26:22","date_gmt":"2025-08-29T08:26:22","guid":{"rendered":"https:\/\/keluvo.com\/no\/produkt\/alarmsystem\/"},"modified":"2025-08-29T13:19:45","modified_gmt":"2025-08-29T10:19:45","slug":"alarmsystem","status":"publish","type":"product","link":"https:\/\/keluvo.com\/no\/produkt\/alarmsystem\/","title":{"rendered":"Alarmsystem"},"content":{"rendered":"<p style=\"text-align: center\" data-start=\"0\" data-end=\"68\"><strong data-start=\"0\" data-end=\"66\">Beskytt hjemmet eller kontoret ditt med smart og sikker adgangskontroll. \ud83d\udd12<\/strong><\/p>\n<p style=\"text-align: center\" data-start=\"70\" data-end=\"327\">Dette avanserte alarmsystemet kombinerer sterke sikkerhetsfunksjoner med en elegant design, noe som gir deg enkel, n\u00f8kkelfri adgang samtidig som det holder inntrengere ute. Det er ideelt for boliger, kontorer eller utleieboliger, og tilbyr flere oppl\u00e5singsalternativer for total bekvemmelighet og sikkerhet.<\/p>\n<p data-start=\"70\" data-end=\"327\"><img decoding=\"async\" class=\"size-full wp-image-33307 aligncenter\" src=\"https:\/\/keluvo.com\/template\/wp-content\/uploads\/sites\/5\/2025\/08\/0721-ezgif.com-video-to-webp-converter-2.webp\" alt=\"\" \/><\/p>\n<h2 style=\"text-align: center\" data-start=\"334\" data-end=\"355\">Hovedfordeler \ud83d\udd12<\/h2>\n<p data-start=\"358\" data-end=\"425\">\ud83d\udd12 H\u00f8ysikkerhetstilgang &#8211; L\u00e5s opp med kort (n\u00f8kkelbrikke), passord eller begge deler<\/p>\n<p data-start=\"428\" data-end=\"501\">\ud83e\udde0 Lagrer opptil 500 RFID-kort &#8211; perfekt for kontorer eller fellesarealer<\/p>\n<p data-start=\"504\" data-end=\"572\">\ud83d\udeaa Flere oppl\u00e5singsmoduser &#8211; Velg kun kort (n\u00f8kkelbrikke), PIN-kode eller begge deler<\/p>\n<p data-start=\"575\" data-end=\"640\">\ud83d\udd52 Rask oppl\u00e5sing &#8211; 3 sekunders rel\u00e9tid for rask tilgang<\/p>\n<p data-start=\"643\" data-end=\"693\">\ud83d\udca7 Slitesterk design &#8211; fungerer fra -10 \u00b0C til 70 \u00b0C<\/p>\n<p data-start=\"696\" data-end=\"753\">\ud83d\udd14 Innebygd d\u00f8rklokke &#8211; ingen ekstra oppsett n\u00f8dvendig<\/p>\n<p data-start=\"696\" data-end=\"753\"><img decoding=\"async\" class=\"size-full wp-image-33310 aligncenter\" src=\"https:\/\/keluvo.com\/template\/wp-content\/uploads\/sites\/5\/2025\/08\/HTB1BmoUjgMPMeJjy1Xbq6AwxVXaq.jpg_960x960q75.jpg_.jpg\" alt=\"\" \/><\/p>\n<h2 style=\"text-align: center\" data-start=\"760\" data-end=\"779\">Slik Bruker Du Enheten \ud83d\udccc<\/h2>\n<ol data-start=\"780\" data-end=\"1060\">\n<li data-start=\"780\" data-end=\"814\">\n<p data-start=\"783\" data-end=\"814\">Spender enheten med 12 V likestr\u00f8m.<\/p>\n<\/li>\n<li data-start=\"815\" data-end=\"872\">\n<p data-start=\"818\" data-end=\"872\">Programmer opptil 500 RFID-kort og angi PIN-koder etter behov.<\/p>\n<\/li>\n<li data-start=\"873\" data-end=\"922\">\n<p data-start=\"876\" data-end=\"922\">Monter enheten p\u00e5 d\u00f8ren n\u00e6r h\u00e5ndtaket.<\/p>\n<\/li>\n<li data-start=\"923\" data-end=\"983\">\n<p data-start=\"926\" data-end=\"983\">Velg oppl\u00e5singsmodus (kun kort (keytab), kun PIN-kode eller begge deler).<\/p>\n<\/li>\n<li data-start=\"984\" data-end=\"1060\">\n<p data-start=\"987\" data-end=\"1060\">For \u00e5 l\u00e5se opp skanner du enten et registrert RFID-kort (keytab) eller taster inn riktig PIN-kode.<\/p>\n<\/li>\n<\/ol>\n<h2 style=\"text-align: center\" data-start=\"1067\" data-end=\"1091\">Produktdetaljer \ud83d\udccf<\/h2>\n<ul data-start=\"1092\" data-end=\"1433\">\n<li data-start=\"1092\" data-end=\"1115\">\n<p data-start=\"1094\" data-end=\"1115\">Spenning: DC 12V<\/p>\n<\/li>\n<li data-start=\"1154\" data-end=\"1183\">\n<p data-start=\"1156\" data-end=\"1183\">Leseavstand: 5-15mm<\/p>\n<\/li>\n<li data-start=\"1184\" data-end=\"1213\">\n<p data-start=\"1186\" data-end=\"1213\">Relay tid: 3 sekunder<\/p>\n<\/li>\n<li data-start=\"1214\" data-end=\"1259\">\n<p data-start=\"1216\" data-end=\"1259\">Kompatible kort: EM eller EM-kompatible<\/p>\n<\/li>\n<li data-start=\"1318\" data-end=\"1362\">\n<p data-start=\"1320\" data-end=\"1362\">Driftstemperatur: -10 \u00b0 C til 70 \u00b0 C<\/p>\n<\/li>\n<li data-start=\"1363\" data-end=\"1400\">\n<p data-start=\"1365\" data-end=\"1400\">St\u00f8rrelse: 11,8 cm x 11,8 cm x 2,3 cm<\/p>\n<\/li>\n<li data-start=\"1401\" data-end=\"1433\">\n<p data-start=\"1403\" data-end=\"1433\">Farge: Som vist p\u00e5 bildet<\/p>\n<\/li>\n<li>\n<p data-spm-anchor-id=\"a2g0o.detail.1000023.i1.3805NEpUNEpU71\">RFID-kortkapasitet: 500 kort, en &laquo;Personlig PIN&raquo; g\u00e5r alene med hvert kort<\/p>\n<\/li>\n<li>\n<p data-spm-anchor-id=\"a2g0o.detail.1000023.i2.3805NEpUNEpU71\">D\u00f8r\u00e5pningsalternativer (admin bruker valgbar) : Kort (n\u00f8kkelbrikke) &amp; PIN, kun kort (n\u00f8kkelbrikke), kun PIN.<\/p>\n<\/li>\n<\/ul>\n<h2 style=\"text-align: center\" data-start=\"1440\" data-end=\"1465\">Pakken Inkluderer \ud83d\udce6<\/h2>\n<ul data-start=\"1466\" data-end=\"1570\">\n<li data-start=\"1466\" data-end=\"1491\">\n<p data-start=\"1468\" data-end=\"1491\">Alternativ A: 1x RFID-tilgangskontrollpanel<\/p>\n<\/li>\n<li data-start=\"1466\" data-end=\"1491\">\n<p data-start=\"1468\" data-end=\"1491\">Alternativ B: 1x RFID-tilgangskontrollpanel, 10x n\u00f8kkelfliker<\/p>\n<\/li>\n<li data-start=\"1466\" data-end=\"1491\">Alternativ C: 1x RFID-tilgangskontrollpanel, 10x RFID 125khz-kort.<\/li>\n<\/ul>\n","protected":false},"excerpt":{"rendered":"<p>Beskytt hjemmet eller kontoret ditt med smart og sikker adgangskontroll. \ud83d\udd12 Dette avanserte alarmsystemet kombinerer sterke sikkerhetsfunksjoner med en elegant [&hellip;]<\/p>\n","protected":false},"featured_media":40219,"comment_status":"open","ping_status":"closed","template":"","meta":{"site-sidebar-layout":"default","site-content-layout":"","ast-site-content-layout":"default","site-content-style":"default","site-sidebar-style":"default","ast-global-header-display":"","ast-banner-title-visibility":"","ast-main-header-display":"","ast-hfb-above-header-display":"","ast-hfb-below-header-display":"","ast-hfb-mobile-header-display":"","site-post-title":"","ast-breadcrumbs-content":"","ast-featured-img":"","footer-sml-layout":"","theme-transparent-header-meta":"default","adv-header-id-meta":"","stick-header-meta":"","header-above-stick-meta":"","header-main-stick-meta":"","header-below-stick-meta":"","astra-migrate-meta-layouts":"set","ast-page-background-enabled":"default","ast-page-background-meta":{"desktop":{"background-color":"var(--ast-global-color-4)","background-image":"","background-repeat":"repeat","background-position":"center center","background-size":"auto","background-attachment":"scroll","background-type":"","background-media":"","overlay-type":"","overlay-color":"","overlay-opacity":"","overlay-gradient":""},"tablet":{"background-color":"","background-image":"","background-repeat":"repeat","background-position":"center center","background-size":"auto","background-attachment":"scroll","background-type":"","background-media":"","overlay-type":"","overlay-color":"","overlay-opacity":"","overlay-gradient":""},"mobile":{"background-color":"","background-image":"","background-repeat":"repeat","background-position":"center center","background-size":"auto","background-attachment":"scroll","background-type":"","background-media":"","overlay-type":"","overlay-color":"","overlay-opacity":"","overlay-gradient":""}},"ast-content-background-meta":{"desktop":{"background-color":"var(--ast-global-color-5)","background-image":"","background-repeat":"repeat","background-position":"center center","background-size":"auto","background-attachment":"scroll","background-type":"","background-media":"","overlay-type":"","overlay-color":"","overlay-opacity":"","overlay-gradient":""},"tablet":{"background-color":"var(--ast-global-color-5)","background-image":"","background-repeat":"repeat","background-position":"center center","background-size":"auto","background-attachment":"scroll","background-type":"","background-media":"","overlay-type":"","overlay-color":"","overlay-opacity":"","overlay-gradient":""},"mobile":{"background-color":"var(--ast-global-color-5)","background-image":"","background-repeat":"repeat","background-position":"center center","background-size":"auto","background-attachment":"scroll","background-type":"","background-media":"","overlay-type":"","overlay-color":"","overlay-opacity":"","overlay-gradient":""}}},"product_brand":[],"product_cat":[1001],"product_tag":[],"class_list":{"0":"post-40223","1":"product","2":"type-product","3":"status-publish","4":"has-post-thumbnail","6":"product_cat-husholdningsartikler","7":"pa_19667_kw9vrats-a","8":"pa_19667_kw9vrats-b","9":"pa_19667_kw9vrats-c","10":"desktop-align-left","11":"tablet-align-left","12":"mobile-align-left","14":"first","15":"instock","16":"shipping-taxable","17":"purchasable","18":"product-type-variable"},"_links":{"self":[{"href":"https:\/\/keluvo.com\/no\/wp-json\/wp\/v2\/product\/40223","targetHints":{"allow":["GET"]}}],"collection":[{"href":"https:\/\/keluvo.com\/no\/wp-json\/wp\/v2\/product"}],"about":[{"href":"https:\/\/keluvo.com\/no\/wp-json\/wp\/v2\/types\/product"}],"replies":[{"embeddable":true,"href":"https:\/\/keluvo.com\/no\/wp-json\/wp\/v2\/comments?post=40223"}],"wp:featuredmedia":[{"embeddable":true,"href":"https:\/\/keluvo.com\/no\/wp-json\/wp\/v2\/media\/40219"}],"wp:attachment":[{"href":"https:\/\/keluvo.com\/no\/wp-json\/wp\/v2\/media?parent=40223"}],"wp:term":[{"taxonomy":"product_brand","embeddable":true,"href":"https:\/\/keluvo.com\/no\/wp-json\/wp\/v2\/product_brand?post=40223"},{"taxonomy":"product_cat","embeddable":true,"href":"https:\/\/keluvo.com\/no\/wp-json\/wp\/v2\/product_cat?post=40223"},{"taxonomy":"product_tag","embeddable":true,"href":"https:\/\/keluvo.com\/no\/wp-json\/wp\/v2\/product_tag?post=40223"}],"curies":[{"name":"wp","href":"https:\/\/api.w.org\/{rel}","templated":true}]}}