{"id":3958,"date":"2024-10-31T14:22:24","date_gmt":"2024-10-31T12:22:24","guid":{"rendered":"https:\/\/keluvo.com\/no\/produkt\/varmt-flanellteppe\/"},"modified":"2024-10-31T15:49:15","modified_gmt":"2024-10-31T13:49:15","slug":"varmt-flanellteppe","status":"publish","type":"product","link":"https:\/\/keluvo.com\/no\/produkt\/varmt-flanellteppe\/","title":{"rendered":"Varmt flanellteppe"},"content":{"rendered":"<h2 style=\"text-align: center;\"><strong> Myk og koselig komfort<\/strong><\/h2>\n<p style=\"text-align: center;\">Det varme flanellteppet er laget av ultramyk flanell, noe som gir deg en koselig og sk\u00e5nsom f\u00f8lelse. Teppet er perfekt for kalde netter, og det pakker deg inn i varme samtidig som det puster, noe som gj\u00f8r det ideelt for alle \u00e5rstider.<\/p>\n<p><img decoding=\"async\" class=\"alignnone size-medium wp-image-2155 aligncenter\" src=\"https:\/\/keluvo.com\/template\/wp-content\/uploads\/sites\/5\/2024\/10\/f9c805bb-01ca-490a-b257-d1b913cf4a3f.webp\" alt=\"\" \/><\/p>\n<h2 style=\"text-align: center;\"><strong> En rekke forskjellige st\u00f8rrelser Tilgjengelig<\/strong><\/h2>\n<p style=\"text-align: center;\">Velg mellom flere st\u00f8rrelser for \u00e5 finne den som passer best til dine behov. Enten det er til en enkeltseng, dobbeltseng eller som et allsidig pledd, tilbyr Warm Flannel-teppet komfort i akkurat riktig st\u00f8rrelse for alle rom.<\/p>\n<p><img decoding=\"async\" class=\"alignnone size-medium wp-image-2153 aligncenter\" src=\"https:\/\/keluvo.com\/template\/wp-content\/uploads\/sites\/5\/2024\/10\/c6798dd1-b9fa-4942-906f-9738bf2e3720.webp\" alt=\"\" \/><\/p>\n","protected":false},"excerpt":{"rendered":"<p>Myk og koselig komfort Det varme flanellteppet er laget av ultramyk flanell, noe som gir deg en koselig og sk\u00e5nsom [&hellip;]<\/p>\n","protected":false},"featured_media":3954,"comment_status":"open","ping_status":"closed","template":"","meta":{"site-sidebar-layout":"default","site-content-layout":"","ast-site-content-layout":"default","site-content-style":"default","site-sidebar-style":"default","ast-global-header-display":"","ast-banner-title-visibility":"","ast-main-header-display":"","ast-hfb-above-header-display":"","ast-hfb-below-header-display":"","ast-hfb-mobile-header-display":"","site-post-title":"","ast-breadcrumbs-content":"","ast-featured-img":"","footer-sml-layout":"","theme-transparent-header-meta":"default","adv-header-id-meta":"","stick-header-meta":"","header-above-stick-meta":"","header-main-stick-meta":"","header-below-stick-meta":"","astra-migrate-meta-layouts":"set","ast-page-background-enabled":"default","ast-page-background-meta":{"desktop":{"background-color":"var(--ast-global-color-4)","background-image":"","background-repeat":"repeat","background-position":"center center","background-size":"auto","background-attachment":"scroll","background-type":"","background-media":"","overlay-type":"","overlay-color":"","overlay-opacity":"","overlay-gradient":""},"tablet":{"background-color":"","background-image":"","background-repeat":"repeat","background-position":"center center","background-size":"auto","background-attachment":"scroll","background-type":"","background-media":"","overlay-type":"","overlay-color":"","overlay-opacity":"","overlay-gradient":""},"mobile":{"background-color":"","background-image":"","background-repeat":"repeat","background-position":"center center","background-size":"auto","background-attachment":"scroll","background-type":"","background-media":"","overlay-type":"","overlay-color":"","overlay-opacity":"","overlay-gradient":""}},"ast-content-background-meta":{"desktop":{"background-color":"var(--ast-global-color-5)","background-image":"","background-repeat":"repeat","background-position":"center center","background-size":"auto","background-attachment":"scroll","background-type":"","background-media":"","overlay-type":"","overlay-color":"","overlay-opacity":"","overlay-gradient":""},"tablet":{"background-color":"var(--ast-global-color-5)","background-image":"","background-repeat":"repeat","background-position":"center center","background-size":"auto","background-attachment":"scroll","background-type":"","background-media":"","overlay-type":"","overlay-color":"","overlay-opacity":"","overlay-gradient":""},"mobile":{"background-color":"var(--ast-global-color-5)","background-image":"","background-repeat":"repeat","background-position":"center center","background-size":"auto","background-attachment":"scroll","background-type":"","background-media":"","overlay-type":"","overlay-color":"","overlay-opacity":"","overlay-gradient":""}}},"product_brand":[],"product_cat":[1001],"product_tag":[],"class_list":{"0":"post-3958","1":"product","2":"type-product","3":"status-publish","4":"has-post-thumbnail","6":"product_cat-husholdningsartikler","7":"pa_3rqx1h6h-bla","8":"pa_3rqx1h6h-brun","9":"pa_3rqx1h6h-gra","10":"pa_3rqx1h6h-gronn","11":"pa_3rqx1h6h-hvit","12":"pa_3rqx1h6h-kaffe","13":"pa_3rqx1h6h-lilla","14":"pa_3rqx1h6h-rosa","15":"pa_ssjj3s77-120x200-cm","16":"pa_ssjj3s77-150x200-cm","17":"pa_ssjj3s77-180x200-cm","18":"pa_ssjj3s77-200-x-230-cm","19":"desktop-align-left","20":"tablet-align-left","21":"mobile-align-left","23":"first","24":"instock","25":"shipping-taxable","26":"purchasable","27":"product-type-variable","28":"has-default-attributes"},"_links":{"self":[{"href":"https:\/\/keluvo.com\/no\/wp-json\/wp\/v2\/product\/3958","targetHints":{"allow":["GET"]}}],"collection":[{"href":"https:\/\/keluvo.com\/no\/wp-json\/wp\/v2\/product"}],"about":[{"href":"https:\/\/keluvo.com\/no\/wp-json\/wp\/v2\/types\/product"}],"replies":[{"embeddable":true,"href":"https:\/\/keluvo.com\/no\/wp-json\/wp\/v2\/comments?post=3958"}],"wp:featuredmedia":[{"embeddable":true,"href":"https:\/\/keluvo.com\/no\/wp-json\/wp\/v2\/media\/3954"}],"wp:attachment":[{"href":"https:\/\/keluvo.com\/no\/wp-json\/wp\/v2\/media?parent=3958"}],"wp:term":[{"taxonomy":"product_brand","embeddable":true,"href":"https:\/\/keluvo.com\/no\/wp-json\/wp\/v2\/product_brand?post=3958"},{"taxonomy":"product_cat","embeddable":true,"href":"https:\/\/keluvo.com\/no\/wp-json\/wp\/v2\/product_cat?post=3958"},{"taxonomy":"product_tag","embeddable":true,"href":"https:\/\/keluvo.com\/no\/wp-json\/wp\/v2\/product_tag?post=3958"}],"curies":[{"name":"wp","href":"https:\/\/api.w.org\/{rel}","templated":true}]}}