{"id":3941,"date":"2024-10-31T14:21:06","date_gmt":"2024-10-31T12:21:06","guid":{"rendered":"https:\/\/keluvo.com\/no\/produkt\/sminkeveske\/"},"modified":"2024-10-31T14:36:44","modified_gmt":"2024-10-31T12:36:44","slug":"sminkeveske","status":"publish","type":"product","link":"https:\/\/keluvo.com\/no\/produkt\/sminkeveske\/","title":{"rendered":"Sminkeveske"},"content":{"rendered":"<h2 style=\"text-align: center;\"><strong> Romslig og praktisk<\/strong><\/h2>\n<p style=\"text-align: center;\">Sminkevesken i PU har god plass til \u00e5 organisere alle kosmetikk- og toalettsaker p\u00e5 en ryddig m\u00e5te. Denne vesken er perfekt b\u00e5de til reise og hverdagsbruk, og s\u00f8rger for at alt du trenger er lett tilgjengelig og lett \u00e5 finne.<\/p>\n<p><img decoding=\"async\" class=\"alignnone size-medium wp-image-2128 aligncenter\" src=\"https:\/\/keluvo.com\/template\/wp-content\/uploads\/sites\/5\/2024\/10\/102d564e-f9ed-4494-8961-0b398bb06a27.webp\" alt=\"\" \/><\/p>\n<h2 style=\"text-align: center;\"><strong> Slitesterk og stilig design<\/strong><\/h2>\n<p style=\"text-align: center;\">Laget av PU-skinn av h\u00f8y kvalitet, PU Makeup Bag er laget for \u00e5 vare og beskytte tingene dine. Den elegante, ensfargede designen tilf\u00f8rer et snev av eleganse, noe som gj\u00f8r den til et stilig tilskudd til enhver samling.<\/p>\n<p><img decoding=\"async\" class=\"alignnone size-medium wp-image-2137 aligncenter\" src=\"https:\/\/keluvo.com\/template\/wp-content\/uploads\/sites\/5\/2024\/10\/S339b419f72bb4dc6a92ccb73f9677e02A.jpg\" alt=\"\" \/><\/p>\n","protected":false},"excerpt":{"rendered":"<p>Romslig og praktisk Sminkevesken i PU har god plass til \u00e5 organisere alle kosmetikk- og toalettsaker p\u00e5 en ryddig m\u00e5te. [&hellip;]<\/p>\n","protected":false},"featured_media":3937,"comment_status":"open","ping_status":"closed","template":"","meta":{"site-sidebar-layout":"default","site-content-layout":"","ast-site-content-layout":"default","site-content-style":"default","site-sidebar-style":"default","ast-global-header-display":"","ast-banner-title-visibility":"","ast-main-header-display":"","ast-hfb-above-header-display":"","ast-hfb-below-header-display":"","ast-hfb-mobile-header-display":"","site-post-title":"","ast-breadcrumbs-content":"","ast-featured-img":"","footer-sml-layout":"","theme-transparent-header-meta":"default","adv-header-id-meta":"","stick-header-meta":"","header-above-stick-meta":"","header-main-stick-meta":"","header-below-stick-meta":"","astra-migrate-meta-layouts":"set","ast-page-background-enabled":"default","ast-page-background-meta":{"desktop":{"background-color":"var(--ast-global-color-4)","background-image":"","background-repeat":"repeat","background-position":"center center","background-size":"auto","background-attachment":"scroll","background-type":"","background-media":"","overlay-type":"","overlay-color":"","overlay-opacity":"","overlay-gradient":""},"tablet":{"background-color":"","background-image":"","background-repeat":"repeat","background-position":"center center","background-size":"auto","background-attachment":"scroll","background-type":"","background-media":"","overlay-type":"","overlay-color":"","overlay-opacity":"","overlay-gradient":""},"mobile":{"background-color":"","background-image":"","background-repeat":"repeat","background-position":"center center","background-size":"auto","background-attachment":"scroll","background-type":"","background-media":"","overlay-type":"","overlay-color":"","overlay-opacity":"","overlay-gradient":""}},"ast-content-background-meta":{"desktop":{"background-color":"var(--ast-global-color-5)","background-image":"","background-repeat":"repeat","background-position":"center center","background-size":"auto","background-attachment":"scroll","background-type":"","background-media":"","overlay-type":"","overlay-color":"","overlay-opacity":"","overlay-gradient":""},"tablet":{"background-color":"var(--ast-global-color-5)","background-image":"","background-repeat":"repeat","background-position":"center center","background-size":"auto","background-attachment":"scroll","background-type":"","background-media":"","overlay-type":"","overlay-color":"","overlay-opacity":"","overlay-gradient":""},"mobile":{"background-color":"var(--ast-global-color-5)","background-image":"","background-repeat":"repeat","background-position":"center center","background-size":"auto","background-attachment":"scroll","background-type":"","background-media":"","overlay-type":"","overlay-color":"","overlay-opacity":"","overlay-gradient":""}}},"product_brand":[],"product_cat":[992,993],"product_tag":[],"class_list":{"0":"post-3941","1":"product","2":"type-product","3":"status-publish","4":"has-post-thumbnail","6":"product_cat-skjonnhets-og-hygieneprodukter","7":"product_cat-skotoy-tilbehor","8":"pa_71hppz4n-brun","9":"pa_71hppz4n-hvit","10":"pa_71hppz4n-rosa","11":"pa_71hppz4n-svart","12":"desktop-align-left","13":"tablet-align-left","14":"mobile-align-left","16":"first","17":"instock","18":"shipping-taxable","19":"purchasable","20":"product-type-variable"},"_links":{"self":[{"href":"https:\/\/keluvo.com\/no\/wp-json\/wp\/v2\/product\/3941","targetHints":{"allow":["GET"]}}],"collection":[{"href":"https:\/\/keluvo.com\/no\/wp-json\/wp\/v2\/product"}],"about":[{"href":"https:\/\/keluvo.com\/no\/wp-json\/wp\/v2\/types\/product"}],"replies":[{"embeddable":true,"href":"https:\/\/keluvo.com\/no\/wp-json\/wp\/v2\/comments?post=3941"}],"wp:featuredmedia":[{"embeddable":true,"href":"https:\/\/keluvo.com\/no\/wp-json\/wp\/v2\/media\/3937"}],"wp:attachment":[{"href":"https:\/\/keluvo.com\/no\/wp-json\/wp\/v2\/media?parent=3941"}],"wp:term":[{"taxonomy":"product_brand","embeddable":true,"href":"https:\/\/keluvo.com\/no\/wp-json\/wp\/v2\/product_brand?post=3941"},{"taxonomy":"product_cat","embeddable":true,"href":"https:\/\/keluvo.com\/no\/wp-json\/wp\/v2\/product_cat?post=3941"},{"taxonomy":"product_tag","embeddable":true,"href":"https:\/\/keluvo.com\/no\/wp-json\/wp\/v2\/product_tag?post=3941"}],"curies":[{"name":"wp","href":"https:\/\/api.w.org\/{rel}","templated":true}]}}