{"id":39405,"date":"2025-08-21T13:15:48","date_gmt":"2025-08-21T10:15:48","guid":{"rendered":"https:\/\/keluvo.com\/no\/produkt\/dobbeltsidig-tape\/"},"modified":"2025-08-21T13:15:58","modified_gmt":"2025-08-21T10:15:58","slug":"dobbeltsidig-tape","status":"publish","type":"product","link":"https:\/\/keluvo.com\/no\/produkt\/dobbeltsidig-tape\/","title":{"rendered":"Dobbeltsidig tape"},"content":{"rendered":"<p style=\"text-align: center\" data-start=\"92\" data-end=\"147\"><strong data-start=\"92\" data-end=\"147\">Fest Hva Som Helst, Hvor Som Helst\u2014Raskt, Rent, Og Gjenbrukbart! \ud83d\udd04<\/strong><\/p>\n<p style=\"text-align: center\" data-start=\"149\" data-end=\"389\">Denne kraftige dobbeltsidige teipen er l\u00f8sningen du trenger for \u00e5 montere og organisere hva som helst hjemme, p\u00e5 kontoret eller n\u00e5r du dekorerer. Den fester seg umiddelbart p\u00e5 glatte overflater, etterlater ingen rester og er fullt gjenbrukbar &#8211; bare vask og p\u00e5f\u00f8r p\u00e5 nytt!<\/p>\n<p data-start=\"149\" data-end=\"389\"><img decoding=\"async\" class=\"size-full wp-image-32824 aligncenter\" src=\"https:\/\/keluvo.com\/template\/wp-content\/uploads\/sites\/5\/2025\/08\/072119-ezgif.com-video-to-webp-converter-1.webp\" alt=\"\" \/><\/p>\n<h2 style=\"text-align: center\" data-start=\"396\" data-end=\"416\">\u2b50 Hovedfordeler<\/h2>\n<p data-start=\"419\" data-end=\"481\">\ud83e\uddf2 Sterkt hold \u2013 Holder gjenstander p\u00e5 plass med sikker adhesion<\/p>\n<p data-start=\"484\" data-end=\"538\">\u2702\ufe0f Tilpasset st\u00f8rrelse \u2013 Klipp enkelt til den lengden du trenger<\/p>\n<p data-start=\"541\" data-end=\"613\">\ud83e\uddfc Uten rester \u2013 Fjernes rent uten \u00e5 skade vegger eller overflater<\/p>\n<p data-start=\"616\" data-end=\"665\">\ud83d\udd04 Gjenbrukbar \u2013 Bare vask, t\u00f8rk og bruk p\u00e5 nytt<\/p>\n<p data-start=\"668\" data-end=\"732\">\ud83e\ude84 Flerbruk \u2013 Ideell for montering, dekorering eller organisering<\/p>\n<p data-start=\"668\" data-end=\"732\"><img decoding=\"async\" class=\"size-full wp-image-32821 aligncenter\" src=\"https:\/\/keluvo.com\/template\/wp-content\/uploads\/sites\/5\/2025\/08\/S09e3033189854ecf8886a894825d8a98G.jpeg_960x960q75.jpeg_.avif\" alt=\"\" \/><\/p>\n<h2 style=\"text-align: center\" data-start=\"739\" data-end=\"757\">\ud83d\udccc Hvordan Bruke<\/h2>\n<ol data-start=\"758\" data-end=\"966\">\n<li data-start=\"758\" data-end=\"793\">\n<p data-start=\"761\" data-end=\"793\">Trekk av tapen fra rullen.<\/p>\n<\/li>\n<li data-start=\"794\" data-end=\"831\">\n<p data-start=\"797\" data-end=\"831\">Klipp eller riv til \u00f8nsket lengde.<\/p>\n<\/li>\n<li data-start=\"832\" data-end=\"905\">\n<p data-start=\"835\" data-end=\"905\">Fest den ene siden p\u00e5 gjenstanden, og trykk deretter godt fast p\u00e5 en ren overflate.<\/p>\n<\/li>\n<li data-start=\"906\" data-end=\"966\">\n<p data-start=\"909\" data-end=\"966\">For gjenbruk, trekk forsiktig av, vask med vann, t\u00f8rk og sett p\u00e5 igjen.<\/p>\n<\/li>\n<\/ol>\n<h2 style=\"text-align: center\" data-start=\"973\" data-end=\"996\">\ud83d\udcd0 Produktdetaljer<\/h2>\n<ul data-start=\"997\" data-end=\"1173\">\n<li data-start=\"997\" data-end=\"1033\">\n<p data-start=\"999\" data-end=\"1033\">Materiale: Akryl av h\u00f8y kvalitet<\/p>\n<\/li>\n<li data-start=\"1034\" data-end=\"1058\">\n<p data-start=\"1036\" data-end=\"1058\">Farge: Transparent<\/p>\n<\/li>\n<li data-start=\"1059\" data-end=\"1084\">\n<p data-start=\"1061\" data-end=\"1084\">Vekt: Ca. 30 g<\/p>\n<\/li>\n<li data-start=\"1085\" data-end=\"1129\">\n<p data-start=\"1087\" data-end=\"1129\">Tape-st\u00f8rrelse: 18 mm x 50 mm<\/p>\n<\/li>\n<li data-start=\"1130\" data-end=\"1173\">\n<p data-start=\"1132\" data-end=\"1173\">Boksst\u00f8rrelse: 65 mm x 65 mm<\/p>\n<\/li>\n<li data-start=\"1130\" data-end=\"1173\">1 eske: 60 stk<\/li>\n<\/ul>\n<h2 style=\"text-align: center\" data-start=\"1180\" data-end=\"1204\">\ud83d\udce6 Pakken Inneholder<\/h2>\n<ul data-start=\"1205\" data-end=\"1272\">\n<li data-start=\"1205\" data-end=\"1272\">\n<p data-start=\"1207\" data-end=\"1272\">1, 2, 3x esker med dobbeltsidig tape (60, 120, 180 stk).<\/p>\n<\/li>\n<\/ul>\n","protected":false},"excerpt":{"rendered":"<p>Fest Hva Som Helst, Hvor Som Helst\u2014Raskt, Rent, Og Gjenbrukbart! \ud83d\udd04 Denne kraftige dobbeltsidige teipen er l\u00f8sningen du trenger for [&hellip;]<\/p>\n","protected":false},"featured_media":39401,"comment_status":"open","ping_status":"closed","template":"","meta":{"site-sidebar-layout":"default","site-content-layout":"","ast-site-content-layout":"default","site-content-style":"default","site-sidebar-style":"default","ast-global-header-display":"","ast-banner-title-visibility":"","ast-main-header-display":"","ast-hfb-above-header-display":"","ast-hfb-below-header-display":"","ast-hfb-mobile-header-display":"","site-post-title":"","ast-breadcrumbs-content":"","ast-featured-img":"","footer-sml-layout":"","theme-transparent-header-meta":"default","adv-header-id-meta":"","stick-header-meta":"","header-above-stick-meta":"","header-main-stick-meta":"","header-below-stick-meta":"","astra-migrate-meta-layouts":"set","ast-page-background-enabled":"default","ast-page-background-meta":{"desktop":{"background-color":"var(--ast-global-color-4)","background-image":"","background-repeat":"repeat","background-position":"center center","background-size":"auto","background-attachment":"scroll","background-type":"","background-media":"","overlay-type":"","overlay-color":"","overlay-opacity":"","overlay-gradient":""},"tablet":{"background-color":"","background-image":"","background-repeat":"repeat","background-position":"center center","background-size":"auto","background-attachment":"scroll","background-type":"","background-media":"","overlay-type":"","overlay-color":"","overlay-opacity":"","overlay-gradient":""},"mobile":{"background-color":"","background-image":"","background-repeat":"repeat","background-position":"center center","background-size":"auto","background-attachment":"scroll","background-type":"","background-media":"","overlay-type":"","overlay-color":"","overlay-opacity":"","overlay-gradient":""}},"ast-content-background-meta":{"desktop":{"background-color":"var(--ast-global-color-5)","background-image":"","background-repeat":"repeat","background-position":"center center","background-size":"auto","background-attachment":"scroll","background-type":"","background-media":"","overlay-type":"","overlay-color":"","overlay-opacity":"","overlay-gradient":""},"tablet":{"background-color":"var(--ast-global-color-5)","background-image":"","background-repeat":"repeat","background-position":"center center","background-size":"auto","background-attachment":"scroll","background-type":"","background-media":"","overlay-type":"","overlay-color":"","overlay-opacity":"","overlay-gradient":""},"mobile":{"background-color":"var(--ast-global-color-5)","background-image":"","background-repeat":"repeat","background-position":"center center","background-size":"auto","background-attachment":"scroll","background-type":"","background-media":"","overlay-type":"","overlay-color":"","overlay-opacity":"","overlay-gradient":""}}},"product_brand":[],"product_cat":[1001],"product_tag":[],"class_list":{"0":"post-39405","1":"product","2":"type-product","3":"status-publish","4":"has-post-thumbnail","6":"product_cat-husholdningsartikler","7":"pa_42855_taivvncx-1-eske","8":"pa_42855_taivvncx-2-esker","9":"pa_42855_taivvncx-3-esker","10":"desktop-align-left","11":"tablet-align-left","12":"mobile-align-left","14":"first","15":"instock","16":"shipping-taxable","17":"purchasable","18":"product-type-variable"},"_links":{"self":[{"href":"https:\/\/keluvo.com\/no\/wp-json\/wp\/v2\/product\/39405","targetHints":{"allow":["GET"]}}],"collection":[{"href":"https:\/\/keluvo.com\/no\/wp-json\/wp\/v2\/product"}],"about":[{"href":"https:\/\/keluvo.com\/no\/wp-json\/wp\/v2\/types\/product"}],"replies":[{"embeddable":true,"href":"https:\/\/keluvo.com\/no\/wp-json\/wp\/v2\/comments?post=39405"}],"wp:featuredmedia":[{"embeddable":true,"href":"https:\/\/keluvo.com\/no\/wp-json\/wp\/v2\/media\/39401"}],"wp:attachment":[{"href":"https:\/\/keluvo.com\/no\/wp-json\/wp\/v2\/media?parent=39405"}],"wp:term":[{"taxonomy":"product_brand","embeddable":true,"href":"https:\/\/keluvo.com\/no\/wp-json\/wp\/v2\/product_brand?post=39405"},{"taxonomy":"product_cat","embeddable":true,"href":"https:\/\/keluvo.com\/no\/wp-json\/wp\/v2\/product_cat?post=39405"},{"taxonomy":"product_tag","embeddable":true,"href":"https:\/\/keluvo.com\/no\/wp-json\/wp\/v2\/product_tag?post=39405"}],"curies":[{"name":"wp","href":"https:\/\/api.w.org\/{rel}","templated":true}]}}