{"id":39361,"date":"2025-08-21T13:12:54","date_gmt":"2025-08-21T10:12:54","guid":{"rendered":"https:\/\/keluvo.com\/no\/produkt\/stotte-for-skuldrene\/"},"modified":"2025-09-12T16:33:54","modified_gmt":"2025-09-12T13:33:54","slug":"stotte-for-skuldrene","status":"publish","type":"product","link":"https:\/\/keluvo.com\/no\/produkt\/stotte-for-skuldrene\/","title":{"rendered":"St\u00f8tte for skuldrene"},"content":{"rendered":"<p style=\"text-align: center\" data-start=\"100\" data-end=\"148\"><strong>Beskytt Skulderen Og Hold Deg Aktiv \ud83d\udcaa\ud83c\udffd\ud83d\udee1\ufe0f<\/strong><\/p>\n<p style=\"text-align: center\" data-start=\"150\" data-end=\"326\">This lett, pustende skulderst\u00f8tte gir stabilitet, st\u00f8tte og kompresjon &#8211; og hjelper deg med \u00e5 komme deg etter skader eller forebygge dem under trening og daglige aktiviteter.<\/p>\n<p data-start=\"150\" data-end=\"326\"><img decoding=\"async\" class=\"size-full wp-image-32759 aligncenter\" src=\"https:\/\/keluvo.com\/template\/wp-content\/uploads\/sites\/5\/2025\/08\/1_2048x2048.webp\" alt=\"\" \/><\/p>\n<h2 style=\"text-align: center\" data-start=\"328\" data-end=\"349\">Hovedfordeler \u2705<\/h2>\n<p data-start=\"352\" data-end=\"391\">\ud83d\udd12 St\u00f8tter svake eller skadde skuldre<\/p>\n<p data-start=\"394\" data-end=\"460\">\ud83c\udfaf Gir m\u00e5lrettet kompresjon for \u00e5 redusere betennelse og pain<\/p>\n<p data-start=\"463\" data-end=\"513\">\ud83c\udf2c\ufe0f Laget av pustende, svettebestandig stoff<\/p>\n<p data-start=\"516\" data-end=\"559\">\ud83d\udd01 Justerbare stropper for en tilpasset passform<\/p>\n<p data-start=\"562\" data-end=\"616\">\ud83e\udde5 Slank design &#8211; kan b\u00e6res diskret under kl\u00e6rne<\/p>\n<p data-start=\"562\" data-end=\"616\"><img decoding=\"async\" class=\"size-full wp-image-32758 aligncenter\" src=\"https:\/\/keluvo.com\/template\/wp-content\/uploads\/sites\/5\/2025\/08\/S6f178851a7ef472dbd1376fe443df42fq.jpg_960x960q75.jpg_.jpg\" alt=\"\" \/><\/p>\n<h2 style=\"text-align: center\" data-start=\"618\" data-end=\"640\">Slik Bruker Du \u2699\ufe0f<\/h2>\n<ol data-start=\"641\" data-end=\"866\">\n<li data-start=\"641\" data-end=\"708\">\n<p data-start=\"644\" data-end=\"708\">Slip armen gjennom ermet og vikle rundt skulderen.<\/p>\n<\/li>\n<li data-start=\"709\" data-end=\"754\">\n<p data-start=\"712\" data-end=\"754\">Juster stroppene til de sitter godt.<\/p>\n<\/li>\n<li data-start=\"755\" data-end=\"820\">\n<p data-start=\"758\" data-end=\"820\">b\u00e6res under eller over skjorten mens du trener eller restituerer deg.<\/p>\n<\/li>\n<li data-start=\"821\" data-end=\"866\">\n<p data-start=\"824\" data-end=\"866\">ta av etter bruk og vask for h\u00e5nd om n\u00f8dvendig.<\/p>\n<\/li>\n<\/ol>\n<h2 style=\"text-align: center\" data-start=\"868\" data-end=\"892\">Produktdetaljer \ud83d\udccf<\/h2>\n<ul data-start=\"893\" data-end=\"1092\">\n<li data-start=\"893\" data-end=\"934\">\n<p data-start=\"895\" data-end=\"934\">Materiale: Neopren og elastisk stoff<\/p>\n<\/li>\n<li data-start=\"935\" data-end=\"996\">\n<p data-start=\"937\" data-end=\"996\">Passform: Unisex, justerbar i \u00e9n st\u00f8rrelse (venstre eller h\u00f8yre skulder)<\/p>\n<\/li>\n<li data-start=\"997\" data-end=\"1092\">\n<p data-start=\"999\" data-end=\"1092\">Bruksomr\u00e5der: Sportsbeskyttelse, rotatormansjettskade, st\u00f8tte etter operasjon, leddbetennelse<\/p>\n<\/li>\n<\/ul>\n<h2 style=\"text-align: center\" data-start=\"1094\" data-end=\"1119\">Pakken Inkluderer \ud83d\udcec<\/h2>\n<ul data-start=\"1120\" data-end=\"1160\">\n<li data-start=\"1120\" data-end=\"1160\">\n<p data-start=\"1122\" data-end=\"1160\">1x justerbar skulderst\u00f8tte (venstre eller h\u00f8yre).<\/p>\n<\/li>\n<\/ul>\n","protected":false},"excerpt":{"rendered":"<p>Beskytt Skulderen Og Hold Deg Aktiv \ud83d\udcaa\ud83c\udffd\ud83d\udee1\ufe0f This lett, pustende skulderst\u00f8tte gir stabilitet, st\u00f8tte og kompresjon &#8211; og hjelper deg [&hellip;]<\/p>\n","protected":false},"featured_media":39358,"comment_status":"open","ping_status":"closed","template":"","meta":{"site-sidebar-layout":"default","site-content-layout":"","ast-site-content-layout":"default","site-content-style":"default","site-sidebar-style":"default","ast-global-header-display":"","ast-banner-title-visibility":"","ast-main-header-display":"","ast-hfb-above-header-display":"","ast-hfb-below-header-display":"","ast-hfb-mobile-header-display":"","site-post-title":"","ast-breadcrumbs-content":"","ast-featured-img":"","footer-sml-layout":"","theme-transparent-header-meta":"default","adv-header-id-meta":"","stick-header-meta":"","header-above-stick-meta":"","header-main-stick-meta":"","header-below-stick-meta":"","astra-migrate-meta-layouts":"set","ast-page-background-enabled":"default","ast-page-background-meta":{"desktop":{"background-color":"var(--ast-global-color-4)","background-image":"","background-repeat":"repeat","background-position":"center center","background-size":"auto","background-attachment":"scroll","background-type":"","background-media":"","overlay-type":"","overlay-color":"","overlay-opacity":"","overlay-gradient":""},"tablet":{"background-color":"","background-image":"","background-repeat":"repeat","background-position":"center center","background-size":"auto","background-attachment":"scroll","background-type":"","background-media":"","overlay-type":"","overlay-color":"","overlay-opacity":"","overlay-gradient":""},"mobile":{"background-color":"","background-image":"","background-repeat":"repeat","background-position":"center center","background-size":"auto","background-attachment":"scroll","background-type":"","background-media":"","overlay-type":"","overlay-color":"","overlay-opacity":"","overlay-gradient":""}},"ast-content-background-meta":{"desktop":{"background-color":"var(--ast-global-color-5)","background-image":"","background-repeat":"repeat","background-position":"center center","background-size":"auto","background-attachment":"scroll","background-type":"","background-media":"","overlay-type":"","overlay-color":"","overlay-opacity":"","overlay-gradient":""},"tablet":{"background-color":"var(--ast-global-color-5)","background-image":"","background-repeat":"repeat","background-position":"center center","background-size":"auto","background-attachment":"scroll","background-type":"","background-media":"","overlay-type":"","overlay-color":"","overlay-opacity":"","overlay-gradient":""},"mobile":{"background-color":"var(--ast-global-color-5)","background-image":"","background-repeat":"repeat","background-position":"center center","background-size":"auto","background-attachment":"scroll","background-type":"","background-media":"","overlay-type":"","overlay-color":"","overlay-opacity":"","overlay-gradient":""}}},"product_brand":[],"product_cat":[991],"product_tag":[],"class_list":{"0":"post-39361","1":"product","2":"type-product","3":"status-publish","4":"has-post-thumbnail","6":"product_cat-helseprodukter","7":"pa_31862_k3e3qcd4-hoyre","8":"pa_31862_k3e3qcd4-venstre","9":"desktop-align-left","10":"tablet-align-left","11":"mobile-align-left","13":"first","14":"instock","15":"shipping-taxable","16":"purchasable","17":"product-type-variable"},"_links":{"self":[{"href":"https:\/\/keluvo.com\/no\/wp-json\/wp\/v2\/product\/39361","targetHints":{"allow":["GET"]}}],"collection":[{"href":"https:\/\/keluvo.com\/no\/wp-json\/wp\/v2\/product"}],"about":[{"href":"https:\/\/keluvo.com\/no\/wp-json\/wp\/v2\/types\/product"}],"replies":[{"embeddable":true,"href":"https:\/\/keluvo.com\/no\/wp-json\/wp\/v2\/comments?post=39361"}],"wp:featuredmedia":[{"embeddable":true,"href":"https:\/\/keluvo.com\/no\/wp-json\/wp\/v2\/media\/39358"}],"wp:attachment":[{"href":"https:\/\/keluvo.com\/no\/wp-json\/wp\/v2\/media?parent=39361"}],"wp:term":[{"taxonomy":"product_brand","embeddable":true,"href":"https:\/\/keluvo.com\/no\/wp-json\/wp\/v2\/product_brand?post=39361"},{"taxonomy":"product_cat","embeddable":true,"href":"https:\/\/keluvo.com\/no\/wp-json\/wp\/v2\/product_cat?post=39361"},{"taxonomy":"product_tag","embeddable":true,"href":"https:\/\/keluvo.com\/no\/wp-json\/wp\/v2\/product_tag?post=39361"}],"curies":[{"name":"wp","href":"https:\/\/api.w.org\/{rel}","templated":true}]}}