{"id":39338,"date":"2025-08-21T13:11:23","date_gmt":"2025-08-21T10:11:23","guid":{"rendered":"https:\/\/keluvo.com\/no\/produkt\/nokkelsafe\/"},"modified":"2025-08-21T13:11:38","modified_gmt":"2025-08-21T10:11:38","slug":"nokkelsafe","status":"publish","type":"product","link":"https:\/\/keluvo.com\/no\/produkt\/nokkelsafe\/","title":{"rendered":"N\u00f8kkelsafe"},"content":{"rendered":"<p style=\"text-align: center\" data-start=\"114\" data-end=\"174\"><strong>Oppbevar N\u00f8klene Dine Sikkert, Og Bli Aldri L\u00e5st Ute Igjen \ud83d\udd10\ud83c\udfe0<\/strong><\/p>\n<p style=\"text-align: center\" data-start=\"176\" data-end=\"363\">Denne slitesterke n\u00f8kkelsafen monteres p\u00e5 en hvilken som helst vegg og holder reserven\u00f8klene eller kortene dine trygt skjult bak en tilbakestillbar firesifret kombinasjonskode. Ideell for hjemmebruk, Airbnb, kontor eller utend\u00f8rs bruk.<\/p>\n<p data-start=\"176\" data-end=\"363\"><img decoding=\"async\" class=\"size-full wp-image-32725 aligncenter\" src=\"https:\/\/keluvo.com\/template\/wp-content\/uploads\/sites\/5\/2025\/08\/WhatsAppVideo2023-11-05at19.58.07_480x480.webp\" alt=\"\" \/><\/p>\n<h2 style=\"text-align: center\" data-start=\"365\" data-end=\"386\">Hovedfordeler \u2705<\/h2>\n<p data-start=\"389\" data-end=\"440\">\ud83d\udd12 4-sifret kombinasjonsl\u00e5s &#8211; enkel \u00e5 stille inn og tilbakestille<\/p>\n<p data-start=\"443\" data-end=\"483\">\ud83c\udfe1 Monteres p\u00e5 en hvilken som helst vegg eller fast overflate<\/p>\n<p data-start=\"486\" data-end=\"543\">\ud83e\uddf2 Oppbevarer n\u00f8kler, n\u00f8kkelkort, USB-er eller sm\u00e5ting securely<\/p>\n<p data-start=\"546\" data-end=\"602\">\ud83c\udf27\ufe0f V\u00e6rbestandig design for innend\u00f8rs eller utend\u00f8rs bruk<\/p>\n<p data-start=\"605\" data-end=\"655\">\ud83d\udd10 Slutt p\u00e5 \u00e5 gjemme n\u00f8kler under matter eller blomsterpotter<\/p>\n<p data-start=\"605\" data-end=\"655\"><img decoding=\"async\" class=\"size-full wp-image-32726 aligncenter\" src=\"https:\/\/keluvo.com\/template\/wp-content\/uploads\/sites\/5\/2025\/08\/WhatsAppVideo2023-11-05at19.58.08_480x480.webp\" alt=\"\" \/><\/p>\n<h2 style=\"text-align: center\" data-start=\"657\" data-end=\"679\">Slik Bruker Du Den \ud83e\uddf0<\/h2>\n<ol data-start=\"680\" data-end=\"877\">\n<li data-start=\"680\" data-end=\"739\">\n<p data-start=\"683\" data-end=\"739\">Stell inn din egen 4-sifrede kode ved hjelp av tilbakestillingsmekanismen.<\/p>\n<\/li>\n<li data-start=\"740\" data-end=\"788\">\n<p data-start=\"743\" data-end=\"788\">Monter boksen p\u00e5 en sikker vegg ved hjelp av skruer.<\/p>\n<\/li>\n<li data-start=\"789\" data-end=\"825\">\n<p data-start=\"792\" data-end=\"825\">oppbevar n\u00f8klene eller kortene dine inni.<\/p>\n<\/li>\n<li data-start=\"826\" data-end=\"877\">\n<p data-start=\"829\" data-end=\"877\">del koden med p\u00e5litelige personer n\u00e5r det er n\u00f8dvendig.<\/p>\n<\/li>\n<\/ol>\n<h2 style=\"text-align: center\" data-start=\"879\" data-end=\"903\">Produktdetaljer \ud83d\udccf<\/h2>\n<ul data-start=\"904\" data-end=\"1071\">\n<li data-start=\"904\" data-end=\"956\">\n<p data-start=\"906\" data-end=\"956\">Materiale: Slitesterk ABS-plast og metallinnredning<\/p>\n<\/li>\n<li data-start=\"998\" data-end=\"1054\">\n<p data-start=\"1000\" data-end=\"1054\">Kapasitet: Medium (3-5 n\u00f8kler), Stor (5-8 n\u00f8kler)<\/p>\n<\/li>\n<li data-start=\"1055\" data-end=\"1071\">\n<p data-start=\"1057\" data-end=\"1071\">Farge: Svart og gr\u00e5<\/p>\n<\/li>\n<li data-start=\"1055\" data-end=\"1071\">St\u00f8rrelse: Medium (94 x 72 x 37 mm) og Large (94 x 114 x 40 mm)<\/li>\n<\/ul>\n<h2 style=\"text-align: center\" data-start=\"1073\" data-end=\"1098\">Pakken Inkluderer \ud83d\udcec<\/h2>\n<ul data-start=\"1099\" data-end=\"1182\">\n<li data-start=\"1099\" data-end=\"1140\">\n<p data-start=\"1101\" data-end=\"1140\">1x n\u00f8kkelsafe<\/p>\n<\/li>\n<li data-start=\"1141\" data-end=\"1182\">\n<p data-start=\"1143\" data-end=\"1182\">1x sett med monteringsskruer og ankere.<\/p>\n<\/li>\n<\/ul>\n","protected":false},"excerpt":{"rendered":"<p>Oppbevar N\u00f8klene Dine Sikkert, Og Bli Aldri L\u00e5st Ute Igjen \ud83d\udd10\ud83c\udfe0 Denne slitesterke n\u00f8kkelsafen monteres p\u00e5 en hvilken som helst [&hellip;]<\/p>\n","protected":false},"featured_media":39334,"comment_status":"open","ping_status":"closed","template":"","meta":{"site-sidebar-layout":"default","site-content-layout":"","ast-site-content-layout":"default","site-content-style":"default","site-sidebar-style":"default","ast-global-header-display":"","ast-banner-title-visibility":"","ast-main-header-display":"","ast-hfb-above-header-display":"","ast-hfb-below-header-display":"","ast-hfb-mobile-header-display":"","site-post-title":"","ast-breadcrumbs-content":"","ast-featured-img":"","footer-sml-layout":"","theme-transparent-header-meta":"default","adv-header-id-meta":"","stick-header-meta":"","header-above-stick-meta":"","header-main-stick-meta":"","header-below-stick-meta":"","astra-migrate-meta-layouts":"set","ast-page-background-enabled":"default","ast-page-background-meta":{"desktop":{"background-color":"var(--ast-global-color-4)","background-image":"","background-repeat":"repeat","background-position":"center center","background-size":"auto","background-attachment":"scroll","background-type":"","background-media":"","overlay-type":"","overlay-color":"","overlay-opacity":"","overlay-gradient":""},"tablet":{"background-color":"","background-image":"","background-repeat":"repeat","background-position":"center center","background-size":"auto","background-attachment":"scroll","background-type":"","background-media":"","overlay-type":"","overlay-color":"","overlay-opacity":"","overlay-gradient":""},"mobile":{"background-color":"","background-image":"","background-repeat":"repeat","background-position":"center center","background-size":"auto","background-attachment":"scroll","background-type":"","background-media":"","overlay-type":"","overlay-color":"","overlay-opacity":"","overlay-gradient":""}},"ast-content-background-meta":{"desktop":{"background-color":"var(--ast-global-color-5)","background-image":"","background-repeat":"repeat","background-position":"center center","background-size":"auto","background-attachment":"scroll","background-type":"","background-media":"","overlay-type":"","overlay-color":"","overlay-opacity":"","overlay-gradient":""},"tablet":{"background-color":"var(--ast-global-color-5)","background-image":"","background-repeat":"repeat","background-position":"center center","background-size":"auto","background-attachment":"scroll","background-type":"","background-media":"","overlay-type":"","overlay-color":"","overlay-opacity":"","overlay-gradient":""},"mobile":{"background-color":"var(--ast-global-color-5)","background-image":"","background-repeat":"repeat","background-position":"center center","background-size":"auto","background-attachment":"scroll","background-type":"","background-media":"","overlay-type":"","overlay-color":"","overlay-opacity":"","overlay-gradient":""}}},"product_brand":[],"product_cat":[1001],"product_tag":[],"class_list":{"0":"post-39338","1":"product","2":"type-product","3":"status-publish","4":"has-post-thumbnail","6":"product_cat-husholdningsartikler","7":"pa_19755_h2kixbpb-gra","8":"pa_19755_h2kixbpb-svart","9":"pa_19755_rhy7yq43-medium","10":"pa_19755_rhy7yq43-stor","11":"desktop-align-left","12":"tablet-align-left","13":"mobile-align-left","15":"first","16":"instock","17":"shipping-taxable","18":"purchasable","19":"product-type-variable","20":"has-default-attributes"},"_links":{"self":[{"href":"https:\/\/keluvo.com\/no\/wp-json\/wp\/v2\/product\/39338","targetHints":{"allow":["GET"]}}],"collection":[{"href":"https:\/\/keluvo.com\/no\/wp-json\/wp\/v2\/product"}],"about":[{"href":"https:\/\/keluvo.com\/no\/wp-json\/wp\/v2\/types\/product"}],"replies":[{"embeddable":true,"href":"https:\/\/keluvo.com\/no\/wp-json\/wp\/v2\/comments?post=39338"}],"wp:featuredmedia":[{"embeddable":true,"href":"https:\/\/keluvo.com\/no\/wp-json\/wp\/v2\/media\/39334"}],"wp:attachment":[{"href":"https:\/\/keluvo.com\/no\/wp-json\/wp\/v2\/media?parent=39338"}],"wp:term":[{"taxonomy":"product_brand","embeddable":true,"href":"https:\/\/keluvo.com\/no\/wp-json\/wp\/v2\/product_brand?post=39338"},{"taxonomy":"product_cat","embeddable":true,"href":"https:\/\/keluvo.com\/no\/wp-json\/wp\/v2\/product_cat?post=39338"},{"taxonomy":"product_tag","embeddable":true,"href":"https:\/\/keluvo.com\/no\/wp-json\/wp\/v2\/product_tag?post=39338"}],"curies":[{"name":"wp","href":"https:\/\/api.w.org\/{rel}","templated":true}]}}