{"id":39247,"date":"2025-08-21T13:06:32","date_gmt":"2025-08-21T10:06:32","guid":{"rendered":"https:\/\/keluvo.com\/no\/produkt\/skoorganisator\/"},"modified":"2025-08-21T13:08:16","modified_gmt":"2025-08-21T10:08:16","slug":"skoorganisator","status":"publish","type":"product","link":"https:\/\/keluvo.com\/no\/produkt\/skoorganisator\/","title":{"rendered":"Skoorganisator"},"content":{"rendered":"<p style=\"text-align: center\" data-start=\"100\" data-end=\"141\"><strong>Dobler Skoplassen P\u00e5 F\u00e5 Sekunder \ud83d\udc5f\ud83d\udce6<\/strong><\/p>\n<p style=\"text-align: center\" data-start=\"143\" data-end=\"276\">Med denne smarte, justerbare skoorganisatoren kan du oppbevare to sko p\u00e5 samme plass som \u00e9n &#8211; slik at du holder skapet ryddig, organisert og flott.<\/p>\n<p data-start=\"143\" data-end=\"276\"><img decoding=\"async\" class=\"size-full wp-image-32630 aligncenter\" src=\"https:\/\/keluvo.com\/template\/wp-content\/uploads\/sites\/5\/2025\/08\/072115-ezgif.com-video-to-webp-converter-2.webp\" alt=\"\" \/><\/p>\n<h2 style=\"text-align: center\" data-start=\"278\" data-end=\"299\">Hovedfordeler \u2705<\/h2>\n<p data-start=\"302\" data-end=\"358\">\ud83e\uddfa Maksimerer vertikal plass i ethvert skap eller sko organizer<\/p>\n<p data-start=\"361\" data-end=\"409\">\u2699\ufe0f Justerbar h\u00f8yde passer til forskjellige skotyper<\/p>\n<p data-start=\"412\" data-end=\"452\">\ud83c\udfa8 Tilgjengelig i flere moderne farger<\/p>\n<p data-start=\"455\" data-end=\"507\">\ud83d\udcaa Slitesterkt sklisikkert materiale holder skoene p\u00e5 plass<\/p>\n<p data-start=\"510\" data-end=\"554\">\ud83e\uddf9 Enkel \u00e5 rengj\u00f8re og perfekt for daglig bruk<\/p>\n<p data-start=\"510\" data-end=\"554\"><img decoding=\"async\" class=\"size-full wp-image-32626 aligncenter\" src=\"https:\/\/keluvo.com\/template\/wp-content\/uploads\/sites\/5\/2025\/08\/b255750d-fad8-467d-9fe4-323930d8a40f.webp\" alt=\"\" \/><\/p>\n<h2 style=\"text-align: center\" data-start=\"556\" data-end=\"578\">Slik Bruker Du Den \ud83d\udc63<\/h2>\n<ol data-start=\"579\" data-end=\"789\">\n<li data-start=\"579\" data-end=\"628\">\n<p data-start=\"582\" data-end=\"628\">Juster topplaten slik at den passer til din skoh\u00f8yde.<\/p>\n<\/li>\n<li data-start=\"629\" data-end=\"691\">\n<p data-start=\"632\" data-end=\"691\">Plasser en sko p\u00e5 den nedre og en p\u00e5 den \u00f8vre plattformen.<\/p>\n<\/li>\n<li data-start=\"692\" data-end=\"734\">\n<p data-start=\"695\" data-end=\"734\">Skyv inn i hyllen eller lagringsomr\u00e5det.<\/p>\n<\/li>\n<li data-start=\"735\" data-end=\"789\">\n<p data-start=\"738\" data-end=\"789\">Gjenta for alle skoene dine for \u00e5 spare plass umiddelbart.<\/p>\n<\/li>\n<\/ol>\n<h2 style=\"text-align: center\" data-start=\"791\" data-end=\"815\">Produktdetaljer \ud83d\udccf<\/h2>\n<ul data-start=\"816\" data-end=\"991\">\n<li data-start=\"816\" data-end=\"868\">\n<p data-start=\"818\" data-end=\"868\">Materiale: Slitesterk plast med sklisikker tekstur<\/p>\n<\/li>\n<li data-start=\"869\" data-end=\"909\">\n<p data-start=\"871\" data-end=\"909\">Dimensjoner: Ca. 25 x 6 cm<\/p>\n<\/li>\n<li data-start=\"869\" data-end=\"909\">\n<p data-start=\"871\" data-end=\"909\">Vekt: 100 g<\/p>\n<\/li>\n<\/ul>\n<h2 style=\"text-align: center\" data-start=\"993\" data-end=\"1018\">Pakken Inkluderer \ud83d\udcec<\/h2>\n<ul data-start=\"1019\" data-end=\"1059\">\n<li data-start=\"1019\" data-end=\"1059\">\n<p data-start=\"1021\" data-end=\"1059\">1, 3, 5, 7x skoarrang\u00f8r\/er.<\/p>\n<\/li>\n<\/ul>\n","protected":false},"excerpt":{"rendered":"<p>Dobler Skoplassen P\u00e5 F\u00e5 Sekunder \ud83d\udc5f\ud83d\udce6 Med denne smarte, justerbare skoorganisatoren kan du oppbevare to sko p\u00e5 samme plass som [&hellip;]<\/p>\n","protected":false},"featured_media":39243,"comment_status":"open","ping_status":"closed","template":"","meta":{"site-sidebar-layout":"default","site-content-layout":"","ast-site-content-layout":"default","site-content-style":"default","site-sidebar-style":"default","ast-global-header-display":"","ast-banner-title-visibility":"","ast-main-header-display":"","ast-hfb-above-header-display":"","ast-hfb-below-header-display":"","ast-hfb-mobile-header-display":"","site-post-title":"","ast-breadcrumbs-content":"","ast-featured-img":"","footer-sml-layout":"","theme-transparent-header-meta":"default","adv-header-id-meta":"","stick-header-meta":"","header-above-stick-meta":"","header-main-stick-meta":"","header-below-stick-meta":"","astra-migrate-meta-layouts":"set","ast-page-background-enabled":"default","ast-page-background-meta":{"desktop":{"background-color":"var(--ast-global-color-4)","background-image":"","background-repeat":"repeat","background-position":"center center","background-size":"auto","background-attachment":"scroll","background-type":"","background-media":"","overlay-type":"","overlay-color":"","overlay-opacity":"","overlay-gradient":""},"tablet":{"background-color":"","background-image":"","background-repeat":"repeat","background-position":"center center","background-size":"auto","background-attachment":"scroll","background-type":"","background-media":"","overlay-type":"","overlay-color":"","overlay-opacity":"","overlay-gradient":""},"mobile":{"background-color":"","background-image":"","background-repeat":"repeat","background-position":"center center","background-size":"auto","background-attachment":"scroll","background-type":"","background-media":"","overlay-type":"","overlay-color":"","overlay-opacity":"","overlay-gradient":""}},"ast-content-background-meta":{"desktop":{"background-color":"var(--ast-global-color-5)","background-image":"","background-repeat":"repeat","background-position":"center center","background-size":"auto","background-attachment":"scroll","background-type":"","background-media":"","overlay-type":"","overlay-color":"","overlay-opacity":"","overlay-gradient":""},"tablet":{"background-color":"var(--ast-global-color-5)","background-image":"","background-repeat":"repeat","background-position":"center center","background-size":"auto","background-attachment":"scroll","background-type":"","background-media":"","overlay-type":"","overlay-color":"","overlay-opacity":"","overlay-gradient":""},"mobile":{"background-color":"var(--ast-global-color-5)","background-image":"","background-repeat":"repeat","background-position":"center center","background-size":"auto","background-attachment":"scroll","background-type":"","background-media":"","overlay-type":"","overlay-color":"","overlay-opacity":"","overlay-gradient":""}}},"product_brand":[],"product_cat":[1001],"product_tag":[],"class_list":{"0":"post-39247","1":"product","2":"type-product","3":"status-publish","4":"has-post-thumbnail","6":"product_cat-husholdningsartikler","7":"pa_42853_2ldsxor8-1-stk","8":"pa_42853_2ldsxor8-3-stk","9":"pa_42853_2ldsxor8-5-stk","10":"pa_42853_2ldsxor8-7-stk","11":"pa_42853_8c0cqsdq-bla","12":"pa_42853_8c0cqsdq-gra","13":"pa_42853_8c0cqsdq-gronn","14":"pa_42853_8c0cqsdq-hvit","15":"pa_42853_8c0cqsdq-rosa","16":"pa_42853_8c0cqsdq-svart","17":"desktop-align-left","18":"tablet-align-left","19":"mobile-align-left","21":"first","22":"instock","23":"shipping-taxable","24":"purchasable","25":"product-type-variable","26":"has-default-attributes"},"_links":{"self":[{"href":"https:\/\/keluvo.com\/no\/wp-json\/wp\/v2\/product\/39247","targetHints":{"allow":["GET"]}}],"collection":[{"href":"https:\/\/keluvo.com\/no\/wp-json\/wp\/v2\/product"}],"about":[{"href":"https:\/\/keluvo.com\/no\/wp-json\/wp\/v2\/types\/product"}],"replies":[{"embeddable":true,"href":"https:\/\/keluvo.com\/no\/wp-json\/wp\/v2\/comments?post=39247"}],"wp:featuredmedia":[{"embeddable":true,"href":"https:\/\/keluvo.com\/no\/wp-json\/wp\/v2\/media\/39243"}],"wp:attachment":[{"href":"https:\/\/keluvo.com\/no\/wp-json\/wp\/v2\/media?parent=39247"}],"wp:term":[{"taxonomy":"product_brand","embeddable":true,"href":"https:\/\/keluvo.com\/no\/wp-json\/wp\/v2\/product_brand?post=39247"},{"taxonomy":"product_cat","embeddable":true,"href":"https:\/\/keluvo.com\/no\/wp-json\/wp\/v2\/product_cat?post=39247"},{"taxonomy":"product_tag","embeddable":true,"href":"https:\/\/keluvo.com\/no\/wp-json\/wp\/v2\/product_tag?post=39247"}],"curies":[{"name":"wp","href":"https:\/\/api.w.org\/{rel}","templated":true}]}}