{"id":3924,"date":"2024-10-31T14:19:50","date_gmt":"2024-10-31T12:19:50","guid":{"rendered":"https:\/\/keluvo.com\/no\/produkt\/baerbar-tradlos-harstyler\/"},"modified":"2024-10-31T14:34:56","modified_gmt":"2024-10-31T12:34:56","slug":"baerbar-tradlos-harstyler","status":"publish","type":"product","link":"https:\/\/keluvo.com\/no\/produkt\/baerbar-tradlos-harstyler\/","title":{"rendered":"B\u00e6rbar tr\u00e5dl\u00f8s h\u00e5rstyler"},"content":{"rendered":"<h2 style=\"text-align: center;\"><strong> Sikker og enkel \u00e5 bruke<\/strong><\/h2>\n<p style=\"text-align: center;\">Denne h\u00e5rstyleren har et varmebestandig ytre lag og en flytende varmeplate som tilpasser seg h\u00e5rets tykkelse for jevn varmefordeling. Med USB-ladekompatibilitet er den enkel \u00e5 lade fra powerbanks eller b\u00e6rbare datamaskiner, slik at du alltid har stilen din innen rekkevidde.<\/p>\n<p><img decoding=\"async\" class=\"alignnone size-medium wp-image-2113 aligncenter\" src=\"https:\/\/keluvo.com\/template\/wp-content\/uploads\/sites\/5\/2024\/10\/S890b43bfdd9b43078fd02da9f4ea60b42.png\" alt=\"\" \/><\/p>\n<h2 style=\"text-align: center;\"><strong> USB Oppladbar<\/strong><\/h2>\n<p style=\"text-align: center;\">Lad den b\u00e6rbare batteridrevne h\u00e5rstyleren med hvilken som helst USB-str\u00f8mkilde, fra b\u00e6rbare datamaskiner til b\u00e6rbare ladere. Den er effektiv og enkel \u00e5 bruke, og gir en tr\u00e5dl\u00f8s opplevelse som eliminerer bryderiet med ledninger og gj\u00f8r stylingen enkel og rask.<\/p>\n<p><img decoding=\"async\" class=\"alignnone size-medium wp-image-2114 aligncenter\" src=\"https:\/\/keluvo.com\/template\/wp-content\/uploads\/sites\/5\/2024\/10\/S1e6b797bfb18495d8559a5439658b1b9X.png\" alt=\"\" \/><\/p>\n","protected":false},"excerpt":{"rendered":"<p>Sikker og enkel \u00e5 bruke Denne h\u00e5rstyleren har et varmebestandig ytre lag og en flytende varmeplate som tilpasser seg h\u00e5rets [&hellip;]<\/p>\n","protected":false},"featured_media":3920,"comment_status":"open","ping_status":"closed","template":"","meta":{"site-sidebar-layout":"default","site-content-layout":"","ast-site-content-layout":"default","site-content-style":"default","site-sidebar-style":"default","ast-global-header-display":"","ast-banner-title-visibility":"","ast-main-header-display":"","ast-hfb-above-header-display":"","ast-hfb-below-header-display":"","ast-hfb-mobile-header-display":"","site-post-title":"","ast-breadcrumbs-content":"","ast-featured-img":"","footer-sml-layout":"","theme-transparent-header-meta":"default","adv-header-id-meta":"","stick-header-meta":"","header-above-stick-meta":"","header-main-stick-meta":"","header-below-stick-meta":"","astra-migrate-meta-layouts":"set","ast-page-background-enabled":"default","ast-page-background-meta":{"desktop":{"background-color":"var(--ast-global-color-4)","background-image":"","background-repeat":"repeat","background-position":"center center","background-size":"auto","background-attachment":"scroll","background-type":"","background-media":"","overlay-type":"","overlay-color":"","overlay-opacity":"","overlay-gradient":""},"tablet":{"background-color":"","background-image":"","background-repeat":"repeat","background-position":"center center","background-size":"auto","background-attachment":"scroll","background-type":"","background-media":"","overlay-type":"","overlay-color":"","overlay-opacity":"","overlay-gradient":""},"mobile":{"background-color":"","background-image":"","background-repeat":"repeat","background-position":"center center","background-size":"auto","background-attachment":"scroll","background-type":"","background-media":"","overlay-type":"","overlay-color":"","overlay-opacity":"","overlay-gradient":""}},"ast-content-background-meta":{"desktop":{"background-color":"var(--ast-global-color-5)","background-image":"","background-repeat":"repeat","background-position":"center center","background-size":"auto","background-attachment":"scroll","background-type":"","background-media":"","overlay-type":"","overlay-color":"","overlay-opacity":"","overlay-gradient":""},"tablet":{"background-color":"var(--ast-global-color-5)","background-image":"","background-repeat":"repeat","background-position":"center center","background-size":"auto","background-attachment":"scroll","background-type":"","background-media":"","overlay-type":"","overlay-color":"","overlay-opacity":"","overlay-gradient":""},"mobile":{"background-color":"var(--ast-global-color-5)","background-image":"","background-repeat":"repeat","background-position":"center center","background-size":"auto","background-attachment":"scroll","background-type":"","background-media":"","overlay-type":"","overlay-color":"","overlay-opacity":"","overlay-gradient":""}}},"product_brand":[],"product_cat":[992],"product_tag":[],"class_list":{"0":"post-3924","1":"product","2":"type-product","3":"status-publish","4":"has-post-thumbnail","6":"product_cat-skjonnhets-og-hygieneprodukter","7":"pa_btz106nm-bla","8":"pa_btz106nm-gronn","9":"pa_btz106nm-hvit","10":"pa_btz106nm-rosa","11":"desktop-align-left","12":"tablet-align-left","13":"mobile-align-left","15":"first","16":"instock","17":"shipping-taxable","18":"purchasable","19":"product-type-variable"},"_links":{"self":[{"href":"https:\/\/keluvo.com\/no\/wp-json\/wp\/v2\/product\/3924","targetHints":{"allow":["GET"]}}],"collection":[{"href":"https:\/\/keluvo.com\/no\/wp-json\/wp\/v2\/product"}],"about":[{"href":"https:\/\/keluvo.com\/no\/wp-json\/wp\/v2\/types\/product"}],"replies":[{"embeddable":true,"href":"https:\/\/keluvo.com\/no\/wp-json\/wp\/v2\/comments?post=3924"}],"wp:featuredmedia":[{"embeddable":true,"href":"https:\/\/keluvo.com\/no\/wp-json\/wp\/v2\/media\/3920"}],"wp:attachment":[{"href":"https:\/\/keluvo.com\/no\/wp-json\/wp\/v2\/media?parent=3924"}],"wp:term":[{"taxonomy":"product_brand","embeddable":true,"href":"https:\/\/keluvo.com\/no\/wp-json\/wp\/v2\/product_brand?post=3924"},{"taxonomy":"product_cat","embeddable":true,"href":"https:\/\/keluvo.com\/no\/wp-json\/wp\/v2\/product_cat?post=3924"},{"taxonomy":"product_tag","embeddable":true,"href":"https:\/\/keluvo.com\/no\/wp-json\/wp\/v2\/product_tag?post=3924"}],"curies":[{"name":"wp","href":"https:\/\/api.w.org\/{rel}","templated":true}]}}