{"id":39186,"date":"2025-08-21T13:01:57","date_gmt":"2025-08-21T10:01:57","guid":{"rendered":"https:\/\/keluvo.com\/no\/produkt\/spotlight-for-bevegelse\/"},"modified":"2025-08-21T13:02:23","modified_gmt":"2025-08-21T10:02:23","slug":"spotlight-for-bevegelse","status":"publish","type":"product","link":"https:\/\/keluvo.com\/no\/produkt\/spotlight-for-bevegelse\/","title":{"rendered":"Spotlight for bevegelse"},"content":{"rendered":"<p style=\"text-align: center\" data-start=\"102\" data-end=\"156\"><strong>Lys Opp Veggene Dine Med Stil\u2014Uten Ledninger, Uten Problemer \ud83d\udca1<\/strong><\/p>\n<p style=\"text-align: center\" data-start=\"158\" data-end=\"361\">Denne bevegelsesspotlighten gir \u00f8yeblikkelig eleganse og bekvemmelighet til ethvert rom. Med bevegelsessensor og magnetisk sokkel er den perfekt for automatisk belysning av kunstverk, hyller, korridorer eller soverom.<\/p>\n<p data-start=\"158\" data-end=\"361\"><img decoding=\"async\" class=\"size-full wp-image-32553 aligncenter\" src=\"https:\/\/keluvo.com\/template\/wp-content\/uploads\/sites\/5\/2025\/08\/download_2.webp\" alt=\"\" \/><\/p>\n<h2 style=\"text-align: center\" data-start=\"363\" data-end=\"384\">Hovedfordeler \u2705<\/h2>\n<p data-start=\"387\" data-end=\"453\">\ud83d\udd75\ufe0f\u200d\u2642\ufe0f Innebygd bevegelsessensor sl\u00e5r seg p\u00e5 n\u00e5r bevegelse oppdages<\/p>\n<p data-start=\"456\" data-end=\"522\">\ud83e\uddf2 Magnetisk base gj\u00f8r at du enkelt kan justere eller fjerne lyset<\/p>\n<p data-start=\"525\" data-end=\"578\">\ud83d\udd0b USB-oppladbart &#8211; ikke behov for batterier eller ledninger<\/p>\n<p data-start=\"581\" data-end=\"629\">\ud83c\udf19 Mykt, varmt lys skaper en koselig, moderne vibe<\/p>\n<p data-start=\"632\" data-end=\"698\">\ud83d\udecb\ufe0f Ideell for stuer, korridorer, kunstverk, hyller og mye mer<\/p>\n<p data-start=\"632\" data-end=\"698\"><img decoding=\"async\" class=\"size-full wp-image-32552 aligncenter\" src=\"https:\/\/keluvo.com\/template\/wp-content\/uploads\/sites\/5\/2025\/08\/download_3.webp\" alt=\"\" \/><\/p>\n<h2 style=\"text-align: center\" data-start=\"700\" data-end=\"725\">Slik Bruker Du \ud83e\uddd1\u200d\ud83d\udd27<\/h2>\n<ol data-start=\"726\" data-end=\"911\">\n<li data-start=\"726\" data-end=\"779\">\n<p data-start=\"729\" data-end=\"779\">Stick den magnetiske sokkelen der du vil ha lyset.<\/p>\n<\/li>\n<li data-start=\"780\" data-end=\"819\">\n<p data-start=\"783\" data-end=\"819\">Fest spotlighten p\u00e5 basen.<\/p>\n<\/li>\n<li data-start=\"820\" data-end=\"851\">\n<p data-start=\"823\" data-end=\"851\">lad via USB ved behov.<\/p>\n<\/li>\n<li data-start=\"852\" data-end=\"911\">\n<p data-start=\"855\" data-end=\"911\">nyt automatisk belysning hver gang bevegelse oppdages.<\/p>\n<\/li>\n<\/ol>\n<h2 style=\"text-align: center\" data-start=\"913\" data-end=\"937\">Produktdetaljer \ud83d\udccf<\/h2>\n<ul data-start=\"938\" data-end=\"1138\">\n<li data-start=\"938\" data-end=\"965\">\n<p data-start=\"940\" data-end=\"965\">Lysfarge: 3 farger, varmt lys, varmt hvitt lys, hvitt lys<\/p>\n<\/li>\n<li data-start=\"966\" data-end=\"1001\">\n<p data-start=\"968\" data-end=\"1001\">Effekt: USB-oppladbart batteri<\/p>\n<\/li>\n<li data-start=\"1002\" data-end=\"1047\">\n<p data-start=\"1004\" data-end=\"1047\">Installasjon: Magnetisk og selvklebende montering<\/p>\n<\/li>\n<li data-start=\"1048\" data-end=\"1084\">\n<p data-start=\"1050\" data-end=\"1084\">Bevegelsessensor rekkevidde: ~3\u20135 meter<\/p>\n<\/li>\n<li data-start=\"1048\" data-end=\"1084\">\n<p data-start=\"1050\" data-end=\"1084\">Batterikapasitet: 1200mah<\/p>\n<\/li>\n<li data-start=\"1085\" data-end=\"1138\">\n<p data-start=\"1087\" data-end=\"1138\">Automatisk avstengning: Etter 15\u201320 sekunder uten bevegelse<\/p>\n<\/li>\n<li data-start=\"1085\" data-end=\"1138\">St\u00f8rrelse: 82 x 82 x 188mm<\/li>\n<\/ul>\n<h2 style=\"text-align: center\" data-start=\"1140\" data-end=\"1165\">Pakken Inkluderer \ud83d\udcec<\/h2>\n<ul data-start=\"1166\" data-end=\"1264\">\n<li data-start=\"1166\" data-end=\"1208\">\n<p data-start=\"1168\" data-end=\"1208\">1x bevegelsesspotlight<\/p>\n<\/li>\n<li data-start=\"1166\" data-end=\"1208\">\n<p data-start=\"1168\" data-end=\"1208\"><span style=\"font-size: 16px\">1x brakett<\/span><\/p>\n<\/li>\n<li data-start=\"1166\" data-end=\"1208\">\n<p data-start=\"1168\" data-end=\"1208\"><span style=\"font-size: 16px\">1x skruetilbeh\u00f8r<\/span><\/p>\n<\/li>\n<li data-start=\"1166\" data-end=\"1208\">\n<p data-start=\"1168\" data-end=\"1208\"><span style=\"font-size: 16px\">1x klebeb\u00e5nd<\/span><\/p>\n<\/li>\n<li data-start=\"1239\" data-end=\"1264\">\n<p data-start=\"1241\" data-end=\"1264\">1x USB-ladekabel.<\/p>\n<\/li>\n<\/ul>\n","protected":false},"excerpt":{"rendered":"<p>Lys Opp Veggene Dine Med Stil\u2014Uten Ledninger, Uten Problemer \ud83d\udca1 Denne bevegelsesspotlighten gir \u00f8yeblikkelig eleganse og bekvemmelighet til ethvert rom. [&hellip;]<\/p>\n","protected":false},"featured_media":39182,"comment_status":"open","ping_status":"closed","template":"","meta":{"site-sidebar-layout":"default","site-content-layout":"","ast-site-content-layout":"default","site-content-style":"default","site-sidebar-style":"default","ast-global-header-display":"","ast-banner-title-visibility":"","ast-main-header-display":"","ast-hfb-above-header-display":"","ast-hfb-below-header-display":"","ast-hfb-mobile-header-display":"","site-post-title":"","ast-breadcrumbs-content":"","ast-featured-img":"","footer-sml-layout":"","theme-transparent-header-meta":"default","adv-header-id-meta":"","stick-header-meta":"","header-above-stick-meta":"","header-main-stick-meta":"","header-below-stick-meta":"","astra-migrate-meta-layouts":"set","ast-page-background-enabled":"default","ast-page-background-meta":{"desktop":{"background-color":"var(--ast-global-color-4)","background-image":"","background-repeat":"repeat","background-position":"center center","background-size":"auto","background-attachment":"scroll","background-type":"","background-media":"","overlay-type":"","overlay-color":"","overlay-opacity":"","overlay-gradient":""},"tablet":{"background-color":"","background-image":"","background-repeat":"repeat","background-position":"center center","background-size":"auto","background-attachment":"scroll","background-type":"","background-media":"","overlay-type":"","overlay-color":"","overlay-opacity":"","overlay-gradient":""},"mobile":{"background-color":"","background-image":"","background-repeat":"repeat","background-position":"center center","background-size":"auto","background-attachment":"scroll","background-type":"","background-media":"","overlay-type":"","overlay-color":"","overlay-opacity":"","overlay-gradient":""}},"ast-content-background-meta":{"desktop":{"background-color":"var(--ast-global-color-5)","background-image":"","background-repeat":"repeat","background-position":"center center","background-size":"auto","background-attachment":"scroll","background-type":"","background-media":"","overlay-type":"","overlay-color":"","overlay-opacity":"","overlay-gradient":""},"tablet":{"background-color":"var(--ast-global-color-5)","background-image":"","background-repeat":"repeat","background-position":"center center","background-size":"auto","background-attachment":"scroll","background-type":"","background-media":"","overlay-type":"","overlay-color":"","overlay-opacity":"","overlay-gradient":""},"mobile":{"background-color":"var(--ast-global-color-5)","background-image":"","background-repeat":"repeat","background-position":"center center","background-size":"auto","background-attachment":"scroll","background-type":"","background-media":"","overlay-type":"","overlay-color":"","overlay-opacity":"","overlay-gradient":""}}},"product_brand":[],"product_cat":[1001],"product_tag":[],"class_list":{"0":"post-39186","1":"product","2":"type-product","3":"status-publish","4":"has-post-thumbnail","6":"product_cat-husholdningsartikler","7":"pa_31437_vz5k1cr6-hvit","8":"pa_31437_vz5k1cr6-svart","9":"pa_31437_zqesfxlo-1-stk","10":"pa_31437_zqesfxlo-2-stk","11":"pa_31437_zqesfxlo-3-stk","12":"desktop-align-left","13":"tablet-align-left","14":"mobile-align-left","16":"first","17":"instock","18":"shipping-taxable","19":"purchasable","20":"product-type-variable","21":"has-default-attributes"},"_links":{"self":[{"href":"https:\/\/keluvo.com\/no\/wp-json\/wp\/v2\/product\/39186","targetHints":{"allow":["GET"]}}],"collection":[{"href":"https:\/\/keluvo.com\/no\/wp-json\/wp\/v2\/product"}],"about":[{"href":"https:\/\/keluvo.com\/no\/wp-json\/wp\/v2\/types\/product"}],"replies":[{"embeddable":true,"href":"https:\/\/keluvo.com\/no\/wp-json\/wp\/v2\/comments?post=39186"}],"wp:featuredmedia":[{"embeddable":true,"href":"https:\/\/keluvo.com\/no\/wp-json\/wp\/v2\/media\/39182"}],"wp:attachment":[{"href":"https:\/\/keluvo.com\/no\/wp-json\/wp\/v2\/media?parent=39186"}],"wp:term":[{"taxonomy":"product_brand","embeddable":true,"href":"https:\/\/keluvo.com\/no\/wp-json\/wp\/v2\/product_brand?post=39186"},{"taxonomy":"product_cat","embeddable":true,"href":"https:\/\/keluvo.com\/no\/wp-json\/wp\/v2\/product_cat?post=39186"},{"taxonomy":"product_tag","embeddable":true,"href":"https:\/\/keluvo.com\/no\/wp-json\/wp\/v2\/product_tag?post=39186"}],"curies":[{"name":"wp","href":"https:\/\/api.w.org\/{rel}","templated":true}]}}