{"id":39175,"date":"2025-08-21T13:00:57","date_gmt":"2025-08-21T10:00:57","guid":{"rendered":"https:\/\/keluvo.com\/no\/produkt\/skjaereutstyr-for-metall\/"},"modified":"2025-08-21T13:01:09","modified_gmt":"2025-08-21T10:01:09","slug":"skjaereutstyr-for-metall","status":"publish","type":"product","link":"https:\/\/keluvo.com\/no\/produkt\/skjaereutstyr-for-metall\/","title":{"rendered":"Skj\u00e6reutstyr for metall"},"content":{"rendered":"<p style=\"text-align: center\" data-start=\"93\" data-end=\"145\"><strong>Gj\u00f8r Boret Ditt Om Til En Kraftig Metallskj\u00e6rer \u2699\ufe0f\ud83d\udd27<\/strong><\/p>\n<p style=\"text-align: center\" data-start=\"147\" data-end=\"344\">Dette metallskj\u00e6reutstyret forvandler \u00f8yeblikkelig det elektriske boret ditt til en presis metallskj\u00e6rer. Det er perfekt for gj\u00f8r-det-selv-folk, mekanikere og alle som trenger rene, raske kutt i metall, plast eller annet.<\/p>\n<p data-start=\"147\" data-end=\"344\"><img decoding=\"async\" class=\"size-full wp-image-32540 aligncenter\" src=\"https:\/\/keluvo.com\/template\/wp-content\/uploads\/sites\/5\/2025\/08\/072114-ezgif.com-video-to-webp-converter-2.webp\" alt=\"\" \/><\/p>\n<h2 style=\"text-align: center\" data-start=\"346\" data-end=\"367\">Hovedfordeler \u2705<\/h2>\n<p data-start=\"370\" data-end=\"422\">\u2702\ufe0f Skj\u00e6rer gjennom metall, plast, aluminium og mer<\/p>\n<p data-start=\"425\" data-end=\"476\">\ud83d\udd04 Skj\u00e6rehode for jevne og allsidige use<\/p>\n<p data-start=\"479\" data-end=\"524\">\u2699\ufe0f Fungerer med de fleste standard elektriske driller<\/p>\n<p data-start=\"527\" data-end=\"570\">\ud83d\udd0d Gj\u00f8r rene, gratfrie kutt p\u00e5 sekunder<\/p>\n<p data-start=\"573\" data-end=\"617\">\ud83e\udeb6 Lett og kompakt &#8211; enkel \u00e5 control<\/p>\n<p data-start=\"620\" data-end=\"670\">\ud83d\udee0\ufe0f Ideell for gj\u00f8r-det-selv-, reparasjons- eller verkstedprosjekter<\/p>\n<p data-start=\"620\" data-end=\"670\"><img decoding=\"async\" class=\"size-full wp-image-32543 aligncenter\" src=\"https:\/\/keluvo.com\/template\/wp-content\/uploads\/sites\/5\/2025\/08\/cortador-latas-Metal-Cutter-Tool-03.webp\" alt=\"\" \/><\/p>\n<h2 style=\"text-align: center\" data-start=\"672\" data-end=\"694\">Slik Bruker Du Den \ud83e\uddf0<\/h2>\n<ol data-start=\"695\" data-end=\"906\">\n<li data-start=\"695\" data-end=\"740\">\n<p data-start=\"698\" data-end=\"740\">Fest munnstykket til den elektriske drillen din.<\/p>\n<\/li>\n<li data-start=\"741\" data-end=\"784\">\n<p data-start=\"744\" data-end=\"784\">Fest og plasser platematerialet.<\/p>\n<\/li>\n<li data-start=\"785\" data-end=\"852\">\n<p data-start=\"788\" data-end=\"852\">sl\u00e5 p\u00e5 boret og f\u00f8r kutteren langs \u00f8nsket bane.<\/p>\n<\/li>\n<li data-start=\"853\" data-end=\"906\">\n<p data-start=\"856\" data-end=\"906\">lag kurver, hj\u00f8rner eller rette linjer p\u00e5 en enkel m\u00e5te.<\/p>\n<\/li>\n<\/ol>\n<h2 style=\"text-align: center\" data-start=\"908\" data-end=\"932\">Produktdetaljer \ud83d\udccf<\/h2>\n<ul data-start=\"933\" data-end=\"1158\">\n<li data-start=\"933\" data-end=\"962\">\n<p data-start=\"935\" data-end=\"962\">Materiale: St\u00e5l + plast<\/p>\n<\/li>\n<li data-start=\"963\" data-end=\"1017\">\n<p data-start=\"965\" data-end=\"1017\">Kuttetykkelse: Opptil 2 mm (avhengig av materiale)<\/p>\n<\/li>\n<li data-start=\"1018\" data-end=\"1058\">\n<p data-start=\"1020\" data-end=\"1058\">Kompatibel med 1500-3000 RPM-bor<\/p>\n<\/li>\n<li data-start=\"1107\" data-end=\"1158\">\n<p data-start=\"1109\" data-end=\"1158\">St\u00f8rrelse: Kompakt og lett for enkel h\u00e5ndtering<\/p>\n<\/li>\n<\/ul>\n<h2 style=\"text-align: center\" data-start=\"1160\" data-end=\"1185\">Pakken Inkluderer \ud83d\udcec<\/h2>\n<ul data-start=\"1186\" data-end=\"1284\">\n<li data-start=\"1186\" data-end=\"1219\">\n<p data-start=\"1188\" data-end=\"1219\">1x metallskj\u00e6reutstyr<\/p>\n<\/li>\n<li data-start=\"1220\" data-end=\"1243\">\n<p data-start=\"1222\" data-end=\"1243\">1x hjelpeh\u00e5ndtak<\/p>\n<\/li>\n<li data-start=\"1244\" data-end=\"1257\">\n<p data-start=\"1246\" data-end=\"1257\">1x skiften\u00f8kkel.<\/p>\n<\/li>\n<\/ul>\n","protected":false},"excerpt":{"rendered":"<p>Gj\u00f8r Boret Ditt Om Til En Kraftig Metallskj\u00e6rer \u2699\ufe0f\ud83d\udd27 Dette metallskj\u00e6reutstyret forvandler \u00f8yeblikkelig det elektriske boret ditt til en presis [&hellip;]<\/p>\n","protected":false},"featured_media":39171,"comment_status":"open","ping_status":"closed","template":"","meta":{"site-sidebar-layout":"default","site-content-layout":"","ast-site-content-layout":"default","site-content-style":"default","site-sidebar-style":"default","ast-global-header-display":"","ast-banner-title-visibility":"","ast-main-header-display":"","ast-hfb-above-header-display":"","ast-hfb-below-header-display":"","ast-hfb-mobile-header-display":"","site-post-title":"","ast-breadcrumbs-content":"","ast-featured-img":"","footer-sml-layout":"","theme-transparent-header-meta":"default","adv-header-id-meta":"","stick-header-meta":"","header-above-stick-meta":"","header-main-stick-meta":"","header-below-stick-meta":"","astra-migrate-meta-layouts":"set","ast-page-background-enabled":"default","ast-page-background-meta":{"desktop":{"background-color":"var(--ast-global-color-4)","background-image":"","background-repeat":"repeat","background-position":"center center","background-size":"auto","background-attachment":"scroll","background-type":"","background-media":"","overlay-type":"","overlay-color":"","overlay-opacity":"","overlay-gradient":""},"tablet":{"background-color":"","background-image":"","background-repeat":"repeat","background-position":"center center","background-size":"auto","background-attachment":"scroll","background-type":"","background-media":"","overlay-type":"","overlay-color":"","overlay-opacity":"","overlay-gradient":""},"mobile":{"background-color":"","background-image":"","background-repeat":"repeat","background-position":"center center","background-size":"auto","background-attachment":"scroll","background-type":"","background-media":"","overlay-type":"","overlay-color":"","overlay-opacity":"","overlay-gradient":""}},"ast-content-background-meta":{"desktop":{"background-color":"var(--ast-global-color-5)","background-image":"","background-repeat":"repeat","background-position":"center center","background-size":"auto","background-attachment":"scroll","background-type":"","background-media":"","overlay-type":"","overlay-color":"","overlay-opacity":"","overlay-gradient":""},"tablet":{"background-color":"var(--ast-global-color-5)","background-image":"","background-repeat":"repeat","background-position":"center center","background-size":"auto","background-attachment":"scroll","background-type":"","background-media":"","overlay-type":"","overlay-color":"","overlay-opacity":"","overlay-gradient":""},"mobile":{"background-color":"var(--ast-global-color-5)","background-image":"","background-repeat":"repeat","background-position":"center center","background-size":"auto","background-attachment":"scroll","background-type":"","background-media":"","overlay-type":"","overlay-color":"","overlay-opacity":"","overlay-gradient":""}}},"product_brand":[],"product_cat":[996],"product_tag":[],"class_list":{"0":"post-39175","1":"product","2":"type-product","3":"status-publish","4":"has-post-thumbnail","6":"product_cat-verktoy","7":"pa_24213_bggrqdhy-bla","8":"pa_24213_bggrqdhy-gra","9":"pa_24213_bggrqdhy-rod","10":"desktop-align-left","11":"tablet-align-left","12":"mobile-align-left","14":"first","15":"instock","16":"shipping-taxable","17":"purchasable","18":"product-type-variable"},"_links":{"self":[{"href":"https:\/\/keluvo.com\/no\/wp-json\/wp\/v2\/product\/39175","targetHints":{"allow":["GET"]}}],"collection":[{"href":"https:\/\/keluvo.com\/no\/wp-json\/wp\/v2\/product"}],"about":[{"href":"https:\/\/keluvo.com\/no\/wp-json\/wp\/v2\/types\/product"}],"replies":[{"embeddable":true,"href":"https:\/\/keluvo.com\/no\/wp-json\/wp\/v2\/comments?post=39175"}],"wp:featuredmedia":[{"embeddable":true,"href":"https:\/\/keluvo.com\/no\/wp-json\/wp\/v2\/media\/39171"}],"wp:attachment":[{"href":"https:\/\/keluvo.com\/no\/wp-json\/wp\/v2\/media?parent=39175"}],"wp:term":[{"taxonomy":"product_brand","embeddable":true,"href":"https:\/\/keluvo.com\/no\/wp-json\/wp\/v2\/product_brand?post=39175"},{"taxonomy":"product_cat","embeddable":true,"href":"https:\/\/keluvo.com\/no\/wp-json\/wp\/v2\/product_cat?post=39175"},{"taxonomy":"product_tag","embeddable":true,"href":"https:\/\/keluvo.com\/no\/wp-json\/wp\/v2\/product_tag?post=39175"}],"curies":[{"name":"wp","href":"https:\/\/api.w.org\/{rel}","templated":true}]}}