{"id":39125,"date":"2025-08-21T12:58:06","date_gmt":"2025-08-21T09:58:06","guid":{"rendered":"https:\/\/keluvo.com\/no\/produkt\/solbriller-3\/"},"modified":"2025-08-21T12:58:40","modified_gmt":"2025-08-21T09:58:40","slug":"solbriller-3","status":"publish","type":"product","link":"https:\/\/keluvo.com\/no\/produkt\/solbriller-3\/","title":{"rendered":"Solbriller"},"content":{"rendered":"<p style=\"text-align: center\" data-start=\"99\" data-end=\"149\"><strong>Hold deg skjerpet og beskyttet p\u00e5 alle eventyr \ud83d\udd76\ufe0f<\/strong><\/p>\n<p style=\"text-align: center\" data-start=\"151\" data-end=\"310\">These Robuste, polariserte sportssolbriller gir full \u00f8yebeskyttelse, komfort og stil &#8211; perfekt for sykling, fotturer, vannsport eller bare for \u00e5 slappe av i solen.<\/p>\n<p data-start=\"151\" data-end=\"310\"><img decoding=\"async\" class=\"size-full wp-image-32472 aligncenter\" src=\"https:\/\/keluvo.com\/template\/wp-content\/uploads\/sites\/5\/2025\/08\/bf2b04025f52a80547a32c49845e690e791d2c42_3000x3000.webp\" alt=\"\" \/><\/p>\n<h2 style=\"text-align: center\" data-start=\"312\" data-end=\"333\">Hovedfordeler \u2705<\/h2>\n<p data-start=\"336\" data-end=\"396\">\ud83d\udee1\ufe0f Polariserte TAC-linser blokkerer gjenskinn og reduserer belastningen p\u00e5 \u00f8ynene<\/p>\n<p data-start=\"399\" data-end=\"452\">\ud83c\udf1e 100 % UV-beskyttelse holder \u00f8ynene dine trygge utend\u00f8rs<\/p>\n<p data-start=\"455\" data-end=\"516\">\ud83d\udca7 Hydrofobisk og antireflekterende belegg for klart syn<\/p>\n<p data-start=\"519\" data-end=\"565\">\ud83e\uddf1 Ripebestandige og splintsikre linser<\/p>\n<p data-start=\"568\" data-end=\"619\">\ud83d\udcaa Slitesterk innfatning bygget for sport og utend\u00f8rsbruk<\/p>\n<p data-start=\"622\" data-end=\"688\">\ud83e\udea2 Inkluderer justerbar stropp for \u00e5 holde dem sikre under aktivitet<\/p>\n<p data-start=\"622\" data-end=\"688\"><img decoding=\"async\" class=\"size-full wp-image-32471 aligncenter\" src=\"https:\/\/keluvo.com\/template\/wp-content\/uploads\/sites\/5\/2025\/08\/1862316fa057199d77764591750a0b4f45f1aa30_3000x3000.webp\" alt=\"\" \/><\/p>\n<h2 style=\"text-align: center\" data-start=\"690\" data-end=\"712\">Slik Bruker Du Dem\ud83e\udde2<\/h2>\n<ol data-start=\"713\" data-end=\"935\">\n<li data-start=\"713\" data-end=\"768\">\n<p data-start=\"716\" data-end=\"768\">Velg farge og juster stroppen for komfort.<\/p>\n<\/li>\n<li data-start=\"769\" data-end=\"813\">\n<p data-start=\"772\" data-end=\"813\">Ta dem p\u00e5 f\u00f8r utend\u00f8rsaktiviteter.<\/p>\n<\/li>\n<li data-start=\"814\" data-end=\"876\">\n<p data-start=\"817\" data-end=\"876\">Nyt blendingsfritt, beskyttet syn i lyse omgivelser.<\/p>\n<\/li>\n<li data-start=\"877\" data-end=\"935\">\n<p data-start=\"880\" data-end=\"935\">Rengj\u00f8r med en myk klut etter bruk for \u00e5 opprettholde klarheten.<\/p>\n<\/li>\n<\/ol>\n<h2 style=\"text-align: center\" data-start=\"937\" data-end=\"961\">Produktdetaljer \ud83d\udccf<\/h2>\n<ul data-start=\"962\" data-end=\"1125\">\n<li data-start=\"962\" data-end=\"1006\">\n<p data-start=\"964\" data-end=\"1006\">Polarisert TAC-linse med UV400-beskyttelse<\/p>\n<\/li>\n<li data-start=\"1007\" data-end=\"1051\">\n<p data-start=\"1009\" data-end=\"1051\">Vannbestandig og ripebeskyttende belegg<\/p>\n<\/li>\n<li data-start=\"1052\" data-end=\"1088\">\n<p data-start=\"1054\" data-end=\"1088\">Sportstilpasset innfatning for sikkert grep<\/p>\n<\/li>\n<li data-start=\"1089\" data-end=\"1125\">\n<p data-start=\"1091\" data-end=\"1125\">Inkluderer justerbar sportsstropp<\/p>\n<\/li>\n<\/ul>\n<h2 style=\"text-align: center\" data-start=\"1127\" data-end=\"1152\">Pakken Inkluderer \ud83d\udcec<\/h2>\n<ul data-start=\"1153\" data-end=\"1229\">\n<li data-start=\"1153\" data-end=\"1200\">\n<p data-start=\"1155\" data-end=\"1200\">1x par solbriller<\/p>\n<\/li>\n<li data-start=\"1201\" data-end=\"1229\">\n<p data-start=\"1203\" data-end=\"1229\">1x justerbar sportsstropp.<\/p>\n<\/li>\n<\/ul>\n","protected":false},"excerpt":{"rendered":"<p>Hold deg skjerpet og beskyttet p\u00e5 alle eventyr \ud83d\udd76\ufe0f These Robuste, polariserte sportssolbriller gir full \u00f8yebeskyttelse, komfort og stil &#8211; [&hellip;]<\/p>\n","protected":false},"featured_media":39121,"comment_status":"open","ping_status":"closed","template":"","meta":{"site-sidebar-layout":"default","site-content-layout":"","ast-site-content-layout":"default","site-content-style":"default","site-sidebar-style":"default","ast-global-header-display":"","ast-banner-title-visibility":"","ast-main-header-display":"","ast-hfb-above-header-display":"","ast-hfb-below-header-display":"","ast-hfb-mobile-header-display":"","site-post-title":"","ast-breadcrumbs-content":"","ast-featured-img":"","footer-sml-layout":"","theme-transparent-header-meta":"default","adv-header-id-meta":"","stick-header-meta":"","header-above-stick-meta":"","header-main-stick-meta":"","header-below-stick-meta":"","astra-migrate-meta-layouts":"set","ast-page-background-enabled":"default","ast-page-background-meta":{"desktop":{"background-color":"var(--ast-global-color-4)","background-image":"","background-repeat":"repeat","background-position":"center center","background-size":"auto","background-attachment":"scroll","background-type":"","background-media":"","overlay-type":"","overlay-color":"","overlay-opacity":"","overlay-gradient":""},"tablet":{"background-color":"","background-image":"","background-repeat":"repeat","background-position":"center center","background-size":"auto","background-attachment":"scroll","background-type":"","background-media":"","overlay-type":"","overlay-color":"","overlay-opacity":"","overlay-gradient":""},"mobile":{"background-color":"","background-image":"","background-repeat":"repeat","background-position":"center center","background-size":"auto","background-attachment":"scroll","background-type":"","background-media":"","overlay-type":"","overlay-color":"","overlay-opacity":"","overlay-gradient":""}},"ast-content-background-meta":{"desktop":{"background-color":"var(--ast-global-color-5)","background-image":"","background-repeat":"repeat","background-position":"center center","background-size":"auto","background-attachment":"scroll","background-type":"","background-media":"","overlay-type":"","overlay-color":"","overlay-opacity":"","overlay-gradient":""},"tablet":{"background-color":"var(--ast-global-color-5)","background-image":"","background-repeat":"repeat","background-position":"center center","background-size":"auto","background-attachment":"scroll","background-type":"","background-media":"","overlay-type":"","overlay-color":"","overlay-opacity":"","overlay-gradient":""},"mobile":{"background-color":"var(--ast-global-color-5)","background-image":"","background-repeat":"repeat","background-position":"center center","background-size":"auto","background-attachment":"scroll","background-type":"","background-media":"","overlay-type":"","overlay-color":"","overlay-opacity":"","overlay-gradient":""}}},"product_brand":[],"product_cat":[993,1000],"product_tag":[],"class_list":{"0":"post-39125","1":"product","2":"type-product","3":"status-publish","4":"has-post-thumbnail","6":"product_cat-skotoy-tilbehor","7":"product_cat-tur-camping-og-fritidsutstyr","8":"pa_22050_op11mqgz-a","9":"pa_22050_op11mqgz-b","10":"pa_22050_op11mqgz-c","11":"pa_22050_op11mqgz-d","12":"pa_22050_op11mqgz-e","13":"pa_22050_op11mqgz-f","14":"pa_22050_op11mqgz-g","15":"pa_22050_op11mqgz-h","16":"desktop-align-left","17":"tablet-align-left","18":"mobile-align-left","20":"first","21":"instock","22":"shipping-taxable","23":"purchasable","24":"product-type-variable"},"_links":{"self":[{"href":"https:\/\/keluvo.com\/no\/wp-json\/wp\/v2\/product\/39125","targetHints":{"allow":["GET"]}}],"collection":[{"href":"https:\/\/keluvo.com\/no\/wp-json\/wp\/v2\/product"}],"about":[{"href":"https:\/\/keluvo.com\/no\/wp-json\/wp\/v2\/types\/product"}],"replies":[{"embeddable":true,"href":"https:\/\/keluvo.com\/no\/wp-json\/wp\/v2\/comments?post=39125"}],"wp:featuredmedia":[{"embeddable":true,"href":"https:\/\/keluvo.com\/no\/wp-json\/wp\/v2\/media\/39121"}],"wp:attachment":[{"href":"https:\/\/keluvo.com\/no\/wp-json\/wp\/v2\/media?parent=39125"}],"wp:term":[{"taxonomy":"product_brand","embeddable":true,"href":"https:\/\/keluvo.com\/no\/wp-json\/wp\/v2\/product_brand?post=39125"},{"taxonomy":"product_cat","embeddable":true,"href":"https:\/\/keluvo.com\/no\/wp-json\/wp\/v2\/product_cat?post=39125"},{"taxonomy":"product_tag","embeddable":true,"href":"https:\/\/keluvo.com\/no\/wp-json\/wp\/v2\/product_tag?post=39125"}],"curies":[{"name":"wp","href":"https:\/\/api.w.org\/{rel}","templated":true}]}}