{"id":39051,"date":"2025-08-21T12:53:00","date_gmt":"2025-08-21T09:53:00","guid":{"rendered":"https:\/\/keluvo.com\/no\/produkt\/sklisikre-bordskanere\/"},"modified":"2025-10-14T18:30:22","modified_gmt":"2025-10-14T15:30:22","slug":"sklisikre-bordskanere","status":"publish","type":"product","link":"https:\/\/keluvo.com\/no\/produkt\/sklisikre-bordskanere\/","title":{"rendered":"Sklisikre bordsk\u00e5nere"},"content":{"rendered":"<p style=\"text-align: center\" data-start=\"0\" data-end=\"39\"><strong data-start=\"0\" data-end=\"37\">Sklisikre Underlegg \ud83c\udfe1<\/strong><\/p>\n<p style=\"text-align: center\" data-start=\"41\" data-end=\"272\">Hold tepper og gulvtepper perfekt p\u00e5 plass med disse gjenbrukbare, sklisikre underleggene. De er designet med sterkt lim og slitesterkt materiale, og forhindrer at hj\u00f8rnene kr\u00f8ller seg, sklir eller beveger seg &#8211; noe som gj\u00f8r hjemmet ditt tryggere og ryddigere.<\/p>\n<p data-start=\"41\" data-end=\"272\"><img decoding=\"async\" class=\"size-full wp-image-32383 aligncenter\" src=\"https:\/\/keluvo.com\/template\/wp-content\/uploads\/sites\/5\/2025\/08\/c0141bf1-ac8e-41ed-876d-9aa53917440d.jpg\" alt=\"\" \/><\/p>\n<h2 style=\"text-align: center\" data-start=\"279\" data-end=\"301\">Hovedfordeler<\/h2>\n<p data-start=\"304\" data-end=\"372\">\ud83d\udee1\ufe0f Forhindrer skli og ulykker &#8211; holder tepper sikre p\u00e5 alle gulv<\/p>\n<p data-start=\"375\" data-end=\"424\">\ud83d\udd04 Gjenbrukbar design &#8211; enkel \u00e5 rengj\u00f8re og feste p\u00e5 nytt<\/p>\n<p data-start=\"427\" data-end=\"493\">\ud83d\udcd0 Usynlig og slank &#8211; passer pent under tepper; slank &#8211; passer fint under teppehj\u00f8rner uten \u00e5 klumpe seg sammen<\/p>\n<p data-start=\"496\" data-end=\"562\">\ud83e\uddfc Enkel \u00e5 vedlikeholde &#8211; bare t\u00f8rk av med vann for \u00e5 gjenopprette klebrigheten<\/p>\n<p data-start=\"565\" data-end=\"626\">\ud83c\udfe0 Fungerer p\u00e5 alle overflater &#8211; tre, fliser, laminat eller marmor<\/p>\n<p data-start=\"565\" data-end=\"626\"><img decoding=\"async\" class=\"size-full wp-image-32388 aligncenter\" src=\"https:\/\/keluvo.com\/template\/wp-content\/uploads\/sites\/5\/2025\/08\/916c38fc-e550-43d1-afab-521a1eda1b52.webp\" alt=\"\" \/><\/p>\n<h2 style=\"text-align: center\" data-start=\"633\" data-end=\"652\"><strong>Slik Bruker Du Dem<\/strong><\/h2>\n<ol data-start=\"653\" data-end=\"827\">\n<li data-start=\"653\" data-end=\"687\">\n<p data-start=\"656\" data-end=\"687\">Trekk av beskyttelsesfilmen.<\/p>\n<\/li>\n<li data-start=\"688\" data-end=\"739\">\n<p data-start=\"691\" data-end=\"739\">Trykk godt for \u00e5 feste dem til gulvet.<\/p>\n<\/li>\n<li data-start=\"740\" data-end=\"784\">\n<p data-start=\"743\" data-end=\"784\">Fjern dem og skyll dem med vann for gjenbruk.<\/p>\n<\/li>\n<\/ol>\n<h2 style=\"text-align: center\" data-start=\"834\" data-end=\"858\"><strong>Produktdetaljer<\/strong><\/h2>\n<ul data-start=\"859\" data-end=\"972\">\n<li data-start=\"859\" data-end=\"890\">\n<p data-start=\"861\" data-end=\"890\">Materiale: PU + silikongel<\/p>\n<\/li>\n<li data-start=\"891\" data-end=\"921\">\n<p data-start=\"893\" data-end=\"921\">Form: trekantede bordsk\u00e5nere<\/p>\n<\/li>\n<li data-start=\"922\" data-end=\"955\">\n<p data-start=\"924\" data-end=\"955\">St\u00f8rrelse: ca. 15,5 x 11 x 7,7 cm hver<\/p>\n<\/li>\n<li data-start=\"956\" data-end=\"972\">\n<p data-start=\"958\" data-end=\"972\">Farge: svart<\/p>\n<\/li>\n<\/ul>\n<h2 style=\"text-align: center\" data-start=\"979\" data-end=\"1004\"><strong>Pakken Inneholder<\/strong><\/h2>\n<ul data-start=\"1005\" data-end=\"1035\">\n<li data-start=\"1005\" data-end=\"1035\">\n<p data-start=\"1007\" data-end=\"1035\">4, 8, 12x sklisikre bordsk\u00e5nere.<\/p>\n<\/li>\n<\/ul>\n","protected":false},"excerpt":{"rendered":"<p>Sklisikre Underlegg \ud83c\udfe1 Hold tepper og gulvtepper perfekt p\u00e5 plass med disse gjenbrukbare, sklisikre underleggene. De er designet med sterkt [&hellip;]<\/p>\n","protected":false},"featured_media":39047,"comment_status":"open","ping_status":"closed","template":"","meta":{"site-sidebar-layout":"default","site-content-layout":"","ast-site-content-layout":"default","site-content-style":"default","site-sidebar-style":"default","ast-global-header-display":"","ast-banner-title-visibility":"","ast-main-header-display":"","ast-hfb-above-header-display":"","ast-hfb-below-header-display":"","ast-hfb-mobile-header-display":"","site-post-title":"","ast-breadcrumbs-content":"","ast-featured-img":"","footer-sml-layout":"","theme-transparent-header-meta":"default","adv-header-id-meta":"","stick-header-meta":"","header-above-stick-meta":"","header-main-stick-meta":"","header-below-stick-meta":"","astra-migrate-meta-layouts":"set","ast-page-background-enabled":"default","ast-page-background-meta":{"desktop":{"background-color":"var(--ast-global-color-4)","background-image":"","background-repeat":"repeat","background-position":"center center","background-size":"auto","background-attachment":"scroll","background-type":"","background-media":"","overlay-type":"","overlay-color":"","overlay-opacity":"","overlay-gradient":""},"tablet":{"background-color":"","background-image":"","background-repeat":"repeat","background-position":"center center","background-size":"auto","background-attachment":"scroll","background-type":"","background-media":"","overlay-type":"","overlay-color":"","overlay-opacity":"","overlay-gradient":""},"mobile":{"background-color":"","background-image":"","background-repeat":"repeat","background-position":"center center","background-size":"auto","background-attachment":"scroll","background-type":"","background-media":"","overlay-type":"","overlay-color":"","overlay-opacity":"","overlay-gradient":""}},"ast-content-background-meta":{"desktop":{"background-color":"var(--ast-global-color-5)","background-image":"","background-repeat":"repeat","background-position":"center center","background-size":"auto","background-attachment":"scroll","background-type":"","background-media":"","overlay-type":"","overlay-color":"","overlay-opacity":"","overlay-gradient":""},"tablet":{"background-color":"var(--ast-global-color-5)","background-image":"","background-repeat":"repeat","background-position":"center center","background-size":"auto","background-attachment":"scroll","background-type":"","background-media":"","overlay-type":"","overlay-color":"","overlay-opacity":"","overlay-gradient":""},"mobile":{"background-color":"var(--ast-global-color-5)","background-image":"","background-repeat":"repeat","background-position":"center center","background-size":"auto","background-attachment":"scroll","background-type":"","background-media":"","overlay-type":"","overlay-color":"","overlay-opacity":"","overlay-gradient":""}}},"product_brand":[],"product_cat":[1001],"product_tag":[],"class_list":{"0":"post-39051","1":"product","2":"type-product","3":"status-publish","4":"has-post-thumbnail","6":"product_cat-husholdningsartikler","7":"pa_20266_95ym4d6u-4-stk","8":"pa_20266_95ym4d6u-8-stk","9":"pa_20266_95ym4d6u-12-stk","10":"desktop-align-left","11":"tablet-align-left","12":"mobile-align-left","14":"first","15":"instock","16":"shipping-taxable","17":"purchasable","18":"product-type-variable"},"_links":{"self":[{"href":"https:\/\/keluvo.com\/no\/wp-json\/wp\/v2\/product\/39051","targetHints":{"allow":["GET"]}}],"collection":[{"href":"https:\/\/keluvo.com\/no\/wp-json\/wp\/v2\/product"}],"about":[{"href":"https:\/\/keluvo.com\/no\/wp-json\/wp\/v2\/types\/product"}],"replies":[{"embeddable":true,"href":"https:\/\/keluvo.com\/no\/wp-json\/wp\/v2\/comments?post=39051"}],"wp:featuredmedia":[{"embeddable":true,"href":"https:\/\/keluvo.com\/no\/wp-json\/wp\/v2\/media\/39047"}],"wp:attachment":[{"href":"https:\/\/keluvo.com\/no\/wp-json\/wp\/v2\/media?parent=39051"}],"wp:term":[{"taxonomy":"product_brand","embeddable":true,"href":"https:\/\/keluvo.com\/no\/wp-json\/wp\/v2\/product_brand?post=39051"},{"taxonomy":"product_cat","embeddable":true,"href":"https:\/\/keluvo.com\/no\/wp-json\/wp\/v2\/product_cat?post=39051"},{"taxonomy":"product_tag","embeddable":true,"href":"https:\/\/keluvo.com\/no\/wp-json\/wp\/v2\/product_tag?post=39051"}],"curies":[{"name":"wp","href":"https:\/\/api.w.org\/{rel}","templated":true}]}}