{"id":39029,"date":"2025-08-21T12:51:33","date_gmt":"2025-08-21T09:51:33","guid":{"rendered":"https:\/\/keluvo.com\/no\/produkt\/ornamenter-i-tre\/"},"modified":"2025-08-21T13:40:30","modified_gmt":"2025-08-21T10:40:30","slug":"ornamenter-i-tre","status":"publish","type":"product","link":"https:\/\/keluvo.com\/no\/produkt\/ornamenter-i-tre\/","title":{"rendered":"Ornamenter i tre"},"content":{"rendered":"<p style=\"text-align: center\" data-start=\"0\" data-end=\"62\"><strong data-start=\"0\" data-end=\"60\">Hjerteformet Trepynt \u2013 En Gave Full Av Kj\u00e6rlighet \u2764\ufe0f\ud83c\udf3f<\/strong><\/p>\n<p style=\"text-align: center\" data-start=\"64\" data-end=\"367\">Vis en spesiell person hvor mye vedkommende betyr for deg med disse vakre, h\u00e5ndlagde hjerteornamentene i tre. Hvert enkelt stykke er laget av naturlig tre og behandlet med omhu, og hvert stykke b\u00e6rer varme, kj\u00e6rlighet og tidl\u00f8s sjarm &#8211; perfekt til valentinsdagen, merkedager, bryllup eller bare som en omtenksom hverdagsgave.<\/p>\n<p data-start=\"64\" data-end=\"367\"><img decoding=\"async\" class=\"size-full wp-image-32356 aligncenter\" src=\"https:\/\/keluvo.com\/template\/wp-content\/uploads\/sites\/5\/2025\/08\/HHeH2Am3YIppPCu2AIo8.jpg\" alt=\"\" \/><\/p>\n<h2 style=\"text-align: center\" data-start=\"403\" data-end=\"425\">Hovedfordeler<\/h2>\n<p data-start=\"399\" data-end=\"458\">\u2764\ufe0f Unikt h\u00e5ndlaget design \u2013 hvert stykke f\u00f8les personlig<\/p>\n<p data-start=\"461\" data-end=\"507\">\ud83c\udf3f 100% naturlig tre, ingen flekker eller fargestoffer brukt<\/p>\n<p data-start=\"510\" data-end=\"575\">\ud83c\udf81 Perfekt gave til valentinsdagen, bryllup eller merkedager<\/p>\n<p data-start=\"578\" data-end=\"646\">\u2728 Kan brukes som n\u00f8kkelringer, vesketilbeh\u00f8r, magneter eller bildekorasjon<\/p>\n<p data-start=\"649\" data-end=\"709\">\ud83d\udc8e Glatt finish med naturlig voks for holdbarhet og glans<\/p>\n<p data-start=\"649\" data-end=\"709\"><img decoding=\"async\" class=\"size-full wp-image-32360 aligncenter\" src=\"https:\/\/keluvo.com\/template\/wp-content\/uploads\/sites\/5\/2025\/08\/c1e1f456-3248-4936-a7a9-84b00c59a028.webp\" alt=\"\" \/><\/p>\n<h2 style=\"text-align: center\" data-start=\"716\" data-end=\"737\">Hvordan bruke<\/h2>\n<ol data-start=\"738\" data-end=\"904\">\n<li data-start=\"738\" data-end=\"784\">\n<p data-start=\"741\" data-end=\"784\">Velg ditt favoritt hjerteformede design.<\/p>\n<\/li>\n<li data-start=\"785\" data-end=\"842\">\n<p data-start=\"788\" data-end=\"842\">Bruk den som dekorasjon, gave eller personlig tilbeh\u00f8r.<\/p>\n<\/li>\n<li data-start=\"843\" data-end=\"904\">\n<p data-start=\"846\" data-end=\"904\">Del den med noen du er glad i som et meningsfullt minne.<\/p>\n<\/li>\n<\/ol>\n<h2 style=\"text-align: center\" data-start=\"911\" data-end=\"935\">Produktdetaljer<\/h2>\n<ul data-start=\"936\" data-end=\"1035\">\n<li data-start=\"936\" data-end=\"962\">\n<p data-start=\"938\" data-end=\"962\">Materiale: naturlig tre<\/p>\n<\/li>\n<li data-start=\"963\" data-end=\"992\">\n<p data-start=\"965\" data-end=\"992\">St\u00f8rrelse: ca. 6-7 cm h\u00f8y<\/p>\n<\/li>\n<li data-start=\"993\" data-end=\"1035\">\n<p data-start=\"995\" data-end=\"1035\">Finish: polert med naturlig trevoks<\/p>\n<\/li>\n<\/ul>\n<h2 style=\"text-align: center\" data-start=\"1042\" data-end=\"1067\">Pakken inkluderer<\/h2>\n<ul data-start=\"1068\" data-end=\"1104\">\n<li data-start=\"1068\" data-end=\"1104\">\n<p data-start=\"1070\" data-end=\"1104\">1x hjerteformet treornament.<\/p>\n<\/li>\n<\/ul>\n","protected":false},"excerpt":{"rendered":"<p>Hjerteformet Trepynt \u2013 En Gave Full Av Kj\u00e6rlighet \u2764\ufe0f\ud83c\udf3f Vis en spesiell person hvor mye vedkommende betyr for deg med [&hellip;]<\/p>\n","protected":false},"featured_media":39025,"comment_status":"open","ping_status":"closed","template":"","meta":{"site-sidebar-layout":"default","site-content-layout":"","ast-site-content-layout":"default","site-content-style":"default","site-sidebar-style":"default","ast-global-header-display":"","ast-banner-title-visibility":"","ast-main-header-display":"","ast-hfb-above-header-display":"","ast-hfb-below-header-display":"","ast-hfb-mobile-header-display":"","site-post-title":"","ast-breadcrumbs-content":"","ast-featured-img":"","footer-sml-layout":"","theme-transparent-header-meta":"default","adv-header-id-meta":"","stick-header-meta":"","header-above-stick-meta":"","header-main-stick-meta":"","header-below-stick-meta":"","astra-migrate-meta-layouts":"set","ast-page-background-enabled":"default","ast-page-background-meta":{"desktop":{"background-color":"var(--ast-global-color-4)","background-image":"","background-repeat":"repeat","background-position":"center center","background-size":"auto","background-attachment":"scroll","background-type":"","background-media":"","overlay-type":"","overlay-color":"","overlay-opacity":"","overlay-gradient":""},"tablet":{"background-color":"","background-image":"","background-repeat":"repeat","background-position":"center center","background-size":"auto","background-attachment":"scroll","background-type":"","background-media":"","overlay-type":"","overlay-color":"","overlay-opacity":"","overlay-gradient":""},"mobile":{"background-color":"","background-image":"","background-repeat":"repeat","background-position":"center center","background-size":"auto","background-attachment":"scroll","background-type":"","background-media":"","overlay-type":"","overlay-color":"","overlay-opacity":"","overlay-gradient":""}},"ast-content-background-meta":{"desktop":{"background-color":"var(--ast-global-color-5)","background-image":"","background-repeat":"repeat","background-position":"center center","background-size":"auto","background-attachment":"scroll","background-type":"","background-media":"","overlay-type":"","overlay-color":"","overlay-opacity":"","overlay-gradient":""},"tablet":{"background-color":"var(--ast-global-color-5)","background-image":"","background-repeat":"repeat","background-position":"center center","background-size":"auto","background-attachment":"scroll","background-type":"","background-media":"","overlay-type":"","overlay-color":"","overlay-opacity":"","overlay-gradient":""},"mobile":{"background-color":"var(--ast-global-color-5)","background-image":"","background-repeat":"repeat","background-position":"center center","background-size":"auto","background-attachment":"scroll","background-type":"","background-media":"","overlay-type":"","overlay-color":"","overlay-opacity":"","overlay-gradient":""}}},"product_brand":[],"product_cat":[993],"product_tag":[],"class_list":{"0":"post-39029","1":"product","2":"type-product","3":"status-publish","4":"has-post-thumbnail","6":"product_cat-skotoy-tilbehor","7":"pa_32239_u5vc76jc-a","8":"pa_32239_u5vc76jc-b","9":"pa_32239_u5vc76jc-c","10":"pa_32239_u5vc76jc-d","11":"desktop-align-left","12":"tablet-align-left","13":"mobile-align-left","15":"first","16":"instock","17":"shipping-taxable","18":"purchasable","19":"product-type-variable"},"_links":{"self":[{"href":"https:\/\/keluvo.com\/no\/wp-json\/wp\/v2\/product\/39029","targetHints":{"allow":["GET"]}}],"collection":[{"href":"https:\/\/keluvo.com\/no\/wp-json\/wp\/v2\/product"}],"about":[{"href":"https:\/\/keluvo.com\/no\/wp-json\/wp\/v2\/types\/product"}],"replies":[{"embeddable":true,"href":"https:\/\/keluvo.com\/no\/wp-json\/wp\/v2\/comments?post=39029"}],"wp:featuredmedia":[{"embeddable":true,"href":"https:\/\/keluvo.com\/no\/wp-json\/wp\/v2\/media\/39025"}],"wp:attachment":[{"href":"https:\/\/keluvo.com\/no\/wp-json\/wp\/v2\/media?parent=39029"}],"wp:term":[{"taxonomy":"product_brand","embeddable":true,"href":"https:\/\/keluvo.com\/no\/wp-json\/wp\/v2\/product_brand?post=39029"},{"taxonomy":"product_cat","embeddable":true,"href":"https:\/\/keluvo.com\/no\/wp-json\/wp\/v2\/product_cat?post=39029"},{"taxonomy":"product_tag","embeddable":true,"href":"https:\/\/keluvo.com\/no\/wp-json\/wp\/v2\/product_tag?post=39029"}],"curies":[{"name":"wp","href":"https:\/\/api.w.org\/{rel}","templated":true}]}}