{"id":39020,"date":"2025-08-21T12:50:54","date_gmt":"2025-08-21T09:50:54","guid":{"rendered":"https:\/\/keluvo.com\/no\/produkt\/loddestenger\/"},"modified":"2025-09-30T11:17:51","modified_gmt":"2025-09-30T08:17:51","slug":"loddestenger","status":"publish","type":"product","link":"https:\/\/keluvo.com\/no\/produkt\/loddestenger\/","title":{"rendered":"Loddestenger"},"content":{"rendered":"<p style=\"text-align: center\" data-start=\"0\" data-end=\"73\"><strong data-start=\"0\" data-end=\"71\">Loddestaver &#8211; Sterk, Ren Og P\u00e5litelig Sveising P\u00e5 En Enkel M\u00e5te \ud83d\udd27\ud83d\udd25<\/strong><\/p>\n<p style=\"text-align: center\" data-start=\"75\" data-end=\"325\">Gj\u00f8r sveiseprosjektene dine smidigere og mer effektive med disse loddestavene av h\u00f8y kvalitet. De er perfekte for aluminium og aluminiumslegeringer, smelter raskt, flyter jevnt og skaper sterke, holdbare skj\u00f8ter &#8211; alt uten behov for ekstra flussmiddel eller gass.<\/p>\n<p data-start=\"75\" data-end=\"325\"><img decoding=\"async\" class=\"size-full wp-image-32350 aligncenter\" src=\"https:\/\/keluvo.com\/template\/wp-content\/uploads\/sites\/5\/2025\/08\/ezgif.com-crop_large.webp\" alt=\"\" \/><\/p>\n<h2 style=\"text-align: center\" data-start=\"332\" data-end=\"354\">\ud83c\udf1f Hovedfordeler<\/h2>\n<p data-start=\"357\" data-end=\"426\">\u26a1 Rask lodding &#8211; fyller raskt hull og sikrer solide forbindelser<\/p>\n<p data-start=\"429\" data-end=\"490\">\ud83d\udd29 H\u00f8yfaste skj\u00f8ter &#8211; p\u00e5litelige og holdbare resultater<\/p>\n<p data-start=\"493\" data-end=\"544\">\ud83d\udd25 Lavt smeltepunkt (ca. 450 \u00b0C) for enkel bruk<\/p>\n<p data-start=\"547\" data-end=\"611\">\ud83d\udee0 Perfekt til reparasjoner av aluminium, r\u00f8r, tanker, d\u00f8rer med mer<\/p>\n<p data-start=\"614\" data-end=\"653\">\ud83d\udc8e Korrosjonsbestandig og lekkasjesikker<\/p>\n<p data-start=\"614\" data-end=\"653\"><img decoding=\"async\" class=\"size-full wp-image-32345 aligncenter\" src=\"https:\/\/keluvo.com\/template\/wp-content\/uploads\/sites\/5\/2025\/08\/6_grande_b430471e-5fc5-4952-81e2-77a2a92d5be2.gif\" alt=\"\" \/><\/p>\n<h2 style=\"text-align: center\" data-start=\"660\" data-end=\"681\">\ud83d\udccc Slik Bruker Du Den<\/h2>\n<ol data-start=\"682\" data-end=\"865\">\n<li data-start=\"682\" data-end=\"717\">\n<p data-start=\"685\" data-end=\"717\">Rengj\u00f8r og klargj\u00f8r overflaten.<\/p>\n<\/li>\n<li data-start=\"718\" data-end=\"762\">\n<p data-start=\"721\" data-end=\"762\">Varm opp arbeidsstykket jevnt med en lommelykt.<\/p>\n<\/li>\n<li data-start=\"763\" data-end=\"812\">\n<p data-start=\"766\" data-end=\"812\">P\u00e5f\u00f8r stangen &#8211; den smelter og fester seg godt.<\/p>\n<\/li>\n<li data-start=\"813\" data-end=\"865\">\n<p data-start=\"816\" data-end=\"865\">La den avkj\u00f8les for \u00e5 f\u00e5 en sterk, permanent forbindelse.<\/p>\n<\/li>\n<\/ol>\n<h2 style=\"text-align: center\" data-start=\"872\" data-end=\"896\">\ud83d\udccf Produktdetaljer<\/h2>\n<ul data-start=\"897\" data-end=\"1058\">\n<li data-start=\"897\" data-end=\"943\">\n<p data-start=\"899\" data-end=\"943\">Materiale: aluminium (ingen gass eller fluks n\u00f8dvendig)<\/p>\n<\/li>\n<li data-start=\"944\" data-end=\"969\">\n<p data-start=\"946\" data-end=\"969\">Smeltepunkt: ~450 \u00b0C<\/p>\n<\/li>\n<li data-start=\"970\" data-end=\"1017\">\n<p data-start=\"972\" data-end=\"1017\">Motstand: korrosjonsbestandig, lekkasjesikker<\/p>\n<\/li>\n<li data-start=\"1018\" data-end=\"1058\">\n<p data-start=\"1020\" data-end=\"1058\">St\u00f8rrelse: 1,6 mm x 330 mm og 2,0 mm x 330 mm.<\/p>\n<\/li>\n<\/ul>\n<h2 style=\"text-align: center\" data-start=\"1065\" data-end=\"1090\">\ud83d\udce6 Pakken Inneholder<\/h2>\n<ul data-start=\"1091\" data-end=\"1145\">\n<li data-start=\"1091\" data-end=\"1145\">\n<p data-start=\"1093\" data-end=\"1145\">10x loddestaver.<\/p>\n<\/li>\n<\/ul>\n","protected":false},"excerpt":{"rendered":"<p>Loddestaver &#8211; Sterk, Ren Og P\u00e5litelig Sveising P\u00e5 En Enkel M\u00e5te \ud83d\udd27\ud83d\udd25 Gj\u00f8r sveiseprosjektene dine smidigere og mer effektive med [&hellip;]<\/p>\n","protected":false},"featured_media":39016,"comment_status":"open","ping_status":"closed","template":"","meta":{"site-sidebar-layout":"default","site-content-layout":"","ast-site-content-layout":"default","site-content-style":"default","site-sidebar-style":"default","ast-global-header-display":"","ast-banner-title-visibility":"","ast-main-header-display":"","ast-hfb-above-header-display":"","ast-hfb-below-header-display":"","ast-hfb-mobile-header-display":"","site-post-title":"","ast-breadcrumbs-content":"","ast-featured-img":"","footer-sml-layout":"","theme-transparent-header-meta":"default","adv-header-id-meta":"","stick-header-meta":"","header-above-stick-meta":"","header-main-stick-meta":"","header-below-stick-meta":"","astra-migrate-meta-layouts":"set","ast-page-background-enabled":"default","ast-page-background-meta":{"desktop":{"background-color":"var(--ast-global-color-4)","background-image":"","background-repeat":"repeat","background-position":"center center","background-size":"auto","background-attachment":"scroll","background-type":"","background-media":"","overlay-type":"","overlay-color":"","overlay-opacity":"","overlay-gradient":""},"tablet":{"background-color":"","background-image":"","background-repeat":"repeat","background-position":"center center","background-size":"auto","background-attachment":"scroll","background-type":"","background-media":"","overlay-type":"","overlay-color":"","overlay-opacity":"","overlay-gradient":""},"mobile":{"background-color":"","background-image":"","background-repeat":"repeat","background-position":"center center","background-size":"auto","background-attachment":"scroll","background-type":"","background-media":"","overlay-type":"","overlay-color":"","overlay-opacity":"","overlay-gradient":""}},"ast-content-background-meta":{"desktop":{"background-color":"var(--ast-global-color-5)","background-image":"","background-repeat":"repeat","background-position":"center center","background-size":"auto","background-attachment":"scroll","background-type":"","background-media":"","overlay-type":"","overlay-color":"","overlay-opacity":"","overlay-gradient":""},"tablet":{"background-color":"var(--ast-global-color-5)","background-image":"","background-repeat":"repeat","background-position":"center center","background-size":"auto","background-attachment":"scroll","background-type":"","background-media":"","overlay-type":"","overlay-color":"","overlay-opacity":"","overlay-gradient":""},"mobile":{"background-color":"var(--ast-global-color-5)","background-image":"","background-repeat":"repeat","background-position":"center center","background-size":"auto","background-attachment":"scroll","background-type":"","background-media":"","overlay-type":"","overlay-color":"","overlay-opacity":"","overlay-gradient":""}}},"product_brand":[],"product_cat":[996],"product_tag":[],"class_list":{"0":"post-39020","1":"product","2":"type-product","3":"status-publish","4":"has-post-thumbnail","6":"product_cat-verktoy","7":"pa_19307_l3y7v7or-16-mm-x-330-mm","8":"pa_19307_l3y7v7or-20-mm-x-330-mm","9":"desktop-align-left","10":"tablet-align-left","11":"mobile-align-left","13":"first","14":"instock","15":"shipping-taxable","16":"purchasable","17":"product-type-variable"},"_links":{"self":[{"href":"https:\/\/keluvo.com\/no\/wp-json\/wp\/v2\/product\/39020","targetHints":{"allow":["GET"]}}],"collection":[{"href":"https:\/\/keluvo.com\/no\/wp-json\/wp\/v2\/product"}],"about":[{"href":"https:\/\/keluvo.com\/no\/wp-json\/wp\/v2\/types\/product"}],"replies":[{"embeddable":true,"href":"https:\/\/keluvo.com\/no\/wp-json\/wp\/v2\/comments?post=39020"}],"wp:featuredmedia":[{"embeddable":true,"href":"https:\/\/keluvo.com\/no\/wp-json\/wp\/v2\/media\/39016"}],"wp:attachment":[{"href":"https:\/\/keluvo.com\/no\/wp-json\/wp\/v2\/media?parent=39020"}],"wp:term":[{"taxonomy":"product_brand","embeddable":true,"href":"https:\/\/keluvo.com\/no\/wp-json\/wp\/v2\/product_brand?post=39020"},{"taxonomy":"product_cat","embeddable":true,"href":"https:\/\/keluvo.com\/no\/wp-json\/wp\/v2\/product_cat?post=39020"},{"taxonomy":"product_tag","embeddable":true,"href":"https:\/\/keluvo.com\/no\/wp-json\/wp\/v2\/product_tag?post=39020"}],"curies":[{"name":"wp","href":"https:\/\/api.w.org\/{rel}","templated":true}]}}