{"id":39007,"date":"2025-08-21T12:50:06","date_gmt":"2025-08-21T09:50:06","guid":{"rendered":"https:\/\/keluvo.com\/no\/produkt\/toalettkrakk\/"},"modified":"2025-08-21T12:50:23","modified_gmt":"2025-08-21T09:50:23","slug":"toalettkrakk","status":"publish","type":"product","link":"https:\/\/keluvo.com\/no\/produkt\/toalettkrakk\/","title":{"rendered":"Toalettkrakk"},"content":{"rendered":"<p style=\"text-align: center\" data-start=\"0\" data-end=\"59\"><strong data-start=\"0\" data-end=\"57\">Toalettkrakk &#8211; Forbedre Ford\u00f8yelsen P\u00e5 En Naturlig M\u00e5te \ud83d\udebd\ud83c\udf3f<\/strong><\/p>\n<p style=\"text-align: center\" data-start=\"61\" data-end=\"343\">Forvandle baderutinen din med denne ergonomiske toalettkrakken som er designet for \u00e5 hjelpe deg \u00e5 sitte i den naturlige 35\u00b0 hukposisjonen. Ved \u00e5 heve bena slapper du av i tykktarmen, reduserer belastningen og fremmer raskere og sunnere avf\u00f8ring. Enkel, effektiv og anbefalt av lege.<\/p>\n<p data-start=\"61\" data-end=\"343\"><img decoding=\"async\" class=\"size-full wp-image-32331 aligncenter\" src=\"https:\/\/keluvo.com\/template\/wp-content\/uploads\/sites\/5\/2025\/08\/072110-ezgif.com-video-to-webp-converter-2.webp\" alt=\"\" \/><\/p>\n<h2 style=\"text-align: center\" data-start=\"350\" data-end=\"372\">\ud83c\udf3f Hovedfordeler<\/h2>\n<p data-start=\"375\" data-end=\"425\">\ud83c\udf3f Fremmer en naturlig stilling for lettere ford\u00f8yelse<\/p>\n<p data-start=\"428\" data-end=\"484\">\ud83d\udebd Hjelper mot forstoppelse, oppbl\u00e5sthet og anstrengelse<\/p>\n<p data-start=\"487\" data-end=\"542\">\ud83e\ude91 Ergonomisk U-form som passer perfekt rundt ethvert toalett<\/p>\n<p data-start=\"545\" data-end=\"598\">\ud83d\udcaa Sterk og slitesterk design med sklisikring surface<\/p>\n<p data-start=\"601\" data-end=\"640\">\ud83d\udc68\u200d\ud83d\udc69\u200d\ud83d\udc66 Passer for voksne og barn<\/p>\n<p data-start=\"601\" data-end=\"640\"><img decoding=\"async\" class=\"size-full wp-image-32335 aligncenter\" src=\"https:\/\/keluvo.com\/template\/wp-content\/uploads\/sites\/5\/2025\/08\/S950febc40cdc41d7ad635501390a82fa2.jpg_960x960q75.jpg_.avif\" alt=\"\" \/><\/p>\n<h2 style=\"text-align: center\" data-start=\"647\" data-end=\"668\">\ud83d\udccc Slik Bruker Du Den<\/h2>\n<ol data-start=\"669\" data-end=\"841\">\n<li data-start=\"669\" data-end=\"717\">\n<p data-start=\"672\" data-end=\"717\">Plasser krakken i bunnen av toalettet.<\/p>\n<\/li>\n<li data-start=\"718\" data-end=\"773\">\n<p data-start=\"721\" data-end=\"773\">Sett deg p\u00e5 toalettet og hvil f\u00f8ttene p\u00e5 krakken.<\/p>\n<\/li>\n<li data-start=\"774\" data-end=\"841\">\n<p data-start=\"777\" data-end=\"841\">Nyt den forbedrede vinkelen p\u00e5 35\u00b0 som gj\u00f8r det enklere \u00e5 gj\u00f8re sitt forn\u00f8dne.<\/p>\n<\/li>\n<\/ol>\n<h2 style=\"text-align: center\" data-start=\"848\" data-end=\"872\">\ud83d\udccf Produktdetaljer<\/h2>\n<ul data-start=\"873\" data-end=\"1021\">\n<li data-start=\"873\" data-end=\"910\">\n<p data-start=\"875\" data-end=\"910\">Materiale: milj\u00f8vennlig PP-plast<\/p>\n<\/li>\n<li data-start=\"911\" data-end=\"950\">\n<p data-start=\"913\" data-end=\"950\">St\u00f8rrelse: ca. 39 cm x 26 cm x 17 cm<\/p>\n<\/li>\n<li data-start=\"951\" data-end=\"984\">\n<p data-start=\"953\" data-end=\"984\">Vektkapasitet: opptil 150 kg<\/p>\n<\/li>\n<li data-start=\"985\" data-end=\"1021\">\n<p data-start=\"987\" data-end=\"1021\">Farger: Hvit, gr\u00f8nn, rosa, bl\u00e5<\/p>\n<\/li>\n<\/ul>\n<h2 style=\"text-align: center\" data-start=\"1028\" data-end=\"1053\">\ud83d\udce6 Pakken Inneholder<\/h2>\n<ul data-start=\"1054\" data-end=\"1074\">\n<li data-start=\"1054\" data-end=\"1074\">\n<p data-start=\"1056\" data-end=\"1074\">1x toalettkrakk.<\/p>\n<\/li>\n<\/ul>\n","protected":false},"excerpt":{"rendered":"<p>Toalettkrakk &#8211; Forbedre Ford\u00f8yelsen P\u00e5 En Naturlig M\u00e5te \ud83d\udebd\ud83c\udf3f Forvandle baderutinen din med denne ergonomiske toalettkrakken som er designet for [&hellip;]<\/p>\n","protected":false},"featured_media":39003,"comment_status":"open","ping_status":"closed","template":"","meta":{"site-sidebar-layout":"default","site-content-layout":"","ast-site-content-layout":"default","site-content-style":"default","site-sidebar-style":"default","ast-global-header-display":"","ast-banner-title-visibility":"","ast-main-header-display":"","ast-hfb-above-header-display":"","ast-hfb-below-header-display":"","ast-hfb-mobile-header-display":"","site-post-title":"","ast-breadcrumbs-content":"","ast-featured-img":"","footer-sml-layout":"","theme-transparent-header-meta":"default","adv-header-id-meta":"","stick-header-meta":"","header-above-stick-meta":"","header-main-stick-meta":"","header-below-stick-meta":"","astra-migrate-meta-layouts":"set","ast-page-background-enabled":"default","ast-page-background-meta":{"desktop":{"background-color":"var(--ast-global-color-4)","background-image":"","background-repeat":"repeat","background-position":"center center","background-size":"auto","background-attachment":"scroll","background-type":"","background-media":"","overlay-type":"","overlay-color":"","overlay-opacity":"","overlay-gradient":""},"tablet":{"background-color":"","background-image":"","background-repeat":"repeat","background-position":"center center","background-size":"auto","background-attachment":"scroll","background-type":"","background-media":"","overlay-type":"","overlay-color":"","overlay-opacity":"","overlay-gradient":""},"mobile":{"background-color":"","background-image":"","background-repeat":"repeat","background-position":"center center","background-size":"auto","background-attachment":"scroll","background-type":"","background-media":"","overlay-type":"","overlay-color":"","overlay-opacity":"","overlay-gradient":""}},"ast-content-background-meta":{"desktop":{"background-color":"var(--ast-global-color-5)","background-image":"","background-repeat":"repeat","background-position":"center center","background-size":"auto","background-attachment":"scroll","background-type":"","background-media":"","overlay-type":"","overlay-color":"","overlay-opacity":"","overlay-gradient":""},"tablet":{"background-color":"var(--ast-global-color-5)","background-image":"","background-repeat":"repeat","background-position":"center center","background-size":"auto","background-attachment":"scroll","background-type":"","background-media":"","overlay-type":"","overlay-color":"","overlay-opacity":"","overlay-gradient":""},"mobile":{"background-color":"var(--ast-global-color-5)","background-image":"","background-repeat":"repeat","background-position":"center center","background-size":"auto","background-attachment":"scroll","background-type":"","background-media":"","overlay-type":"","overlay-color":"","overlay-opacity":"","overlay-gradient":""}}},"product_brand":[],"product_cat":[1001],"product_tag":[],"class_list":{"0":"post-39007","1":"product","2":"type-product","3":"status-publish","4":"has-post-thumbnail","6":"product_cat-husholdningsartikler","7":"pa_42941_x369j7yf-bla","8":"pa_42941_x369j7yf-gronn","9":"pa_42941_x369j7yf-hvit","10":"pa_42941_x369j7yf-rosa","11":"desktop-align-left","12":"tablet-align-left","13":"mobile-align-left","15":"first","16":"instock","17":"shipping-taxable","18":"purchasable","19":"product-type-variable"},"_links":{"self":[{"href":"https:\/\/keluvo.com\/no\/wp-json\/wp\/v2\/product\/39007","targetHints":{"allow":["GET"]}}],"collection":[{"href":"https:\/\/keluvo.com\/no\/wp-json\/wp\/v2\/product"}],"about":[{"href":"https:\/\/keluvo.com\/no\/wp-json\/wp\/v2\/types\/product"}],"replies":[{"embeddable":true,"href":"https:\/\/keluvo.com\/no\/wp-json\/wp\/v2\/comments?post=39007"}],"wp:featuredmedia":[{"embeddable":true,"href":"https:\/\/keluvo.com\/no\/wp-json\/wp\/v2\/media\/39003"}],"wp:attachment":[{"href":"https:\/\/keluvo.com\/no\/wp-json\/wp\/v2\/media?parent=39007"}],"wp:term":[{"taxonomy":"product_brand","embeddable":true,"href":"https:\/\/keluvo.com\/no\/wp-json\/wp\/v2\/product_brand?post=39007"},{"taxonomy":"product_cat","embeddable":true,"href":"https:\/\/keluvo.com\/no\/wp-json\/wp\/v2\/product_cat?post=39007"},{"taxonomy":"product_tag","embeddable":true,"href":"https:\/\/keluvo.com\/no\/wp-json\/wp\/v2\/product_tag?post=39007"}],"curies":[{"name":"wp","href":"https:\/\/api.w.org\/{rel}","templated":true}]}}