{"id":38981,"date":"2025-08-21T12:48:22","date_gmt":"2025-08-21T09:48:22","guid":{"rendered":"https:\/\/keluvo.com\/no\/produkt\/naletrader\/"},"modified":"2025-12-01T15:16:18","modified_gmt":"2025-12-01T13:16:18","slug":"naletrader","status":"publish","type":"product","link":"https:\/\/keluvo.com\/no\/produkt\/naletrader\/","title":{"rendered":"N\u00e5letr\u00e5der (10 stk)"},"content":{"rendered":"<p style=\"text-align: center;\" data-start=\"0\" data-end=\"57\"><strong>N\u00e5letr\u00e5der &#8211; enkel tr\u00e5ding \ud83e\uddf5\u2728<\/strong><\/p>\n<p style=\"text-align: center;\" data-start=\"59\" data-end=\"343\">Si farvel til slitet med \u00e5 tre n\u00e5ler! Med denne praktiske n\u00e5letr\u00e5deren kan du enkelt og raskt f\u00f8re tr\u00e5den gjennom selv det minste n\u00e5l\u00f8yet. Perfekt til sying, brodering og hobbyarbeid &#8211; den sparer tid, reduserer belastningen p\u00e5 \u00f8ynene og gj\u00f8r sying tilgjengelig for alle.<\/p>\n<p data-start=\"59\" data-end=\"343\"><img decoding=\"async\" class=\"size-full wp-image-32298 aligncenter\" src=\"https:\/\/keluvo.com\/template\/wp-content\/uploads\/sites\/5\/2025\/08\/giphy_0a3d48e2-9643-4c7f-be81-3b3c2b2bc866_480x480.webp\" alt=\"\" \/><\/p>\n<h2 style=\"text-align: center;\" data-start=\"350\" data-end=\"372\">Hovedfordeler<\/h2>\n<p data-start=\"375\" data-end=\"426\">\ud83d\udc40 Slutt \u00e5 myse \u2013 tre n\u00e5ler p\u00e5 sekunder<\/p>\n<p data-start=\"375\" data-end=\"426\">\ud83e\uddf5 Fungerer til sy-, broderi- og hobbyprosjekter<\/p>\n<p data-start=\"375\" data-end=\"426\">\ud83d\ude4c Lett for nybegynnere, eldre og alle med d\u00e5rlig syn<\/p>\n<p data-start=\"375\" data-end=\"426\">\ud83e\udea1 Passer til de fleste standard n\u00e5lest\u00f8rrelser<\/p>\n<p data-start=\"375\" data-end=\"426\">\ud83d\udce6 Leveres i en pakke med 10 stk. for enkelhets skyld og som reserve<\/p>\n<p data-start=\"589\" data-end=\"641\"><img decoding=\"async\" class=\"size-full wp-image-32299 aligncenter\" src=\"https:\/\/keluvo.com\/template\/wp-content\/uploads\/sites\/5\/2025\/08\/giphy-2_4f6b75eb-00cf-4bb6-a698-c670a470f136_480x480.webp\" alt=\"\" \/><\/p>\n<h2 style=\"text-align: center;\" data-start=\"648\" data-end=\"669\">Slik bruker du den<\/h2>\n<ol data-start=\"670\" data-end=\"840\">\n<li data-start=\"670\" data-end=\"718\">Sett n\u00e5len inn i tr\u00e5d\u00e5pningen p\u00e5 tr\u00e5dapparatet.<\/li>\n<li data-start=\"670\" data-end=\"718\">Trykk p\u00e5 spaken for \u00e5 f\u00f8re tr\u00e5den gjennom n\u00e5l\u00f8yet.<\/li>\n<li data-start=\"670\" data-end=\"718\">Trekk n\u00e5len ut &#8211; den er tredd og klar til bruk!<\/li>\n<\/ol>\n<h2 style=\"text-align: center;\" data-start=\"847\" data-end=\"871\">Produktdetaljer<\/h2>\n<ul data-start=\"872\" data-end=\"1012\">\n<li data-start=\"872\" data-end=\"914\">Materiale: slitesterk plast + metalltr\u00e5d<\/li>\n<li data-start=\"872\" data-end=\"914\">Farge: tilfeldige farger<\/li>\n<li data-start=\"872\" data-end=\"914\">St\u00f8rrelse: kompakt og enkel \u00e5 oppbevare<\/li>\n<li data-start=\"872\" data-end=\"914\">Kvantitet: 10 stk<\/li>\n<\/ul>\n<h2 style=\"text-align: center;\" data-start=\"1019\" data-end=\"1044\">Pakken inneholder<\/h2>\n<ul data-start=\"1045\" data-end=\"1069\">\n<li data-start=\"1045\" data-end=\"1069\">\n<p data-start=\"1047\" data-end=\"1069\">10x n\u00e5letr\u00e5der (tilfeldige farger).<\/p>\n<\/li>\n<\/ul>\n","protected":false},"excerpt":{"rendered":"<p>N\u00e5letr\u00e5der &#8211; enkel tr\u00e5ding \ud83e\uddf5\u2728 Si farvel til slitet med \u00e5 tre n\u00e5ler! Med denne praktiske n\u00e5letr\u00e5deren kan du enkelt [&hellip;]<\/p>\n","protected":false},"featured_media":38977,"comment_status":"open","ping_status":"closed","template":"","meta":{"site-sidebar-layout":"default","site-content-layout":"","ast-site-content-layout":"default","site-content-style":"default","site-sidebar-style":"default","ast-global-header-display":"","ast-banner-title-visibility":"","ast-main-header-display":"","ast-hfb-above-header-display":"","ast-hfb-below-header-display":"","ast-hfb-mobile-header-display":"","site-post-title":"","ast-breadcrumbs-content":"","ast-featured-img":"","footer-sml-layout":"","theme-transparent-header-meta":"default","adv-header-id-meta":"","stick-header-meta":"","header-above-stick-meta":"","header-main-stick-meta":"","header-below-stick-meta":"","astra-migrate-meta-layouts":"set","ast-page-background-enabled":"default","ast-page-background-meta":{"desktop":{"background-color":"var(--ast-global-color-4)","background-image":"","background-repeat":"repeat","background-position":"center center","background-size":"auto","background-attachment":"scroll","background-type":"","background-media":"","overlay-type":"","overlay-color":"","overlay-opacity":"","overlay-gradient":""},"tablet":{"background-color":"","background-image":"","background-repeat":"repeat","background-position":"center center","background-size":"auto","background-attachment":"scroll","background-type":"","background-media":"","overlay-type":"","overlay-color":"","overlay-opacity":"","overlay-gradient":""},"mobile":{"background-color":"","background-image":"","background-repeat":"repeat","background-position":"center center","background-size":"auto","background-attachment":"scroll","background-type":"","background-media":"","overlay-type":"","overlay-color":"","overlay-opacity":"","overlay-gradient":""}},"ast-content-background-meta":{"desktop":{"background-color":"var(--ast-global-color-5)","background-image":"","background-repeat":"repeat","background-position":"center center","background-size":"auto","background-attachment":"scroll","background-type":"","background-media":"","overlay-type":"","overlay-color":"","overlay-opacity":"","overlay-gradient":""},"tablet":{"background-color":"var(--ast-global-color-5)","background-image":"","background-repeat":"repeat","background-position":"center center","background-size":"auto","background-attachment":"scroll","background-type":"","background-media":"","overlay-type":"","overlay-color":"","overlay-opacity":"","overlay-gradient":""},"mobile":{"background-color":"var(--ast-global-color-5)","background-image":"","background-repeat":"repeat","background-position":"center center","background-size":"auto","background-attachment":"scroll","background-type":"","background-media":"","overlay-type":"","overlay-color":"","overlay-opacity":"","overlay-gradient":""}}},"product_brand":[],"product_cat":[1001],"product_tag":[],"class_list":{"0":"post-38981","1":"product","2":"type-product","3":"status-publish","4":"has-post-thumbnail","6":"product_cat-husholdningsartikler","7":"desktop-align-left","8":"tablet-align-left","9":"mobile-align-left","11":"first","12":"instock","13":"shipping-taxable","14":"purchasable","15":"product-type-simple"},"_links":{"self":[{"href":"https:\/\/keluvo.com\/no\/wp-json\/wp\/v2\/product\/38981","targetHints":{"allow":["GET"]}}],"collection":[{"href":"https:\/\/keluvo.com\/no\/wp-json\/wp\/v2\/product"}],"about":[{"href":"https:\/\/keluvo.com\/no\/wp-json\/wp\/v2\/types\/product"}],"replies":[{"embeddable":true,"href":"https:\/\/keluvo.com\/no\/wp-json\/wp\/v2\/comments?post=38981"}],"wp:featuredmedia":[{"embeddable":true,"href":"https:\/\/keluvo.com\/no\/wp-json\/wp\/v2\/media\/38977"}],"wp:attachment":[{"href":"https:\/\/keluvo.com\/no\/wp-json\/wp\/v2\/media?parent=38981"}],"wp:term":[{"taxonomy":"product_brand","embeddable":true,"href":"https:\/\/keluvo.com\/no\/wp-json\/wp\/v2\/product_brand?post=38981"},{"taxonomy":"product_cat","embeddable":true,"href":"https:\/\/keluvo.com\/no\/wp-json\/wp\/v2\/product_cat?post=38981"},{"taxonomy":"product_tag","embeddable":true,"href":"https:\/\/keluvo.com\/no\/wp-json\/wp\/v2\/product_tag?post=38981"}],"curies":[{"name":"wp","href":"https:\/\/api.w.org\/{rel}","templated":true}]}}