{"id":38919,"date":"2025-08-21T12:45:30","date_gmt":"2025-08-21T09:45:30","guid":{"rendered":"https:\/\/keluvo.com\/no\/produkt\/aerodynamisk-ballongleke\/"},"modified":"2025-08-21T13:38:00","modified_gmt":"2025-08-21T10:38:00","slug":"aerodynamisk-ballongleke","status":"publish","type":"product","link":"https:\/\/keluvo.com\/no\/produkt\/aerodynamisk-ballongleke\/","title":{"rendered":"Aerodynamisk ballongleke"},"content":{"rendered":"<p style=\"text-align: center\" data-start=\"0\" data-end=\"68\"><strong data-start=\"0\" data-end=\"66\">Aerodynamisk ballongleke\u00a0\ud83d\ude80\ud83c\udf88<\/strong><\/p>\n<p style=\"text-align: center\" data-start=\"70\" data-end=\"380\">Gj\u00f8r leken til et vitenskapelig eventyr med denne morsomme og l\u00e6rerike aerodynamiske ballongleken! Ved \u00e5 bl\u00e5se opp ballongen og slippe den l\u00f8s l\u00e6rer barna det grunnleggende om aerodynamikk og fremdrift, samtidig som de har det g\u00f8y med \u00e5 kj\u00f8re om kapp med biler, raketter og mye mer. Det er en perfekt m\u00e5te \u00e5 kombinere lek, l\u00e6ring og praktiske oppdagelser p\u00e5.<\/p>\n<p data-start=\"70\" data-end=\"380\"><img decoding=\"async\" class=\"size-full wp-image-32235 aligncenter\" src=\"https:\/\/keluvo.com\/template\/wp-content\/uploads\/sites\/5\/2025\/08\/wkladanie.gif\" alt=\"\" \/><\/p>\n<h2 style=\"text-align: center\" data-start=\"387\" data-end=\"409\"><strong>Hovedfordeler<\/strong><\/h2>\n<p data-start=\"412\" data-end=\"472\">\ud83c\udf88 L\u00e6rer barn om aerodynamikk og bevegelse gjennom lek<\/p>\n<p data-start=\"475\" data-end=\"537\">\ud83d\ude97 Oppmuntrer til kreativitet, probleml\u00f8sning og STEM learning<\/p>\n<p data-start=\"540\" data-end=\"590\">\ud83d\udc69\u200d\ud83d\udc69\u200d\ud83d\udc66 Perfekt for gruppelek og familiesamhold<\/p>\n<p data-start=\"593\" data-end=\"642\">\ud83d\udca1 Enkel \u00e5 bruke &#8211; pump, slipp opp og se p\u00e5 at den flyr<\/p>\n<p data-start=\"645\" data-end=\"701\">\ud83c\udf0d Laget av trygg, milj\u00f8vennlig ABS-plast (BPA-fri)<\/p>\n<p data-start=\"645\" data-end=\"701\"><img decoding=\"async\" class=\"size-full wp-image-32236 aligncenter\" src=\"https:\/\/keluvo.com\/template\/wp-content\/uploads\/sites\/5\/2025\/08\/gif-ok.gif\" alt=\"\" \/><\/p>\n<h2 style=\"text-align: center\" data-start=\"708\" data-end=\"729\"><strong>Slik Bruker Du Den<\/strong><\/h2>\n<ol data-start=\"730\" data-end=\"917\">\n<li data-start=\"730\" data-end=\"780\">\n<p data-start=\"733\" data-end=\"780\">Plasser ballongen p\u00e5 lekebilen eller raketten.<\/p>\n<\/li>\n<li data-start=\"781\" data-end=\"830\">\n<p data-start=\"784\" data-end=\"830\">Pump luft inn i ballongen ved hjelp av stasjonen.<\/p>\n<\/li>\n<li data-start=\"831\" data-end=\"861\">\n<p data-start=\"834\" data-end=\"861\">Trykk p\u00e5 utl\u00f8serknappen.<\/p>\n<\/li>\n<li data-start=\"862\" data-end=\"917\">\n<p data-start=\"865\" data-end=\"917\">Se bilen suse fremover ved hjelp av luftens kraft!<\/p>\n<\/li>\n<\/ol>\n<h2 style=\"text-align: center\" data-start=\"924\" data-end=\"948\"><strong>Produktdetaljer<\/strong><\/h2>\n<ul data-start=\"949\" data-end=\"1124\">\n<li data-start=\"949\" data-end=\"987\">\n<p data-start=\"951\" data-end=\"987\">Materiale: milj\u00f8vennlig ABS-plast<\/p>\n<\/li>\n<li data-start=\"988\" data-end=\"1026\">\n<p data-start=\"990\" data-end=\"1026\">Alder: passer for barn fra 3 \u00e5r og oppover<\/p>\n<\/li>\n<li data-start=\"1058\" data-end=\"1124\">\n<p data-start=\"1060\" data-end=\"1124\">Pedagogisk fokus: STEM-l\u00e6ring, fysikk og praktiske ferdigheter<\/p>\n<\/li>\n<\/ul>\n<h2 style=\"text-align: center\" data-start=\"1131\" data-end=\"1156\"><strong>Pakken Inkluderer<\/strong><\/h2>\n<ul data-start=\"1157\" data-end=\"1319\">\n<li data-start=\"1157\" data-end=\"1188\">\n<p data-start=\"1159\" data-end=\"1188\">Alternativ A: 1x ballongpumpestasjon, <span style=\"font-size: 16px\">2x biler og 6x ballonger.<\/span><\/p>\n<\/li>\n<li data-start=\"1189\" data-end=\"1221\">\n<p data-start=\"1191\" data-end=\"1221\">Alternativ B: 1x ballongpumpestasjon, 1x ballongutskytningsstasjon, 3x biler og 12x ballonger.<\/p>\n<\/li>\n<\/ul>\n","protected":false},"excerpt":{"rendered":"<p>Aerodynamisk ballongleke\u00a0\ud83d\ude80\ud83c\udf88 Gj\u00f8r leken til et vitenskapelig eventyr med denne morsomme og l\u00e6rerike aerodynamiske ballongleken! Ved \u00e5 bl\u00e5se opp ballongen [&hellip;]<\/p>\n","protected":false},"featured_media":38915,"comment_status":"open","ping_status":"closed","template":"","meta":{"site-sidebar-layout":"default","site-content-layout":"","ast-site-content-layout":"default","site-content-style":"default","site-sidebar-style":"default","ast-global-header-display":"","ast-banner-title-visibility":"","ast-main-header-display":"","ast-hfb-above-header-display":"","ast-hfb-below-header-display":"","ast-hfb-mobile-header-display":"","site-post-title":"","ast-breadcrumbs-content":"","ast-featured-img":"","footer-sml-layout":"","theme-transparent-header-meta":"default","adv-header-id-meta":"","stick-header-meta":"","header-above-stick-meta":"","header-main-stick-meta":"","header-below-stick-meta":"","astra-migrate-meta-layouts":"set","ast-page-background-enabled":"default","ast-page-background-meta":{"desktop":{"background-color":"var(--ast-global-color-4)","background-image":"","background-repeat":"repeat","background-position":"center center","background-size":"auto","background-attachment":"scroll","background-type":"","background-media":"","overlay-type":"","overlay-color":"","overlay-opacity":"","overlay-gradient":""},"tablet":{"background-color":"","background-image":"","background-repeat":"repeat","background-position":"center center","background-size":"auto","background-attachment":"scroll","background-type":"","background-media":"","overlay-type":"","overlay-color":"","overlay-opacity":"","overlay-gradient":""},"mobile":{"background-color":"","background-image":"","background-repeat":"repeat","background-position":"center center","background-size":"auto","background-attachment":"scroll","background-type":"","background-media":"","overlay-type":"","overlay-color":"","overlay-opacity":"","overlay-gradient":""}},"ast-content-background-meta":{"desktop":{"background-color":"var(--ast-global-color-5)","background-image":"","background-repeat":"repeat","background-position":"center center","background-size":"auto","background-attachment":"scroll","background-type":"","background-media":"","overlay-type":"","overlay-color":"","overlay-opacity":"","overlay-gradient":""},"tablet":{"background-color":"var(--ast-global-color-5)","background-image":"","background-repeat":"repeat","background-position":"center center","background-size":"auto","background-attachment":"scroll","background-type":"","background-media":"","overlay-type":"","overlay-color":"","overlay-opacity":"","overlay-gradient":""},"mobile":{"background-color":"var(--ast-global-color-5)","background-image":"","background-repeat":"repeat","background-position":"center center","background-size":"auto","background-attachment":"scroll","background-type":"","background-media":"","overlay-type":"","overlay-color":"","overlay-opacity":"","overlay-gradient":""}}},"product_brand":[],"product_cat":[990],"product_tag":[],"class_list":{"0":"post-38919","1":"product","2":"type-product","3":"status-publish","4":"has-post-thumbnail","6":"product_cat-leker-barne-og-babyprodukter","7":"pa_18863_ez3fufoa-and","8":"pa_18863_ez3fufoa-frosk","9":"pa_18863_ez3fufoa-monster","10":"pa_18863_ez3fufoa-svarttrost","11":"pa_18863_pzu9m2t1-a","12":"pa_18863_pzu9m2t1-b","13":"desktop-align-left","14":"tablet-align-left","15":"mobile-align-left","17":"first","18":"instock","19":"shipping-taxable","20":"purchasable","21":"product-type-variable","22":"has-default-attributes"},"_links":{"self":[{"href":"https:\/\/keluvo.com\/no\/wp-json\/wp\/v2\/product\/38919","targetHints":{"allow":["GET"]}}],"collection":[{"href":"https:\/\/keluvo.com\/no\/wp-json\/wp\/v2\/product"}],"about":[{"href":"https:\/\/keluvo.com\/no\/wp-json\/wp\/v2\/types\/product"}],"replies":[{"embeddable":true,"href":"https:\/\/keluvo.com\/no\/wp-json\/wp\/v2\/comments?post=38919"}],"wp:featuredmedia":[{"embeddable":true,"href":"https:\/\/keluvo.com\/no\/wp-json\/wp\/v2\/media\/38915"}],"wp:attachment":[{"href":"https:\/\/keluvo.com\/no\/wp-json\/wp\/v2\/media?parent=38919"}],"wp:term":[{"taxonomy":"product_brand","embeddable":true,"href":"https:\/\/keluvo.com\/no\/wp-json\/wp\/v2\/product_brand?post=38919"},{"taxonomy":"product_cat","embeddable":true,"href":"https:\/\/keluvo.com\/no\/wp-json\/wp\/v2\/product_cat?post=38919"},{"taxonomy":"product_tag","embeddable":true,"href":"https:\/\/keluvo.com\/no\/wp-json\/wp\/v2\/product_tag?post=38919"}],"curies":[{"name":"wp","href":"https:\/\/api.w.org\/{rel}","templated":true}]}}