{"id":38841,"date":"2025-08-21T12:40:33","date_gmt":"2025-08-21T09:40:33","guid":{"rendered":"https:\/\/keluvo.com\/no\/produkt\/gardinholdere\/"},"modified":"2025-09-12T16:29:10","modified_gmt":"2025-09-12T13:29:10","slug":"gardinholdere","status":"publish","type":"product","link":"https:\/\/keluvo.com\/no\/produkt\/gardinholdere\/","title":{"rendered":"Gardinholdere"},"content":{"rendered":"<p style=\"text-align: center\" data-start=\"0\" data-end=\"99\"><strong data-start=\"0\" data-end=\"97\">Justerbare, spikerfrie gardinholdere \u2013 heng opp gardiner hvor som helst uten \u00e5 bore \ud83e\ude9f<\/strong><\/p>\n<p style=\"text-align: center\" data-start=\"101\" data-end=\"351\">Enkelt \u00e5 montere gardinstenger uten spiker, skruer eller skader p\u00e5 veggene. Disse justerbare gardinholderne sitter godt fast p\u00e5 alle glatte overflater og passer til forskjellige stangst\u00f8rrelser, noe som gj\u00f8r dem perfekte for leietakere, raske romoppussinger eller midlertidige oppsett.<\/p>\n<p data-start=\"101\" data-end=\"351\"><img decoding=\"async\" class=\"size-full wp-image-32132 aligncenter\" src=\"https:\/\/keluvo.com\/template\/wp-content\/uploads\/sites\/5\/2025\/08\/07215-ezgif.com-video-to-webp-converter-2.webp\" alt=\"\" \/><\/p>\n<h2 style=\"text-align: center\" data-start=\"358\" data-end=\"380\"><strong>Hovedfordeler<\/strong><\/h2>\n<p data-start=\"383\" data-end=\"441\">\ud83d\udee0 Ingen boring eller verkt\u00f8y trengs \u2013 fest og bruk umiddelbart<\/p>\n<p data-start=\"444\" data-end=\"497\">\ud83e\ude9f Justerbar design som passer til ulike gardinstangst\u00f8rrelser<\/p>\n<p data-start=\"500\" data-end=\"559\">\ud83c\udfe0 Fungerer p\u00e5 fliser, glass, tre og andre glatte overflater<\/p>\n<p data-start=\"562\" data-end=\"612\">\ud83d\udee1 Sterkt klebemiddel for sikkert og langvarig feste<\/p>\n<p data-start=\"615\" data-end=\"651\">\ud83d\udd04 Kan tas av uten \u00e5 etterlate merker<\/p>\n<p data-start=\"615\" data-end=\"651\"><img decoding=\"async\" class=\"size-full wp-image-32133 aligncenter\" src=\"https:\/\/keluvo.com\/template\/wp-content\/uploads\/sites\/5\/2025\/08\/18308cc9b9b5eb31af1847ee7cdd6e1.gif\" alt=\"\" \/><\/p>\n<h2 style=\"text-align: center\" data-start=\"658\" data-end=\"679\"><strong>Slik Bruker Du Dem<\/strong><\/h2>\n<ol data-start=\"680\" data-end=\"856\">\n<li data-start=\"680\" data-end=\"711\">\n<p data-start=\"683\" data-end=\"711\">Rengj\u00f8r og t\u00f8rk av overflaten.<\/p>\n<\/li>\n<li data-start=\"712\" data-end=\"764\">\n<p data-start=\"715\" data-end=\"764\">Trekk av beskyttelsesfilmen fra limet.<\/p>\n<\/li>\n<li data-start=\"765\" data-end=\"804\">\n<p data-start=\"768\" data-end=\"804\">Fest holderen godt p\u00e5 plass.<\/p>\n<\/li>\n<li data-start=\"805\" data-end=\"856\">\n<p data-start=\"808\" data-end=\"856\">Sett inn gardinstangen og heng opp gardinene.<\/p>\n<\/li>\n<\/ol>\n<h2 style=\"text-align: center\" data-start=\"863\" data-end=\"887\"><strong>Produktdetaljer<\/strong><\/h2>\n<ul data-start=\"888\" data-end=\"1009\">\n<li data-start=\"888\" data-end=\"921\">\n<p data-start=\"890\" data-end=\"921\">Materiale: slitesterk ABS-plast<\/p>\n<\/li>\n<li data-start=\"922\" data-end=\"938\">\n<p data-start=\"924\" data-end=\"938\">Farge: Hvit og gjennomsiktig<\/p>\n<\/li>\n<li data-start=\"922\" data-end=\"938\">\n<p data-start=\"924\" data-end=\"938\">Klistremerke st\u00f8rrelse: 6 x 5 cm<\/p>\n<\/li>\n<li data-start=\"939\" data-end=\"981\">\n<p data-start=\"941\" data-end=\"981\">Krokdel: 4,5 x 3,5 cm<\/p>\n<\/li>\n<li data-start=\"982\" data-end=\"1009\">\n<p data-start=\"984\" data-end=\"1009\">Kvantitet: 2, 4, 6, 8 og 10 stk.<\/p>\n<\/li>\n<\/ul>\n<h2 style=\"text-align: center\" data-start=\"1016\" data-end=\"1041\"><strong>Pakken Inneholder<\/strong><\/h2>\n<ul data-start=\"1042\" data-end=\"1090\">\n<li data-start=\"1042\" data-end=\"1090\">\n<p data-start=\"1044\" data-end=\"1090\">2, 4, 6, 8, 10x gardinholdere.<\/p>\n<\/li>\n<\/ul>\n","protected":false},"excerpt":{"rendered":"<p>Justerbare, spikerfrie gardinholdere \u2013 heng opp gardiner hvor som helst uten \u00e5 bore \ud83e\ude9f Enkelt \u00e5 montere gardinstenger uten spiker, [&hellip;]<\/p>\n","protected":false},"featured_media":38837,"comment_status":"open","ping_status":"closed","template":"","meta":{"site-sidebar-layout":"default","site-content-layout":"","ast-site-content-layout":"default","site-content-style":"default","site-sidebar-style":"default","ast-global-header-display":"","ast-banner-title-visibility":"","ast-main-header-display":"","ast-hfb-above-header-display":"","ast-hfb-below-header-display":"","ast-hfb-mobile-header-display":"","site-post-title":"","ast-breadcrumbs-content":"","ast-featured-img":"","footer-sml-layout":"","theme-transparent-header-meta":"default","adv-header-id-meta":"","stick-header-meta":"","header-above-stick-meta":"","header-main-stick-meta":"","header-below-stick-meta":"","astra-migrate-meta-layouts":"set","ast-page-background-enabled":"default","ast-page-background-meta":{"desktop":{"background-color":"var(--ast-global-color-4)","background-image":"","background-repeat":"repeat","background-position":"center center","background-size":"auto","background-attachment":"scroll","background-type":"","background-media":"","overlay-type":"","overlay-color":"","overlay-opacity":"","overlay-gradient":""},"tablet":{"background-color":"","background-image":"","background-repeat":"repeat","background-position":"center center","background-size":"auto","background-attachment":"scroll","background-type":"","background-media":"","overlay-type":"","overlay-color":"","overlay-opacity":"","overlay-gradient":""},"mobile":{"background-color":"","background-image":"","background-repeat":"repeat","background-position":"center center","background-size":"auto","background-attachment":"scroll","background-type":"","background-media":"","overlay-type":"","overlay-color":"","overlay-opacity":"","overlay-gradient":""}},"ast-content-background-meta":{"desktop":{"background-color":"var(--ast-global-color-5)","background-image":"","background-repeat":"repeat","background-position":"center center","background-size":"auto","background-attachment":"scroll","background-type":"","background-media":"","overlay-type":"","overlay-color":"","overlay-opacity":"","overlay-gradient":""},"tablet":{"background-color":"var(--ast-global-color-5)","background-image":"","background-repeat":"repeat","background-position":"center center","background-size":"auto","background-attachment":"scroll","background-type":"","background-media":"","overlay-type":"","overlay-color":"","overlay-opacity":"","overlay-gradient":""},"mobile":{"background-color":"var(--ast-global-color-5)","background-image":"","background-repeat":"repeat","background-position":"center center","background-size":"auto","background-attachment":"scroll","background-type":"","background-media":"","overlay-type":"","overlay-color":"","overlay-opacity":"","overlay-gradient":""}}},"product_brand":[],"product_cat":[1001],"product_tag":[],"class_list":{"0":"post-38841","1":"product","2":"type-product","3":"status-publish","4":"has-post-thumbnail","6":"product_cat-husholdningsartikler","7":"pa_32285_ngx10c5q-gjennomsiktig","8":"pa_32285_ngx10c5q-hvit","9":"pa_32285_zvmf9kdj-2-stk","10":"pa_32285_zvmf9kdj-4-stk","11":"pa_32285_zvmf9kdj-6-stk","12":"pa_32285_zvmf9kdj-8-stk","13":"pa_32285_zvmf9kdj-10-stk","14":"desktop-align-left","15":"tablet-align-left","16":"mobile-align-left","18":"first","19":"instock","20":"shipping-taxable","21":"purchasable","22":"product-type-variable","23":"has-default-attributes"},"_links":{"self":[{"href":"https:\/\/keluvo.com\/no\/wp-json\/wp\/v2\/product\/38841","targetHints":{"allow":["GET"]}}],"collection":[{"href":"https:\/\/keluvo.com\/no\/wp-json\/wp\/v2\/product"}],"about":[{"href":"https:\/\/keluvo.com\/no\/wp-json\/wp\/v2\/types\/product"}],"replies":[{"embeddable":true,"href":"https:\/\/keluvo.com\/no\/wp-json\/wp\/v2\/comments?post=38841"}],"wp:featuredmedia":[{"embeddable":true,"href":"https:\/\/keluvo.com\/no\/wp-json\/wp\/v2\/media\/38837"}],"wp:attachment":[{"href":"https:\/\/keluvo.com\/no\/wp-json\/wp\/v2\/media?parent=38841"}],"wp:term":[{"taxonomy":"product_brand","embeddable":true,"href":"https:\/\/keluvo.com\/no\/wp-json\/wp\/v2\/product_brand?post=38841"},{"taxonomy":"product_cat","embeddable":true,"href":"https:\/\/keluvo.com\/no\/wp-json\/wp\/v2\/product_cat?post=38841"},{"taxonomy":"product_tag","embeddable":true,"href":"https:\/\/keluvo.com\/no\/wp-json\/wp\/v2\/product_tag?post=38841"}],"curies":[{"name":"wp","href":"https:\/\/api.w.org\/{rel}","templated":true}]}}